{"id":2664,"date":"2021-05-10T02:01:55","date_gmt":"2021-05-10T02:01:55","guid":{"rendered":"https:\/\/thayacha.com\/?post_type=product&#038;p=2664"},"modified":"2024-03-14T00:37:52","modified_gmt":"2024-03-14T00:37:52","slug":"arbol-con-rascador-hamaca-cama","status":"publish","type":"product","link":"https:\/\/gatosperu.com\/es\/producto\/arbol-con-rascador-hamaca-cama\/","title":{"rendered":"\u00e1rbol con rascador hamaca cama"},"content":{"rendered":"","protected":false},"excerpt":{"rendered":"<p>\u00c1rbol con rascador hamaca cama colgando Bola de juguete de felpa alfombra.<\/p>\n<p>Medidas: 40*40 * 49 cm<\/p>","protected":false},"featured_media":2665,"comment_status":"closed","ping_status":"closed","template":"","meta":{"_gspb_post_css":"","content-type":""},"product_brand":[],"product_cat":[94,80],"product_tag":[],"class_list":{"0":"post-2664","1":"product","2":"type-product","3":"status-publish","4":"has-post-thumbnail","6":"product_cat-gimnasios-y-rascadores","7":"product_cat-productos-para-gatos","9":"first","10":"outofstock","11":"taxable","12":"shipping-taxable","13":"purchasable","14":"product-type-simple"},"yoast_head":"<!-- This site is optimized with the Yoast SEO plugin v27.4 - https:\/\/yoast.com\/product\/yoast-seo-wordpress\/ -->\n<title>\u00e1rbol con rascador hamaca cama | Gatos Per\u00fa Pet Shop<\/title>\n<meta name=\"description\" content=\"rascador cama para gatos, hamaca, arbol personalizado, tama\u00f1o grande, antiara\u00f1azos, resistente al desgaste.\" \/>\n<meta name=\"robots\" content=\"index, follow, max-snippet:-1, max-image-preview:large, max-video-preview:-1\" \/>\n<link rel=\"canonical\" href=\"https:\/\/gatosperu.com\/es\/producto\/arbol-con-rascador-hamaca-cama\/\" \/>\n<meta property=\"og:locale\" content=\"es_ES\" \/>\n<meta property=\"og:type\" content=\"article\" \/>\n<meta property=\"og:title\" content=\"\u00e1rbol con rascador hamaca cama | Gatos Per\u00fa Pet Shop\" \/>\n<meta property=\"og:description\" content=\"rascador cama para gatos, hamaca, arbol personalizado, tama\u00f1o grande, antiara\u00f1azos, resistente al desgaste.\" \/>\n<meta property=\"og:url\" content=\"https:\/\/gatosperu.com\/es\/producto\/arbol-con-rascador-hamaca-cama\/\" \/>\n<meta property=\"og:site_name\" content=\"Gatos Per\u00fa Pet Shop\" \/>\n<meta property=\"article:modified_time\" content=\"2024-03-14T00:37:52+00:00\" \/>\n<meta property=\"og:image\" content=\"https:\/\/gatosperu.com\/wp-content\/uploads\/2021\/05\/WhatsApp-Image-2021-05-09-at-8.59.56-PM.jpeg\" \/>\n\t<meta property=\"og:image:width\" content=\"800\" \/>\n\t<meta property=\"og:image:height\" content=\"800\" \/>\n\t<meta property=\"og:image:type\" content=\"image\/jpeg\" \/>\n<meta name=\"twitter:card\" content=\"summary_large_image\" \/>\n<script type=\"application\/ld+json\" class=\"yoast-schema-graph\">{\"@context\":\"https:\\\/\\\/schema.org\",\"@graph\":[{\"@type\":\"WebPage\",\"@id\":\"https:\\\/\\\/gatosperu.com\\\/producto\\\/arbol-con-rascador-hamaca-cama\\\/\",\"url\":\"https:\\\/\\\/gatosperu.com\\\/producto\\\/arbol-con-rascador-hamaca-cama\\\/\",\"name\":\"\u00e1rbol con rascador hamaca cama | Gatos Per\u00fa Pet Shop\",\"isPartOf\":{\"@id\":\"https:\\\/\\\/gatosperu.com\\\/#website\"},\"primaryImageOfPage\":{\"@id\":\"https:\\\/\\\/gatosperu.com\\\/producto\\\/arbol-con-rascador-hamaca-cama\\\/#primaryimage\"},\"image\":{\"@id\":\"https:\\\/\\\/gatosperu.com\\\/producto\\\/arbol-con-rascador-hamaca-cama\\\/#primaryimage\"},\"thumbnailUrl\":\"https:\\\/\\\/gatosperu.com\\\/wp-content\\\/uploads\\\/2021\\\/05\\\/WhatsApp-Image-2021-05-09-at-8.59.56-PM.jpeg\",\"datePublished\":\"2021-05-10T02:01:55+00:00\",\"dateModified\":\"2024-03-14T00:37:52+00:00\",\"description\":\"rascador cama para gatos, hamaca, arbol personalizado, tama\u00f1o grande, antiara\u00f1azos, resistente al desgaste.\",\"breadcrumb\":{\"@id\":\"https:\\\/\\\/gatosperu.com\\\/producto\\\/arbol-con-rascador-hamaca-cama\\\/#breadcrumb\"},\"inLanguage\":\"es\",\"potentialAction\":[{\"@type\":\"ReadAction\",\"target\":[\"https:\\\/\\\/gatosperu.com\\\/producto\\\/arbol-con-rascador-hamaca-cama\\\/\"]}]},{\"@type\":\"ImageObject\",\"inLanguage\":\"es\",\"@id\":\"https:\\\/\\\/gatosperu.com\\\/producto\\\/arbol-con-rascador-hamaca-cama\\\/#primaryimage\",\"url\":\"https:\\\/\\\/gatosperu.com\\\/wp-content\\\/uploads\\\/2021\\\/05\\\/WhatsApp-Image-2021-05-09-at-8.59.56-PM.jpeg\",\"contentUrl\":\"https:\\\/\\\/gatosperu.com\\\/wp-content\\\/uploads\\\/2021\\\/05\\\/WhatsApp-Image-2021-05-09-at-8.59.56-PM.jpeg\",\"width\":800,\"height\":800},{\"@type\":\"BreadcrumbList\",\"@id\":\"https:\\\/\\\/gatosperu.com\\\/producto\\\/arbol-con-rascador-hamaca-cama\\\/#breadcrumb\",\"itemListElement\":[{\"@type\":\"ListItem\",\"position\":1,\"name\":\"Portada\",\"item\":\"https:\\\/\\\/gatosperu.com\\\/\"},{\"@type\":\"ListItem\",\"position\":2,\"name\":\"Productos\",\"item\":\"https:\\\/\\\/gatosperu.com\\\/productos\\\/\"},{\"@type\":\"ListItem\",\"position\":3,\"name\":\"\u00e1rbol con rascador hamaca cama\"}]},{\"@type\":\"WebSite\",\"@id\":\"https:\\\/\\\/gatosperu.com\\\/#website\",\"url\":\"https:\\\/\\\/gatosperu.com\\\/\",\"name\":\"Gatos Per\u00fa Pet Shop\",\"description\":\"Tienda virtual para gatos\",\"publisher\":{\"@id\":\"https:\\\/\\\/gatosperu.com\\\/#organization\"},\"potentialAction\":[{\"@type\":\"SearchAction\",\"target\":{\"@type\":\"EntryPoint\",\"urlTemplate\":\"https:\\\/\\\/gatosperu.com\\\/?s={search_term_string}\"},\"query-input\":{\"@type\":\"PropertyValueSpecification\",\"valueRequired\":true,\"valueName\":\"search_term_string\"}}],\"inLanguage\":\"es\"},{\"@type\":\"Organization\",\"@id\":\"https:\\\/\\\/gatosperu.com\\\/#organization\",\"name\":\"Thayacha\",\"url\":\"https:\\\/\\\/gatosperu.com\\\/\",\"logo\":{\"@type\":\"ImageObject\",\"inLanguage\":\"es\",\"@id\":\"https:\\\/\\\/gatosperu.com\\\/#\\\/schema\\\/logo\\\/image\\\/\",\"url\":\"https:\\\/\\\/gatosperu.com\\\/wp-content\\\/uploads\\\/2020\\\/04\\\/ty-e1589221156944.png\",\"contentUrl\":\"https:\\\/\\\/gatosperu.com\\\/wp-content\\\/uploads\\\/2020\\\/04\\\/ty-e1589221156944.png\",\"width\":573,\"height\":419,\"caption\":\"Thayacha\"},\"image\":{\"@id\":\"https:\\\/\\\/gatosperu.com\\\/#\\\/schema\\\/logo\\\/image\\\/\"}}]}<\/script>\n<!-- \/ Yoast SEO plugin. -->","yoast_head_json":{"title":"\u00e1rbol con rascador hamaca cama | Gatos Per\u00fa Pet Shop","description":"rascador cama para gatos, hamaca, arbol personalizado, tama\u00f1o grande, antiara\u00f1azos, resistente al desgaste.","robots":{"index":"index","follow":"follow","max-snippet":"max-snippet:-1","max-image-preview":"max-image-preview:large","max-video-preview":"max-video-preview:-1"},"canonical":"https:\/\/gatosperu.com\/es\/producto\/arbol-con-rascador-hamaca-cama\/","og_locale":"es_ES","og_type":"article","og_title":"\u00e1rbol con rascador hamaca cama | Gatos Per\u00fa Pet Shop","og_description":"rascador cama para gatos, hamaca, arbol personalizado, tama\u00f1o grande, antiara\u00f1azos, resistente al desgaste.","og_url":"https:\/\/gatosperu.com\/es\/producto\/arbol-con-rascador-hamaca-cama\/","og_site_name":"Gatos Per\u00fa Pet Shop","article_modified_time":"2024-03-14T00:37:52+00:00","og_image":[{"width":800,"height":800,"url":"https:\/\/gatosperu.com\/wp-content\/uploads\/2021\/05\/WhatsApp-Image-2021-05-09-at-8.59.56-PM.jpeg","type":"image\/jpeg"}],"twitter_card":"summary_large_image","schema":{"@context":"https:\/\/schema.org","@graph":[{"@type":"WebPage","@id":"https:\/\/gatosperu.com\/producto\/arbol-con-rascador-hamaca-cama\/","url":"https:\/\/gatosperu.com\/producto\/arbol-con-rascador-hamaca-cama\/","name":"\u00e1rbol con rascador hamaca cama | Gatos Per\u00fa Pet Shop","isPartOf":{"@id":"https:\/\/gatosperu.com\/#website"},"primaryImageOfPage":{"@id":"https:\/\/gatosperu.com\/producto\/arbol-con-rascador-hamaca-cama\/#primaryimage"},"image":{"@id":"https:\/\/gatosperu.com\/producto\/arbol-con-rascador-hamaca-cama\/#primaryimage"},"thumbnailUrl":"https:\/\/gatosperu.com\/wp-content\/uploads\/2021\/05\/WhatsApp-Image-2021-05-09-at-8.59.56-PM.jpeg","datePublished":"2021-05-10T02:01:55+00:00","dateModified":"2024-03-14T00:37:52+00:00","description":"rascador cama para gatos, hamaca, arbol personalizado, tama\u00f1o grande, antiara\u00f1azos, resistente al desgaste.","breadcrumb":{"@id":"https:\/\/gatosperu.com\/producto\/arbol-con-rascador-hamaca-cama\/#breadcrumb"},"inLanguage":"es","potentialAction":[{"@type":"ReadAction","target":["https:\/\/gatosperu.com\/producto\/arbol-con-rascador-hamaca-cama\/"]}]},{"@type":"ImageObject","inLanguage":"es","@id":"https:\/\/gatosperu.com\/producto\/arbol-con-rascador-hamaca-cama\/#primaryimage","url":"https:\/\/gatosperu.com\/wp-content\/uploads\/2021\/05\/WhatsApp-Image-2021-05-09-at-8.59.56-PM.jpeg","contentUrl":"https:\/\/gatosperu.com\/wp-content\/uploads\/2021\/05\/WhatsApp-Image-2021-05-09-at-8.59.56-PM.jpeg","width":800,"height":800},{"@type":"BreadcrumbList","@id":"https:\/\/gatosperu.com\/producto\/arbol-con-rascador-hamaca-cama\/#breadcrumb","itemListElement":[{"@type":"ListItem","position":1,"name":"Portada","item":"https:\/\/gatosperu.com\/"},{"@type":"ListItem","position":2,"name":"Productos","item":"https:\/\/gatosperu.com\/productos\/"},{"@type":"ListItem","position":3,"name":"\u00e1rbol con rascador hamaca cama"}]},{"@type":"WebSite","@id":"https:\/\/gatosperu.com\/#website","url":"https:\/\/gatosperu.com\/","name":"Gatos Per\u00fa Pet Shop","description":"Tienda virtual para gatos","publisher":{"@id":"https:\/\/gatosperu.com\/#organization"},"potentialAction":[{"@type":"SearchAction","target":{"@type":"EntryPoint","urlTemplate":"https:\/\/gatosperu.com\/?s={search_term_string}"},"query-input":{"@type":"PropertyValueSpecification","valueRequired":true,"valueName":"search_term_string"}}],"inLanguage":"es"},{"@type":"Organization","@id":"https:\/\/gatosperu.com\/#organization","name":"Thayacha","url":"https:\/\/gatosperu.com\/","logo":{"@type":"ImageObject","inLanguage":"es","@id":"https:\/\/gatosperu.com\/#\/schema\/logo\/image\/","url":"https:\/\/gatosperu.com\/wp-content\/uploads\/2020\/04\/ty-e1589221156944.png","contentUrl":"https:\/\/gatosperu.com\/wp-content\/uploads\/2020\/04\/ty-e1589221156944.png","width":573,"height":419,"caption":"Thayacha"},"image":{"@id":"https:\/\/gatosperu.com\/#\/schema\/logo\/image\/"}}]}},"_links":{"self":[{"href":"https:\/\/gatosperu.com\/es\/wp-json\/wp\/v2\/product\/2664","targetHints":{"allow":["GET"]}}],"collection":[{"href":"https:\/\/gatosperu.com\/es\/wp-json\/wp\/v2\/product"}],"about":[{"href":"https:\/\/gatosperu.com\/es\/wp-json\/wp\/v2\/types\/product"}],"replies":[{"embeddable":true,"href":"https:\/\/gatosperu.com\/es\/wp-json\/wp\/v2\/comments?post=2664"}],"wp:featuredmedia":[{"embeddable":true,"href":"https:\/\/gatosperu.com\/es\/wp-json\/wp\/v2\/media\/2665"}],"wp:attachment":[{"href":"https:\/\/gatosperu.com\/es\/wp-json\/wp\/v2\/media?parent=2664"}],"wp:term":[{"taxonomy":"product_brand","embeddable":true,"href":"https:\/\/gatosperu.com\/es\/wp-json\/wp\/v2\/product_brand?post=2664"},{"taxonomy":"product_cat","embeddable":true,"href":"https:\/\/gatosperu.com\/es\/wp-json\/wp\/v2\/product_cat?post=2664"},{"taxonomy":"product_tag","embeddable":true,"href":"https:\/\/gatosperu.com\/es\/wp-json\/wp\/v2\/product_tag?post=2664"}],"curies":[{"name":"wp","href":"https:\/\/api.w.org\/{rel}","templated":true}]}}