{"id":2757,"date":"2021-05-22T21:17:01","date_gmt":"2021-05-22T21:17:01","guid":{"rendered":"https:\/\/thayacha.com\/?post_type=product&#038;p=2757"},"modified":"2023-05-02T01:15:25","modified_gmt":"2023-05-02T01:15:25","slug":"juguete-raton-giratorio","status":"publish","type":"product","link":"https:\/\/gatosperu.com\/es\/producto\/juguete-raton-giratorio\/","title":{"rendered":"Juguete rat\u00f3n giratorio"},"content":{"rendered":"<p>Juguete interactivo para gato<\/p>\n<p>Juguete para gatos de gran dise\u00f1o y calidad, bordes redondeados para mayor seguridad, y con un rat\u00f3n que se fija firmemente al rotador. Un juguete para gatos verdaderamente \u00fanico<\/p>\n<p>Seguro para su gato, hecho de pl\u00e1stico duro no t\u00f3xico. Este juguete fomenta el movimiento activo y saludable de su gato, la actividad interactiva mejora la salud y el bienestar general de nuestros gatos. El rat\u00f3n gira en funci\u00f3n del toque de tu gatito, y contin\u00faa girando 360 grados en ambas direcciones, sin pilas. Un juguete perfecto para gatitos o adultos<\/p>\n<p>Dos en uno: la almohadilla de fieltro superior se puede utilizar como un rascador para fomentar h\u00e1bitos saludables de los gatos, y las garras limpias, ayudando a evitar que los gatos ara\u00f1en los muebles.<\/p>","protected":false},"excerpt":{"rendered":"<div dir=\"auto\">\n<ul>\n<li>Plato con rat\u00f3n giratorio de 360\u00b0.<\/li>\n<li>Juguete interactivo 2 en 1: juguete y rascador.<\/li>\n<li>Con una almohadilla de fieltro para rascar.<\/li>\n<li>Para todas las edades: gatitos y adultos.<\/li>\n<li>Medidas: 25.3 cm de diametro x 7 cm de alto.<\/li>\n<li>Color Verde<\/li>\n<\/ul>\n<\/div>","protected":false},"featured_media":2758,"comment_status":"closed","ping_status":"closed","template":"","meta":{"_gspb_post_css":"","content-type":""},"product_brand":[],"product_cat":[84,80],"product_tag":[],"class_list":{"0":"post-2757","1":"product","2":"type-product","3":"status-publish","4":"has-post-thumbnail","6":"product_cat-juguetes","7":"product_cat-productos-para-gatos","9":"first","10":"instock","11":"taxable","12":"shipping-taxable","13":"purchasable","14":"product-type-simple"},"yoast_head":"<!-- This site is optimized with the Yoast SEO plugin v27.4 - https:\/\/yoast.com\/product\/yoast-seo-wordpress\/ -->\n<title>Juguete rat\u00f3n giratorio | Gatos Per\u00fa Pet Shop<\/title>\n<meta name=\"description\" content=\"juguete raton circular, tienen movimiento , no son recargables (automatico). rat\u00f3n guiratorio. juguete para gato.\" \/>\n<meta name=\"robots\" content=\"index, follow, max-snippet:-1, max-image-preview:large, max-video-preview:-1\" \/>\n<link rel=\"canonical\" href=\"https:\/\/gatosperu.com\/es\/producto\/juguete-raton-giratorio\/\" \/>\n<meta property=\"og:locale\" content=\"es_ES\" \/>\n<meta property=\"og:type\" content=\"article\" \/>\n<meta property=\"og:title\" content=\"Juguete rat\u00f3n giratorio | Gatos Per\u00fa Pet Shop\" \/>\n<meta property=\"og:description\" content=\"juguete raton circular, tienen movimiento , no son recargables (automatico). rat\u00f3n guiratorio. juguete para gato.\" \/>\n<meta property=\"og:url\" content=\"https:\/\/gatosperu.com\/es\/producto\/juguete-raton-giratorio\/\" \/>\n<meta property=\"og:site_name\" content=\"Gatos Per\u00fa Pet Shop\" \/>\n<meta property=\"article:modified_time\" content=\"2023-05-02T01:15:25+00:00\" \/>\n<meta property=\"og:image\" content=\"https:\/\/gatosperu.com\/wp-content\/uploads\/2021\/05\/WhatsApp-Image-2021-05-22-at-4.25.31-PM.jpeg\" \/>\n\t<meta property=\"og:image:width\" content=\"638\" \/>\n\t<meta property=\"og:image:height\" content=\"523\" \/>\n\t<meta property=\"og:image:type\" content=\"image\/jpeg\" \/>\n<meta name=\"twitter:card\" content=\"summary_large_image\" \/>\n<meta name=\"twitter:label1\" content=\"Tiempo de lectura\" \/>\n\t<meta name=\"twitter:data1\" content=\"1 minuto\" \/>\n<script type=\"application\/ld+json\" class=\"yoast-schema-graph\">{\"@context\":\"https:\\\/\\\/schema.org\",\"@graph\":[{\"@type\":\"WebPage\",\"@id\":\"https:\\\/\\\/gatosperu.com\\\/producto\\\/juguete-raton-giratorio\\\/\",\"url\":\"https:\\\/\\\/gatosperu.com\\\/producto\\\/juguete-raton-giratorio\\\/\",\"name\":\"Juguete rat\u00f3n giratorio | Gatos Per\u00fa Pet Shop\",\"isPartOf\":{\"@id\":\"https:\\\/\\\/gatosperu.com\\\/#website\"},\"primaryImageOfPage\":{\"@id\":\"https:\\\/\\\/gatosperu.com\\\/producto\\\/juguete-raton-giratorio\\\/#primaryimage\"},\"image\":{\"@id\":\"https:\\\/\\\/gatosperu.com\\\/producto\\\/juguete-raton-giratorio\\\/#primaryimage\"},\"thumbnailUrl\":\"https:\\\/\\\/gatosperu.com\\\/wp-content\\\/uploads\\\/2021\\\/05\\\/WhatsApp-Image-2021-05-22-at-4.25.31-PM.jpeg\",\"datePublished\":\"2021-05-22T21:17:01+00:00\",\"dateModified\":\"2023-05-02T01:15:25+00:00\",\"description\":\"juguete raton circular, tienen movimiento , no son recargables (automatico). rat\u00f3n guiratorio. juguete para gato.\",\"breadcrumb\":{\"@id\":\"https:\\\/\\\/gatosperu.com\\\/producto\\\/juguete-raton-giratorio\\\/#breadcrumb\"},\"inLanguage\":\"es\",\"potentialAction\":[{\"@type\":\"ReadAction\",\"target\":[\"https:\\\/\\\/gatosperu.com\\\/producto\\\/juguete-raton-giratorio\\\/\"]}]},{\"@type\":\"ImageObject\",\"inLanguage\":\"es\",\"@id\":\"https:\\\/\\\/gatosperu.com\\\/producto\\\/juguete-raton-giratorio\\\/#primaryimage\",\"url\":\"https:\\\/\\\/gatosperu.com\\\/wp-content\\\/uploads\\\/2021\\\/05\\\/WhatsApp-Image-2021-05-22-at-4.25.31-PM.jpeg\",\"contentUrl\":\"https:\\\/\\\/gatosperu.com\\\/wp-content\\\/uploads\\\/2021\\\/05\\\/WhatsApp-Image-2021-05-22-at-4.25.31-PM.jpeg\",\"width\":638,\"height\":523},{\"@type\":\"BreadcrumbList\",\"@id\":\"https:\\\/\\\/gatosperu.com\\\/producto\\\/juguete-raton-giratorio\\\/#breadcrumb\",\"itemListElement\":[{\"@type\":\"ListItem\",\"position\":1,\"name\":\"Portada\",\"item\":\"https:\\\/\\\/gatosperu.com\\\/\"},{\"@type\":\"ListItem\",\"position\":2,\"name\":\"Productos\",\"item\":\"https:\\\/\\\/gatosperu.com\\\/productos\\\/\"},{\"@type\":\"ListItem\",\"position\":3,\"name\":\"Juguete rat\u00f3n giratorio\"}]},{\"@type\":\"WebSite\",\"@id\":\"https:\\\/\\\/gatosperu.com\\\/#website\",\"url\":\"https:\\\/\\\/gatosperu.com\\\/\",\"name\":\"Gatos Per\u00fa Pet Shop\",\"description\":\"Tienda virtual para gatos\",\"publisher\":{\"@id\":\"https:\\\/\\\/gatosperu.com\\\/#organization\"},\"potentialAction\":[{\"@type\":\"SearchAction\",\"target\":{\"@type\":\"EntryPoint\",\"urlTemplate\":\"https:\\\/\\\/gatosperu.com\\\/?s={search_term_string}\"},\"query-input\":{\"@type\":\"PropertyValueSpecification\",\"valueRequired\":true,\"valueName\":\"search_term_string\"}}],\"inLanguage\":\"es\"},{\"@type\":\"Organization\",\"@id\":\"https:\\\/\\\/gatosperu.com\\\/#organization\",\"name\":\"Thayacha\",\"url\":\"https:\\\/\\\/gatosperu.com\\\/\",\"logo\":{\"@type\":\"ImageObject\",\"inLanguage\":\"es\",\"@id\":\"https:\\\/\\\/gatosperu.com\\\/#\\\/schema\\\/logo\\\/image\\\/\",\"url\":\"https:\\\/\\\/gatosperu.com\\\/wp-content\\\/uploads\\\/2020\\\/04\\\/ty-e1589221156944.png\",\"contentUrl\":\"https:\\\/\\\/gatosperu.com\\\/wp-content\\\/uploads\\\/2020\\\/04\\\/ty-e1589221156944.png\",\"width\":573,\"height\":419,\"caption\":\"Thayacha\"},\"image\":{\"@id\":\"https:\\\/\\\/gatosperu.com\\\/#\\\/schema\\\/logo\\\/image\\\/\"}}]}<\/script>\n<!-- \/ Yoast SEO plugin. -->","yoast_head_json":{"title":"Juguete rat\u00f3n giratorio | Gatos Per\u00fa Pet Shop","description":"juguete raton circular, tienen movimiento , no son recargables (automatico). rat\u00f3n guiratorio. juguete para gato.","robots":{"index":"index","follow":"follow","max-snippet":"max-snippet:-1","max-image-preview":"max-image-preview:large","max-video-preview":"max-video-preview:-1"},"canonical":"https:\/\/gatosperu.com\/es\/producto\/juguete-raton-giratorio\/","og_locale":"es_ES","og_type":"article","og_title":"Juguete rat\u00f3n giratorio | Gatos Per\u00fa Pet Shop","og_description":"juguete raton circular, tienen movimiento , no son recargables (automatico). rat\u00f3n guiratorio. juguete para gato.","og_url":"https:\/\/gatosperu.com\/es\/producto\/juguete-raton-giratorio\/","og_site_name":"Gatos Per\u00fa Pet Shop","article_modified_time":"2023-05-02T01:15:25+00:00","og_image":[{"width":638,"height":523,"url":"https:\/\/gatosperu.com\/wp-content\/uploads\/2021\/05\/WhatsApp-Image-2021-05-22-at-4.25.31-PM.jpeg","type":"image\/jpeg"}],"twitter_card":"summary_large_image","twitter_misc":{"Tiempo de lectura":"1 minuto"},"schema":{"@context":"https:\/\/schema.org","@graph":[{"@type":"WebPage","@id":"https:\/\/gatosperu.com\/producto\/juguete-raton-giratorio\/","url":"https:\/\/gatosperu.com\/producto\/juguete-raton-giratorio\/","name":"Juguete rat\u00f3n giratorio | Gatos Per\u00fa Pet Shop","isPartOf":{"@id":"https:\/\/gatosperu.com\/#website"},"primaryImageOfPage":{"@id":"https:\/\/gatosperu.com\/producto\/juguete-raton-giratorio\/#primaryimage"},"image":{"@id":"https:\/\/gatosperu.com\/producto\/juguete-raton-giratorio\/#primaryimage"},"thumbnailUrl":"https:\/\/gatosperu.com\/wp-content\/uploads\/2021\/05\/WhatsApp-Image-2021-05-22-at-4.25.31-PM.jpeg","datePublished":"2021-05-22T21:17:01+00:00","dateModified":"2023-05-02T01:15:25+00:00","description":"juguete raton circular, tienen movimiento , no son recargables (automatico). rat\u00f3n guiratorio. juguete para gato.","breadcrumb":{"@id":"https:\/\/gatosperu.com\/producto\/juguete-raton-giratorio\/#breadcrumb"},"inLanguage":"es","potentialAction":[{"@type":"ReadAction","target":["https:\/\/gatosperu.com\/producto\/juguete-raton-giratorio\/"]}]},{"@type":"ImageObject","inLanguage":"es","@id":"https:\/\/gatosperu.com\/producto\/juguete-raton-giratorio\/#primaryimage","url":"https:\/\/gatosperu.com\/wp-content\/uploads\/2021\/05\/WhatsApp-Image-2021-05-22-at-4.25.31-PM.jpeg","contentUrl":"https:\/\/gatosperu.com\/wp-content\/uploads\/2021\/05\/WhatsApp-Image-2021-05-22-at-4.25.31-PM.jpeg","width":638,"height":523},{"@type":"BreadcrumbList","@id":"https:\/\/gatosperu.com\/producto\/juguete-raton-giratorio\/#breadcrumb","itemListElement":[{"@type":"ListItem","position":1,"name":"Portada","item":"https:\/\/gatosperu.com\/"},{"@type":"ListItem","position":2,"name":"Productos","item":"https:\/\/gatosperu.com\/productos\/"},{"@type":"ListItem","position":3,"name":"Juguete rat\u00f3n giratorio"}]},{"@type":"WebSite","@id":"https:\/\/gatosperu.com\/#website","url":"https:\/\/gatosperu.com\/","name":"Gatos Per\u00fa Pet Shop","description":"Tienda virtual para gatos","publisher":{"@id":"https:\/\/gatosperu.com\/#organization"},"potentialAction":[{"@type":"SearchAction","target":{"@type":"EntryPoint","urlTemplate":"https:\/\/gatosperu.com\/?s={search_term_string}"},"query-input":{"@type":"PropertyValueSpecification","valueRequired":true,"valueName":"search_term_string"}}],"inLanguage":"es"},{"@type":"Organization","@id":"https:\/\/gatosperu.com\/#organization","name":"Thayacha","url":"https:\/\/gatosperu.com\/","logo":{"@type":"ImageObject","inLanguage":"es","@id":"https:\/\/gatosperu.com\/#\/schema\/logo\/image\/","url":"https:\/\/gatosperu.com\/wp-content\/uploads\/2020\/04\/ty-e1589221156944.png","contentUrl":"https:\/\/gatosperu.com\/wp-content\/uploads\/2020\/04\/ty-e1589221156944.png","width":573,"height":419,"caption":"Thayacha"},"image":{"@id":"https:\/\/gatosperu.com\/#\/schema\/logo\/image\/"}}]}},"_links":{"self":[{"href":"https:\/\/gatosperu.com\/es\/wp-json\/wp\/v2\/product\/2757","targetHints":{"allow":["GET"]}}],"collection":[{"href":"https:\/\/gatosperu.com\/es\/wp-json\/wp\/v2\/product"}],"about":[{"href":"https:\/\/gatosperu.com\/es\/wp-json\/wp\/v2\/types\/product"}],"replies":[{"embeddable":true,"href":"https:\/\/gatosperu.com\/es\/wp-json\/wp\/v2\/comments?post=2757"}],"wp:featuredmedia":[{"embeddable":true,"href":"https:\/\/gatosperu.com\/es\/wp-json\/wp\/v2\/media\/2758"}],"wp:attachment":[{"href":"https:\/\/gatosperu.com\/es\/wp-json\/wp\/v2\/media?parent=2757"}],"wp:term":[{"taxonomy":"product_brand","embeddable":true,"href":"https:\/\/gatosperu.com\/es\/wp-json\/wp\/v2\/product_brand?post=2757"},{"taxonomy":"product_cat","embeddable":true,"href":"https:\/\/gatosperu.com\/es\/wp-json\/wp\/v2\/product_cat?post=2757"},{"taxonomy":"product_tag","embeddable":true,"href":"https:\/\/gatosperu.com\/es\/wp-json\/wp\/v2\/product_tag?post=2757"}],"curies":[{"name":"wp","href":"https:\/\/api.w.org\/{rel}","templated":true}]}}