{"id":2765,"date":"2021-05-22T22:38:44","date_gmt":"2021-05-22T22:38:44","guid":{"rendered":"https:\/\/thayacha.com\/?post_type=product&#038;p=2765"},"modified":"2025-03-21T05:09:20","modified_gmt":"2025-03-21T05:09:20","slug":"rodillo-quita-pelusa","status":"publish","type":"product","link":"https:\/\/gatosperu.com\/es\/producto\/rodillo-quita-pelusa\/","title":{"rendered":"Rodillo Quita Pelusa"},"content":{"rendered":"<div dir=\"auto\">Reutilizable y con base auto limpiante.<\/div>\n<div dir=\"auto\">El dise\u00f1o econ\u00f3mico reutilizable no desperdicia papel tras papel como lo hace un dise\u00f1o de rodillo de pelusa est\u00e1ndar.<\/div>\n<div dir=\"auto\"><span style=\"font-size: 16px;\">Utiliza suavemente tu cepillo sobre las superficies que pueden tener pelaje, pelo y pelusa. Cuando el cepillo est\u00e9 completamente cubierto, simplemente sum\u00e9rjalo en la base de autolimpieza. Todo el pelo y la pelusa quedar\u00e1n atrapados dentro de la base y cuando retire el cepillo, tendr\u00e1 un cepillo limpio listo para m\u00e1s limpieza.<\/span><\/div>","protected":false},"excerpt":{"rendered":"<p>Cepillo Quita Pelusa importado<\/p>","protected":false},"featured_media":2766,"comment_status":"closed","ping_status":"closed","template":"","meta":{"_gspb_post_css":"","content-type":""},"product_brand":[],"product_cat":[80,137,79],"product_tag":[],"class_list":{"0":"post-2765","1":"product","2":"type-product","3":"status-publish","4":"has-post-thumbnail","6":"product_cat-productos-para-gatos","7":"product_cat-peines-y-cepillos","8":"product_cat-productos-para-perros","10":"first","11":"instock","12":"taxable","13":"shipping-taxable","14":"purchasable","15":"product-type-simple"},"yoast_head":"<!-- This site is optimized with the Yoast SEO plugin v27.4 - https:\/\/yoast.com\/product\/yoast-seo-wordpress\/ -->\n<title>Rodillo Quita Pelusa | Gatos Per\u00fa Pet Shop<\/title>\n<meta name=\"description\" content=\"Rodillo Quita Pelusa pelusa! cuando este completamente cubierto, simplemente sum\u00e9rjalo en la base de autolimpieza. Todo el pelo y la pelusa quedar\u00e1n atrapados dentro de la base y cuando retire el cepillo.\" \/>\n<meta name=\"robots\" content=\"index, follow, max-snippet:-1, max-image-preview:large, max-video-preview:-1\" \/>\n<link rel=\"canonical\" href=\"https:\/\/gatosperu.com\/es\/producto\/rodillo-quita-pelusa\/\" \/>\n<meta property=\"og:locale\" content=\"es_ES\" \/>\n<meta property=\"og:type\" content=\"article\" \/>\n<meta property=\"og:title\" content=\"Rodillo Quita Pelusa | Gatos Per\u00fa Pet Shop\" \/>\n<meta property=\"og:description\" content=\"Rodillo Quita Pelusa pelusa! cuando este completamente cubierto, simplemente sum\u00e9rjalo en la base de autolimpieza. Todo el pelo y la pelusa quedar\u00e1n atrapados dentro de la base y cuando retire el cepillo.\" \/>\n<meta property=\"og:url\" content=\"https:\/\/gatosperu.com\/es\/producto\/rodillo-quita-pelusa\/\" \/>\n<meta property=\"og:site_name\" content=\"Gatos Per\u00fa Pet Shop\" \/>\n<meta property=\"article:modified_time\" content=\"2025-03-21T05:09:20+00:00\" \/>\n<meta property=\"og:image\" content=\"https:\/\/gatosperu.com\/wp-content\/uploads\/2021\/05\/WhatsApp-Image-2021-05-22-at-5.48.03-PM.jpeg\" \/>\n\t<meta property=\"og:image:width\" content=\"732\" \/>\n\t<meta property=\"og:image:height\" content=\"687\" \/>\n\t<meta property=\"og:image:type\" content=\"image\/jpeg\" \/>\n<meta name=\"twitter:card\" content=\"summary_large_image\" \/>\n<script type=\"application\/ld+json\" class=\"yoast-schema-graph\">{\"@context\":\"https:\\\/\\\/schema.org\",\"@graph\":[{\"@type\":\"WebPage\",\"@id\":\"https:\\\/\\\/gatosperu.com\\\/producto\\\/rodillo-quita-pelusa\\\/\",\"url\":\"https:\\\/\\\/gatosperu.com\\\/producto\\\/rodillo-quita-pelusa\\\/\",\"name\":\"Rodillo Quita Pelusa | Gatos Per\u00fa Pet Shop\",\"isPartOf\":{\"@id\":\"https:\\\/\\\/gatosperu.com\\\/#website\"},\"primaryImageOfPage\":{\"@id\":\"https:\\\/\\\/gatosperu.com\\\/producto\\\/rodillo-quita-pelusa\\\/#primaryimage\"},\"image\":{\"@id\":\"https:\\\/\\\/gatosperu.com\\\/producto\\\/rodillo-quita-pelusa\\\/#primaryimage\"},\"thumbnailUrl\":\"https:\\\/\\\/gatosperu.com\\\/wp-content\\\/uploads\\\/2021\\\/05\\\/WhatsApp-Image-2021-05-22-at-5.48.03-PM.jpeg\",\"datePublished\":\"2021-05-22T22:38:44+00:00\",\"dateModified\":\"2025-03-21T05:09:20+00:00\",\"description\":\"Rodillo Quita Pelusa pelusa! cuando este completamente cubierto, simplemente sum\u00e9rjalo en la base de autolimpieza. Todo el pelo y la pelusa quedar\u00e1n atrapados dentro de la base y cuando retire el cepillo.\",\"breadcrumb\":{\"@id\":\"https:\\\/\\\/gatosperu.com\\\/producto\\\/rodillo-quita-pelusa\\\/#breadcrumb\"},\"inLanguage\":\"es\",\"potentialAction\":[{\"@type\":\"ReadAction\",\"target\":[\"https:\\\/\\\/gatosperu.com\\\/producto\\\/rodillo-quita-pelusa\\\/\"]}]},{\"@type\":\"ImageObject\",\"inLanguage\":\"es\",\"@id\":\"https:\\\/\\\/gatosperu.com\\\/producto\\\/rodillo-quita-pelusa\\\/#primaryimage\",\"url\":\"https:\\\/\\\/gatosperu.com\\\/wp-content\\\/uploads\\\/2021\\\/05\\\/WhatsApp-Image-2021-05-22-at-5.48.03-PM.jpeg\",\"contentUrl\":\"https:\\\/\\\/gatosperu.com\\\/wp-content\\\/uploads\\\/2021\\\/05\\\/WhatsApp-Image-2021-05-22-at-5.48.03-PM.jpeg\",\"width\":732,\"height\":687},{\"@type\":\"BreadcrumbList\",\"@id\":\"https:\\\/\\\/gatosperu.com\\\/producto\\\/rodillo-quita-pelusa\\\/#breadcrumb\",\"itemListElement\":[{\"@type\":\"ListItem\",\"position\":1,\"name\":\"Portada\",\"item\":\"https:\\\/\\\/gatosperu.com\\\/\"},{\"@type\":\"ListItem\",\"position\":2,\"name\":\"Productos\",\"item\":\"https:\\\/\\\/gatosperu.com\\\/productos\\\/\"},{\"@type\":\"ListItem\",\"position\":3,\"name\":\"Rodillo Quita Pelusa\"}]},{\"@type\":\"WebSite\",\"@id\":\"https:\\\/\\\/gatosperu.com\\\/#website\",\"url\":\"https:\\\/\\\/gatosperu.com\\\/\",\"name\":\"Gatos Per\u00fa Pet Shop\",\"description\":\"Tienda virtual para gatos\",\"publisher\":{\"@id\":\"https:\\\/\\\/gatosperu.com\\\/#organization\"},\"potentialAction\":[{\"@type\":\"SearchAction\",\"target\":{\"@type\":\"EntryPoint\",\"urlTemplate\":\"https:\\\/\\\/gatosperu.com\\\/?s={search_term_string}\"},\"query-input\":{\"@type\":\"PropertyValueSpecification\",\"valueRequired\":true,\"valueName\":\"search_term_string\"}}],\"inLanguage\":\"es\"},{\"@type\":\"Organization\",\"@id\":\"https:\\\/\\\/gatosperu.com\\\/#organization\",\"name\":\"Thayacha\",\"url\":\"https:\\\/\\\/gatosperu.com\\\/\",\"logo\":{\"@type\":\"ImageObject\",\"inLanguage\":\"es\",\"@id\":\"https:\\\/\\\/gatosperu.com\\\/#\\\/schema\\\/logo\\\/image\\\/\",\"url\":\"https:\\\/\\\/gatosperu.com\\\/wp-content\\\/uploads\\\/2020\\\/04\\\/ty-e1589221156944.png\",\"contentUrl\":\"https:\\\/\\\/gatosperu.com\\\/wp-content\\\/uploads\\\/2020\\\/04\\\/ty-e1589221156944.png\",\"width\":573,\"height\":419,\"caption\":\"Thayacha\"},\"image\":{\"@id\":\"https:\\\/\\\/gatosperu.com\\\/#\\\/schema\\\/logo\\\/image\\\/\"}}]}<\/script>\n<!-- \/ Yoast SEO plugin. -->","yoast_head_json":{"title":"Rodillo Quita Pelusa | Gatos Per\u00fa Pet Shop","description":"Rodillo Quita Pelusa pelusa! cuando este completamente cubierto, simplemente sum\u00e9rjalo en la base de autolimpieza. Todo el pelo y la pelusa quedar\u00e1n atrapados dentro de la base y cuando retire el cepillo.","robots":{"index":"index","follow":"follow","max-snippet":"max-snippet:-1","max-image-preview":"max-image-preview:large","max-video-preview":"max-video-preview:-1"},"canonical":"https:\/\/gatosperu.com\/es\/producto\/rodillo-quita-pelusa\/","og_locale":"es_ES","og_type":"article","og_title":"Rodillo Quita Pelusa | Gatos Per\u00fa Pet Shop","og_description":"Rodillo Quita Pelusa pelusa! cuando este completamente cubierto, simplemente sum\u00e9rjalo en la base de autolimpieza. Todo el pelo y la pelusa quedar\u00e1n atrapados dentro de la base y cuando retire el cepillo.","og_url":"https:\/\/gatosperu.com\/es\/producto\/rodillo-quita-pelusa\/","og_site_name":"Gatos Per\u00fa Pet Shop","article_modified_time":"2025-03-21T05:09:20+00:00","og_image":[{"width":732,"height":687,"url":"https:\/\/gatosperu.com\/wp-content\/uploads\/2021\/05\/WhatsApp-Image-2021-05-22-at-5.48.03-PM.jpeg","type":"image\/jpeg"}],"twitter_card":"summary_large_image","schema":{"@context":"https:\/\/schema.org","@graph":[{"@type":"WebPage","@id":"https:\/\/gatosperu.com\/producto\/rodillo-quita-pelusa\/","url":"https:\/\/gatosperu.com\/producto\/rodillo-quita-pelusa\/","name":"Rodillo Quita Pelusa | Gatos Per\u00fa Pet Shop","isPartOf":{"@id":"https:\/\/gatosperu.com\/#website"},"primaryImageOfPage":{"@id":"https:\/\/gatosperu.com\/producto\/rodillo-quita-pelusa\/#primaryimage"},"image":{"@id":"https:\/\/gatosperu.com\/producto\/rodillo-quita-pelusa\/#primaryimage"},"thumbnailUrl":"https:\/\/gatosperu.com\/wp-content\/uploads\/2021\/05\/WhatsApp-Image-2021-05-22-at-5.48.03-PM.jpeg","datePublished":"2021-05-22T22:38:44+00:00","dateModified":"2025-03-21T05:09:20+00:00","description":"Rodillo Quita Pelusa pelusa! cuando este completamente cubierto, simplemente sum\u00e9rjalo en la base de autolimpieza. Todo el pelo y la pelusa quedar\u00e1n atrapados dentro de la base y cuando retire el cepillo.","breadcrumb":{"@id":"https:\/\/gatosperu.com\/producto\/rodillo-quita-pelusa\/#breadcrumb"},"inLanguage":"es","potentialAction":[{"@type":"ReadAction","target":["https:\/\/gatosperu.com\/producto\/rodillo-quita-pelusa\/"]}]},{"@type":"ImageObject","inLanguage":"es","@id":"https:\/\/gatosperu.com\/producto\/rodillo-quita-pelusa\/#primaryimage","url":"https:\/\/gatosperu.com\/wp-content\/uploads\/2021\/05\/WhatsApp-Image-2021-05-22-at-5.48.03-PM.jpeg","contentUrl":"https:\/\/gatosperu.com\/wp-content\/uploads\/2021\/05\/WhatsApp-Image-2021-05-22-at-5.48.03-PM.jpeg","width":732,"height":687},{"@type":"BreadcrumbList","@id":"https:\/\/gatosperu.com\/producto\/rodillo-quita-pelusa\/#breadcrumb","itemListElement":[{"@type":"ListItem","position":1,"name":"Portada","item":"https:\/\/gatosperu.com\/"},{"@type":"ListItem","position":2,"name":"Productos","item":"https:\/\/gatosperu.com\/productos\/"},{"@type":"ListItem","position":3,"name":"Rodillo Quita Pelusa"}]},{"@type":"WebSite","@id":"https:\/\/gatosperu.com\/#website","url":"https:\/\/gatosperu.com\/","name":"Gatos Per\u00fa Pet Shop","description":"Tienda virtual para gatos","publisher":{"@id":"https:\/\/gatosperu.com\/#organization"},"potentialAction":[{"@type":"SearchAction","target":{"@type":"EntryPoint","urlTemplate":"https:\/\/gatosperu.com\/?s={search_term_string}"},"query-input":{"@type":"PropertyValueSpecification","valueRequired":true,"valueName":"search_term_string"}}],"inLanguage":"es"},{"@type":"Organization","@id":"https:\/\/gatosperu.com\/#organization","name":"Thayacha","url":"https:\/\/gatosperu.com\/","logo":{"@type":"ImageObject","inLanguage":"es","@id":"https:\/\/gatosperu.com\/#\/schema\/logo\/image\/","url":"https:\/\/gatosperu.com\/wp-content\/uploads\/2020\/04\/ty-e1589221156944.png","contentUrl":"https:\/\/gatosperu.com\/wp-content\/uploads\/2020\/04\/ty-e1589221156944.png","width":573,"height":419,"caption":"Thayacha"},"image":{"@id":"https:\/\/gatosperu.com\/#\/schema\/logo\/image\/"}}]}},"_links":{"self":[{"href":"https:\/\/gatosperu.com\/es\/wp-json\/wp\/v2\/product\/2765","targetHints":{"allow":["GET"]}}],"collection":[{"href":"https:\/\/gatosperu.com\/es\/wp-json\/wp\/v2\/product"}],"about":[{"href":"https:\/\/gatosperu.com\/es\/wp-json\/wp\/v2\/types\/product"}],"replies":[{"embeddable":true,"href":"https:\/\/gatosperu.com\/es\/wp-json\/wp\/v2\/comments?post=2765"}],"wp:featuredmedia":[{"embeddable":true,"href":"https:\/\/gatosperu.com\/es\/wp-json\/wp\/v2\/media\/2766"}],"wp:attachment":[{"href":"https:\/\/gatosperu.com\/es\/wp-json\/wp\/v2\/media?parent=2765"}],"wp:term":[{"taxonomy":"product_brand","embeddable":true,"href":"https:\/\/gatosperu.com\/es\/wp-json\/wp\/v2\/product_brand?post=2765"},{"taxonomy":"product_cat","embeddable":true,"href":"https:\/\/gatosperu.com\/es\/wp-json\/wp\/v2\/product_cat?post=2765"},{"taxonomy":"product_tag","embeddable":true,"href":"https:\/\/gatosperu.com\/es\/wp-json\/wp\/v2\/product_tag?post=2765"}],"curies":[{"name":"wp","href":"https:\/\/api.w.org\/{rel}","templated":true}]}}