{"id":2819,"date":"2021-05-23T20:11:45","date_gmt":"2021-05-23T20:11:45","guid":{"rendered":"https:\/\/thayacha.com\/?post_type=product&#038;p=2819"},"modified":"2023-05-14T03:21:02","modified_gmt":"2023-05-14T03:21:02","slug":"juguete-sisal-arbol-jirafa-para-gato","status":"publish","type":"product","link":"https:\/\/gatosperu.com\/es\/producto\/juguete-sisal-arbol-jirafa-para-gato\/","title":{"rendered":"Juguete sisal \u00e1rbol jirafa para gato"},"content":{"rendered":"<p>La mayor\u00eda de los gatos sienten la necesidad de rascar materiales, principalmente tejido o madera. Para ellos es una necesidad ya que adem\u00e1s de afilarse las u\u00f1as sirve como parte del proceso de marcaje del territorio, algo que contribuye a las salud mental y emocional del gato. Al rascar, los gatos dejan el olor de las gl\u00e1ndulas sudor\u00edparas que tienen en las almohadillas de sus garras. Por eso es habitual que, una vez que marcan un objeto, vuelvan al mismo lugar d\u00edas m\u00e1s tarde para reforzar su olor.<\/p>\n<p>Para evitar que su gato rompa muebles, paredes o sof\u00e1s, aseg\u00farese de proporcionarle un lugar adecuado para rascar. Si deja de mostrar inter\u00e9s por sus rascadores o juguetes, pruebe a rociarlos con hierba gatera y volver\u00e1 a recuperar su atenci\u00f3n instant\u00e1neamente.<\/p>","protected":false},"excerpt":{"rendered":"<p>Rascador poste para gatos, con juguete SISAL, juguete personalizado, tama\u00f1o grande. Juguete sisal \u00e1rbol jirafa para gato.\u00a0 El rascador de sisal est\u00e1 rematado con una cabeza de jirafa de peluche con toques de pelito muy suave.<\/p>\n<p>Modelo: elefante, perrito, reno y jirafa.<\/p>\n<p>Medidas: alto 55 x largo 45 x ancho 30<\/p>","protected":false},"featured_media":2833,"comment_status":"closed","ping_status":"closed","template":"","meta":{"_gspb_post_css":"","content-type":""},"product_brand":[],"product_cat":[94,84,80],"product_tag":[],"class_list":{"0":"post-2819","1":"product","2":"type-product","3":"status-publish","4":"has-post-thumbnail","6":"product_cat-gimnasios-y-rascadores","7":"product_cat-juguetes","8":"product_cat-productos-para-gatos","10":"first","11":"outofstock","12":"taxable","13":"shipping-taxable","14":"purchasable","15":"product-type-simple"},"yoast_head":"<!-- This site is optimized with the Yoast SEO plugin v27.4 - https:\/\/yoast.com\/product\/yoast-seo-wordpress\/ -->\n<title>Juguete sisal \u00e1rbol jirafa para gato | Gatos Per\u00fa Pet Shop<\/title>\n<meta name=\"description\" content=\"Rascador poste para gatos, con juguete SISAL, juguete personalizado, tama\u00f1o grande. Juguete sisal \u00e1rbol jirafa para gato\" \/>\n<meta name=\"robots\" content=\"index, follow, max-snippet:-1, max-image-preview:large, max-video-preview:-1\" \/>\n<link rel=\"canonical\" href=\"https:\/\/gatosperu.com\/es\/producto\/juguete-sisal-arbol-jirafa-para-gato\/\" \/>\n<meta property=\"og:locale\" content=\"es_ES\" \/>\n<meta property=\"og:type\" content=\"article\" \/>\n<meta property=\"og:title\" content=\"Juguete sisal \u00e1rbol jirafa para gato | Gatos Per\u00fa Pet Shop\" \/>\n<meta property=\"og:description\" content=\"Rascador poste para gatos, con juguete SISAL, juguete personalizado, tama\u00f1o grande. Juguete sisal \u00e1rbol jirafa para gato\" \/>\n<meta property=\"og:url\" content=\"https:\/\/gatosperu.com\/es\/producto\/juguete-sisal-arbol-jirafa-para-gato\/\" \/>\n<meta property=\"og:site_name\" content=\"Gatos Per\u00fa Pet Shop\" \/>\n<meta property=\"article:modified_time\" content=\"2023-05-14T03:21:02+00:00\" \/>\n<meta property=\"og:image\" content=\"https:\/\/gatosperu.com\/wp-content\/uploads\/2021\/05\/WhatsApp-Image-2021-05-23-at-6.46.47-PM.jpeg\" \/>\n\t<meta property=\"og:image:width\" content=\"1436\" \/>\n\t<meta property=\"og:image:height\" content=\"1430\" \/>\n\t<meta property=\"og:image:type\" content=\"image\/jpeg\" \/>\n<meta name=\"twitter:card\" content=\"summary_large_image\" \/>\n<meta name=\"twitter:label1\" content=\"Tiempo de lectura\" \/>\n\t<meta name=\"twitter:data1\" content=\"1 minuto\" \/>\n<script type=\"application\/ld+json\" class=\"yoast-schema-graph\">{\"@context\":\"https:\\\/\\\/schema.org\",\"@graph\":[{\"@type\":\"WebPage\",\"@id\":\"https:\\\/\\\/gatosperu.com\\\/producto\\\/juguete-sisal-arbol-jirafa-para-gato\\\/\",\"url\":\"https:\\\/\\\/gatosperu.com\\\/producto\\\/juguete-sisal-arbol-jirafa-para-gato\\\/\",\"name\":\"Juguete sisal \u00e1rbol jirafa para gato | Gatos Per\u00fa Pet Shop\",\"isPartOf\":{\"@id\":\"https:\\\/\\\/gatosperu.com\\\/#website\"},\"primaryImageOfPage\":{\"@id\":\"https:\\\/\\\/gatosperu.com\\\/producto\\\/juguete-sisal-arbol-jirafa-para-gato\\\/#primaryimage\"},\"image\":{\"@id\":\"https:\\\/\\\/gatosperu.com\\\/producto\\\/juguete-sisal-arbol-jirafa-para-gato\\\/#primaryimage\"},\"thumbnailUrl\":\"https:\\\/\\\/gatosperu.com\\\/wp-content\\\/uploads\\\/2021\\\/05\\\/WhatsApp-Image-2021-05-23-at-6.46.47-PM.jpeg\",\"datePublished\":\"2021-05-23T20:11:45+00:00\",\"dateModified\":\"2023-05-14T03:21:02+00:00\",\"description\":\"Rascador poste para gatos, con juguete SISAL, juguete personalizado, tama\u00f1o grande. Juguete sisal \u00e1rbol jirafa para gato\",\"breadcrumb\":{\"@id\":\"https:\\\/\\\/gatosperu.com\\\/producto\\\/juguete-sisal-arbol-jirafa-para-gato\\\/#breadcrumb\"},\"inLanguage\":\"es\",\"potentialAction\":[{\"@type\":\"ReadAction\",\"target\":[\"https:\\\/\\\/gatosperu.com\\\/producto\\\/juguete-sisal-arbol-jirafa-para-gato\\\/\"]}]},{\"@type\":\"ImageObject\",\"inLanguage\":\"es\",\"@id\":\"https:\\\/\\\/gatosperu.com\\\/producto\\\/juguete-sisal-arbol-jirafa-para-gato\\\/#primaryimage\",\"url\":\"https:\\\/\\\/gatosperu.com\\\/wp-content\\\/uploads\\\/2021\\\/05\\\/WhatsApp-Image-2021-05-23-at-6.46.47-PM.jpeg\",\"contentUrl\":\"https:\\\/\\\/gatosperu.com\\\/wp-content\\\/uploads\\\/2021\\\/05\\\/WhatsApp-Image-2021-05-23-at-6.46.47-PM.jpeg\",\"width\":1436,\"height\":1430},{\"@type\":\"BreadcrumbList\",\"@id\":\"https:\\\/\\\/gatosperu.com\\\/producto\\\/juguete-sisal-arbol-jirafa-para-gato\\\/#breadcrumb\",\"itemListElement\":[{\"@type\":\"ListItem\",\"position\":1,\"name\":\"Portada\",\"item\":\"https:\\\/\\\/gatosperu.com\\\/\"},{\"@type\":\"ListItem\",\"position\":2,\"name\":\"Productos\",\"item\":\"https:\\\/\\\/gatosperu.com\\\/productos\\\/\"},{\"@type\":\"ListItem\",\"position\":3,\"name\":\"Juguete sisal \u00e1rbol jirafa para gato\"}]},{\"@type\":\"WebSite\",\"@id\":\"https:\\\/\\\/gatosperu.com\\\/#website\",\"url\":\"https:\\\/\\\/gatosperu.com\\\/\",\"name\":\"Gatos Per\u00fa Pet Shop\",\"description\":\"Tienda virtual para gatos\",\"publisher\":{\"@id\":\"https:\\\/\\\/gatosperu.com\\\/#organization\"},\"potentialAction\":[{\"@type\":\"SearchAction\",\"target\":{\"@type\":\"EntryPoint\",\"urlTemplate\":\"https:\\\/\\\/gatosperu.com\\\/?s={search_term_string}\"},\"query-input\":{\"@type\":\"PropertyValueSpecification\",\"valueRequired\":true,\"valueName\":\"search_term_string\"}}],\"inLanguage\":\"es\"},{\"@type\":\"Organization\",\"@id\":\"https:\\\/\\\/gatosperu.com\\\/#organization\",\"name\":\"Thayacha\",\"url\":\"https:\\\/\\\/gatosperu.com\\\/\",\"logo\":{\"@type\":\"ImageObject\",\"inLanguage\":\"es\",\"@id\":\"https:\\\/\\\/gatosperu.com\\\/#\\\/schema\\\/logo\\\/image\\\/\",\"url\":\"https:\\\/\\\/gatosperu.com\\\/wp-content\\\/uploads\\\/2020\\\/04\\\/ty-e1589221156944.png\",\"contentUrl\":\"https:\\\/\\\/gatosperu.com\\\/wp-content\\\/uploads\\\/2020\\\/04\\\/ty-e1589221156944.png\",\"width\":573,\"height\":419,\"caption\":\"Thayacha\"},\"image\":{\"@id\":\"https:\\\/\\\/gatosperu.com\\\/#\\\/schema\\\/logo\\\/image\\\/\"}}]}<\/script>\n<!-- \/ Yoast SEO plugin. -->","yoast_head_json":{"title":"Juguete sisal \u00e1rbol jirafa para gato | Gatos Per\u00fa Pet Shop","description":"Rascador poste para gatos, con juguete SISAL, juguete personalizado, tama\u00f1o grande. Juguete sisal \u00e1rbol jirafa para gato","robots":{"index":"index","follow":"follow","max-snippet":"max-snippet:-1","max-image-preview":"max-image-preview:large","max-video-preview":"max-video-preview:-1"},"canonical":"https:\/\/gatosperu.com\/es\/producto\/juguete-sisal-arbol-jirafa-para-gato\/","og_locale":"es_ES","og_type":"article","og_title":"Juguete sisal \u00e1rbol jirafa para gato | Gatos Per\u00fa Pet Shop","og_description":"Rascador poste para gatos, con juguete SISAL, juguete personalizado, tama\u00f1o grande. Juguete sisal \u00e1rbol jirafa para gato","og_url":"https:\/\/gatosperu.com\/es\/producto\/juguete-sisal-arbol-jirafa-para-gato\/","og_site_name":"Gatos Per\u00fa Pet Shop","article_modified_time":"2023-05-14T03:21:02+00:00","og_image":[{"width":1436,"height":1430,"url":"https:\/\/gatosperu.com\/wp-content\/uploads\/2021\/05\/WhatsApp-Image-2021-05-23-at-6.46.47-PM.jpeg","type":"image\/jpeg"}],"twitter_card":"summary_large_image","twitter_misc":{"Tiempo de lectura":"1 minuto"},"schema":{"@context":"https:\/\/schema.org","@graph":[{"@type":"WebPage","@id":"https:\/\/gatosperu.com\/producto\/juguete-sisal-arbol-jirafa-para-gato\/","url":"https:\/\/gatosperu.com\/producto\/juguete-sisal-arbol-jirafa-para-gato\/","name":"Juguete sisal \u00e1rbol jirafa para gato | Gatos Per\u00fa Pet Shop","isPartOf":{"@id":"https:\/\/gatosperu.com\/#website"},"primaryImageOfPage":{"@id":"https:\/\/gatosperu.com\/producto\/juguete-sisal-arbol-jirafa-para-gato\/#primaryimage"},"image":{"@id":"https:\/\/gatosperu.com\/producto\/juguete-sisal-arbol-jirafa-para-gato\/#primaryimage"},"thumbnailUrl":"https:\/\/gatosperu.com\/wp-content\/uploads\/2021\/05\/WhatsApp-Image-2021-05-23-at-6.46.47-PM.jpeg","datePublished":"2021-05-23T20:11:45+00:00","dateModified":"2023-05-14T03:21:02+00:00","description":"Rascador poste para gatos, con juguete SISAL, juguete personalizado, tama\u00f1o grande. Juguete sisal \u00e1rbol jirafa para gato","breadcrumb":{"@id":"https:\/\/gatosperu.com\/producto\/juguete-sisal-arbol-jirafa-para-gato\/#breadcrumb"},"inLanguage":"es","potentialAction":[{"@type":"ReadAction","target":["https:\/\/gatosperu.com\/producto\/juguete-sisal-arbol-jirafa-para-gato\/"]}]},{"@type":"ImageObject","inLanguage":"es","@id":"https:\/\/gatosperu.com\/producto\/juguete-sisal-arbol-jirafa-para-gato\/#primaryimage","url":"https:\/\/gatosperu.com\/wp-content\/uploads\/2021\/05\/WhatsApp-Image-2021-05-23-at-6.46.47-PM.jpeg","contentUrl":"https:\/\/gatosperu.com\/wp-content\/uploads\/2021\/05\/WhatsApp-Image-2021-05-23-at-6.46.47-PM.jpeg","width":1436,"height":1430},{"@type":"BreadcrumbList","@id":"https:\/\/gatosperu.com\/producto\/juguete-sisal-arbol-jirafa-para-gato\/#breadcrumb","itemListElement":[{"@type":"ListItem","position":1,"name":"Portada","item":"https:\/\/gatosperu.com\/"},{"@type":"ListItem","position":2,"name":"Productos","item":"https:\/\/gatosperu.com\/productos\/"},{"@type":"ListItem","position":3,"name":"Juguete sisal \u00e1rbol jirafa para gato"}]},{"@type":"WebSite","@id":"https:\/\/gatosperu.com\/#website","url":"https:\/\/gatosperu.com\/","name":"Gatos Per\u00fa Pet Shop","description":"Tienda virtual para gatos","publisher":{"@id":"https:\/\/gatosperu.com\/#organization"},"potentialAction":[{"@type":"SearchAction","target":{"@type":"EntryPoint","urlTemplate":"https:\/\/gatosperu.com\/?s={search_term_string}"},"query-input":{"@type":"PropertyValueSpecification","valueRequired":true,"valueName":"search_term_string"}}],"inLanguage":"es"},{"@type":"Organization","@id":"https:\/\/gatosperu.com\/#organization","name":"Thayacha","url":"https:\/\/gatosperu.com\/","logo":{"@type":"ImageObject","inLanguage":"es","@id":"https:\/\/gatosperu.com\/#\/schema\/logo\/image\/","url":"https:\/\/gatosperu.com\/wp-content\/uploads\/2020\/04\/ty-e1589221156944.png","contentUrl":"https:\/\/gatosperu.com\/wp-content\/uploads\/2020\/04\/ty-e1589221156944.png","width":573,"height":419,"caption":"Thayacha"},"image":{"@id":"https:\/\/gatosperu.com\/#\/schema\/logo\/image\/"}}]}},"_links":{"self":[{"href":"https:\/\/gatosperu.com\/es\/wp-json\/wp\/v2\/product\/2819","targetHints":{"allow":["GET"]}}],"collection":[{"href":"https:\/\/gatosperu.com\/es\/wp-json\/wp\/v2\/product"}],"about":[{"href":"https:\/\/gatosperu.com\/es\/wp-json\/wp\/v2\/types\/product"}],"replies":[{"embeddable":true,"href":"https:\/\/gatosperu.com\/es\/wp-json\/wp\/v2\/comments?post=2819"}],"wp:featuredmedia":[{"embeddable":true,"href":"https:\/\/gatosperu.com\/es\/wp-json\/wp\/v2\/media\/2833"}],"wp:attachment":[{"href":"https:\/\/gatosperu.com\/es\/wp-json\/wp\/v2\/media?parent=2819"}],"wp:term":[{"taxonomy":"product_brand","embeddable":true,"href":"https:\/\/gatosperu.com\/es\/wp-json\/wp\/v2\/product_brand?post=2819"},{"taxonomy":"product_cat","embeddable":true,"href":"https:\/\/gatosperu.com\/es\/wp-json\/wp\/v2\/product_cat?post=2819"},{"taxonomy":"product_tag","embeddable":true,"href":"https:\/\/gatosperu.com\/es\/wp-json\/wp\/v2\/product_tag?post=2819"}],"curies":[{"name":"wp","href":"https:\/\/api.w.org\/{rel}","templated":true}]}}