{"id":2825,"date":"2021-05-23T21:07:21","date_gmt":"2021-05-23T21:07:21","guid":{"rendered":"https:\/\/thayacha.com\/?post_type=product&#038;p=2825"},"modified":"2023-05-02T01:10:20","modified_gmt":"2023-05-02T01:10:20","slug":"lima-electrica-de-unas-para-perros-y-gatos-pet-pedicure","status":"publish","type":"product","link":"https:\/\/gatosperu.com\/es\/producto\/lima-electrica-de-unas-para-perros-y-gatos-pet-pedicure\/","title":{"rendered":"Lima El\u00e9ctrica  de u\u00f1as para perros y gatos PET PEDICURE"},"content":{"rendered":"<p>Lima de U\u00f1as El\u00e9ctrica para Perros y Gatos<\/p>\n<p>La lima de u\u00f1as para perros y gatos es perfecta para dar forma, pulir y cortar las u\u00f1as de mascotas de cualquier tama\u00f1o de forma sencilla, r\u00e1pida y segura. Consigue un acabado perfecto incluso con las u\u00f1as m\u00e1s duras.<\/p>\n<p>Despu\u00e9s de cortar las u\u00f1as siempre quedan peque\u00f1as astillas o bordes afilados. Con esta pr\u00e1ctica lima podr\u00e1s eliminar las asperezas. Tambi\u00e9n puede usarse para apurar sin cortar. En unos segundos tu mascota tendr\u00e1 unas u\u00f1as redondeadas y perfectas.<\/p>","protected":false},"excerpt":{"rendered":"<p class=\"product-name\" data-store=\"product-name-48713751\">Lima El\u00e9ctrica de u\u00f1as para perros y gatos PET PEDICURE es una lima de u\u00f1as para cortar con suavidad las u\u00f1as de tus mascotas, de manera rapida y sencilla en cualquier lugar sin el dolor causado por un corta u\u00f1as tradicional. Permite mantener las u\u00f1as de las patas de tu mascota (gato o perro) cortas, redondeadas, lisas y suaves al tacto.<\/p>\n<p data-store=\"product-name-48713751\">","protected":false},"featured_media":2827,"comment_status":"closed","ping_status":"closed","template":"","meta":{"_gspb_post_css":"","content-type":""},"product_brand":[],"product_cat":[80,79],"product_tag":[],"class_list":{"0":"post-2825","1":"product","2":"type-product","3":"status-publish","4":"has-post-thumbnail","6":"product_cat-productos-para-gatos","7":"product_cat-productos-para-perros","9":"first","10":"onbackorder","11":"taxable","12":"shipping-taxable","13":"purchasable","14":"product-type-simple"},"yoast_head":"<!-- This site is optimized with the Yoast SEO plugin v27.4 - https:\/\/yoast.com\/product\/yoast-seo-wordpress\/ -->\n<title>Lima El\u00e9ctrica de u\u00f1as para perros y gatos PET PEDICURE | Gatos Per\u00fa Pet Shop<\/title>\n<meta name=\"description\" content=\"Lima El\u00e9ctrica de u\u00f1as para perros y gatos. es perfecta para dar forma, pulir y cortar las u\u00f1as de mascotas de cualquier tama\u00f1o de forma sencilla, r\u00e1pida y segura. La lima Funciona con pilas. Permite mantener las u\u00f1as de las patas de tu mascota cortas, redondeadas, lisas y suaves al tacto.\" \/>\n<meta name=\"robots\" content=\"index, follow, max-snippet:-1, max-image-preview:large, max-video-preview:-1\" \/>\n<link rel=\"canonical\" href=\"https:\/\/gatosperu.com\/es\/producto\/lima-electrica-de-unas-para-perros-y-gatos-pet-pedicure\/\" \/>\n<meta property=\"og:locale\" content=\"es_ES\" \/>\n<meta property=\"og:type\" content=\"article\" \/>\n<meta property=\"og:title\" content=\"Lima El\u00e9ctrica de u\u00f1as para perros y gatos PET PEDICURE | Gatos Per\u00fa Pet Shop\" \/>\n<meta property=\"og:description\" content=\"Lima El\u00e9ctrica de u\u00f1as para perros y gatos. es perfecta para dar forma, pulir y cortar las u\u00f1as de mascotas de cualquier tama\u00f1o de forma sencilla, r\u00e1pida y segura. La lima Funciona con pilas. Permite mantener las u\u00f1as de las patas de tu mascota cortas, redondeadas, lisas y suaves al tacto.\" \/>\n<meta property=\"og:url\" content=\"https:\/\/gatosperu.com\/es\/producto\/lima-electrica-de-unas-para-perros-y-gatos-pet-pedicure\/\" \/>\n<meta property=\"og:site_name\" content=\"Gatos Per\u00fa Pet Shop\" \/>\n<meta property=\"article:modified_time\" content=\"2023-05-02T01:10:20+00:00\" \/>\n<meta property=\"og:image\" content=\"https:\/\/gatosperu.com\/wp-content\/uploads\/2021\/05\/WhatsApp-Image-2021-05-23-at-3.47.50-PM.jpeg\" \/>\n\t<meta property=\"og:image:width\" content=\"750\" \/>\n\t<meta property=\"og:image:height\" content=\"955\" \/>\n\t<meta property=\"og:image:type\" content=\"image\/jpeg\" \/>\n<meta name=\"twitter:card\" content=\"summary_large_image\" \/>\n<meta name=\"twitter:label1\" content=\"Tiempo de lectura\" \/>\n\t<meta name=\"twitter:data1\" content=\"1 minuto\" \/>\n<script type=\"application\/ld+json\" class=\"yoast-schema-graph\">{\"@context\":\"https:\\\/\\\/schema.org\",\"@graph\":[{\"@type\":\"WebPage\",\"@id\":\"https:\\\/\\\/gatosperu.com\\\/producto\\\/lima-electrica-de-unas-para-perros-y-gatos-pet-pedicure\\\/\",\"url\":\"https:\\\/\\\/gatosperu.com\\\/producto\\\/lima-electrica-de-unas-para-perros-y-gatos-pet-pedicure\\\/\",\"name\":\"Lima El\u00e9ctrica de u\u00f1as para perros y gatos PET PEDICURE | Gatos Per\u00fa Pet Shop\",\"isPartOf\":{\"@id\":\"https:\\\/\\\/gatosperu.com\\\/#website\"},\"primaryImageOfPage\":{\"@id\":\"https:\\\/\\\/gatosperu.com\\\/producto\\\/lima-electrica-de-unas-para-perros-y-gatos-pet-pedicure\\\/#primaryimage\"},\"image\":{\"@id\":\"https:\\\/\\\/gatosperu.com\\\/producto\\\/lima-electrica-de-unas-para-perros-y-gatos-pet-pedicure\\\/#primaryimage\"},\"thumbnailUrl\":\"https:\\\/\\\/gatosperu.com\\\/wp-content\\\/uploads\\\/2021\\\/05\\\/WhatsApp-Image-2021-05-23-at-3.47.50-PM.jpeg\",\"datePublished\":\"2021-05-23T21:07:21+00:00\",\"dateModified\":\"2023-05-02T01:10:20+00:00\",\"description\":\"Lima El\u00e9ctrica de u\u00f1as para perros y gatos. es perfecta para dar forma, pulir y cortar las u\u00f1as de mascotas de cualquier tama\u00f1o de forma sencilla, r\u00e1pida y segura. La lima Funciona con pilas. Permite mantener las u\u00f1as de las patas de tu mascota cortas, redondeadas, lisas y suaves al tacto.\",\"breadcrumb\":{\"@id\":\"https:\\\/\\\/gatosperu.com\\\/producto\\\/lima-electrica-de-unas-para-perros-y-gatos-pet-pedicure\\\/#breadcrumb\"},\"inLanguage\":\"es\",\"potentialAction\":[{\"@type\":\"ReadAction\",\"target\":[\"https:\\\/\\\/gatosperu.com\\\/producto\\\/lima-electrica-de-unas-para-perros-y-gatos-pet-pedicure\\\/\"]}]},{\"@type\":\"ImageObject\",\"inLanguage\":\"es\",\"@id\":\"https:\\\/\\\/gatosperu.com\\\/producto\\\/lima-electrica-de-unas-para-perros-y-gatos-pet-pedicure\\\/#primaryimage\",\"url\":\"https:\\\/\\\/gatosperu.com\\\/wp-content\\\/uploads\\\/2021\\\/05\\\/WhatsApp-Image-2021-05-23-at-3.47.50-PM.jpeg\",\"contentUrl\":\"https:\\\/\\\/gatosperu.com\\\/wp-content\\\/uploads\\\/2021\\\/05\\\/WhatsApp-Image-2021-05-23-at-3.47.50-PM.jpeg\",\"width\":750,\"height\":955},{\"@type\":\"BreadcrumbList\",\"@id\":\"https:\\\/\\\/gatosperu.com\\\/producto\\\/lima-electrica-de-unas-para-perros-y-gatos-pet-pedicure\\\/#breadcrumb\",\"itemListElement\":[{\"@type\":\"ListItem\",\"position\":1,\"name\":\"Portada\",\"item\":\"https:\\\/\\\/gatosperu.com\\\/\"},{\"@type\":\"ListItem\",\"position\":2,\"name\":\"Productos\",\"item\":\"https:\\\/\\\/gatosperu.com\\\/productos\\\/\"},{\"@type\":\"ListItem\",\"position\":3,\"name\":\"Lima El\u00e9ctrica de u\u00f1as para perros y gatos PET PEDICURE\"}]},{\"@type\":\"WebSite\",\"@id\":\"https:\\\/\\\/gatosperu.com\\\/#website\",\"url\":\"https:\\\/\\\/gatosperu.com\\\/\",\"name\":\"Gatos Per\u00fa Pet Shop\",\"description\":\"Tienda virtual para gatos\",\"publisher\":{\"@id\":\"https:\\\/\\\/gatosperu.com\\\/#organization\"},\"potentialAction\":[{\"@type\":\"SearchAction\",\"target\":{\"@type\":\"EntryPoint\",\"urlTemplate\":\"https:\\\/\\\/gatosperu.com\\\/?s={search_term_string}\"},\"query-input\":{\"@type\":\"PropertyValueSpecification\",\"valueRequired\":true,\"valueName\":\"search_term_string\"}}],\"inLanguage\":\"es\"},{\"@type\":\"Organization\",\"@id\":\"https:\\\/\\\/gatosperu.com\\\/#organization\",\"name\":\"Thayacha\",\"url\":\"https:\\\/\\\/gatosperu.com\\\/\",\"logo\":{\"@type\":\"ImageObject\",\"inLanguage\":\"es\",\"@id\":\"https:\\\/\\\/gatosperu.com\\\/#\\\/schema\\\/logo\\\/image\\\/\",\"url\":\"https:\\\/\\\/gatosperu.com\\\/wp-content\\\/uploads\\\/2020\\\/04\\\/ty-e1589221156944.png\",\"contentUrl\":\"https:\\\/\\\/gatosperu.com\\\/wp-content\\\/uploads\\\/2020\\\/04\\\/ty-e1589221156944.png\",\"width\":573,\"height\":419,\"caption\":\"Thayacha\"},\"image\":{\"@id\":\"https:\\\/\\\/gatosperu.com\\\/#\\\/schema\\\/logo\\\/image\\\/\"}}]}<\/script>\n<!-- \/ Yoast SEO plugin. -->","yoast_head_json":{"title":"Lima El\u00e9ctrica de u\u00f1as para perros y gatos PET PEDICURE | Gatos Per\u00fa Pet Shop","description":"Lima El\u00e9ctrica de u\u00f1as para perros y gatos. es perfecta para dar forma, pulir y cortar las u\u00f1as de mascotas de cualquier tama\u00f1o de forma sencilla, r\u00e1pida y segura. La lima Funciona con pilas. Permite mantener las u\u00f1as de las patas de tu mascota cortas, redondeadas, lisas y suaves al tacto.","robots":{"index":"index","follow":"follow","max-snippet":"max-snippet:-1","max-image-preview":"max-image-preview:large","max-video-preview":"max-video-preview:-1"},"canonical":"https:\/\/gatosperu.com\/es\/producto\/lima-electrica-de-unas-para-perros-y-gatos-pet-pedicure\/","og_locale":"es_ES","og_type":"article","og_title":"Lima El\u00e9ctrica de u\u00f1as para perros y gatos PET PEDICURE | Gatos Per\u00fa Pet Shop","og_description":"Lima El\u00e9ctrica de u\u00f1as para perros y gatos. es perfecta para dar forma, pulir y cortar las u\u00f1as de mascotas de cualquier tama\u00f1o de forma sencilla, r\u00e1pida y segura. La lima Funciona con pilas. Permite mantener las u\u00f1as de las patas de tu mascota cortas, redondeadas, lisas y suaves al tacto.","og_url":"https:\/\/gatosperu.com\/es\/producto\/lima-electrica-de-unas-para-perros-y-gatos-pet-pedicure\/","og_site_name":"Gatos Per\u00fa Pet Shop","article_modified_time":"2023-05-02T01:10:20+00:00","og_image":[{"width":750,"height":955,"url":"https:\/\/gatosperu.com\/wp-content\/uploads\/2021\/05\/WhatsApp-Image-2021-05-23-at-3.47.50-PM.jpeg","type":"image\/jpeg"}],"twitter_card":"summary_large_image","twitter_misc":{"Tiempo de lectura":"1 minuto"},"schema":{"@context":"https:\/\/schema.org","@graph":[{"@type":"WebPage","@id":"https:\/\/gatosperu.com\/producto\/lima-electrica-de-unas-para-perros-y-gatos-pet-pedicure\/","url":"https:\/\/gatosperu.com\/producto\/lima-electrica-de-unas-para-perros-y-gatos-pet-pedicure\/","name":"Lima El\u00e9ctrica de u\u00f1as para perros y gatos PET PEDICURE | Gatos Per\u00fa Pet Shop","isPartOf":{"@id":"https:\/\/gatosperu.com\/#website"},"primaryImageOfPage":{"@id":"https:\/\/gatosperu.com\/producto\/lima-electrica-de-unas-para-perros-y-gatos-pet-pedicure\/#primaryimage"},"image":{"@id":"https:\/\/gatosperu.com\/producto\/lima-electrica-de-unas-para-perros-y-gatos-pet-pedicure\/#primaryimage"},"thumbnailUrl":"https:\/\/gatosperu.com\/wp-content\/uploads\/2021\/05\/WhatsApp-Image-2021-05-23-at-3.47.50-PM.jpeg","datePublished":"2021-05-23T21:07:21+00:00","dateModified":"2023-05-02T01:10:20+00:00","description":"Lima El\u00e9ctrica de u\u00f1as para perros y gatos. es perfecta para dar forma, pulir y cortar las u\u00f1as de mascotas de cualquier tama\u00f1o de forma sencilla, r\u00e1pida y segura. La lima Funciona con pilas. Permite mantener las u\u00f1as de las patas de tu mascota cortas, redondeadas, lisas y suaves al tacto.","breadcrumb":{"@id":"https:\/\/gatosperu.com\/producto\/lima-electrica-de-unas-para-perros-y-gatos-pet-pedicure\/#breadcrumb"},"inLanguage":"es","potentialAction":[{"@type":"ReadAction","target":["https:\/\/gatosperu.com\/producto\/lima-electrica-de-unas-para-perros-y-gatos-pet-pedicure\/"]}]},{"@type":"ImageObject","inLanguage":"es","@id":"https:\/\/gatosperu.com\/producto\/lima-electrica-de-unas-para-perros-y-gatos-pet-pedicure\/#primaryimage","url":"https:\/\/gatosperu.com\/wp-content\/uploads\/2021\/05\/WhatsApp-Image-2021-05-23-at-3.47.50-PM.jpeg","contentUrl":"https:\/\/gatosperu.com\/wp-content\/uploads\/2021\/05\/WhatsApp-Image-2021-05-23-at-3.47.50-PM.jpeg","width":750,"height":955},{"@type":"BreadcrumbList","@id":"https:\/\/gatosperu.com\/producto\/lima-electrica-de-unas-para-perros-y-gatos-pet-pedicure\/#breadcrumb","itemListElement":[{"@type":"ListItem","position":1,"name":"Portada","item":"https:\/\/gatosperu.com\/"},{"@type":"ListItem","position":2,"name":"Productos","item":"https:\/\/gatosperu.com\/productos\/"},{"@type":"ListItem","position":3,"name":"Lima El\u00e9ctrica de u\u00f1as para perros y gatos PET PEDICURE"}]},{"@type":"WebSite","@id":"https:\/\/gatosperu.com\/#website","url":"https:\/\/gatosperu.com\/","name":"Gatos Per\u00fa Pet Shop","description":"Tienda virtual para gatos","publisher":{"@id":"https:\/\/gatosperu.com\/#organization"},"potentialAction":[{"@type":"SearchAction","target":{"@type":"EntryPoint","urlTemplate":"https:\/\/gatosperu.com\/?s={search_term_string}"},"query-input":{"@type":"PropertyValueSpecification","valueRequired":true,"valueName":"search_term_string"}}],"inLanguage":"es"},{"@type":"Organization","@id":"https:\/\/gatosperu.com\/#organization","name":"Thayacha","url":"https:\/\/gatosperu.com\/","logo":{"@type":"ImageObject","inLanguage":"es","@id":"https:\/\/gatosperu.com\/#\/schema\/logo\/image\/","url":"https:\/\/gatosperu.com\/wp-content\/uploads\/2020\/04\/ty-e1589221156944.png","contentUrl":"https:\/\/gatosperu.com\/wp-content\/uploads\/2020\/04\/ty-e1589221156944.png","width":573,"height":419,"caption":"Thayacha"},"image":{"@id":"https:\/\/gatosperu.com\/#\/schema\/logo\/image\/"}}]}},"_links":{"self":[{"href":"https:\/\/gatosperu.com\/es\/wp-json\/wp\/v2\/product\/2825","targetHints":{"allow":["GET"]}}],"collection":[{"href":"https:\/\/gatosperu.com\/es\/wp-json\/wp\/v2\/product"}],"about":[{"href":"https:\/\/gatosperu.com\/es\/wp-json\/wp\/v2\/types\/product"}],"replies":[{"embeddable":true,"href":"https:\/\/gatosperu.com\/es\/wp-json\/wp\/v2\/comments?post=2825"}],"wp:featuredmedia":[{"embeddable":true,"href":"https:\/\/gatosperu.com\/es\/wp-json\/wp\/v2\/media\/2827"}],"wp:attachment":[{"href":"https:\/\/gatosperu.com\/es\/wp-json\/wp\/v2\/media?parent=2825"}],"wp:term":[{"taxonomy":"product_brand","embeddable":true,"href":"https:\/\/gatosperu.com\/es\/wp-json\/wp\/v2\/product_brand?post=2825"},{"taxonomy":"product_cat","embeddable":true,"href":"https:\/\/gatosperu.com\/es\/wp-json\/wp\/v2\/product_cat?post=2825"},{"taxonomy":"product_tag","embeddable":true,"href":"https:\/\/gatosperu.com\/es\/wp-json\/wp\/v2\/product_tag?post=2825"}],"curies":[{"name":"wp","href":"https:\/\/api.w.org\/{rel}","templated":true}]}}