{"id":2838,"date":"2021-06-03T21:36:46","date_gmt":"2021-06-03T21:36:46","guid":{"rendered":"https:\/\/thayacha.com\/?post_type=product&#038;p=2838"},"modified":"2026-03-19T05:08:05","modified_gmt":"2026-03-19T05:08:05","slug":"casita-de-carton-para-gatos-42cm","status":"publish","type":"product","link":"https:\/\/gatosperu.com\/es\/producto\/casita-de-carton-para-gatos-42cm\/","title":{"rendered":"Casita de Cart\u00f3n para Gatos 42cm"},"content":{"rendered":"<h1>Casita de Cart\u00f3n para Gatos 42cm:<\/h1>\n<p>Las\u00a0<strong>casas para gatos de cart\u00f3n<\/strong>\u00a0son pr\u00e1cticas y econ\u00f3micas, con un dise\u00f1o bonito y muy est\u00e9tico a la vez que funcional para nuestra mascota.<\/p>\n<p>Este tipo de casita de cart\u00f3n corrugado para gatos lleva incluido el rascador para que puedan afilarse las u\u00f1as y eliminar las capas da\u00f1adas, con zona interior para ocultarse y dormir o simplemente pasar un rato tranquilos.<\/p>\n<p>Son varias las ventajas que podemos encontrar en este tipo de accesorio para mascotas, pero la principal es el precio de la casa para el gato.\u00a0<strong>Todos los modelos son muy econ\u00f3micos<\/strong>, haciendo que cualquier persona pueda acceder a ellas. Si las comparamos con las fabricadas en madera su precio es\u00a0<em>menos de la mitad<\/em>, incluso en muchas ocasiones puedes comprar la que m\u00e1s te gusta a una tercera parte de su precio.<\/p>\n<p>Evidentemente\u00a0<strong>el cart\u00f3n tiene diferencias con otros materiales<\/strong>, como por ejemplo que solo se puede usar para el interior de la vivienda y para gatos dom\u00e9sticos que no sean callejeros, pero por lo dem\u00e1s su funcionalidad es la misma. Aporta un hogar para tu mascota, una zona de juegos y un sitio donde rascar tanto como quiera.<\/p>\n<p>El\u00a0<strong>mantenimiento<\/strong>\u00a0de este tipo de productos es inexistente, es decir, que cuando recibes la caja solo debes montarla o desplegarla si has elegido un modelo plegable y situarla donde desees. Despu\u00e9s de unas semanas solo necesitan un trapo para eliminar el polvo y quitar los restos de pelos.<\/p>\n<p>Si quieres un accesorio divertido y que atraiga la atenci\u00f3n de tu gatito no lo dudes, con una casita de cart\u00f3n acertar\u00e1s adem\u00e1s de ahorrarte bastante dinero.<\/p>\n<p><strong>\u00a1Regala a tu felino su rinc\u00f3n de paz hoy mismo! Ordena tu Casita de Cart\u00f3n en Gatos Per\u00fa.<\/strong><\/p>","protected":false},"excerpt":{"rendered":"<p><strong>Encuentra la casita de cart\u00f3n para gatos ideal. Refugio resistente de 42cm de alto, perfecto para dormir y jugar. Env\u00edos a todo Per\u00fa en GatosPeru.com<\/strong><\/p>","protected":false},"featured_media":2841,"comment_status":"closed","ping_status":"closed","template":"","meta":{"_gspb_post_css":"","content-type":""},"product_brand":[],"product_cat":[87,94,80],"product_tag":[],"class_list":{"0":"post-2838","1":"product","2":"type-product","3":"status-publish","4":"has-post-thumbnail","6":"product_cat-camas-y-casas","7":"product_cat-gimnasios-y-rascadores","8":"product_cat-productos-para-gatos","10":"first","11":"instock","12":"sale","13":"taxable","14":"shipping-taxable","15":"purchasable","16":"product-type-simple"},"yoast_head":"<!-- This site is optimized with the Yoast SEO plugin v27.4 - https:\/\/yoast.com\/product\/yoast-seo-wordpress\/ -->\n<title>Casita de Cart\u00f3n para Gatos 42cm | Gatos Per\u00fa Pet Shop<\/title>\n<meta name=\"description\" content=\"Encuentra la casita de cart\u00f3n para gatos ideal. Refugio resistente de 42cm de alto, perfecto para dormir y jugar. Env\u00edos a todo Per\u00fa en GatosPeru.com\" \/>\n<meta name=\"robots\" content=\"index, follow, max-snippet:-1, max-image-preview:large, max-video-preview:-1\" \/>\n<link rel=\"canonical\" href=\"https:\/\/gatosperu.com\/es\/producto\/casita-de-carton-para-gatos-42cm\/\" \/>\n<meta property=\"og:locale\" content=\"es_ES\" \/>\n<meta property=\"og:type\" content=\"article\" \/>\n<meta property=\"og:title\" content=\"Casita de Cart\u00f3n para Gatos 42cm | Gatos Per\u00fa Pet Shop\" \/>\n<meta property=\"og:description\" content=\"Encuentra la casita de cart\u00f3n para gatos ideal. Refugio resistente de 42cm de alto, perfecto para dormir y jugar. Env\u00edos a todo Per\u00fa en GatosPeru.com\" \/>\n<meta property=\"og:url\" content=\"https:\/\/gatosperu.com\/es\/producto\/casita-de-carton-para-gatos-42cm\/\" \/>\n<meta property=\"og:site_name\" content=\"Gatos Per\u00fa Pet Shop\" \/>\n<meta property=\"article:modified_time\" content=\"2026-03-19T05:08:05+00:00\" \/>\n<meta property=\"og:image\" content=\"https:\/\/gatosperu.com\/wp-content\/uploads\/2021\/06\/WhatsApp-Image-2021-06-03-at-4.36.06-PM.jpeg\" \/>\n\t<meta property=\"og:image:width\" content=\"1001\" \/>\n\t<meta property=\"og:image:height\" content=\"1001\" \/>\n\t<meta property=\"og:image:type\" content=\"image\/jpeg\" \/>\n<meta name=\"twitter:card\" content=\"summary_large_image\" \/>\n<meta name=\"twitter:label1\" content=\"Tiempo de lectura\" \/>\n\t<meta name=\"twitter:data1\" content=\"2 minutos\" \/>\n<script type=\"application\/ld+json\" class=\"yoast-schema-graph\">{\"@context\":\"https:\\\/\\\/schema.org\",\"@graph\":[{\"@type\":\"WebPage\",\"@id\":\"https:\\\/\\\/gatosperu.com\\\/producto\\\/casita-de-carton-para-gatos-42cm\\\/\",\"url\":\"https:\\\/\\\/gatosperu.com\\\/producto\\\/casita-de-carton-para-gatos-42cm\\\/\",\"name\":\"Casita de Cart\u00f3n para Gatos 42cm | Gatos Per\u00fa Pet Shop\",\"isPartOf\":{\"@id\":\"https:\\\/\\\/gatosperu.com\\\/#website\"},\"primaryImageOfPage\":{\"@id\":\"https:\\\/\\\/gatosperu.com\\\/producto\\\/casita-de-carton-para-gatos-42cm\\\/#primaryimage\"},\"image\":{\"@id\":\"https:\\\/\\\/gatosperu.com\\\/producto\\\/casita-de-carton-para-gatos-42cm\\\/#primaryimage\"},\"thumbnailUrl\":\"https:\\\/\\\/gatosperu.com\\\/wp-content\\\/uploads\\\/2021\\\/06\\\/WhatsApp-Image-2021-06-03-at-4.36.06-PM.jpeg\",\"datePublished\":\"2021-06-03T21:36:46+00:00\",\"dateModified\":\"2026-03-19T05:08:05+00:00\",\"description\":\"Encuentra la casita de cart\u00f3n para gatos ideal. Refugio resistente de 42cm de alto, perfecto para dormir y jugar. Env\u00edos a todo Per\u00fa en GatosPeru.com\",\"breadcrumb\":{\"@id\":\"https:\\\/\\\/gatosperu.com\\\/producto\\\/casita-de-carton-para-gatos-42cm\\\/#breadcrumb\"},\"inLanguage\":\"es\",\"potentialAction\":[{\"@type\":\"ReadAction\",\"target\":[\"https:\\\/\\\/gatosperu.com\\\/producto\\\/casita-de-carton-para-gatos-42cm\\\/\"]}]},{\"@type\":\"ImageObject\",\"inLanguage\":\"es\",\"@id\":\"https:\\\/\\\/gatosperu.com\\\/producto\\\/casita-de-carton-para-gatos-42cm\\\/#primaryimage\",\"url\":\"https:\\\/\\\/gatosperu.com\\\/wp-content\\\/uploads\\\/2021\\\/06\\\/WhatsApp-Image-2021-06-03-at-4.36.06-PM.jpeg\",\"contentUrl\":\"https:\\\/\\\/gatosperu.com\\\/wp-content\\\/uploads\\\/2021\\\/06\\\/WhatsApp-Image-2021-06-03-at-4.36.06-PM.jpeg\",\"width\":1001,\"height\":1001},{\"@type\":\"BreadcrumbList\",\"@id\":\"https:\\\/\\\/gatosperu.com\\\/producto\\\/casita-de-carton-para-gatos-42cm\\\/#breadcrumb\",\"itemListElement\":[{\"@type\":\"ListItem\",\"position\":1,\"name\":\"Portada\",\"item\":\"https:\\\/\\\/gatosperu.com\\\/\"},{\"@type\":\"ListItem\",\"position\":2,\"name\":\"Productos\",\"item\":\"https:\\\/\\\/gatosperu.com\\\/productos\\\/\"},{\"@type\":\"ListItem\",\"position\":3,\"name\":\"Casita de Cart\u00f3n para Gatos 42cm\"}]},{\"@type\":\"WebSite\",\"@id\":\"https:\\\/\\\/gatosperu.com\\\/#website\",\"url\":\"https:\\\/\\\/gatosperu.com\\\/\",\"name\":\"Gatos Per\u00fa Pet Shop\",\"description\":\"Tienda virtual para gatos\",\"publisher\":{\"@id\":\"https:\\\/\\\/gatosperu.com\\\/#organization\"},\"potentialAction\":[{\"@type\":\"SearchAction\",\"target\":{\"@type\":\"EntryPoint\",\"urlTemplate\":\"https:\\\/\\\/gatosperu.com\\\/?s={search_term_string}\"},\"query-input\":{\"@type\":\"PropertyValueSpecification\",\"valueRequired\":true,\"valueName\":\"search_term_string\"}}],\"inLanguage\":\"es\"},{\"@type\":\"Organization\",\"@id\":\"https:\\\/\\\/gatosperu.com\\\/#organization\",\"name\":\"Thayacha\",\"url\":\"https:\\\/\\\/gatosperu.com\\\/\",\"logo\":{\"@type\":\"ImageObject\",\"inLanguage\":\"es\",\"@id\":\"https:\\\/\\\/gatosperu.com\\\/#\\\/schema\\\/logo\\\/image\\\/\",\"url\":\"https:\\\/\\\/gatosperu.com\\\/wp-content\\\/uploads\\\/2020\\\/04\\\/ty-e1589221156944.png\",\"contentUrl\":\"https:\\\/\\\/gatosperu.com\\\/wp-content\\\/uploads\\\/2020\\\/04\\\/ty-e1589221156944.png\",\"width\":573,\"height\":419,\"caption\":\"Thayacha\"},\"image\":{\"@id\":\"https:\\\/\\\/gatosperu.com\\\/#\\\/schema\\\/logo\\\/image\\\/\"}}]}<\/script>\n<!-- \/ Yoast SEO plugin. -->","yoast_head_json":{"title":"Casita de Cart\u00f3n para Gatos 42cm | Gatos Per\u00fa Pet Shop","description":"Encuentra la casita de cart\u00f3n para gatos ideal. Refugio resistente de 42cm de alto, perfecto para dormir y jugar. Env\u00edos a todo Per\u00fa en GatosPeru.com","robots":{"index":"index","follow":"follow","max-snippet":"max-snippet:-1","max-image-preview":"max-image-preview:large","max-video-preview":"max-video-preview:-1"},"canonical":"https:\/\/gatosperu.com\/es\/producto\/casita-de-carton-para-gatos-42cm\/","og_locale":"es_ES","og_type":"article","og_title":"Casita de Cart\u00f3n para Gatos 42cm | Gatos Per\u00fa Pet Shop","og_description":"Encuentra la casita de cart\u00f3n para gatos ideal. Refugio resistente de 42cm de alto, perfecto para dormir y jugar. Env\u00edos a todo Per\u00fa en GatosPeru.com","og_url":"https:\/\/gatosperu.com\/es\/producto\/casita-de-carton-para-gatos-42cm\/","og_site_name":"Gatos Per\u00fa Pet Shop","article_modified_time":"2026-03-19T05:08:05+00:00","og_image":[{"width":1001,"height":1001,"url":"https:\/\/gatosperu.com\/wp-content\/uploads\/2021\/06\/WhatsApp-Image-2021-06-03-at-4.36.06-PM.jpeg","type":"image\/jpeg"}],"twitter_card":"summary_large_image","twitter_misc":{"Tiempo de lectura":"2 minutos"},"schema":{"@context":"https:\/\/schema.org","@graph":[{"@type":"WebPage","@id":"https:\/\/gatosperu.com\/producto\/casita-de-carton-para-gatos-42cm\/","url":"https:\/\/gatosperu.com\/producto\/casita-de-carton-para-gatos-42cm\/","name":"Casita de Cart\u00f3n para Gatos 42cm | Gatos Per\u00fa Pet Shop","isPartOf":{"@id":"https:\/\/gatosperu.com\/#website"},"primaryImageOfPage":{"@id":"https:\/\/gatosperu.com\/producto\/casita-de-carton-para-gatos-42cm\/#primaryimage"},"image":{"@id":"https:\/\/gatosperu.com\/producto\/casita-de-carton-para-gatos-42cm\/#primaryimage"},"thumbnailUrl":"https:\/\/gatosperu.com\/wp-content\/uploads\/2021\/06\/WhatsApp-Image-2021-06-03-at-4.36.06-PM.jpeg","datePublished":"2021-06-03T21:36:46+00:00","dateModified":"2026-03-19T05:08:05+00:00","description":"Encuentra la casita de cart\u00f3n para gatos ideal. Refugio resistente de 42cm de alto, perfecto para dormir y jugar. Env\u00edos a todo Per\u00fa en GatosPeru.com","breadcrumb":{"@id":"https:\/\/gatosperu.com\/producto\/casita-de-carton-para-gatos-42cm\/#breadcrumb"},"inLanguage":"es","potentialAction":[{"@type":"ReadAction","target":["https:\/\/gatosperu.com\/producto\/casita-de-carton-para-gatos-42cm\/"]}]},{"@type":"ImageObject","inLanguage":"es","@id":"https:\/\/gatosperu.com\/producto\/casita-de-carton-para-gatos-42cm\/#primaryimage","url":"https:\/\/gatosperu.com\/wp-content\/uploads\/2021\/06\/WhatsApp-Image-2021-06-03-at-4.36.06-PM.jpeg","contentUrl":"https:\/\/gatosperu.com\/wp-content\/uploads\/2021\/06\/WhatsApp-Image-2021-06-03-at-4.36.06-PM.jpeg","width":1001,"height":1001},{"@type":"BreadcrumbList","@id":"https:\/\/gatosperu.com\/producto\/casita-de-carton-para-gatos-42cm\/#breadcrumb","itemListElement":[{"@type":"ListItem","position":1,"name":"Portada","item":"https:\/\/gatosperu.com\/"},{"@type":"ListItem","position":2,"name":"Productos","item":"https:\/\/gatosperu.com\/productos\/"},{"@type":"ListItem","position":3,"name":"Casita de Cart\u00f3n para Gatos 42cm"}]},{"@type":"WebSite","@id":"https:\/\/gatosperu.com\/#website","url":"https:\/\/gatosperu.com\/","name":"Gatos Per\u00fa Pet Shop","description":"Tienda virtual para gatos","publisher":{"@id":"https:\/\/gatosperu.com\/#organization"},"potentialAction":[{"@type":"SearchAction","target":{"@type":"EntryPoint","urlTemplate":"https:\/\/gatosperu.com\/?s={search_term_string}"},"query-input":{"@type":"PropertyValueSpecification","valueRequired":true,"valueName":"search_term_string"}}],"inLanguage":"es"},{"@type":"Organization","@id":"https:\/\/gatosperu.com\/#organization","name":"Thayacha","url":"https:\/\/gatosperu.com\/","logo":{"@type":"ImageObject","inLanguage":"es","@id":"https:\/\/gatosperu.com\/#\/schema\/logo\/image\/","url":"https:\/\/gatosperu.com\/wp-content\/uploads\/2020\/04\/ty-e1589221156944.png","contentUrl":"https:\/\/gatosperu.com\/wp-content\/uploads\/2020\/04\/ty-e1589221156944.png","width":573,"height":419,"caption":"Thayacha"},"image":{"@id":"https:\/\/gatosperu.com\/#\/schema\/logo\/image\/"}}]}},"_links":{"self":[{"href":"https:\/\/gatosperu.com\/es\/wp-json\/wp\/v2\/product\/2838","targetHints":{"allow":["GET"]}}],"collection":[{"href":"https:\/\/gatosperu.com\/es\/wp-json\/wp\/v2\/product"}],"about":[{"href":"https:\/\/gatosperu.com\/es\/wp-json\/wp\/v2\/types\/product"}],"replies":[{"embeddable":true,"href":"https:\/\/gatosperu.com\/es\/wp-json\/wp\/v2\/comments?post=2838"}],"wp:featuredmedia":[{"embeddable":true,"href":"https:\/\/gatosperu.com\/es\/wp-json\/wp\/v2\/media\/2841"}],"wp:attachment":[{"href":"https:\/\/gatosperu.com\/es\/wp-json\/wp\/v2\/media?parent=2838"}],"wp:term":[{"taxonomy":"product_brand","embeddable":true,"href":"https:\/\/gatosperu.com\/es\/wp-json\/wp\/v2\/product_brand?post=2838"},{"taxonomy":"product_cat","embeddable":true,"href":"https:\/\/gatosperu.com\/es\/wp-json\/wp\/v2\/product_cat?post=2838"},{"taxonomy":"product_tag","embeddable":true,"href":"https:\/\/gatosperu.com\/es\/wp-json\/wp\/v2\/product_tag?post=2838"}],"curies":[{"name":"wp","href":"https:\/\/api.w.org\/{rel}","templated":true}]}}