{"id":2855,"date":"2021-06-03T23:12:09","date_gmt":"2021-06-03T23:12:09","guid":{"rendered":"https:\/\/thayacha.com\/?post_type=product&#038;p=2855"},"modified":"2023-05-02T01:07:42","modified_gmt":"2023-05-02T01:07:42","slug":"juguete-jala-pelota-para-mascota","status":"publish","type":"product","link":"https:\/\/gatosperu.com\/es\/producto\/juguete-jala-pelota-para-mascota\/","title":{"rendered":"Juguete jala pelota para mascota"},"content":{"rendered":"<h1>Jala pelota<\/h1>\n<p>Jala pelota cuenta con dise\u00f1o flexible de la m\u00e1s alta calidad (TPR, caucho termopl\u00e1tico). Ligero, pero fuerte y resistente que llama m\u00e1s la atenci\u00f3n de tu engre\u00eddo. Intentar jugar bajo supervisi\u00f3n para ense\u00f1arle a jalar de la pelota.<\/p>\n<p>\u00bfC\u00f3mo utilizar ?<br \/>\n1. Limpiar bien la superficie de la parte LISA donde se va adherir el jala pelota (que no haya suciedad ni grumos de polvillo)<br \/>\n2. Evitar que se muerda la base ya que es la que se va adherir a la superficie y si la muerda la puede deteriorar.<span class=\"text_exposed_show\"><br \/>\n3. La pelota y el pico de la base la puede morder mil veces ya que es s\u00faper resistente lo ver\u00e1 al tocarlo.<br \/>\n4. Lo ideal es que jale de la pelota porque si llega a morder mucho la soga como cualquier soga puede deteriorarse. La idea es que se entretenga jalando de la pelota.<br \/>\n5. Puede colocar al costado de la pelota cualquier juguete preferido de la mascota como para que est\u00e9 en un s\u00f3lo lugar tambi\u00e9n.<\/span><\/p>","protected":false},"excerpt":{"rendered":"<p>Juguete De Succi\u00f3n chup\u00f3n Soga, cuerda para mascotas perros. Juguete jala soga para mascota.<\/p>\n<p>Color \u00fanico<\/p>","protected":false},"featured_media":2856,"comment_status":"closed","ping_status":"closed","template":"","meta":{"_gspb_post_css":"","content-type":""},"product_brand":[],"product_cat":[79],"product_tag":[],"class_list":{"0":"post-2855","1":"product","2":"type-product","3":"status-publish","4":"has-post-thumbnail","6":"product_cat-productos-para-perros","8":"first","9":"instock","10":"featured","11":"taxable","12":"shipping-taxable","13":"purchasable","14":"product-type-simple"},"yoast_head":"<!-- This site is optimized with the Yoast SEO plugin v27.4 - https:\/\/yoast.com\/product\/yoast-seo-wordpress\/ -->\n<title>Juguete jala pelota para mascota | Gatos Per\u00fa Pet Shop<\/title>\n<meta name=\"description\" content=\"productos de Perros, Juguetes, Juguete De Succi\u00f3n Chupon Soga Cuerda Para Mascotas Perros. Juguete jala soga para mascota. Jala pelota.\" \/>\n<meta name=\"robots\" content=\"index, follow, max-snippet:-1, max-image-preview:large, max-video-preview:-1\" \/>\n<link rel=\"canonical\" href=\"https:\/\/gatosperu.com\/es\/producto\/juguete-jala-pelota-para-mascota\/\" \/>\n<meta property=\"og:locale\" content=\"es_ES\" \/>\n<meta property=\"og:type\" content=\"article\" \/>\n<meta property=\"og:title\" content=\"Juguete jala pelota para mascota | Gatos Per\u00fa Pet Shop\" \/>\n<meta property=\"og:description\" content=\"productos de Perros, Juguetes, Juguete De Succi\u00f3n Chupon Soga Cuerda Para Mascotas Perros. Juguete jala soga para mascota. Jala pelota.\" \/>\n<meta property=\"og:url\" content=\"https:\/\/gatosperu.com\/es\/producto\/juguete-jala-pelota-para-mascota\/\" \/>\n<meta property=\"og:site_name\" content=\"Gatos Per\u00fa Pet Shop\" \/>\n<meta property=\"article:modified_time\" content=\"2023-05-02T01:07:42+00:00\" \/>\n<meta property=\"og:image\" content=\"https:\/\/gatosperu.com\/wp-content\/uploads\/2021\/06\/juguete-chupon-im\u00e1genes-fullf.jpg\" \/>\n\t<meta property=\"og:image:width\" content=\"750\" \/>\n\t<meta property=\"og:image:height\" content=\"750\" \/>\n\t<meta property=\"og:image:type\" content=\"image\/jpeg\" \/>\n<meta name=\"twitter:card\" content=\"summary_large_image\" \/>\n<meta name=\"twitter:label1\" content=\"Tiempo de lectura\" \/>\n\t<meta name=\"twitter:data1\" content=\"1 minuto\" \/>\n<script type=\"application\/ld+json\" class=\"yoast-schema-graph\">{\"@context\":\"https:\\\/\\\/schema.org\",\"@graph\":[{\"@type\":\"WebPage\",\"@id\":\"https:\\\/\\\/gatosperu.com\\\/producto\\\/juguete-jala-pelota-para-mascota\\\/\",\"url\":\"https:\\\/\\\/gatosperu.com\\\/producto\\\/juguete-jala-pelota-para-mascota\\\/\",\"name\":\"Juguete jala pelota para mascota | Gatos Per\u00fa Pet Shop\",\"isPartOf\":{\"@id\":\"https:\\\/\\\/gatosperu.com\\\/#website\"},\"primaryImageOfPage\":{\"@id\":\"https:\\\/\\\/gatosperu.com\\\/producto\\\/juguete-jala-pelota-para-mascota\\\/#primaryimage\"},\"image\":{\"@id\":\"https:\\\/\\\/gatosperu.com\\\/producto\\\/juguete-jala-pelota-para-mascota\\\/#primaryimage\"},\"thumbnailUrl\":\"https:\\\/\\\/gatosperu.com\\\/wp-content\\\/uploads\\\/2021\\\/06\\\/juguete-chupon-im\u00e1genes-fullf.jpg\",\"datePublished\":\"2021-06-03T23:12:09+00:00\",\"dateModified\":\"2023-05-02T01:07:42+00:00\",\"description\":\"productos de Perros, Juguetes, Juguete De Succi\u00f3n Chupon Soga Cuerda Para Mascotas Perros. Juguete jala soga para mascota. Jala pelota.\",\"breadcrumb\":{\"@id\":\"https:\\\/\\\/gatosperu.com\\\/producto\\\/juguete-jala-pelota-para-mascota\\\/#breadcrumb\"},\"inLanguage\":\"es\",\"potentialAction\":[{\"@type\":\"ReadAction\",\"target\":[\"https:\\\/\\\/gatosperu.com\\\/producto\\\/juguete-jala-pelota-para-mascota\\\/\"]}]},{\"@type\":\"ImageObject\",\"inLanguage\":\"es\",\"@id\":\"https:\\\/\\\/gatosperu.com\\\/producto\\\/juguete-jala-pelota-para-mascota\\\/#primaryimage\",\"url\":\"https:\\\/\\\/gatosperu.com\\\/wp-content\\\/uploads\\\/2021\\\/06\\\/juguete-chupon-im\u00e1genes-fullf.jpg\",\"contentUrl\":\"https:\\\/\\\/gatosperu.com\\\/wp-content\\\/uploads\\\/2021\\\/06\\\/juguete-chupon-im\u00e1genes-fullf.jpg\",\"width\":750,\"height\":750},{\"@type\":\"BreadcrumbList\",\"@id\":\"https:\\\/\\\/gatosperu.com\\\/producto\\\/juguete-jala-pelota-para-mascota\\\/#breadcrumb\",\"itemListElement\":[{\"@type\":\"ListItem\",\"position\":1,\"name\":\"Portada\",\"item\":\"https:\\\/\\\/gatosperu.com\\\/\"},{\"@type\":\"ListItem\",\"position\":2,\"name\":\"Productos\",\"item\":\"https:\\\/\\\/gatosperu.com\\\/productos\\\/\"},{\"@type\":\"ListItem\",\"position\":3,\"name\":\"Juguete jala pelota para mascota\"}]},{\"@type\":\"WebSite\",\"@id\":\"https:\\\/\\\/gatosperu.com\\\/#website\",\"url\":\"https:\\\/\\\/gatosperu.com\\\/\",\"name\":\"Gatos Per\u00fa Pet Shop\",\"description\":\"Tienda virtual para gatos\",\"publisher\":{\"@id\":\"https:\\\/\\\/gatosperu.com\\\/#organization\"},\"potentialAction\":[{\"@type\":\"SearchAction\",\"target\":{\"@type\":\"EntryPoint\",\"urlTemplate\":\"https:\\\/\\\/gatosperu.com\\\/?s={search_term_string}\"},\"query-input\":{\"@type\":\"PropertyValueSpecification\",\"valueRequired\":true,\"valueName\":\"search_term_string\"}}],\"inLanguage\":\"es\"},{\"@type\":\"Organization\",\"@id\":\"https:\\\/\\\/gatosperu.com\\\/#organization\",\"name\":\"Thayacha\",\"url\":\"https:\\\/\\\/gatosperu.com\\\/\",\"logo\":{\"@type\":\"ImageObject\",\"inLanguage\":\"es\",\"@id\":\"https:\\\/\\\/gatosperu.com\\\/#\\\/schema\\\/logo\\\/image\\\/\",\"url\":\"https:\\\/\\\/gatosperu.com\\\/wp-content\\\/uploads\\\/2020\\\/04\\\/ty-e1589221156944.png\",\"contentUrl\":\"https:\\\/\\\/gatosperu.com\\\/wp-content\\\/uploads\\\/2020\\\/04\\\/ty-e1589221156944.png\",\"width\":573,\"height\":419,\"caption\":\"Thayacha\"},\"image\":{\"@id\":\"https:\\\/\\\/gatosperu.com\\\/#\\\/schema\\\/logo\\\/image\\\/\"}}]}<\/script>\n<!-- \/ Yoast SEO plugin. -->","yoast_head_json":{"title":"Juguete jala pelota para mascota | Gatos Per\u00fa Pet Shop","description":"productos de Perros, Juguetes, Juguete De Succi\u00f3n Chupon Soga Cuerda Para Mascotas Perros. Juguete jala soga para mascota. Jala pelota.","robots":{"index":"index","follow":"follow","max-snippet":"max-snippet:-1","max-image-preview":"max-image-preview:large","max-video-preview":"max-video-preview:-1"},"canonical":"https:\/\/gatosperu.com\/es\/producto\/juguete-jala-pelota-para-mascota\/","og_locale":"es_ES","og_type":"article","og_title":"Juguete jala pelota para mascota | Gatos Per\u00fa Pet Shop","og_description":"productos de Perros, Juguetes, Juguete De Succi\u00f3n Chupon Soga Cuerda Para Mascotas Perros. Juguete jala soga para mascota. Jala pelota.","og_url":"https:\/\/gatosperu.com\/es\/producto\/juguete-jala-pelota-para-mascota\/","og_site_name":"Gatos Per\u00fa Pet Shop","article_modified_time":"2023-05-02T01:07:42+00:00","og_image":[{"width":750,"height":750,"url":"https:\/\/gatosperu.com\/wp-content\/uploads\/2021\/06\/juguete-chupon-im\u00e1genes-fullf.jpg","type":"image\/jpeg"}],"twitter_card":"summary_large_image","twitter_misc":{"Tiempo de lectura":"1 minuto"},"schema":{"@context":"https:\/\/schema.org","@graph":[{"@type":"WebPage","@id":"https:\/\/gatosperu.com\/producto\/juguete-jala-pelota-para-mascota\/","url":"https:\/\/gatosperu.com\/producto\/juguete-jala-pelota-para-mascota\/","name":"Juguete jala pelota para mascota | Gatos Per\u00fa Pet Shop","isPartOf":{"@id":"https:\/\/gatosperu.com\/#website"},"primaryImageOfPage":{"@id":"https:\/\/gatosperu.com\/producto\/juguete-jala-pelota-para-mascota\/#primaryimage"},"image":{"@id":"https:\/\/gatosperu.com\/producto\/juguete-jala-pelota-para-mascota\/#primaryimage"},"thumbnailUrl":"https:\/\/gatosperu.com\/wp-content\/uploads\/2021\/06\/juguete-chupon-im\u00e1genes-fullf.jpg","datePublished":"2021-06-03T23:12:09+00:00","dateModified":"2023-05-02T01:07:42+00:00","description":"productos de Perros, Juguetes, Juguete De Succi\u00f3n Chupon Soga Cuerda Para Mascotas Perros. Juguete jala soga para mascota. Jala pelota.","breadcrumb":{"@id":"https:\/\/gatosperu.com\/producto\/juguete-jala-pelota-para-mascota\/#breadcrumb"},"inLanguage":"es","potentialAction":[{"@type":"ReadAction","target":["https:\/\/gatosperu.com\/producto\/juguete-jala-pelota-para-mascota\/"]}]},{"@type":"ImageObject","inLanguage":"es","@id":"https:\/\/gatosperu.com\/producto\/juguete-jala-pelota-para-mascota\/#primaryimage","url":"https:\/\/gatosperu.com\/wp-content\/uploads\/2021\/06\/juguete-chupon-im\u00e1genes-fullf.jpg","contentUrl":"https:\/\/gatosperu.com\/wp-content\/uploads\/2021\/06\/juguete-chupon-im\u00e1genes-fullf.jpg","width":750,"height":750},{"@type":"BreadcrumbList","@id":"https:\/\/gatosperu.com\/producto\/juguete-jala-pelota-para-mascota\/#breadcrumb","itemListElement":[{"@type":"ListItem","position":1,"name":"Portada","item":"https:\/\/gatosperu.com\/"},{"@type":"ListItem","position":2,"name":"Productos","item":"https:\/\/gatosperu.com\/productos\/"},{"@type":"ListItem","position":3,"name":"Juguete jala pelota para mascota"}]},{"@type":"WebSite","@id":"https:\/\/gatosperu.com\/#website","url":"https:\/\/gatosperu.com\/","name":"Gatos Per\u00fa Pet Shop","description":"Tienda virtual para gatos","publisher":{"@id":"https:\/\/gatosperu.com\/#organization"},"potentialAction":[{"@type":"SearchAction","target":{"@type":"EntryPoint","urlTemplate":"https:\/\/gatosperu.com\/?s={search_term_string}"},"query-input":{"@type":"PropertyValueSpecification","valueRequired":true,"valueName":"search_term_string"}}],"inLanguage":"es"},{"@type":"Organization","@id":"https:\/\/gatosperu.com\/#organization","name":"Thayacha","url":"https:\/\/gatosperu.com\/","logo":{"@type":"ImageObject","inLanguage":"es","@id":"https:\/\/gatosperu.com\/#\/schema\/logo\/image\/","url":"https:\/\/gatosperu.com\/wp-content\/uploads\/2020\/04\/ty-e1589221156944.png","contentUrl":"https:\/\/gatosperu.com\/wp-content\/uploads\/2020\/04\/ty-e1589221156944.png","width":573,"height":419,"caption":"Thayacha"},"image":{"@id":"https:\/\/gatosperu.com\/#\/schema\/logo\/image\/"}}]}},"_links":{"self":[{"href":"https:\/\/gatosperu.com\/es\/wp-json\/wp\/v2\/product\/2855","targetHints":{"allow":["GET"]}}],"collection":[{"href":"https:\/\/gatosperu.com\/es\/wp-json\/wp\/v2\/product"}],"about":[{"href":"https:\/\/gatosperu.com\/es\/wp-json\/wp\/v2\/types\/product"}],"replies":[{"embeddable":true,"href":"https:\/\/gatosperu.com\/es\/wp-json\/wp\/v2\/comments?post=2855"}],"wp:featuredmedia":[{"embeddable":true,"href":"https:\/\/gatosperu.com\/es\/wp-json\/wp\/v2\/media\/2856"}],"wp:attachment":[{"href":"https:\/\/gatosperu.com\/es\/wp-json\/wp\/v2\/media?parent=2855"}],"wp:term":[{"taxonomy":"product_brand","embeddable":true,"href":"https:\/\/gatosperu.com\/es\/wp-json\/wp\/v2\/product_brand?post=2855"},{"taxonomy":"product_cat","embeddable":true,"href":"https:\/\/gatosperu.com\/es\/wp-json\/wp\/v2\/product_cat?post=2855"},{"taxonomy":"product_tag","embeddable":true,"href":"https:\/\/gatosperu.com\/es\/wp-json\/wp\/v2\/product_tag?post=2855"}],"curies":[{"name":"wp","href":"https:\/\/api.w.org\/{rel}","templated":true}]}}