{"id":3090,"date":"2022-05-19T04:22:27","date_gmt":"2022-05-19T04:22:27","guid":{"rendered":"https:\/\/thayacha.com\/?post_type=product&#038;p=3090"},"modified":"2024-08-17T01:18:19","modified_gmt":"2024-08-17T01:18:19","slug":"gym-rascador-con-hamaca-para-gato","status":"publish","type":"product","link":"https:\/\/gatosperu.com\/es\/producto\/gym-rascador-con-hamaca-para-gato\/","title":{"rendered":"Gimnasio rascador con hamaca para gato"},"content":{"rendered":"","protected":false},"excerpt":{"rendered":"<p><strong>Gimnasio rascador y casa para gatos:<\/strong><\/p>\n<ul>\n<li>Bonito dise\u00f1o<\/li>\n<li>Base ancha:\u00a0muy estable y forrada de felpa suave<\/li>\n<li>Rascador columna de sisal larga: ideal para afilarse las u\u00f1as<\/li>\n<li>Perfecto para estirarse<\/li>\n<li>Color: seg\u00fan imagen color \u00fanico.<\/li>\n<li>Medidas: alto 11o cm<\/li>\n<\/ul>","protected":false},"featured_media":3091,"comment_status":"closed","ping_status":"closed","template":"","meta":{"_gspb_post_css":"","content-type":""},"product_brand":[],"product_cat":[94,80],"product_tag":[],"class_list":{"0":"post-3090","1":"product","2":"type-product","3":"status-publish","4":"has-post-thumbnail","6":"product_cat-gimnasios-y-rascadores","7":"product_cat-productos-para-gatos","9":"first","10":"outofstock","11":"taxable","12":"shipping-taxable","13":"purchasable","14":"product-type-simple"},"yoast_head":"<!-- This site is optimized with the Yoast SEO plugin v27.4 - https:\/\/yoast.com\/product\/yoast-seo-wordpress\/ -->\n<title>Gimnasio rascador con hamaca para gato | Gatos Per\u00fa Pet Shop<\/title>\n<meta name=\"description\" content=\"Rascador poste para gatos, casa para gato, juguete personalizado, tama\u00f1o grande, antiara\u00f1azos, resistente al desgaste. GYM para gatos. gimnasio para gatos\" \/>\n<meta name=\"robots\" content=\"index, follow, max-snippet:-1, max-image-preview:large, max-video-preview:-1\" \/>\n<link rel=\"canonical\" href=\"https:\/\/gatosperu.com\/es\/producto\/gym-rascador-con-hamaca-para-gato\/\" \/>\n<meta property=\"og:locale\" content=\"es_ES\" \/>\n<meta property=\"og:type\" content=\"article\" \/>\n<meta property=\"og:title\" content=\"Gimnasio rascador con hamaca para gato | Gatos Per\u00fa Pet Shop\" \/>\n<meta property=\"og:description\" content=\"Rascador poste para gatos, casa para gato, juguete personalizado, tama\u00f1o grande, antiara\u00f1azos, resistente al desgaste. GYM para gatos. gimnasio para gatos\" \/>\n<meta property=\"og:url\" content=\"https:\/\/gatosperu.com\/es\/producto\/gym-rascador-con-hamaca-para-gato\/\" \/>\n<meta property=\"og:site_name\" content=\"Gatos Per\u00fa Pet Shop\" \/>\n<meta property=\"article:modified_time\" content=\"2024-08-17T01:18:19+00:00\" \/>\n<meta property=\"og:image\" content=\"https:\/\/gatosperu.com\/wp-content\/uploads\/2022\/05\/Rascador-para-gato-azzul.png\" \/>\n\t<meta property=\"og:image:width\" content=\"1080\" \/>\n\t<meta property=\"og:image:height\" content=\"1080\" \/>\n\t<meta property=\"og:image:type\" content=\"image\/png\" \/>\n<meta name=\"twitter:card\" content=\"summary_large_image\" \/>\n<script type=\"application\/ld+json\" class=\"yoast-schema-graph\">{\"@context\":\"https:\\\/\\\/schema.org\",\"@graph\":[{\"@type\":\"WebPage\",\"@id\":\"https:\\\/\\\/gatosperu.com\\\/producto\\\/gym-rascador-con-hamaca-para-gato\\\/\",\"url\":\"https:\\\/\\\/gatosperu.com\\\/producto\\\/gym-rascador-con-hamaca-para-gato\\\/\",\"name\":\"Gimnasio rascador con hamaca para gato | Gatos Per\u00fa Pet Shop\",\"isPartOf\":{\"@id\":\"https:\\\/\\\/gatosperu.com\\\/#website\"},\"primaryImageOfPage\":{\"@id\":\"https:\\\/\\\/gatosperu.com\\\/producto\\\/gym-rascador-con-hamaca-para-gato\\\/#primaryimage\"},\"image\":{\"@id\":\"https:\\\/\\\/gatosperu.com\\\/producto\\\/gym-rascador-con-hamaca-para-gato\\\/#primaryimage\"},\"thumbnailUrl\":\"https:\\\/\\\/gatosperu.com\\\/wp-content\\\/uploads\\\/2022\\\/05\\\/Rascador-para-gato-azzul.png\",\"datePublished\":\"2022-05-19T04:22:27+00:00\",\"dateModified\":\"2024-08-17T01:18:19+00:00\",\"description\":\"Rascador poste para gatos, casa para gato, juguete personalizado, tama\u00f1o grande, antiara\u00f1azos, resistente al desgaste. GYM para gatos. gimnasio para gatos\",\"breadcrumb\":{\"@id\":\"https:\\\/\\\/gatosperu.com\\\/producto\\\/gym-rascador-con-hamaca-para-gato\\\/#breadcrumb\"},\"inLanguage\":\"es\",\"potentialAction\":[{\"@type\":\"ReadAction\",\"target\":[\"https:\\\/\\\/gatosperu.com\\\/producto\\\/gym-rascador-con-hamaca-para-gato\\\/\"]}]},{\"@type\":\"ImageObject\",\"inLanguage\":\"es\",\"@id\":\"https:\\\/\\\/gatosperu.com\\\/producto\\\/gym-rascador-con-hamaca-para-gato\\\/#primaryimage\",\"url\":\"https:\\\/\\\/gatosperu.com\\\/wp-content\\\/uploads\\\/2022\\\/05\\\/Rascador-para-gato-azzul.png\",\"contentUrl\":\"https:\\\/\\\/gatosperu.com\\\/wp-content\\\/uploads\\\/2022\\\/05\\\/Rascador-para-gato-azzul.png\",\"width\":1080,\"height\":1080},{\"@type\":\"BreadcrumbList\",\"@id\":\"https:\\\/\\\/gatosperu.com\\\/producto\\\/gym-rascador-con-hamaca-para-gato\\\/#breadcrumb\",\"itemListElement\":[{\"@type\":\"ListItem\",\"position\":1,\"name\":\"Portada\",\"item\":\"https:\\\/\\\/gatosperu.com\\\/\"},{\"@type\":\"ListItem\",\"position\":2,\"name\":\"Productos\",\"item\":\"https:\\\/\\\/gatosperu.com\\\/productos\\\/\"},{\"@type\":\"ListItem\",\"position\":3,\"name\":\"Gimnasio rascador con hamaca para gato\"}]},{\"@type\":\"WebSite\",\"@id\":\"https:\\\/\\\/gatosperu.com\\\/#website\",\"url\":\"https:\\\/\\\/gatosperu.com\\\/\",\"name\":\"Gatos Per\u00fa Pet Shop\",\"description\":\"Tienda virtual para gatos\",\"publisher\":{\"@id\":\"https:\\\/\\\/gatosperu.com\\\/#organization\"},\"potentialAction\":[{\"@type\":\"SearchAction\",\"target\":{\"@type\":\"EntryPoint\",\"urlTemplate\":\"https:\\\/\\\/gatosperu.com\\\/?s={search_term_string}\"},\"query-input\":{\"@type\":\"PropertyValueSpecification\",\"valueRequired\":true,\"valueName\":\"search_term_string\"}}],\"inLanguage\":\"es\"},{\"@type\":\"Organization\",\"@id\":\"https:\\\/\\\/gatosperu.com\\\/#organization\",\"name\":\"Thayacha\",\"url\":\"https:\\\/\\\/gatosperu.com\\\/\",\"logo\":{\"@type\":\"ImageObject\",\"inLanguage\":\"es\",\"@id\":\"https:\\\/\\\/gatosperu.com\\\/#\\\/schema\\\/logo\\\/image\\\/\",\"url\":\"https:\\\/\\\/gatosperu.com\\\/wp-content\\\/uploads\\\/2020\\\/04\\\/ty-e1589221156944.png\",\"contentUrl\":\"https:\\\/\\\/gatosperu.com\\\/wp-content\\\/uploads\\\/2020\\\/04\\\/ty-e1589221156944.png\",\"width\":573,\"height\":419,\"caption\":\"Thayacha\"},\"image\":{\"@id\":\"https:\\\/\\\/gatosperu.com\\\/#\\\/schema\\\/logo\\\/image\\\/\"}}]}<\/script>\n<!-- \/ Yoast SEO plugin. -->","yoast_head_json":{"title":"Gimnasio rascador con hamaca para gato | Gatos Per\u00fa Pet Shop","description":"Rascador poste para gatos, casa para gato, juguete personalizado, tama\u00f1o grande, antiara\u00f1azos, resistente al desgaste. GYM para gatos. gimnasio para gatos","robots":{"index":"index","follow":"follow","max-snippet":"max-snippet:-1","max-image-preview":"max-image-preview:large","max-video-preview":"max-video-preview:-1"},"canonical":"https:\/\/gatosperu.com\/es\/producto\/gym-rascador-con-hamaca-para-gato\/","og_locale":"es_ES","og_type":"article","og_title":"Gimnasio rascador con hamaca para gato | Gatos Per\u00fa Pet Shop","og_description":"Rascador poste para gatos, casa para gato, juguete personalizado, tama\u00f1o grande, antiara\u00f1azos, resistente al desgaste. GYM para gatos. gimnasio para gatos","og_url":"https:\/\/gatosperu.com\/es\/producto\/gym-rascador-con-hamaca-para-gato\/","og_site_name":"Gatos Per\u00fa Pet Shop","article_modified_time":"2024-08-17T01:18:19+00:00","og_image":[{"width":1080,"height":1080,"url":"https:\/\/gatosperu.com\/wp-content\/uploads\/2022\/05\/Rascador-para-gato-azzul.png","type":"image\/png"}],"twitter_card":"summary_large_image","schema":{"@context":"https:\/\/schema.org","@graph":[{"@type":"WebPage","@id":"https:\/\/gatosperu.com\/producto\/gym-rascador-con-hamaca-para-gato\/","url":"https:\/\/gatosperu.com\/producto\/gym-rascador-con-hamaca-para-gato\/","name":"Gimnasio rascador con hamaca para gato | Gatos Per\u00fa Pet Shop","isPartOf":{"@id":"https:\/\/gatosperu.com\/#website"},"primaryImageOfPage":{"@id":"https:\/\/gatosperu.com\/producto\/gym-rascador-con-hamaca-para-gato\/#primaryimage"},"image":{"@id":"https:\/\/gatosperu.com\/producto\/gym-rascador-con-hamaca-para-gato\/#primaryimage"},"thumbnailUrl":"https:\/\/gatosperu.com\/wp-content\/uploads\/2022\/05\/Rascador-para-gato-azzul.png","datePublished":"2022-05-19T04:22:27+00:00","dateModified":"2024-08-17T01:18:19+00:00","description":"Rascador poste para gatos, casa para gato, juguete personalizado, tama\u00f1o grande, antiara\u00f1azos, resistente al desgaste. GYM para gatos. gimnasio para gatos","breadcrumb":{"@id":"https:\/\/gatosperu.com\/producto\/gym-rascador-con-hamaca-para-gato\/#breadcrumb"},"inLanguage":"es","potentialAction":[{"@type":"ReadAction","target":["https:\/\/gatosperu.com\/producto\/gym-rascador-con-hamaca-para-gato\/"]}]},{"@type":"ImageObject","inLanguage":"es","@id":"https:\/\/gatosperu.com\/producto\/gym-rascador-con-hamaca-para-gato\/#primaryimage","url":"https:\/\/gatosperu.com\/wp-content\/uploads\/2022\/05\/Rascador-para-gato-azzul.png","contentUrl":"https:\/\/gatosperu.com\/wp-content\/uploads\/2022\/05\/Rascador-para-gato-azzul.png","width":1080,"height":1080},{"@type":"BreadcrumbList","@id":"https:\/\/gatosperu.com\/producto\/gym-rascador-con-hamaca-para-gato\/#breadcrumb","itemListElement":[{"@type":"ListItem","position":1,"name":"Portada","item":"https:\/\/gatosperu.com\/"},{"@type":"ListItem","position":2,"name":"Productos","item":"https:\/\/gatosperu.com\/productos\/"},{"@type":"ListItem","position":3,"name":"Gimnasio rascador con hamaca para gato"}]},{"@type":"WebSite","@id":"https:\/\/gatosperu.com\/#website","url":"https:\/\/gatosperu.com\/","name":"Gatos Per\u00fa Pet Shop","description":"Tienda virtual para gatos","publisher":{"@id":"https:\/\/gatosperu.com\/#organization"},"potentialAction":[{"@type":"SearchAction","target":{"@type":"EntryPoint","urlTemplate":"https:\/\/gatosperu.com\/?s={search_term_string}"},"query-input":{"@type":"PropertyValueSpecification","valueRequired":true,"valueName":"search_term_string"}}],"inLanguage":"es"},{"@type":"Organization","@id":"https:\/\/gatosperu.com\/#organization","name":"Thayacha","url":"https:\/\/gatosperu.com\/","logo":{"@type":"ImageObject","inLanguage":"es","@id":"https:\/\/gatosperu.com\/#\/schema\/logo\/image\/","url":"https:\/\/gatosperu.com\/wp-content\/uploads\/2020\/04\/ty-e1589221156944.png","contentUrl":"https:\/\/gatosperu.com\/wp-content\/uploads\/2020\/04\/ty-e1589221156944.png","width":573,"height":419,"caption":"Thayacha"},"image":{"@id":"https:\/\/gatosperu.com\/#\/schema\/logo\/image\/"}}]}},"_links":{"self":[{"href":"https:\/\/gatosperu.com\/es\/wp-json\/wp\/v2\/product\/3090","targetHints":{"allow":["GET"]}}],"collection":[{"href":"https:\/\/gatosperu.com\/es\/wp-json\/wp\/v2\/product"}],"about":[{"href":"https:\/\/gatosperu.com\/es\/wp-json\/wp\/v2\/types\/product"}],"replies":[{"embeddable":true,"href":"https:\/\/gatosperu.com\/es\/wp-json\/wp\/v2\/comments?post=3090"}],"wp:featuredmedia":[{"embeddable":true,"href":"https:\/\/gatosperu.com\/es\/wp-json\/wp\/v2\/media\/3091"}],"wp:attachment":[{"href":"https:\/\/gatosperu.com\/es\/wp-json\/wp\/v2\/media?parent=3090"}],"wp:term":[{"taxonomy":"product_brand","embeddable":true,"href":"https:\/\/gatosperu.com\/es\/wp-json\/wp\/v2\/product_brand?post=3090"},{"taxonomy":"product_cat","embeddable":true,"href":"https:\/\/gatosperu.com\/es\/wp-json\/wp\/v2\/product_cat?post=3090"},{"taxonomy":"product_tag","embeddable":true,"href":"https:\/\/gatosperu.com\/es\/wp-json\/wp\/v2\/product_tag?post=3090"}],"curies":[{"name":"wp","href":"https:\/\/api.w.org\/{rel}","templated":true}]}}