{"id":3114,"date":"2022-07-03T01:44:41","date_gmt":"2022-07-03T01:44:41","guid":{"rendered":"https:\/\/thayacha.com\/?post_type=product&#038;p=3114"},"modified":"2026-01-09T03:36:12","modified_gmt":"2026-01-09T03:36:12","slug":"fuente-electrica-tipo-flor-sin-luz","status":"publish","type":"product","link":"https:\/\/gatosperu.com\/es\/producto\/fuente-electrica-tipo-flor-sin-luz\/","title":{"rendered":"Fuente el\u00e9ctrica tipo flor sin luz"},"content":{"rendered":"","protected":false},"excerpt":{"rendered":"<p>Fuente de agua de 1.6 L con filtro de triple acci\u00f3n<\/p>\n<p><strong>Caracter\u00edsticas y beneficios:<\/strong><\/p>\n<ul>\n<li>Permite 3 ajustes de flujo de agua para los bebedores quisquillosos.<\/li>\n<li>A diferencia de los platos, la Flower Fountain ofrece solamente agua fresca en la superficie.<\/li>\n<li>Dep\u00f3sito compacto de 1.6 L .<\/li>\n<li>Fabricado con materiales sin BPA.<\/li>\n<li>Incluye filtro para ablandar el agua y una bomba<\/li>\n<li>Peque\u00f1a de bajo consumo.<\/li>\n<\/ul>\n<p><strong>Las ventajas de este producto: <\/strong>Incentiva al gato a beber m\u00e1s, lo que ayuda a prevenir las enfermedades del tracto urinario.<\/p>","protected":false},"featured_media":3039,"comment_status":"closed","ping_status":"closed","template":"","meta":{"_gspb_post_css":"","content-type":""},"product_brand":[],"product_cat":[80,85,79],"product_tag":[],"class_list":{"0":"post-3114","1":"product","2":"type-product","3":"status-publish","4":"has-post-thumbnail","6":"product_cat-productos-para-gatos","7":"product_cat-platos-y-bebederos","8":"product_cat-productos-para-perros","10":"first","11":"instock","12":"sale","13":"taxable","14":"shipping-taxable","15":"purchasable","16":"product-type-simple"},"yoast_head":"<!-- This site is optimized with the Yoast SEO plugin v27.4 - https:\/\/yoast.com\/product\/yoast-seo-wordpress\/ -->\n<title>Fuente el\u00e9ctrica tipo flor sin luz | Gatos Per\u00fa Pet Shop<\/title>\n<meta name=\"description\" content=\"Plato antideslizante mascotas perros gatos. tazon autom\u00e1tico para mascotas. Fuente el\u00e9ctrica tipo flor, comedero bebedero autom\u00e1ticos.\" \/>\n<meta name=\"robots\" content=\"index, follow, max-snippet:-1, max-image-preview:large, max-video-preview:-1\" \/>\n<link rel=\"canonical\" href=\"https:\/\/gatosperu.com\/es\/producto\/fuente-electrica-tipo-flor-sin-luz\/\" \/>\n<meta property=\"og:locale\" content=\"es_ES\" \/>\n<meta property=\"og:type\" content=\"article\" \/>\n<meta property=\"og:title\" content=\"Fuente el\u00e9ctrica tipo flor sin luz | Gatos Per\u00fa Pet Shop\" \/>\n<meta property=\"og:description\" content=\"Plato antideslizante mascotas perros gatos. tazon autom\u00e1tico para mascotas. Fuente el\u00e9ctrica tipo flor, comedero bebedero autom\u00e1ticos.\" \/>\n<meta property=\"og:url\" content=\"https:\/\/gatosperu.com\/es\/producto\/fuente-electrica-tipo-flor-sin-luz\/\" \/>\n<meta property=\"og:site_name\" content=\"Gatos Per\u00fa Pet Shop\" \/>\n<meta property=\"article:modified_time\" content=\"2026-01-09T03:36:12+00:00\" \/>\n<meta property=\"og:image\" content=\"https:\/\/gatosperu.com\/wp-content\/uploads\/2022\/05\/WhatsApp-Image-2022-05-17-at-9.14.13-PM.jpeg\" \/>\n\t<meta property=\"og:image:width\" content=\"640\" \/>\n\t<meta property=\"og:image:height\" content=\"640\" \/>\n\t<meta property=\"og:image:type\" content=\"image\/jpeg\" \/>\n<meta name=\"twitter:card\" content=\"summary_large_image\" \/>\n<script type=\"application\/ld+json\" class=\"yoast-schema-graph\">{\"@context\":\"https:\\\/\\\/schema.org\",\"@graph\":[{\"@type\":\"WebPage\",\"@id\":\"https:\\\/\\\/gatosperu.com\\\/producto\\\/fuente-electrica-tipo-flor-sin-luz\\\/\",\"url\":\"https:\\\/\\\/gatosperu.com\\\/producto\\\/fuente-electrica-tipo-flor-sin-luz\\\/\",\"name\":\"Fuente el\u00e9ctrica tipo flor sin luz | Gatos Per\u00fa Pet Shop\",\"isPartOf\":{\"@id\":\"https:\\\/\\\/gatosperu.com\\\/#website\"},\"primaryImageOfPage\":{\"@id\":\"https:\\\/\\\/gatosperu.com\\\/producto\\\/fuente-electrica-tipo-flor-sin-luz\\\/#primaryimage\"},\"image\":{\"@id\":\"https:\\\/\\\/gatosperu.com\\\/producto\\\/fuente-electrica-tipo-flor-sin-luz\\\/#primaryimage\"},\"thumbnailUrl\":\"https:\\\/\\\/gatosperu.com\\\/wp-content\\\/uploads\\\/2022\\\/05\\\/WhatsApp-Image-2022-05-17-at-9.14.13-PM.jpeg\",\"datePublished\":\"2022-07-03T01:44:41+00:00\",\"dateModified\":\"2026-01-09T03:36:12+00:00\",\"description\":\"Plato antideslizante mascotas perros gatos. tazon autom\u00e1tico para mascotas. Fuente el\u00e9ctrica tipo flor, comedero bebedero autom\u00e1ticos.\",\"breadcrumb\":{\"@id\":\"https:\\\/\\\/gatosperu.com\\\/producto\\\/fuente-electrica-tipo-flor-sin-luz\\\/#breadcrumb\"},\"inLanguage\":\"es\",\"potentialAction\":[{\"@type\":\"ReadAction\",\"target\":[\"https:\\\/\\\/gatosperu.com\\\/producto\\\/fuente-electrica-tipo-flor-sin-luz\\\/\"]}]},{\"@type\":\"ImageObject\",\"inLanguage\":\"es\",\"@id\":\"https:\\\/\\\/gatosperu.com\\\/producto\\\/fuente-electrica-tipo-flor-sin-luz\\\/#primaryimage\",\"url\":\"https:\\\/\\\/gatosperu.com\\\/wp-content\\\/uploads\\\/2022\\\/05\\\/WhatsApp-Image-2022-05-17-at-9.14.13-PM.jpeg\",\"contentUrl\":\"https:\\\/\\\/gatosperu.com\\\/wp-content\\\/uploads\\\/2022\\\/05\\\/WhatsApp-Image-2022-05-17-at-9.14.13-PM.jpeg\",\"width\":640,\"height\":640},{\"@type\":\"BreadcrumbList\",\"@id\":\"https:\\\/\\\/gatosperu.com\\\/producto\\\/fuente-electrica-tipo-flor-sin-luz\\\/#breadcrumb\",\"itemListElement\":[{\"@type\":\"ListItem\",\"position\":1,\"name\":\"Portada\",\"item\":\"https:\\\/\\\/gatosperu.com\\\/\"},{\"@type\":\"ListItem\",\"position\":2,\"name\":\"Productos\",\"item\":\"https:\\\/\\\/gatosperu.com\\\/productos\\\/\"},{\"@type\":\"ListItem\",\"position\":3,\"name\":\"Fuente el\u00e9ctrica tipo flor sin luz\"}]},{\"@type\":\"WebSite\",\"@id\":\"https:\\\/\\\/gatosperu.com\\\/#website\",\"url\":\"https:\\\/\\\/gatosperu.com\\\/\",\"name\":\"Gatos Per\u00fa Pet Shop\",\"description\":\"Tienda virtual para gatos\",\"publisher\":{\"@id\":\"https:\\\/\\\/gatosperu.com\\\/#organization\"},\"potentialAction\":[{\"@type\":\"SearchAction\",\"target\":{\"@type\":\"EntryPoint\",\"urlTemplate\":\"https:\\\/\\\/gatosperu.com\\\/?s={search_term_string}\"},\"query-input\":{\"@type\":\"PropertyValueSpecification\",\"valueRequired\":true,\"valueName\":\"search_term_string\"}}],\"inLanguage\":\"es\"},{\"@type\":\"Organization\",\"@id\":\"https:\\\/\\\/gatosperu.com\\\/#organization\",\"name\":\"Thayacha\",\"url\":\"https:\\\/\\\/gatosperu.com\\\/\",\"logo\":{\"@type\":\"ImageObject\",\"inLanguage\":\"es\",\"@id\":\"https:\\\/\\\/gatosperu.com\\\/#\\\/schema\\\/logo\\\/image\\\/\",\"url\":\"https:\\\/\\\/gatosperu.com\\\/wp-content\\\/uploads\\\/2020\\\/04\\\/ty-e1589221156944.png\",\"contentUrl\":\"https:\\\/\\\/gatosperu.com\\\/wp-content\\\/uploads\\\/2020\\\/04\\\/ty-e1589221156944.png\",\"width\":573,\"height\":419,\"caption\":\"Thayacha\"},\"image\":{\"@id\":\"https:\\\/\\\/gatosperu.com\\\/#\\\/schema\\\/logo\\\/image\\\/\"}}]}<\/script>\n<!-- \/ Yoast SEO plugin. -->","yoast_head_json":{"title":"Fuente el\u00e9ctrica tipo flor sin luz | Gatos Per\u00fa Pet Shop","description":"Plato antideslizante mascotas perros gatos. tazon autom\u00e1tico para mascotas. Fuente el\u00e9ctrica tipo flor, comedero bebedero autom\u00e1ticos.","robots":{"index":"index","follow":"follow","max-snippet":"max-snippet:-1","max-image-preview":"max-image-preview:large","max-video-preview":"max-video-preview:-1"},"canonical":"https:\/\/gatosperu.com\/es\/producto\/fuente-electrica-tipo-flor-sin-luz\/","og_locale":"es_ES","og_type":"article","og_title":"Fuente el\u00e9ctrica tipo flor sin luz | Gatos Per\u00fa Pet Shop","og_description":"Plato antideslizante mascotas perros gatos. tazon autom\u00e1tico para mascotas. Fuente el\u00e9ctrica tipo flor, comedero bebedero autom\u00e1ticos.","og_url":"https:\/\/gatosperu.com\/es\/producto\/fuente-electrica-tipo-flor-sin-luz\/","og_site_name":"Gatos Per\u00fa Pet Shop","article_modified_time":"2026-01-09T03:36:12+00:00","og_image":[{"width":640,"height":640,"url":"https:\/\/gatosperu.com\/wp-content\/uploads\/2022\/05\/WhatsApp-Image-2022-05-17-at-9.14.13-PM.jpeg","type":"image\/jpeg"}],"twitter_card":"summary_large_image","schema":{"@context":"https:\/\/schema.org","@graph":[{"@type":"WebPage","@id":"https:\/\/gatosperu.com\/producto\/fuente-electrica-tipo-flor-sin-luz\/","url":"https:\/\/gatosperu.com\/producto\/fuente-electrica-tipo-flor-sin-luz\/","name":"Fuente el\u00e9ctrica tipo flor sin luz | Gatos Per\u00fa Pet Shop","isPartOf":{"@id":"https:\/\/gatosperu.com\/#website"},"primaryImageOfPage":{"@id":"https:\/\/gatosperu.com\/producto\/fuente-electrica-tipo-flor-sin-luz\/#primaryimage"},"image":{"@id":"https:\/\/gatosperu.com\/producto\/fuente-electrica-tipo-flor-sin-luz\/#primaryimage"},"thumbnailUrl":"https:\/\/gatosperu.com\/wp-content\/uploads\/2022\/05\/WhatsApp-Image-2022-05-17-at-9.14.13-PM.jpeg","datePublished":"2022-07-03T01:44:41+00:00","dateModified":"2026-01-09T03:36:12+00:00","description":"Plato antideslizante mascotas perros gatos. tazon autom\u00e1tico para mascotas. Fuente el\u00e9ctrica tipo flor, comedero bebedero autom\u00e1ticos.","breadcrumb":{"@id":"https:\/\/gatosperu.com\/producto\/fuente-electrica-tipo-flor-sin-luz\/#breadcrumb"},"inLanguage":"es","potentialAction":[{"@type":"ReadAction","target":["https:\/\/gatosperu.com\/producto\/fuente-electrica-tipo-flor-sin-luz\/"]}]},{"@type":"ImageObject","inLanguage":"es","@id":"https:\/\/gatosperu.com\/producto\/fuente-electrica-tipo-flor-sin-luz\/#primaryimage","url":"https:\/\/gatosperu.com\/wp-content\/uploads\/2022\/05\/WhatsApp-Image-2022-05-17-at-9.14.13-PM.jpeg","contentUrl":"https:\/\/gatosperu.com\/wp-content\/uploads\/2022\/05\/WhatsApp-Image-2022-05-17-at-9.14.13-PM.jpeg","width":640,"height":640},{"@type":"BreadcrumbList","@id":"https:\/\/gatosperu.com\/producto\/fuente-electrica-tipo-flor-sin-luz\/#breadcrumb","itemListElement":[{"@type":"ListItem","position":1,"name":"Portada","item":"https:\/\/gatosperu.com\/"},{"@type":"ListItem","position":2,"name":"Productos","item":"https:\/\/gatosperu.com\/productos\/"},{"@type":"ListItem","position":3,"name":"Fuente el\u00e9ctrica tipo flor sin luz"}]},{"@type":"WebSite","@id":"https:\/\/gatosperu.com\/#website","url":"https:\/\/gatosperu.com\/","name":"Gatos Per\u00fa Pet Shop","description":"Tienda virtual para gatos","publisher":{"@id":"https:\/\/gatosperu.com\/#organization"},"potentialAction":[{"@type":"SearchAction","target":{"@type":"EntryPoint","urlTemplate":"https:\/\/gatosperu.com\/?s={search_term_string}"},"query-input":{"@type":"PropertyValueSpecification","valueRequired":true,"valueName":"search_term_string"}}],"inLanguage":"es"},{"@type":"Organization","@id":"https:\/\/gatosperu.com\/#organization","name":"Thayacha","url":"https:\/\/gatosperu.com\/","logo":{"@type":"ImageObject","inLanguage":"es","@id":"https:\/\/gatosperu.com\/#\/schema\/logo\/image\/","url":"https:\/\/gatosperu.com\/wp-content\/uploads\/2020\/04\/ty-e1589221156944.png","contentUrl":"https:\/\/gatosperu.com\/wp-content\/uploads\/2020\/04\/ty-e1589221156944.png","width":573,"height":419,"caption":"Thayacha"},"image":{"@id":"https:\/\/gatosperu.com\/#\/schema\/logo\/image\/"}}]}},"_links":{"self":[{"href":"https:\/\/gatosperu.com\/es\/wp-json\/wp\/v2\/product\/3114","targetHints":{"allow":["GET"]}}],"collection":[{"href":"https:\/\/gatosperu.com\/es\/wp-json\/wp\/v2\/product"}],"about":[{"href":"https:\/\/gatosperu.com\/es\/wp-json\/wp\/v2\/types\/product"}],"replies":[{"embeddable":true,"href":"https:\/\/gatosperu.com\/es\/wp-json\/wp\/v2\/comments?post=3114"}],"wp:featuredmedia":[{"embeddable":true,"href":"https:\/\/gatosperu.com\/es\/wp-json\/wp\/v2\/media\/3039"}],"wp:attachment":[{"href":"https:\/\/gatosperu.com\/es\/wp-json\/wp\/v2\/media?parent=3114"}],"wp:term":[{"taxonomy":"product_brand","embeddable":true,"href":"https:\/\/gatosperu.com\/es\/wp-json\/wp\/v2\/product_brand?post=3114"},{"taxonomy":"product_cat","embeddable":true,"href":"https:\/\/gatosperu.com\/es\/wp-json\/wp\/v2\/product_cat?post=3114"},{"taxonomy":"product_tag","embeddable":true,"href":"https:\/\/gatosperu.com\/es\/wp-json\/wp\/v2\/product_tag?post=3114"}],"curies":[{"name":"wp","href":"https:\/\/api.w.org\/{rel}","templated":true}]}}