{"id":3138,"date":"2022-07-23T21:34:27","date_gmt":"2022-07-23T21:34:27","guid":{"rendered":"https:\/\/thayacha.com\/?post_type=product&#038;p=3138"},"modified":"2024-01-31T13:40:57","modified_gmt":"2024-01-31T13:40:57","slug":"bebedero-acrilico-transparente-anti-salpicaduras-para-gatos","status":"publish","type":"product","link":"https:\/\/gatosperu.com\/es\/producto\/bebedero-acrilico-transparente-anti-salpicaduras-para-gatos\/","title":{"rendered":"BEBEDERO ACRILICO TRANSPARENTE ANTI SALPICADURAS"},"content":{"rendered":"","protected":false},"excerpt":{"rendered":"<p style=\"background: white; margin: 0cm 0cm 11.25pt 0cm;\"><strong><span style=\"font-size: 13.0pt; font-family: 'Helvetica','sans-serif'; color: black;\">Bebedero Acr\u00edlico Transparente\u00a0anti salpicaduras para gatos<\/span><\/strong><\/p>\n<p><span style=\"font-size: 13.0pt; font-family: 'Helvetica','sans-serif'; color: black;\">Caracter\u00edsticas:<\/span><\/p>\n<ol>\n<li><span style=\"font-size: 13.0pt; font-family: 'Helvetica','sans-serif'; color: black;\">Desmontable y simple: el cuenco flotante para perro tiene un dise\u00f1o extra\u00edble. Puedes abrir la bandeja flotante y llenarla con agua para aumentar el peso de la bandeja flotante para controlar la salida de agua.<\/span><\/li>\n<li><span style=\"font-size: 13.0pt; font-family: 'Helvetica','sans-serif'; color: black;\">Mantente saludable: beber agua ya no teme a la boca h\u00fameda, para evitar el amarilleamiento del cabello de la boca, para evitar que la cara se moje y la piel del cabello.<\/span><\/li>\n<li><span style=\"font-size: 13.0pt; font-family: 'Helvetica','sans-serif'; color: black;\">C\u00f3modo de usar: la placa flotante solo est\u00e1 expuesta en el medio del orificio de salida de agua, el uso de flotabilidad se levanta autom\u00e1ticamente, de acuerdo con el tama\u00f1o de la mascota para ajustar la cantidad de agua.<\/span><\/li>\n<li><span style=\"font-size: 13.0pt; font-family: 'Helvetica','sans-serif'; color: black;\">Material Premium y seguro: el cuenco de agua para mascotas est\u00e1 hecho de material PP + PS de alta calidad, no t\u00f3xico, ins\u00edpido, resistente a desgarros y resistente a las mordidas.<\/span><\/li>\n<li><span style=\"font-size: 13.0pt; font-family: 'Helvetica','sans-serif'; color: black;\">Mantener la limpieza: la bandeja flotante evita que el polvo, la suciedad y el pelo de las mascotas caigan en el agua y afecten la calidad del agua. Es f\u00e1cil de limpiar y se puede limpiar con agua normal, por lo que tu mascota tendr\u00e1 un nuevo taz\u00f3n todos los d\u00edas.<\/span><\/li>\n<\/ol>","protected":false},"featured_media":3136,"comment_status":"closed","ping_status":"closed","template":"","meta":{"_gspb_post_css":"","content-type":""},"product_brand":[],"product_cat":[80,85,79],"product_tag":[],"class_list":{"0":"post-3138","1":"product","2":"type-product","3":"status-publish","4":"has-post-thumbnail","6":"product_cat-productos-para-gatos","7":"product_cat-platos-y-bebederos","8":"product_cat-productos-para-perros","10":"first","11":"instock","12":"purchasable","13":"product-type-simple"},"yoast_head":"<!-- This site is optimized with the Yoast SEO plugin v27.4 - https:\/\/yoast.com\/product\/yoast-seo-wordpress\/ -->\n<title>BEBEDERO ACRILICO TRANSPARENTE ANTI SALPICADURAS | Gatos Per\u00fa Pet Shop<\/title>\n<meta name=\"description\" content=\"Bebedero Acr\u00edlico Transparente anti salpicaduras para gatos Desmontable y simple: el cuenco flotante para perro tiene un dise\u00f1o extra\u00edble. Puedes abrir la bandeja flotante y llenarla con agua para aumentar el peso de la bandeja flotante para controlar la salida de agua.\" \/>\n<meta name=\"robots\" content=\"index, follow, max-snippet:-1, max-image-preview:large, max-video-preview:-1\" \/>\n<link rel=\"canonical\" href=\"https:\/\/gatosperu.com\/es\/producto\/bebedero-acrilico-transparente-anti-salpicaduras-para-gatos\/\" \/>\n<meta property=\"og:locale\" content=\"es_ES\" \/>\n<meta property=\"og:type\" content=\"article\" \/>\n<meta property=\"og:title\" content=\"BEBEDERO ACRILICO TRANSPARENTE ANTI SALPICADURAS | Gatos Per\u00fa Pet Shop\" \/>\n<meta property=\"og:description\" content=\"Bebedero Acr\u00edlico Transparente anti salpicaduras para gatos Desmontable y simple: el cuenco flotante para perro tiene un dise\u00f1o extra\u00edble. Puedes abrir la bandeja flotante y llenarla con agua para aumentar el peso de la bandeja flotante para controlar la salida de agua.\" \/>\n<meta property=\"og:url\" content=\"https:\/\/gatosperu.com\/es\/producto\/bebedero-acrilico-transparente-anti-salpicaduras-para-gatos\/\" \/>\n<meta property=\"og:site_name\" content=\"Gatos Per\u00fa Pet Shop\" \/>\n<meta property=\"article:modified_time\" content=\"2024-01-31T13:40:57+00:00\" \/>\n<meta property=\"og:image\" content=\"https:\/\/gatosperu.com\/wp-content\/uploads\/2022\/07\/151.png\" \/>\n\t<meta property=\"og:image:width\" content=\"1080\" \/>\n\t<meta property=\"og:image:height\" content=\"1080\" \/>\n\t<meta property=\"og:image:type\" content=\"image\/png\" \/>\n<meta name=\"twitter:card\" content=\"summary_large_image\" \/>\n<meta name=\"twitter:label1\" content=\"Tiempo de lectura\" \/>\n\t<meta name=\"twitter:data1\" content=\"1 minuto\" \/>\n<script type=\"application\/ld+json\" class=\"yoast-schema-graph\">{\"@context\":\"https:\\\/\\\/schema.org\",\"@graph\":[{\"@type\":\"WebPage\",\"@id\":\"https:\\\/\\\/gatosperu.com\\\/producto\\\/bebedero-acrilico-transparente-anti-salpicaduras-para-gatos\\\/\",\"url\":\"https:\\\/\\\/gatosperu.com\\\/producto\\\/bebedero-acrilico-transparente-anti-salpicaduras-para-gatos\\\/\",\"name\":\"BEBEDERO ACRILICO TRANSPARENTE ANTI SALPICADURAS | Gatos Per\u00fa Pet Shop\",\"isPartOf\":{\"@id\":\"https:\\\/\\\/gatosperu.com\\\/#website\"},\"primaryImageOfPage\":{\"@id\":\"https:\\\/\\\/gatosperu.com\\\/producto\\\/bebedero-acrilico-transparente-anti-salpicaduras-para-gatos\\\/#primaryimage\"},\"image\":{\"@id\":\"https:\\\/\\\/gatosperu.com\\\/producto\\\/bebedero-acrilico-transparente-anti-salpicaduras-para-gatos\\\/#primaryimage\"},\"thumbnailUrl\":\"https:\\\/\\\/gatosperu.com\\\/wp-content\\\/uploads\\\/2022\\\/07\\\/151.png\",\"datePublished\":\"2022-07-23T21:34:27+00:00\",\"dateModified\":\"2024-01-31T13:40:57+00:00\",\"description\":\"Bebedero Acr\u00edlico Transparente anti salpicaduras para gatos Desmontable y simple: el cuenco flotante para perro tiene un dise\u00f1o extra\u00edble. Puedes abrir la bandeja flotante y llenarla con agua para aumentar el peso de la bandeja flotante para controlar la salida de agua.\",\"breadcrumb\":{\"@id\":\"https:\\\/\\\/gatosperu.com\\\/producto\\\/bebedero-acrilico-transparente-anti-salpicaduras-para-gatos\\\/#breadcrumb\"},\"inLanguage\":\"es\",\"potentialAction\":[{\"@type\":\"ReadAction\",\"target\":[\"https:\\\/\\\/gatosperu.com\\\/producto\\\/bebedero-acrilico-transparente-anti-salpicaduras-para-gatos\\\/\"]}]},{\"@type\":\"ImageObject\",\"inLanguage\":\"es\",\"@id\":\"https:\\\/\\\/gatosperu.com\\\/producto\\\/bebedero-acrilico-transparente-anti-salpicaduras-para-gatos\\\/#primaryimage\",\"url\":\"https:\\\/\\\/gatosperu.com\\\/wp-content\\\/uploads\\\/2022\\\/07\\\/151.png\",\"contentUrl\":\"https:\\\/\\\/gatosperu.com\\\/wp-content\\\/uploads\\\/2022\\\/07\\\/151.png\",\"width\":1080,\"height\":1080},{\"@type\":\"BreadcrumbList\",\"@id\":\"https:\\\/\\\/gatosperu.com\\\/producto\\\/bebedero-acrilico-transparente-anti-salpicaduras-para-gatos\\\/#breadcrumb\",\"itemListElement\":[{\"@type\":\"ListItem\",\"position\":1,\"name\":\"Portada\",\"item\":\"https:\\\/\\\/gatosperu.com\\\/\"},{\"@type\":\"ListItem\",\"position\":2,\"name\":\"Productos\",\"item\":\"https:\\\/\\\/gatosperu.com\\\/productos\\\/\"},{\"@type\":\"ListItem\",\"position\":3,\"name\":\"BEBEDERO ACRILICO TRANSPARENTE ANTI SALPICADURAS\"}]},{\"@type\":\"WebSite\",\"@id\":\"https:\\\/\\\/gatosperu.com\\\/#website\",\"url\":\"https:\\\/\\\/gatosperu.com\\\/\",\"name\":\"Gatos Per\u00fa Pet Shop\",\"description\":\"Tienda virtual para gatos\",\"publisher\":{\"@id\":\"https:\\\/\\\/gatosperu.com\\\/#organization\"},\"potentialAction\":[{\"@type\":\"SearchAction\",\"target\":{\"@type\":\"EntryPoint\",\"urlTemplate\":\"https:\\\/\\\/gatosperu.com\\\/?s={search_term_string}\"},\"query-input\":{\"@type\":\"PropertyValueSpecification\",\"valueRequired\":true,\"valueName\":\"search_term_string\"}}],\"inLanguage\":\"es\"},{\"@type\":\"Organization\",\"@id\":\"https:\\\/\\\/gatosperu.com\\\/#organization\",\"name\":\"Thayacha\",\"url\":\"https:\\\/\\\/gatosperu.com\\\/\",\"logo\":{\"@type\":\"ImageObject\",\"inLanguage\":\"es\",\"@id\":\"https:\\\/\\\/gatosperu.com\\\/#\\\/schema\\\/logo\\\/image\\\/\",\"url\":\"https:\\\/\\\/gatosperu.com\\\/wp-content\\\/uploads\\\/2020\\\/04\\\/ty-e1589221156944.png\",\"contentUrl\":\"https:\\\/\\\/gatosperu.com\\\/wp-content\\\/uploads\\\/2020\\\/04\\\/ty-e1589221156944.png\",\"width\":573,\"height\":419,\"caption\":\"Thayacha\"},\"image\":{\"@id\":\"https:\\\/\\\/gatosperu.com\\\/#\\\/schema\\\/logo\\\/image\\\/\"}}]}<\/script>\n<!-- \/ Yoast SEO plugin. -->","yoast_head_json":{"title":"BEBEDERO ACRILICO TRANSPARENTE ANTI SALPICADURAS | Gatos Per\u00fa Pet Shop","description":"Bebedero Acr\u00edlico Transparente anti salpicaduras para gatos Desmontable y simple: el cuenco flotante para perro tiene un dise\u00f1o extra\u00edble. Puedes abrir la bandeja flotante y llenarla con agua para aumentar el peso de la bandeja flotante para controlar la salida de agua.","robots":{"index":"index","follow":"follow","max-snippet":"max-snippet:-1","max-image-preview":"max-image-preview:large","max-video-preview":"max-video-preview:-1"},"canonical":"https:\/\/gatosperu.com\/es\/producto\/bebedero-acrilico-transparente-anti-salpicaduras-para-gatos\/","og_locale":"es_ES","og_type":"article","og_title":"BEBEDERO ACRILICO TRANSPARENTE ANTI SALPICADURAS | Gatos Per\u00fa Pet Shop","og_description":"Bebedero Acr\u00edlico Transparente anti salpicaduras para gatos Desmontable y simple: el cuenco flotante para perro tiene un dise\u00f1o extra\u00edble. Puedes abrir la bandeja flotante y llenarla con agua para aumentar el peso de la bandeja flotante para controlar la salida de agua.","og_url":"https:\/\/gatosperu.com\/es\/producto\/bebedero-acrilico-transparente-anti-salpicaduras-para-gatos\/","og_site_name":"Gatos Per\u00fa Pet Shop","article_modified_time":"2024-01-31T13:40:57+00:00","og_image":[{"width":1080,"height":1080,"url":"https:\/\/gatosperu.com\/wp-content\/uploads\/2022\/07\/151.png","type":"image\/png"}],"twitter_card":"summary_large_image","twitter_misc":{"Tiempo de lectura":"1 minuto"},"schema":{"@context":"https:\/\/schema.org","@graph":[{"@type":"WebPage","@id":"https:\/\/gatosperu.com\/producto\/bebedero-acrilico-transparente-anti-salpicaduras-para-gatos\/","url":"https:\/\/gatosperu.com\/producto\/bebedero-acrilico-transparente-anti-salpicaduras-para-gatos\/","name":"BEBEDERO ACRILICO TRANSPARENTE ANTI SALPICADURAS | Gatos Per\u00fa Pet Shop","isPartOf":{"@id":"https:\/\/gatosperu.com\/#website"},"primaryImageOfPage":{"@id":"https:\/\/gatosperu.com\/producto\/bebedero-acrilico-transparente-anti-salpicaduras-para-gatos\/#primaryimage"},"image":{"@id":"https:\/\/gatosperu.com\/producto\/bebedero-acrilico-transparente-anti-salpicaduras-para-gatos\/#primaryimage"},"thumbnailUrl":"https:\/\/gatosperu.com\/wp-content\/uploads\/2022\/07\/151.png","datePublished":"2022-07-23T21:34:27+00:00","dateModified":"2024-01-31T13:40:57+00:00","description":"Bebedero Acr\u00edlico Transparente anti salpicaduras para gatos Desmontable y simple: el cuenco flotante para perro tiene un dise\u00f1o extra\u00edble. Puedes abrir la bandeja flotante y llenarla con agua para aumentar el peso de la bandeja flotante para controlar la salida de agua.","breadcrumb":{"@id":"https:\/\/gatosperu.com\/producto\/bebedero-acrilico-transparente-anti-salpicaduras-para-gatos\/#breadcrumb"},"inLanguage":"es","potentialAction":[{"@type":"ReadAction","target":["https:\/\/gatosperu.com\/producto\/bebedero-acrilico-transparente-anti-salpicaduras-para-gatos\/"]}]},{"@type":"ImageObject","inLanguage":"es","@id":"https:\/\/gatosperu.com\/producto\/bebedero-acrilico-transparente-anti-salpicaduras-para-gatos\/#primaryimage","url":"https:\/\/gatosperu.com\/wp-content\/uploads\/2022\/07\/151.png","contentUrl":"https:\/\/gatosperu.com\/wp-content\/uploads\/2022\/07\/151.png","width":1080,"height":1080},{"@type":"BreadcrumbList","@id":"https:\/\/gatosperu.com\/producto\/bebedero-acrilico-transparente-anti-salpicaduras-para-gatos\/#breadcrumb","itemListElement":[{"@type":"ListItem","position":1,"name":"Portada","item":"https:\/\/gatosperu.com\/"},{"@type":"ListItem","position":2,"name":"Productos","item":"https:\/\/gatosperu.com\/productos\/"},{"@type":"ListItem","position":3,"name":"BEBEDERO ACRILICO TRANSPARENTE ANTI SALPICADURAS"}]},{"@type":"WebSite","@id":"https:\/\/gatosperu.com\/#website","url":"https:\/\/gatosperu.com\/","name":"Gatos Per\u00fa Pet Shop","description":"Tienda virtual para gatos","publisher":{"@id":"https:\/\/gatosperu.com\/#organization"},"potentialAction":[{"@type":"SearchAction","target":{"@type":"EntryPoint","urlTemplate":"https:\/\/gatosperu.com\/?s={search_term_string}"},"query-input":{"@type":"PropertyValueSpecification","valueRequired":true,"valueName":"search_term_string"}}],"inLanguage":"es"},{"@type":"Organization","@id":"https:\/\/gatosperu.com\/#organization","name":"Thayacha","url":"https:\/\/gatosperu.com\/","logo":{"@type":"ImageObject","inLanguage":"es","@id":"https:\/\/gatosperu.com\/#\/schema\/logo\/image\/","url":"https:\/\/gatosperu.com\/wp-content\/uploads\/2020\/04\/ty-e1589221156944.png","contentUrl":"https:\/\/gatosperu.com\/wp-content\/uploads\/2020\/04\/ty-e1589221156944.png","width":573,"height":419,"caption":"Thayacha"},"image":{"@id":"https:\/\/gatosperu.com\/#\/schema\/logo\/image\/"}}]}},"_links":{"self":[{"href":"https:\/\/gatosperu.com\/es\/wp-json\/wp\/v2\/product\/3138","targetHints":{"allow":["GET"]}}],"collection":[{"href":"https:\/\/gatosperu.com\/es\/wp-json\/wp\/v2\/product"}],"about":[{"href":"https:\/\/gatosperu.com\/es\/wp-json\/wp\/v2\/types\/product"}],"replies":[{"embeddable":true,"href":"https:\/\/gatosperu.com\/es\/wp-json\/wp\/v2\/comments?post=3138"}],"wp:featuredmedia":[{"embeddable":true,"href":"https:\/\/gatosperu.com\/es\/wp-json\/wp\/v2\/media\/3136"}],"wp:attachment":[{"href":"https:\/\/gatosperu.com\/es\/wp-json\/wp\/v2\/media?parent=3138"}],"wp:term":[{"taxonomy":"product_brand","embeddable":true,"href":"https:\/\/gatosperu.com\/es\/wp-json\/wp\/v2\/product_brand?post=3138"},{"taxonomy":"product_cat","embeddable":true,"href":"https:\/\/gatosperu.com\/es\/wp-json\/wp\/v2\/product_cat?post=3138"},{"taxonomy":"product_tag","embeddable":true,"href":"https:\/\/gatosperu.com\/es\/wp-json\/wp\/v2\/product_tag?post=3138"}],"curies":[{"name":"wp","href":"https:\/\/api.w.org\/{rel}","templated":true}]}}