{"id":3140,"date":"2022-07-23T21:44:47","date_gmt":"2022-07-23T21:44:47","guid":{"rendered":"https:\/\/thayacha.com\/?post_type=product&#038;p=3140"},"modified":"2023-09-10T22:38:35","modified_gmt":"2023-09-10T22:38:35","slug":"arenero-con-bandeja-extraible-y-filtro-de-carbon","status":"publish","type":"product","link":"https:\/\/gatosperu.com\/es\/producto\/arenero-con-bandeja-extraible-y-filtro-de-carbon\/","title":{"rendered":"Arenero con bandeja extra\u00edble y filtro de carb\u00f3n"},"content":{"rendered":"","protected":false},"excerpt":{"rendered":"<p>?El arenero ideal para tu minino?\u2764\ufe0f<\/p>\n<ul>\n<li>Arenero cerrado y totalmente seguro ?<\/li>\n<li>Cuenta con un asa lo que lo hace portable.<\/li>\n<li>Incluye pala peque\u00f1a para poder quitar la arena sucia sin ensuciarte las manos.<\/li>\n<li>Contiene filtro antiolor en la parte superior?<\/li>\n<li>La bandeja es extra\u00edble, lo que facilita la limpieza?<\/li>\n<li>Medidas: 53.*41*41 cm<\/li>\n<li>Colores: celeste, marr\u00f3n, beige, rosado y Fucsia.<\/li>\n<\/ul>","protected":false},"featured_media":3131,"comment_status":"closed","ping_status":"closed","template":"","meta":{"_gspb_post_css":"","content-type":""},"product_brand":[],"product_cat":[81,80],"product_tag":[],"class_list":{"0":"post-3140","1":"product","2":"type-product","3":"status-publish","4":"has-post-thumbnail","6":"product_cat-areneros-y-arenas","7":"product_cat-productos-para-gatos","9":"first","10":"instock","11":"taxable","12":"shipping-taxable","13":"purchasable","14":"product-type-simple"},"yoast_head":"<!-- This site is optimized with the Yoast SEO plugin v27.4 - https:\/\/yoast.com\/product\/yoast-seo-wordpress\/ -->\n<title>Arenero con bandeja extra\u00edble y filtro de carb\u00f3n | Gatos Per\u00fa Pet Shop<\/title>\n<meta name=\"description\" content=\"Arenero con filtro carb\u00f3n que encapsula olores. ba\u00f1oecon\u00f3mico para gatos super grande, cat litter box cat. Ba\u00f1o con bandeja extraible.\" \/>\n<meta name=\"robots\" content=\"index, follow, max-snippet:-1, max-image-preview:large, max-video-preview:-1\" \/>\n<link rel=\"canonical\" href=\"https:\/\/gatosperu.com\/es\/producto\/arenero-con-bandeja-extraible-y-filtro-de-carbon\/\" \/>\n<meta property=\"og:locale\" content=\"es_ES\" \/>\n<meta property=\"og:type\" content=\"article\" \/>\n<meta property=\"og:title\" content=\"Arenero con bandeja extra\u00edble y filtro de carb\u00f3n | Gatos Per\u00fa Pet Shop\" \/>\n<meta property=\"og:description\" content=\"Arenero con filtro carb\u00f3n que encapsula olores. ba\u00f1oecon\u00f3mico para gatos super grande, cat litter box cat. Ba\u00f1o con bandeja extraible.\" \/>\n<meta property=\"og:url\" content=\"https:\/\/gatosperu.com\/es\/producto\/arenero-con-bandeja-extraible-y-filtro-de-carbon\/\" \/>\n<meta property=\"og:site_name\" content=\"Gatos Per\u00fa Pet Shop\" \/>\n<meta property=\"article:modified_time\" content=\"2023-09-10T22:38:35+00:00\" \/>\n<meta property=\"og:image\" content=\"https:\/\/gatosperu.com\/wp-content\/uploads\/2022\/07\/91.png\" \/>\n\t<meta property=\"og:image:width\" content=\"1080\" \/>\n\t<meta property=\"og:image:height\" content=\"1080\" \/>\n\t<meta property=\"og:image:type\" content=\"image\/png\" \/>\n<meta name=\"twitter:card\" content=\"summary_large_image\" \/>\n<script type=\"application\/ld+json\" class=\"yoast-schema-graph\">{\"@context\":\"https:\\\/\\\/schema.org\",\"@graph\":[{\"@type\":\"WebPage\",\"@id\":\"https:\\\/\\\/gatosperu.com\\\/producto\\\/arenero-con-bandeja-extraible-y-filtro-de-carbon\\\/\",\"url\":\"https:\\\/\\\/gatosperu.com\\\/producto\\\/arenero-con-bandeja-extraible-y-filtro-de-carbon\\\/\",\"name\":\"Arenero con bandeja extra\u00edble y filtro de carb\u00f3n | Gatos Per\u00fa Pet Shop\",\"isPartOf\":{\"@id\":\"https:\\\/\\\/gatosperu.com\\\/#website\"},\"primaryImageOfPage\":{\"@id\":\"https:\\\/\\\/gatosperu.com\\\/producto\\\/arenero-con-bandeja-extraible-y-filtro-de-carbon\\\/#primaryimage\"},\"image\":{\"@id\":\"https:\\\/\\\/gatosperu.com\\\/producto\\\/arenero-con-bandeja-extraible-y-filtro-de-carbon\\\/#primaryimage\"},\"thumbnailUrl\":\"https:\\\/\\\/gatosperu.com\\\/wp-content\\\/uploads\\\/2022\\\/07\\\/91.png\",\"datePublished\":\"2022-07-23T21:44:47+00:00\",\"dateModified\":\"2023-09-10T22:38:35+00:00\",\"description\":\"Arenero con filtro carb\u00f3n que encapsula olores. ba\u00f1oecon\u00f3mico para gatos super grande, cat litter box cat. Ba\u00f1o con bandeja extraible.\",\"breadcrumb\":{\"@id\":\"https:\\\/\\\/gatosperu.com\\\/producto\\\/arenero-con-bandeja-extraible-y-filtro-de-carbon\\\/#breadcrumb\"},\"inLanguage\":\"es\",\"potentialAction\":[{\"@type\":\"ReadAction\",\"target\":[\"https:\\\/\\\/gatosperu.com\\\/producto\\\/arenero-con-bandeja-extraible-y-filtro-de-carbon\\\/\"]}]},{\"@type\":\"ImageObject\",\"inLanguage\":\"es\",\"@id\":\"https:\\\/\\\/gatosperu.com\\\/producto\\\/arenero-con-bandeja-extraible-y-filtro-de-carbon\\\/#primaryimage\",\"url\":\"https:\\\/\\\/gatosperu.com\\\/wp-content\\\/uploads\\\/2022\\\/07\\\/91.png\",\"contentUrl\":\"https:\\\/\\\/gatosperu.com\\\/wp-content\\\/uploads\\\/2022\\\/07\\\/91.png\",\"width\":1080,\"height\":1080,\"caption\":\"arenero con bandeja extra\u00edble y filtro de carb\u00f3n activado . thaycha.com\"},{\"@type\":\"BreadcrumbList\",\"@id\":\"https:\\\/\\\/gatosperu.com\\\/producto\\\/arenero-con-bandeja-extraible-y-filtro-de-carbon\\\/#breadcrumb\",\"itemListElement\":[{\"@type\":\"ListItem\",\"position\":1,\"name\":\"Portada\",\"item\":\"https:\\\/\\\/gatosperu.com\\\/\"},{\"@type\":\"ListItem\",\"position\":2,\"name\":\"Productos\",\"item\":\"https:\\\/\\\/gatosperu.com\\\/productos\\\/\"},{\"@type\":\"ListItem\",\"position\":3,\"name\":\"Arenero con bandeja extra\u00edble y filtro de carb\u00f3n\"}]},{\"@type\":\"WebSite\",\"@id\":\"https:\\\/\\\/gatosperu.com\\\/#website\",\"url\":\"https:\\\/\\\/gatosperu.com\\\/\",\"name\":\"Gatos Per\u00fa Pet Shop\",\"description\":\"Tienda virtual para gatos\",\"publisher\":{\"@id\":\"https:\\\/\\\/gatosperu.com\\\/#organization\"},\"potentialAction\":[{\"@type\":\"SearchAction\",\"target\":{\"@type\":\"EntryPoint\",\"urlTemplate\":\"https:\\\/\\\/gatosperu.com\\\/?s={search_term_string}\"},\"query-input\":{\"@type\":\"PropertyValueSpecification\",\"valueRequired\":true,\"valueName\":\"search_term_string\"}}],\"inLanguage\":\"es\"},{\"@type\":\"Organization\",\"@id\":\"https:\\\/\\\/gatosperu.com\\\/#organization\",\"name\":\"Thayacha\",\"url\":\"https:\\\/\\\/gatosperu.com\\\/\",\"logo\":{\"@type\":\"ImageObject\",\"inLanguage\":\"es\",\"@id\":\"https:\\\/\\\/gatosperu.com\\\/#\\\/schema\\\/logo\\\/image\\\/\",\"url\":\"https:\\\/\\\/gatosperu.com\\\/wp-content\\\/uploads\\\/2020\\\/04\\\/ty-e1589221156944.png\",\"contentUrl\":\"https:\\\/\\\/gatosperu.com\\\/wp-content\\\/uploads\\\/2020\\\/04\\\/ty-e1589221156944.png\",\"width\":573,\"height\":419,\"caption\":\"Thayacha\"},\"image\":{\"@id\":\"https:\\\/\\\/gatosperu.com\\\/#\\\/schema\\\/logo\\\/image\\\/\"}}]}<\/script>\n<!-- \/ Yoast SEO plugin. -->","yoast_head_json":{"title":"Arenero con bandeja extra\u00edble y filtro de carb\u00f3n | Gatos Per\u00fa Pet Shop","description":"Arenero con filtro carb\u00f3n que encapsula olores. ba\u00f1oecon\u00f3mico para gatos super grande, cat litter box cat. Ba\u00f1o con bandeja extraible.","robots":{"index":"index","follow":"follow","max-snippet":"max-snippet:-1","max-image-preview":"max-image-preview:large","max-video-preview":"max-video-preview:-1"},"canonical":"https:\/\/gatosperu.com\/es\/producto\/arenero-con-bandeja-extraible-y-filtro-de-carbon\/","og_locale":"es_ES","og_type":"article","og_title":"Arenero con bandeja extra\u00edble y filtro de carb\u00f3n | Gatos Per\u00fa Pet Shop","og_description":"Arenero con filtro carb\u00f3n que encapsula olores. ba\u00f1oecon\u00f3mico para gatos super grande, cat litter box cat. Ba\u00f1o con bandeja extraible.","og_url":"https:\/\/gatosperu.com\/es\/producto\/arenero-con-bandeja-extraible-y-filtro-de-carbon\/","og_site_name":"Gatos Per\u00fa Pet Shop","article_modified_time":"2023-09-10T22:38:35+00:00","og_image":[{"width":1080,"height":1080,"url":"https:\/\/gatosperu.com\/wp-content\/uploads\/2022\/07\/91.png","type":"image\/png"}],"twitter_card":"summary_large_image","schema":{"@context":"https:\/\/schema.org","@graph":[{"@type":"WebPage","@id":"https:\/\/gatosperu.com\/producto\/arenero-con-bandeja-extraible-y-filtro-de-carbon\/","url":"https:\/\/gatosperu.com\/producto\/arenero-con-bandeja-extraible-y-filtro-de-carbon\/","name":"Arenero con bandeja extra\u00edble y filtro de carb\u00f3n | Gatos Per\u00fa Pet Shop","isPartOf":{"@id":"https:\/\/gatosperu.com\/#website"},"primaryImageOfPage":{"@id":"https:\/\/gatosperu.com\/producto\/arenero-con-bandeja-extraible-y-filtro-de-carbon\/#primaryimage"},"image":{"@id":"https:\/\/gatosperu.com\/producto\/arenero-con-bandeja-extraible-y-filtro-de-carbon\/#primaryimage"},"thumbnailUrl":"https:\/\/gatosperu.com\/wp-content\/uploads\/2022\/07\/91.png","datePublished":"2022-07-23T21:44:47+00:00","dateModified":"2023-09-10T22:38:35+00:00","description":"Arenero con filtro carb\u00f3n que encapsula olores. ba\u00f1oecon\u00f3mico para gatos super grande, cat litter box cat. Ba\u00f1o con bandeja extraible.","breadcrumb":{"@id":"https:\/\/gatosperu.com\/producto\/arenero-con-bandeja-extraible-y-filtro-de-carbon\/#breadcrumb"},"inLanguage":"es","potentialAction":[{"@type":"ReadAction","target":["https:\/\/gatosperu.com\/producto\/arenero-con-bandeja-extraible-y-filtro-de-carbon\/"]}]},{"@type":"ImageObject","inLanguage":"es","@id":"https:\/\/gatosperu.com\/producto\/arenero-con-bandeja-extraible-y-filtro-de-carbon\/#primaryimage","url":"https:\/\/gatosperu.com\/wp-content\/uploads\/2022\/07\/91.png","contentUrl":"https:\/\/gatosperu.com\/wp-content\/uploads\/2022\/07\/91.png","width":1080,"height":1080,"caption":"arenero con bandeja extra\u00edble y filtro de carb\u00f3n activado . thaycha.com"},{"@type":"BreadcrumbList","@id":"https:\/\/gatosperu.com\/producto\/arenero-con-bandeja-extraible-y-filtro-de-carbon\/#breadcrumb","itemListElement":[{"@type":"ListItem","position":1,"name":"Portada","item":"https:\/\/gatosperu.com\/"},{"@type":"ListItem","position":2,"name":"Productos","item":"https:\/\/gatosperu.com\/productos\/"},{"@type":"ListItem","position":3,"name":"Arenero con bandeja extra\u00edble y filtro de carb\u00f3n"}]},{"@type":"WebSite","@id":"https:\/\/gatosperu.com\/#website","url":"https:\/\/gatosperu.com\/","name":"Gatos Per\u00fa Pet Shop","description":"Tienda virtual para gatos","publisher":{"@id":"https:\/\/gatosperu.com\/#organization"},"potentialAction":[{"@type":"SearchAction","target":{"@type":"EntryPoint","urlTemplate":"https:\/\/gatosperu.com\/?s={search_term_string}"},"query-input":{"@type":"PropertyValueSpecification","valueRequired":true,"valueName":"search_term_string"}}],"inLanguage":"es"},{"@type":"Organization","@id":"https:\/\/gatosperu.com\/#organization","name":"Thayacha","url":"https:\/\/gatosperu.com\/","logo":{"@type":"ImageObject","inLanguage":"es","@id":"https:\/\/gatosperu.com\/#\/schema\/logo\/image\/","url":"https:\/\/gatosperu.com\/wp-content\/uploads\/2020\/04\/ty-e1589221156944.png","contentUrl":"https:\/\/gatosperu.com\/wp-content\/uploads\/2020\/04\/ty-e1589221156944.png","width":573,"height":419,"caption":"Thayacha"},"image":{"@id":"https:\/\/gatosperu.com\/#\/schema\/logo\/image\/"}}]}},"_links":{"self":[{"href":"https:\/\/gatosperu.com\/es\/wp-json\/wp\/v2\/product\/3140","targetHints":{"allow":["GET"]}}],"collection":[{"href":"https:\/\/gatosperu.com\/es\/wp-json\/wp\/v2\/product"}],"about":[{"href":"https:\/\/gatosperu.com\/es\/wp-json\/wp\/v2\/types\/product"}],"replies":[{"embeddable":true,"href":"https:\/\/gatosperu.com\/es\/wp-json\/wp\/v2\/comments?post=3140"}],"wp:featuredmedia":[{"embeddable":true,"href":"https:\/\/gatosperu.com\/es\/wp-json\/wp\/v2\/media\/3131"}],"wp:attachment":[{"href":"https:\/\/gatosperu.com\/es\/wp-json\/wp\/v2\/media?parent=3140"}],"wp:term":[{"taxonomy":"product_brand","embeddable":true,"href":"https:\/\/gatosperu.com\/es\/wp-json\/wp\/v2\/product_brand?post=3140"},{"taxonomy":"product_cat","embeddable":true,"href":"https:\/\/gatosperu.com\/es\/wp-json\/wp\/v2\/product_cat?post=3140"},{"taxonomy":"product_tag","embeddable":true,"href":"https:\/\/gatosperu.com\/es\/wp-json\/wp\/v2\/product_tag?post=3140"}],"curies":[{"name":"wp","href":"https:\/\/api.w.org\/{rel}","templated":true}]}}