{"id":3243,"date":"2023-05-02T04:34:22","date_gmt":"2023-05-02T04:34:22","guid":{"rendered":"https:\/\/thayacha.com\/?post_type=product&#038;p=3243"},"modified":"2023-05-02T04:41:12","modified_gmt":"2023-05-02T04:41:12","slug":"alfombra-tapete-rectangular","status":"publish","type":"product","link":"https:\/\/gatosperu.com\/es\/producto\/alfombra-tapete-rectangular\/","title":{"rendered":"Alfombra, tapete, rectangular"},"content":{"rendered":"<ul>\n<li>Dise\u00f1o simple rectangular, nuevo y de alta calidad.<\/li>\n<li>No t\u00f3xico, resistente al agua, suave y duradero,<\/li>\n<li>Efectivamente, atrape la basura de las patas de gato, lo que le ahorrar\u00e1 tiempo de limpieza innecesario.<\/li>\n<li>F\u00e1cil de limpiar, simplemente sacuda la alfombra y enjuague con agua.<\/li>\n<li>Los agujeros atrapan los gr\u00e1nulos m\u00e1s grandes, mientras que la malla captura los gr\u00e1nulos m\u00e1s peque\u00f1os y el polvo<\/li>\n<\/ul>\n<hr \/>\n<ul>\n<li>Especificaci\u00f3n:<\/li>\n<li>40 x 50 cm<\/li>\n<\/ul>\n<hr \/>\n<ul>\n<li>COLORES DISPONIBLES:<\/li>\n<li>CELESTE<\/li>\n<li>Gris<\/li>\n<li>Negro<\/li>\n<\/ul>","protected":false},"excerpt":{"rendered":"<h6>Atrapa la basura de las patas de gato, lo que le ahorrar\u00e1 tiempo de limpieza innecesario.<\/h6>","protected":false},"featured_media":3244,"comment_status":"closed","ping_status":"closed","template":"","meta":{"_gspb_post_css":"","content-type":""},"product_brand":[],"product_cat":[80],"product_tag":[],"class_list":{"0":"post-3243","1":"product","2":"type-product","3":"status-publish","4":"has-post-thumbnail","6":"product_cat-productos-para-gatos","8":"first","9":"instock","10":"taxable","11":"shipping-taxable","12":"purchasable","13":"product-type-simple"},"yoast_head":"<!-- This site is optimized with the Yoast SEO plugin v27.4 - https:\/\/yoast.com\/product\/yoast-seo-wordpress\/ -->\n<title>Alfombra, tapete, rectangular | Gatos Per\u00fa Pet Shop<\/title>\n<meta name=\"description\" content=\"Alfombra con silueta de gato grande. efectivamente, atrape la basura de las patas de gato, lo que le ahorrar\u00e1 tiempo de limpieza innecesario.\" \/>\n<meta name=\"robots\" content=\"index, follow, max-snippet:-1, max-image-preview:large, max-video-preview:-1\" \/>\n<link rel=\"canonical\" href=\"https:\/\/gatosperu.com\/es\/producto\/alfombra-tapete-rectangular\/\" \/>\n<meta property=\"og:locale\" content=\"es_ES\" \/>\n<meta property=\"og:type\" content=\"article\" \/>\n<meta property=\"og:title\" content=\"Alfombra, tapete, rectangular | Gatos Per\u00fa Pet Shop\" \/>\n<meta property=\"og:description\" content=\"Alfombra con silueta de gato grande. efectivamente, atrape la basura de las patas de gato, lo que le ahorrar\u00e1 tiempo de limpieza innecesario.\" \/>\n<meta property=\"og:url\" content=\"https:\/\/gatosperu.com\/es\/producto\/alfombra-tapete-rectangular\/\" \/>\n<meta property=\"og:site_name\" content=\"Gatos Per\u00fa Pet Shop\" \/>\n<meta property=\"article:modified_time\" content=\"2023-05-02T04:41:12+00:00\" \/>\n<meta property=\"og:image\" content=\"https:\/\/gatosperu.com\/wp-content\/uploads\/2023\/05\/tapete-para-arena.png\" \/>\n\t<meta property=\"og:image:width\" content=\"940\" \/>\n\t<meta property=\"og:image:height\" content=\"788\" \/>\n\t<meta property=\"og:image:type\" content=\"image\/png\" \/>\n<meta name=\"twitter:card\" content=\"summary_large_image\" \/>\n<meta name=\"twitter:label1\" content=\"Tiempo de lectura\" \/>\n\t<meta name=\"twitter:data1\" content=\"1 minuto\" \/>\n<script type=\"application\/ld+json\" class=\"yoast-schema-graph\">{\"@context\":\"https:\\\/\\\/schema.org\",\"@graph\":[{\"@type\":\"WebPage\",\"@id\":\"https:\\\/\\\/gatosperu.com\\\/producto\\\/alfombra-tapete-rectangular\\\/\",\"url\":\"https:\\\/\\\/gatosperu.com\\\/producto\\\/alfombra-tapete-rectangular\\\/\",\"name\":\"Alfombra, tapete, rectangular | Gatos Per\u00fa Pet Shop\",\"isPartOf\":{\"@id\":\"https:\\\/\\\/gatosperu.com\\\/#website\"},\"primaryImageOfPage\":{\"@id\":\"https:\\\/\\\/gatosperu.com\\\/producto\\\/alfombra-tapete-rectangular\\\/#primaryimage\"},\"image\":{\"@id\":\"https:\\\/\\\/gatosperu.com\\\/producto\\\/alfombra-tapete-rectangular\\\/#primaryimage\"},\"thumbnailUrl\":\"https:\\\/\\\/gatosperu.com\\\/wp-content\\\/uploads\\\/2023\\\/05\\\/tapete-para-arena.png\",\"datePublished\":\"2023-05-02T04:34:22+00:00\",\"dateModified\":\"2023-05-02T04:41:12+00:00\",\"description\":\"Alfombra con silueta de gato grande. efectivamente, atrape la basura de las patas de gato, lo que le ahorrar\u00e1 tiempo de limpieza innecesario.\",\"breadcrumb\":{\"@id\":\"https:\\\/\\\/gatosperu.com\\\/producto\\\/alfombra-tapete-rectangular\\\/#breadcrumb\"},\"inLanguage\":\"es\",\"potentialAction\":[{\"@type\":\"ReadAction\",\"target\":[\"https:\\\/\\\/gatosperu.com\\\/producto\\\/alfombra-tapete-rectangular\\\/\"]}]},{\"@type\":\"ImageObject\",\"inLanguage\":\"es\",\"@id\":\"https:\\\/\\\/gatosperu.com\\\/producto\\\/alfombra-tapete-rectangular\\\/#primaryimage\",\"url\":\"https:\\\/\\\/gatosperu.com\\\/wp-content\\\/uploads\\\/2023\\\/05\\\/tapete-para-arena.png\",\"contentUrl\":\"https:\\\/\\\/gatosperu.com\\\/wp-content\\\/uploads\\\/2023\\\/05\\\/tapete-para-arena.png\",\"width\":940,\"height\":788},{\"@type\":\"BreadcrumbList\",\"@id\":\"https:\\\/\\\/gatosperu.com\\\/producto\\\/alfombra-tapete-rectangular\\\/#breadcrumb\",\"itemListElement\":[{\"@type\":\"ListItem\",\"position\":1,\"name\":\"Portada\",\"item\":\"https:\\\/\\\/gatosperu.com\\\/\"},{\"@type\":\"ListItem\",\"position\":2,\"name\":\"Productos\",\"item\":\"https:\\\/\\\/gatosperu.com\\\/productos\\\/\"},{\"@type\":\"ListItem\",\"position\":3,\"name\":\"Alfombra, tapete, rectangular\"}]},{\"@type\":\"WebSite\",\"@id\":\"https:\\\/\\\/gatosperu.com\\\/#website\",\"url\":\"https:\\\/\\\/gatosperu.com\\\/\",\"name\":\"Gatos Per\u00fa Pet Shop\",\"description\":\"Tienda virtual para gatos\",\"publisher\":{\"@id\":\"https:\\\/\\\/gatosperu.com\\\/#organization\"},\"potentialAction\":[{\"@type\":\"SearchAction\",\"target\":{\"@type\":\"EntryPoint\",\"urlTemplate\":\"https:\\\/\\\/gatosperu.com\\\/?s={search_term_string}\"},\"query-input\":{\"@type\":\"PropertyValueSpecification\",\"valueRequired\":true,\"valueName\":\"search_term_string\"}}],\"inLanguage\":\"es\"},{\"@type\":\"Organization\",\"@id\":\"https:\\\/\\\/gatosperu.com\\\/#organization\",\"name\":\"Thayacha\",\"url\":\"https:\\\/\\\/gatosperu.com\\\/\",\"logo\":{\"@type\":\"ImageObject\",\"inLanguage\":\"es\",\"@id\":\"https:\\\/\\\/gatosperu.com\\\/#\\\/schema\\\/logo\\\/image\\\/\",\"url\":\"https:\\\/\\\/gatosperu.com\\\/wp-content\\\/uploads\\\/2020\\\/04\\\/ty-e1589221156944.png\",\"contentUrl\":\"https:\\\/\\\/gatosperu.com\\\/wp-content\\\/uploads\\\/2020\\\/04\\\/ty-e1589221156944.png\",\"width\":573,\"height\":419,\"caption\":\"Thayacha\"},\"image\":{\"@id\":\"https:\\\/\\\/gatosperu.com\\\/#\\\/schema\\\/logo\\\/image\\\/\"}}]}<\/script>\n<!-- \/ Yoast SEO plugin. -->","yoast_head_json":{"title":"Alfombra, tapete, rectangular | Gatos Per\u00fa Pet Shop","description":"Alfombra con silueta de gato grande. efectivamente, atrape la basura de las patas de gato, lo que le ahorrar\u00e1 tiempo de limpieza innecesario.","robots":{"index":"index","follow":"follow","max-snippet":"max-snippet:-1","max-image-preview":"max-image-preview:large","max-video-preview":"max-video-preview:-1"},"canonical":"https:\/\/gatosperu.com\/es\/producto\/alfombra-tapete-rectangular\/","og_locale":"es_ES","og_type":"article","og_title":"Alfombra, tapete, rectangular | Gatos Per\u00fa Pet Shop","og_description":"Alfombra con silueta de gato grande. efectivamente, atrape la basura de las patas de gato, lo que le ahorrar\u00e1 tiempo de limpieza innecesario.","og_url":"https:\/\/gatosperu.com\/es\/producto\/alfombra-tapete-rectangular\/","og_site_name":"Gatos Per\u00fa Pet Shop","article_modified_time":"2023-05-02T04:41:12+00:00","og_image":[{"width":940,"height":788,"url":"https:\/\/gatosperu.com\/wp-content\/uploads\/2023\/05\/tapete-para-arena.png","type":"image\/png"}],"twitter_card":"summary_large_image","twitter_misc":{"Tiempo de lectura":"1 minuto"},"schema":{"@context":"https:\/\/schema.org","@graph":[{"@type":"WebPage","@id":"https:\/\/gatosperu.com\/producto\/alfombra-tapete-rectangular\/","url":"https:\/\/gatosperu.com\/producto\/alfombra-tapete-rectangular\/","name":"Alfombra, tapete, rectangular | Gatos Per\u00fa Pet Shop","isPartOf":{"@id":"https:\/\/gatosperu.com\/#website"},"primaryImageOfPage":{"@id":"https:\/\/gatosperu.com\/producto\/alfombra-tapete-rectangular\/#primaryimage"},"image":{"@id":"https:\/\/gatosperu.com\/producto\/alfombra-tapete-rectangular\/#primaryimage"},"thumbnailUrl":"https:\/\/gatosperu.com\/wp-content\/uploads\/2023\/05\/tapete-para-arena.png","datePublished":"2023-05-02T04:34:22+00:00","dateModified":"2023-05-02T04:41:12+00:00","description":"Alfombra con silueta de gato grande. efectivamente, atrape la basura de las patas de gato, lo que le ahorrar\u00e1 tiempo de limpieza innecesario.","breadcrumb":{"@id":"https:\/\/gatosperu.com\/producto\/alfombra-tapete-rectangular\/#breadcrumb"},"inLanguage":"es","potentialAction":[{"@type":"ReadAction","target":["https:\/\/gatosperu.com\/producto\/alfombra-tapete-rectangular\/"]}]},{"@type":"ImageObject","inLanguage":"es","@id":"https:\/\/gatosperu.com\/producto\/alfombra-tapete-rectangular\/#primaryimage","url":"https:\/\/gatosperu.com\/wp-content\/uploads\/2023\/05\/tapete-para-arena.png","contentUrl":"https:\/\/gatosperu.com\/wp-content\/uploads\/2023\/05\/tapete-para-arena.png","width":940,"height":788},{"@type":"BreadcrumbList","@id":"https:\/\/gatosperu.com\/producto\/alfombra-tapete-rectangular\/#breadcrumb","itemListElement":[{"@type":"ListItem","position":1,"name":"Portada","item":"https:\/\/gatosperu.com\/"},{"@type":"ListItem","position":2,"name":"Productos","item":"https:\/\/gatosperu.com\/productos\/"},{"@type":"ListItem","position":3,"name":"Alfombra, tapete, rectangular"}]},{"@type":"WebSite","@id":"https:\/\/gatosperu.com\/#website","url":"https:\/\/gatosperu.com\/","name":"Gatos Per\u00fa Pet Shop","description":"Tienda virtual para gatos","publisher":{"@id":"https:\/\/gatosperu.com\/#organization"},"potentialAction":[{"@type":"SearchAction","target":{"@type":"EntryPoint","urlTemplate":"https:\/\/gatosperu.com\/?s={search_term_string}"},"query-input":{"@type":"PropertyValueSpecification","valueRequired":true,"valueName":"search_term_string"}}],"inLanguage":"es"},{"@type":"Organization","@id":"https:\/\/gatosperu.com\/#organization","name":"Thayacha","url":"https:\/\/gatosperu.com\/","logo":{"@type":"ImageObject","inLanguage":"es","@id":"https:\/\/gatosperu.com\/#\/schema\/logo\/image\/","url":"https:\/\/gatosperu.com\/wp-content\/uploads\/2020\/04\/ty-e1589221156944.png","contentUrl":"https:\/\/gatosperu.com\/wp-content\/uploads\/2020\/04\/ty-e1589221156944.png","width":573,"height":419,"caption":"Thayacha"},"image":{"@id":"https:\/\/gatosperu.com\/#\/schema\/logo\/image\/"}}]}},"_links":{"self":[{"href":"https:\/\/gatosperu.com\/es\/wp-json\/wp\/v2\/product\/3243","targetHints":{"allow":["GET"]}}],"collection":[{"href":"https:\/\/gatosperu.com\/es\/wp-json\/wp\/v2\/product"}],"about":[{"href":"https:\/\/gatosperu.com\/es\/wp-json\/wp\/v2\/types\/product"}],"replies":[{"embeddable":true,"href":"https:\/\/gatosperu.com\/es\/wp-json\/wp\/v2\/comments?post=3243"}],"wp:featuredmedia":[{"embeddable":true,"href":"https:\/\/gatosperu.com\/es\/wp-json\/wp\/v2\/media\/3244"}],"wp:attachment":[{"href":"https:\/\/gatosperu.com\/es\/wp-json\/wp\/v2\/media?parent=3243"}],"wp:term":[{"taxonomy":"product_brand","embeddable":true,"href":"https:\/\/gatosperu.com\/es\/wp-json\/wp\/v2\/product_brand?post=3243"},{"taxonomy":"product_cat","embeddable":true,"href":"https:\/\/gatosperu.com\/es\/wp-json\/wp\/v2\/product_cat?post=3243"},{"taxonomy":"product_tag","embeddable":true,"href":"https:\/\/gatosperu.com\/es\/wp-json\/wp\/v2\/product_tag?post=3243"}],"curies":[{"name":"wp","href":"https:\/\/api.w.org\/{rel}","templated":true}]}}