{"id":3347,"date":"2023-05-14T04:42:05","date_gmt":"2023-05-14T04:42:05","guid":{"rendered":"https:\/\/thayacha.com\/inicio\/?post_type=product&#038;p=3347"},"modified":"2024-08-17T01:17:32","modified_gmt":"2024-08-17T01:17:32","slug":"gimnasio-rascador-con-hamaca-acrilica-transparente","status":"publish","type":"product","link":"https:\/\/gatosperu.com\/es\/producto\/gimnasio-rascador-con-hamaca-acrilica-transparente\/","title":{"rendered":"Gimnasio rascador con hamaca acr\u00edlica transparente"},"content":{"rendered":"","protected":false},"excerpt":{"rendered":"<p><strong>Gimnasio rascador con hamaca acr\u00edlica transparente\u00a0<\/strong><\/p>\n<ul>\n<li>Bonito dise\u00f1o<\/li>\n<li>Base ancha:\u00a0muy estable y forrada de felpa suave<\/li>\n<li>Rascador columna de sisal larga: ideal para afilarse las u\u00f1as<\/li>\n<li>Perfecto para estirarse<\/li>\n<li>Color: seg\u00fan imagen color \u00fanico.<\/li>\n<li>Medidas: alto 150 cm<\/li>\n<\/ul>","protected":false},"featured_media":3338,"comment_status":"closed","ping_status":"closed","template":"","meta":{"_gspb_post_css":"","content-type":""},"product_brand":[],"product_cat":[94,80],"product_tag":[],"class_list":{"0":"post-3347","1":"product","2":"type-product","3":"status-publish","4":"has-post-thumbnail","6":"product_cat-gimnasios-y-rascadores","7":"product_cat-productos-para-gatos","9":"first","10":"instock","11":"sale","12":"taxable","13":"shipping-taxable","14":"purchasable","15":"product-type-simple"},"yoast_head":"<!-- This site is optimized with the Yoast SEO plugin v27.4 - https:\/\/yoast.com\/product\/yoast-seo-wordpress\/ -->\n<title>Gimnasio rascador con hamaca acr\u00edlica transparente | Gatos Per\u00fa Pet Shop<\/title>\n<meta name=\"description\" content=\"Rascador poste para gatos, casa para gato, juguete personalizado, tama\u00f1o grande, antiara\u00f1azos, resistente al desgaste. GYM para gatos.\" \/>\n<meta name=\"robots\" content=\"index, follow, max-snippet:-1, max-image-preview:large, max-video-preview:-1\" \/>\n<link rel=\"canonical\" href=\"https:\/\/gatosperu.com\/es\/producto\/gimnasio-rascador-con-hamaca-acrilica-transparente\/\" \/>\n<meta property=\"og:locale\" content=\"es_ES\" \/>\n<meta property=\"og:type\" content=\"article\" \/>\n<meta property=\"og:title\" content=\"Gimnasio rascador con hamaca acr\u00edlica transparente | Gatos Per\u00fa Pet Shop\" \/>\n<meta property=\"og:description\" content=\"Rascador poste para gatos, casa para gato, juguete personalizado, tama\u00f1o grande, antiara\u00f1azos, resistente al desgaste. GYM para gatos.\" \/>\n<meta property=\"og:url\" content=\"https:\/\/gatosperu.com\/es\/producto\/gimnasio-rascador-con-hamaca-acrilica-transparente\/\" \/>\n<meta property=\"og:site_name\" content=\"Gatos Per\u00fa Pet Shop\" \/>\n<meta property=\"article:modified_time\" content=\"2024-08-17T01:17:32+00:00\" \/>\n<meta property=\"og:image\" content=\"https:\/\/gatosperu.com\/wp-content\/uploads\/2023\/05\/gimnasio-para-gatos-gris.png\" \/>\n\t<meta property=\"og:image:width\" content=\"940\" \/>\n\t<meta property=\"og:image:height\" content=\"788\" \/>\n\t<meta property=\"og:image:type\" content=\"image\/png\" \/>\n<meta name=\"twitter:card\" content=\"summary_large_image\" \/>\n<script type=\"application\/ld+json\" class=\"yoast-schema-graph\">{\"@context\":\"https:\\\/\\\/schema.org\",\"@graph\":[{\"@type\":\"WebPage\",\"@id\":\"https:\\\/\\\/gatosperu.com\\\/producto\\\/gimnasio-rascador-con-hamaca-acrilica-transparente\\\/\",\"url\":\"https:\\\/\\\/gatosperu.com\\\/producto\\\/gimnasio-rascador-con-hamaca-acrilica-transparente\\\/\",\"name\":\"Gimnasio rascador con hamaca acr\u00edlica transparente | Gatos Per\u00fa Pet Shop\",\"isPartOf\":{\"@id\":\"https:\\\/\\\/gatosperu.com\\\/#website\"},\"primaryImageOfPage\":{\"@id\":\"https:\\\/\\\/gatosperu.com\\\/producto\\\/gimnasio-rascador-con-hamaca-acrilica-transparente\\\/#primaryimage\"},\"image\":{\"@id\":\"https:\\\/\\\/gatosperu.com\\\/producto\\\/gimnasio-rascador-con-hamaca-acrilica-transparente\\\/#primaryimage\"},\"thumbnailUrl\":\"https:\\\/\\\/gatosperu.com\\\/wp-content\\\/uploads\\\/2023\\\/05\\\/gimnasio-para-gatos-gris.png\",\"datePublished\":\"2023-05-14T04:42:05+00:00\",\"dateModified\":\"2024-08-17T01:17:32+00:00\",\"description\":\"Rascador poste para gatos, casa para gato, juguete personalizado, tama\u00f1o grande, antiara\u00f1azos, resistente al desgaste. GYM para gatos.\",\"breadcrumb\":{\"@id\":\"https:\\\/\\\/gatosperu.com\\\/producto\\\/gimnasio-rascador-con-hamaca-acrilica-transparente\\\/#breadcrumb\"},\"inLanguage\":\"es\",\"potentialAction\":[{\"@type\":\"ReadAction\",\"target\":[\"https:\\\/\\\/gatosperu.com\\\/producto\\\/gimnasio-rascador-con-hamaca-acrilica-transparente\\\/\"]}]},{\"@type\":\"ImageObject\",\"inLanguage\":\"es\",\"@id\":\"https:\\\/\\\/gatosperu.com\\\/producto\\\/gimnasio-rascador-con-hamaca-acrilica-transparente\\\/#primaryimage\",\"url\":\"https:\\\/\\\/gatosperu.com\\\/wp-content\\\/uploads\\\/2023\\\/05\\\/gimnasio-para-gatos-gris.png\",\"contentUrl\":\"https:\\\/\\\/gatosperu.com\\\/wp-content\\\/uploads\\\/2023\\\/05\\\/gimnasio-para-gatos-gris.png\",\"width\":940,\"height\":788},{\"@type\":\"BreadcrumbList\",\"@id\":\"https:\\\/\\\/gatosperu.com\\\/producto\\\/gimnasio-rascador-con-hamaca-acrilica-transparente\\\/#breadcrumb\",\"itemListElement\":[{\"@type\":\"ListItem\",\"position\":1,\"name\":\"Portada\",\"item\":\"https:\\\/\\\/gatosperu.com\\\/\"},{\"@type\":\"ListItem\",\"position\":2,\"name\":\"Productos\",\"item\":\"https:\\\/\\\/gatosperu.com\\\/productos\\\/\"},{\"@type\":\"ListItem\",\"position\":3,\"name\":\"Gimnasio rascador con hamaca acr\u00edlica transparente\"}]},{\"@type\":\"WebSite\",\"@id\":\"https:\\\/\\\/gatosperu.com\\\/#website\",\"url\":\"https:\\\/\\\/gatosperu.com\\\/\",\"name\":\"Gatos Per\u00fa Pet Shop\",\"description\":\"Tienda virtual para gatos\",\"publisher\":{\"@id\":\"https:\\\/\\\/gatosperu.com\\\/#organization\"},\"potentialAction\":[{\"@type\":\"SearchAction\",\"target\":{\"@type\":\"EntryPoint\",\"urlTemplate\":\"https:\\\/\\\/gatosperu.com\\\/?s={search_term_string}\"},\"query-input\":{\"@type\":\"PropertyValueSpecification\",\"valueRequired\":true,\"valueName\":\"search_term_string\"}}],\"inLanguage\":\"es\"},{\"@type\":\"Organization\",\"@id\":\"https:\\\/\\\/gatosperu.com\\\/#organization\",\"name\":\"Thayacha\",\"url\":\"https:\\\/\\\/gatosperu.com\\\/\",\"logo\":{\"@type\":\"ImageObject\",\"inLanguage\":\"es\",\"@id\":\"https:\\\/\\\/gatosperu.com\\\/#\\\/schema\\\/logo\\\/image\\\/\",\"url\":\"https:\\\/\\\/gatosperu.com\\\/wp-content\\\/uploads\\\/2020\\\/04\\\/ty-e1589221156944.png\",\"contentUrl\":\"https:\\\/\\\/gatosperu.com\\\/wp-content\\\/uploads\\\/2020\\\/04\\\/ty-e1589221156944.png\",\"width\":573,\"height\":419,\"caption\":\"Thayacha\"},\"image\":{\"@id\":\"https:\\\/\\\/gatosperu.com\\\/#\\\/schema\\\/logo\\\/image\\\/\"}}]}<\/script>\n<!-- \/ Yoast SEO plugin. -->","yoast_head_json":{"title":"Gimnasio rascador con hamaca acr\u00edlica transparente | Gatos Per\u00fa Pet Shop","description":"Rascador poste para gatos, casa para gato, juguete personalizado, tama\u00f1o grande, antiara\u00f1azos, resistente al desgaste. GYM para gatos.","robots":{"index":"index","follow":"follow","max-snippet":"max-snippet:-1","max-image-preview":"max-image-preview:large","max-video-preview":"max-video-preview:-1"},"canonical":"https:\/\/gatosperu.com\/es\/producto\/gimnasio-rascador-con-hamaca-acrilica-transparente\/","og_locale":"es_ES","og_type":"article","og_title":"Gimnasio rascador con hamaca acr\u00edlica transparente | Gatos Per\u00fa Pet Shop","og_description":"Rascador poste para gatos, casa para gato, juguete personalizado, tama\u00f1o grande, antiara\u00f1azos, resistente al desgaste. GYM para gatos.","og_url":"https:\/\/gatosperu.com\/es\/producto\/gimnasio-rascador-con-hamaca-acrilica-transparente\/","og_site_name":"Gatos Per\u00fa Pet Shop","article_modified_time":"2024-08-17T01:17:32+00:00","og_image":[{"width":940,"height":788,"url":"https:\/\/gatosperu.com\/wp-content\/uploads\/2023\/05\/gimnasio-para-gatos-gris.png","type":"image\/png"}],"twitter_card":"summary_large_image","schema":{"@context":"https:\/\/schema.org","@graph":[{"@type":"WebPage","@id":"https:\/\/gatosperu.com\/producto\/gimnasio-rascador-con-hamaca-acrilica-transparente\/","url":"https:\/\/gatosperu.com\/producto\/gimnasio-rascador-con-hamaca-acrilica-transparente\/","name":"Gimnasio rascador con hamaca acr\u00edlica transparente | Gatos Per\u00fa Pet Shop","isPartOf":{"@id":"https:\/\/gatosperu.com\/#website"},"primaryImageOfPage":{"@id":"https:\/\/gatosperu.com\/producto\/gimnasio-rascador-con-hamaca-acrilica-transparente\/#primaryimage"},"image":{"@id":"https:\/\/gatosperu.com\/producto\/gimnasio-rascador-con-hamaca-acrilica-transparente\/#primaryimage"},"thumbnailUrl":"https:\/\/gatosperu.com\/wp-content\/uploads\/2023\/05\/gimnasio-para-gatos-gris.png","datePublished":"2023-05-14T04:42:05+00:00","dateModified":"2024-08-17T01:17:32+00:00","description":"Rascador poste para gatos, casa para gato, juguete personalizado, tama\u00f1o grande, antiara\u00f1azos, resistente al desgaste. GYM para gatos.","breadcrumb":{"@id":"https:\/\/gatosperu.com\/producto\/gimnasio-rascador-con-hamaca-acrilica-transparente\/#breadcrumb"},"inLanguage":"es","potentialAction":[{"@type":"ReadAction","target":["https:\/\/gatosperu.com\/producto\/gimnasio-rascador-con-hamaca-acrilica-transparente\/"]}]},{"@type":"ImageObject","inLanguage":"es","@id":"https:\/\/gatosperu.com\/producto\/gimnasio-rascador-con-hamaca-acrilica-transparente\/#primaryimage","url":"https:\/\/gatosperu.com\/wp-content\/uploads\/2023\/05\/gimnasio-para-gatos-gris.png","contentUrl":"https:\/\/gatosperu.com\/wp-content\/uploads\/2023\/05\/gimnasio-para-gatos-gris.png","width":940,"height":788},{"@type":"BreadcrumbList","@id":"https:\/\/gatosperu.com\/producto\/gimnasio-rascador-con-hamaca-acrilica-transparente\/#breadcrumb","itemListElement":[{"@type":"ListItem","position":1,"name":"Portada","item":"https:\/\/gatosperu.com\/"},{"@type":"ListItem","position":2,"name":"Productos","item":"https:\/\/gatosperu.com\/productos\/"},{"@type":"ListItem","position":3,"name":"Gimnasio rascador con hamaca acr\u00edlica transparente"}]},{"@type":"WebSite","@id":"https:\/\/gatosperu.com\/#website","url":"https:\/\/gatosperu.com\/","name":"Gatos Per\u00fa Pet Shop","description":"Tienda virtual para gatos","publisher":{"@id":"https:\/\/gatosperu.com\/#organization"},"potentialAction":[{"@type":"SearchAction","target":{"@type":"EntryPoint","urlTemplate":"https:\/\/gatosperu.com\/?s={search_term_string}"},"query-input":{"@type":"PropertyValueSpecification","valueRequired":true,"valueName":"search_term_string"}}],"inLanguage":"es"},{"@type":"Organization","@id":"https:\/\/gatosperu.com\/#organization","name":"Thayacha","url":"https:\/\/gatosperu.com\/","logo":{"@type":"ImageObject","inLanguage":"es","@id":"https:\/\/gatosperu.com\/#\/schema\/logo\/image\/","url":"https:\/\/gatosperu.com\/wp-content\/uploads\/2020\/04\/ty-e1589221156944.png","contentUrl":"https:\/\/gatosperu.com\/wp-content\/uploads\/2020\/04\/ty-e1589221156944.png","width":573,"height":419,"caption":"Thayacha"},"image":{"@id":"https:\/\/gatosperu.com\/#\/schema\/logo\/image\/"}}]}},"_links":{"self":[{"href":"https:\/\/gatosperu.com\/es\/wp-json\/wp\/v2\/product\/3347","targetHints":{"allow":["GET"]}}],"collection":[{"href":"https:\/\/gatosperu.com\/es\/wp-json\/wp\/v2\/product"}],"about":[{"href":"https:\/\/gatosperu.com\/es\/wp-json\/wp\/v2\/types\/product"}],"replies":[{"embeddable":true,"href":"https:\/\/gatosperu.com\/es\/wp-json\/wp\/v2\/comments?post=3347"}],"wp:featuredmedia":[{"embeddable":true,"href":"https:\/\/gatosperu.com\/es\/wp-json\/wp\/v2\/media\/3338"}],"wp:attachment":[{"href":"https:\/\/gatosperu.com\/es\/wp-json\/wp\/v2\/media?parent=3347"}],"wp:term":[{"taxonomy":"product_brand","embeddable":true,"href":"https:\/\/gatosperu.com\/es\/wp-json\/wp\/v2\/product_brand?post=3347"},{"taxonomy":"product_cat","embeddable":true,"href":"https:\/\/gatosperu.com\/es\/wp-json\/wp\/v2\/product_cat?post=3347"},{"taxonomy":"product_tag","embeddable":true,"href":"https:\/\/gatosperu.com\/es\/wp-json\/wp\/v2\/product_tag?post=3347"}],"curies":[{"name":"wp","href":"https:\/\/api.w.org\/{rel}","templated":true}]}}