{"id":3355,"date":"2023-05-15T00:09:19","date_gmt":"2023-05-15T00:09:19","guid":{"rendered":"https:\/\/thayacha.com\/inicio\/?post_type=product&#038;p=3355"},"modified":"2024-08-17T01:30:22","modified_gmt":"2024-08-17T01:30:22","slug":"arenero-cerrado-para-gatos-con-bandeja-extraible","status":"publish","type":"product","link":"https:\/\/gatosperu.com\/es\/producto\/arenero-cerrado-para-gatos-con-bandeja-extraible\/","title":{"rendered":"Arenero cerrado para gatos con bandeja extra\u00edble"},"content":{"rendered":"<p>El dise\u00f1o de dos puertas permite que tus adorables gatos peque\u00f1os puedan utilizarlos. Nuestro bloque de tope hace que la puerta delantera sea una entrada.<\/p>\n<p>Cuando tus gatos son peque\u00f1os y no pueden saltar muy alto, puedes quitar el bloque de parada para que la puerta delantera se convierta en puerta de entrada bidireccional.<\/p>\n<p>F\u00e1cil de limpiar: la caja de arena est\u00e1 dise\u00f1ada para proporcionar un acceso r\u00e1pido y f\u00e1cil para recoger y limpiar.<\/p>\n<p>Evita la dispersi\u00f3n de arena: El arenero se mantendr\u00e1 en su lugar, y mantiene la basura rastreada en la caja, no en tus suelos.\u00a0 La caja de arena puede reducir la dispersi\u00f3n de arena hasta un 95 %<\/p>","protected":false},"excerpt":{"rendered":"<table width=\"509\">\n<tbody>\n<tr>\n<td width=\"133\">Color<\/td>\n<td width=\"376\">Azul, gris, celeste, rosado, verde<\/td>\n<\/tr>\n<tr>\n<td width=\"133\">Marca<\/td>\n<td width=\"376\">Thayacha.com<\/td>\n<\/tr>\n<tr>\n<td width=\"133\">Talla<\/td>\n<td width=\"376\">45x34x39cm<\/td>\n<\/tr>\n<tr>\n<td width=\"133\">Material<\/td>\n<td width=\"376\">Pl\u00e1stico<\/td>\n<\/tr>\n<tr>\n<td width=\"133\">Peso del art\u00edculo<\/td>\n<td width=\"376\">4000 Gramos<\/td>\n<\/tr>\n<\/tbody>\n<\/table>\n<p>&nbsp;<\/p>","protected":false},"featured_media":3356,"comment_status":"closed","ping_status":"closed","template":"","meta":{"_gspb_post_css":"","content-type":""},"product_brand":[],"product_cat":[81,80],"product_tag":[],"class_list":{"0":"post-3355","1":"product","2":"type-product","3":"status-publish","4":"has-post-thumbnail","6":"product_cat-areneros-y-arenas","7":"product_cat-productos-para-gatos","9":"first","10":"instock","11":"sale","12":"taxable","13":"shipping-taxable","14":"purchasable","15":"product-type-simple"},"yoast_head":"<!-- This site is optimized with the Yoast SEO plugin v27.4 - https:\/\/yoast.com\/product\/yoast-seo-wordpress\/ -->\n<title>Arenero cerrado para gatos con bandeja extra\u00edble | Gatos Per\u00fa Pet Shop<\/title>\n<meta name=\"description\" content=\"Arenero con filtro carb\u00f3n que encapsula olores. ba\u00f1o econ\u00f3mico para gatos super grande, cat litter box cat. Ba\u00f1o con bandeja extraible.\" \/>\n<meta name=\"robots\" content=\"index, follow, max-snippet:-1, max-image-preview:large, max-video-preview:-1\" \/>\n<link rel=\"canonical\" href=\"https:\/\/gatosperu.com\/es\/producto\/arenero-cerrado-para-gatos-con-bandeja-extraible\/\" \/>\n<meta property=\"og:locale\" content=\"es_ES\" \/>\n<meta property=\"og:type\" content=\"article\" \/>\n<meta property=\"og:title\" content=\"Arenero cerrado para gatos con bandeja extra\u00edble | Gatos Per\u00fa Pet Shop\" \/>\n<meta property=\"og:description\" content=\"Arenero con filtro carb\u00f3n que encapsula olores. ba\u00f1o econ\u00f3mico para gatos super grande, cat litter box cat. Ba\u00f1o con bandeja extraible.\" \/>\n<meta property=\"og:url\" content=\"https:\/\/gatosperu.com\/es\/producto\/arenero-cerrado-para-gatos-con-bandeja-extraible\/\" \/>\n<meta property=\"og:site_name\" content=\"Gatos Per\u00fa Pet Shop\" \/>\n<meta property=\"article:modified_time\" content=\"2024-08-17T01:30:22+00:00\" \/>\n<meta property=\"og:image\" content=\"https:\/\/gatosperu.com\/wp-content\/uploads\/2023\/05\/arenero-con-bandeja-extraible-thayacha-gatos.jpg\" \/>\n\t<meta property=\"og:image:width\" content=\"522\" \/>\n\t<meta property=\"og:image:height\" content=\"522\" \/>\n\t<meta property=\"og:image:type\" content=\"image\/jpeg\" \/>\n<meta name=\"twitter:card\" content=\"summary_large_image\" \/>\n<meta name=\"twitter:label1\" content=\"Tiempo de lectura\" \/>\n\t<meta name=\"twitter:data1\" content=\"1 minuto\" \/>\n<script type=\"application\/ld+json\" class=\"yoast-schema-graph\">{\"@context\":\"https:\\\/\\\/schema.org\",\"@graph\":[{\"@type\":\"WebPage\",\"@id\":\"https:\\\/\\\/gatosperu.com\\\/producto\\\/arenero-cerrado-para-gatos-con-bandeja-extraible\\\/\",\"url\":\"https:\\\/\\\/gatosperu.com\\\/producto\\\/arenero-cerrado-para-gatos-con-bandeja-extraible\\\/\",\"name\":\"Arenero cerrado para gatos con bandeja extra\u00edble | Gatos Per\u00fa Pet Shop\",\"isPartOf\":{\"@id\":\"https:\\\/\\\/gatosperu.com\\\/#website\"},\"primaryImageOfPage\":{\"@id\":\"https:\\\/\\\/gatosperu.com\\\/producto\\\/arenero-cerrado-para-gatos-con-bandeja-extraible\\\/#primaryimage\"},\"image\":{\"@id\":\"https:\\\/\\\/gatosperu.com\\\/producto\\\/arenero-cerrado-para-gatos-con-bandeja-extraible\\\/#primaryimage\"},\"thumbnailUrl\":\"https:\\\/\\\/gatosperu.com\\\/wp-content\\\/uploads\\\/2023\\\/05\\\/arenero-con-bandeja-extraible-thayacha-gatos.jpg\",\"datePublished\":\"2023-05-15T00:09:19+00:00\",\"dateModified\":\"2024-08-17T01:30:22+00:00\",\"description\":\"Arenero con filtro carb\u00f3n que encapsula olores. ba\u00f1o econ\u00f3mico para gatos super grande, cat litter box cat. Ba\u00f1o con bandeja extraible.\",\"breadcrumb\":{\"@id\":\"https:\\\/\\\/gatosperu.com\\\/producto\\\/arenero-cerrado-para-gatos-con-bandeja-extraible\\\/#breadcrumb\"},\"inLanguage\":\"es\",\"potentialAction\":[{\"@type\":\"ReadAction\",\"target\":[\"https:\\\/\\\/gatosperu.com\\\/producto\\\/arenero-cerrado-para-gatos-con-bandeja-extraible\\\/\"]}]},{\"@type\":\"ImageObject\",\"inLanguage\":\"es\",\"@id\":\"https:\\\/\\\/gatosperu.com\\\/producto\\\/arenero-cerrado-para-gatos-con-bandeja-extraible\\\/#primaryimage\",\"url\":\"https:\\\/\\\/gatosperu.com\\\/wp-content\\\/uploads\\\/2023\\\/05\\\/arenero-con-bandeja-extraible-thayacha-gatos.jpg\",\"contentUrl\":\"https:\\\/\\\/gatosperu.com\\\/wp-content\\\/uploads\\\/2023\\\/05\\\/arenero-con-bandeja-extraible-thayacha-gatos.jpg\",\"width\":522,\"height\":522},{\"@type\":\"BreadcrumbList\",\"@id\":\"https:\\\/\\\/gatosperu.com\\\/producto\\\/arenero-cerrado-para-gatos-con-bandeja-extraible\\\/#breadcrumb\",\"itemListElement\":[{\"@type\":\"ListItem\",\"position\":1,\"name\":\"Portada\",\"item\":\"https:\\\/\\\/gatosperu.com\\\/\"},{\"@type\":\"ListItem\",\"position\":2,\"name\":\"Productos\",\"item\":\"https:\\\/\\\/gatosperu.com\\\/productos\\\/\"},{\"@type\":\"ListItem\",\"position\":3,\"name\":\"Arenero cerrado para gatos con bandeja extra\u00edble\"}]},{\"@type\":\"WebSite\",\"@id\":\"https:\\\/\\\/gatosperu.com\\\/#website\",\"url\":\"https:\\\/\\\/gatosperu.com\\\/\",\"name\":\"Gatos Per\u00fa Pet Shop\",\"description\":\"Tienda virtual para gatos\",\"publisher\":{\"@id\":\"https:\\\/\\\/gatosperu.com\\\/#organization\"},\"potentialAction\":[{\"@type\":\"SearchAction\",\"target\":{\"@type\":\"EntryPoint\",\"urlTemplate\":\"https:\\\/\\\/gatosperu.com\\\/?s={search_term_string}\"},\"query-input\":{\"@type\":\"PropertyValueSpecification\",\"valueRequired\":true,\"valueName\":\"search_term_string\"}}],\"inLanguage\":\"es\"},{\"@type\":\"Organization\",\"@id\":\"https:\\\/\\\/gatosperu.com\\\/#organization\",\"name\":\"Thayacha\",\"url\":\"https:\\\/\\\/gatosperu.com\\\/\",\"logo\":{\"@type\":\"ImageObject\",\"inLanguage\":\"es\",\"@id\":\"https:\\\/\\\/gatosperu.com\\\/#\\\/schema\\\/logo\\\/image\\\/\",\"url\":\"https:\\\/\\\/gatosperu.com\\\/wp-content\\\/uploads\\\/2020\\\/04\\\/ty-e1589221156944.png\",\"contentUrl\":\"https:\\\/\\\/gatosperu.com\\\/wp-content\\\/uploads\\\/2020\\\/04\\\/ty-e1589221156944.png\",\"width\":573,\"height\":419,\"caption\":\"Thayacha\"},\"image\":{\"@id\":\"https:\\\/\\\/gatosperu.com\\\/#\\\/schema\\\/logo\\\/image\\\/\"}}]}<\/script>\n<!-- \/ Yoast SEO plugin. -->","yoast_head_json":{"title":"Arenero cerrado para gatos con bandeja extra\u00edble | Gatos Per\u00fa Pet Shop","description":"Arenero con filtro carb\u00f3n que encapsula olores. ba\u00f1o econ\u00f3mico para gatos super grande, cat litter box cat. Ba\u00f1o con bandeja extraible.","robots":{"index":"index","follow":"follow","max-snippet":"max-snippet:-1","max-image-preview":"max-image-preview:large","max-video-preview":"max-video-preview:-1"},"canonical":"https:\/\/gatosperu.com\/es\/producto\/arenero-cerrado-para-gatos-con-bandeja-extraible\/","og_locale":"es_ES","og_type":"article","og_title":"Arenero cerrado para gatos con bandeja extra\u00edble | Gatos Per\u00fa Pet Shop","og_description":"Arenero con filtro carb\u00f3n que encapsula olores. ba\u00f1o econ\u00f3mico para gatos super grande, cat litter box cat. Ba\u00f1o con bandeja extraible.","og_url":"https:\/\/gatosperu.com\/es\/producto\/arenero-cerrado-para-gatos-con-bandeja-extraible\/","og_site_name":"Gatos Per\u00fa Pet Shop","article_modified_time":"2024-08-17T01:30:22+00:00","og_image":[{"width":522,"height":522,"url":"https:\/\/gatosperu.com\/wp-content\/uploads\/2023\/05\/arenero-con-bandeja-extraible-thayacha-gatos.jpg","type":"image\/jpeg"}],"twitter_card":"summary_large_image","twitter_misc":{"Tiempo de lectura":"1 minuto"},"schema":{"@context":"https:\/\/schema.org","@graph":[{"@type":"WebPage","@id":"https:\/\/gatosperu.com\/producto\/arenero-cerrado-para-gatos-con-bandeja-extraible\/","url":"https:\/\/gatosperu.com\/producto\/arenero-cerrado-para-gatos-con-bandeja-extraible\/","name":"Arenero cerrado para gatos con bandeja extra\u00edble | Gatos Per\u00fa Pet Shop","isPartOf":{"@id":"https:\/\/gatosperu.com\/#website"},"primaryImageOfPage":{"@id":"https:\/\/gatosperu.com\/producto\/arenero-cerrado-para-gatos-con-bandeja-extraible\/#primaryimage"},"image":{"@id":"https:\/\/gatosperu.com\/producto\/arenero-cerrado-para-gatos-con-bandeja-extraible\/#primaryimage"},"thumbnailUrl":"https:\/\/gatosperu.com\/wp-content\/uploads\/2023\/05\/arenero-con-bandeja-extraible-thayacha-gatos.jpg","datePublished":"2023-05-15T00:09:19+00:00","dateModified":"2024-08-17T01:30:22+00:00","description":"Arenero con filtro carb\u00f3n que encapsula olores. ba\u00f1o econ\u00f3mico para gatos super grande, cat litter box cat. Ba\u00f1o con bandeja extraible.","breadcrumb":{"@id":"https:\/\/gatosperu.com\/producto\/arenero-cerrado-para-gatos-con-bandeja-extraible\/#breadcrumb"},"inLanguage":"es","potentialAction":[{"@type":"ReadAction","target":["https:\/\/gatosperu.com\/producto\/arenero-cerrado-para-gatos-con-bandeja-extraible\/"]}]},{"@type":"ImageObject","inLanguage":"es","@id":"https:\/\/gatosperu.com\/producto\/arenero-cerrado-para-gatos-con-bandeja-extraible\/#primaryimage","url":"https:\/\/gatosperu.com\/wp-content\/uploads\/2023\/05\/arenero-con-bandeja-extraible-thayacha-gatos.jpg","contentUrl":"https:\/\/gatosperu.com\/wp-content\/uploads\/2023\/05\/arenero-con-bandeja-extraible-thayacha-gatos.jpg","width":522,"height":522},{"@type":"BreadcrumbList","@id":"https:\/\/gatosperu.com\/producto\/arenero-cerrado-para-gatos-con-bandeja-extraible\/#breadcrumb","itemListElement":[{"@type":"ListItem","position":1,"name":"Portada","item":"https:\/\/gatosperu.com\/"},{"@type":"ListItem","position":2,"name":"Productos","item":"https:\/\/gatosperu.com\/productos\/"},{"@type":"ListItem","position":3,"name":"Arenero cerrado para gatos con bandeja extra\u00edble"}]},{"@type":"WebSite","@id":"https:\/\/gatosperu.com\/#website","url":"https:\/\/gatosperu.com\/","name":"Gatos Per\u00fa Pet Shop","description":"Tienda virtual para gatos","publisher":{"@id":"https:\/\/gatosperu.com\/#organization"},"potentialAction":[{"@type":"SearchAction","target":{"@type":"EntryPoint","urlTemplate":"https:\/\/gatosperu.com\/?s={search_term_string}"},"query-input":{"@type":"PropertyValueSpecification","valueRequired":true,"valueName":"search_term_string"}}],"inLanguage":"es"},{"@type":"Organization","@id":"https:\/\/gatosperu.com\/#organization","name":"Thayacha","url":"https:\/\/gatosperu.com\/","logo":{"@type":"ImageObject","inLanguage":"es","@id":"https:\/\/gatosperu.com\/#\/schema\/logo\/image\/","url":"https:\/\/gatosperu.com\/wp-content\/uploads\/2020\/04\/ty-e1589221156944.png","contentUrl":"https:\/\/gatosperu.com\/wp-content\/uploads\/2020\/04\/ty-e1589221156944.png","width":573,"height":419,"caption":"Thayacha"},"image":{"@id":"https:\/\/gatosperu.com\/#\/schema\/logo\/image\/"}}]}},"_links":{"self":[{"href":"https:\/\/gatosperu.com\/es\/wp-json\/wp\/v2\/product\/3355","targetHints":{"allow":["GET"]}}],"collection":[{"href":"https:\/\/gatosperu.com\/es\/wp-json\/wp\/v2\/product"}],"about":[{"href":"https:\/\/gatosperu.com\/es\/wp-json\/wp\/v2\/types\/product"}],"replies":[{"embeddable":true,"href":"https:\/\/gatosperu.com\/es\/wp-json\/wp\/v2\/comments?post=3355"}],"wp:featuredmedia":[{"embeddable":true,"href":"https:\/\/gatosperu.com\/es\/wp-json\/wp\/v2\/media\/3356"}],"wp:attachment":[{"href":"https:\/\/gatosperu.com\/es\/wp-json\/wp\/v2\/media?parent=3355"}],"wp:term":[{"taxonomy":"product_brand","embeddable":true,"href":"https:\/\/gatosperu.com\/es\/wp-json\/wp\/v2\/product_brand?post=3355"},{"taxonomy":"product_cat","embeddable":true,"href":"https:\/\/gatosperu.com\/es\/wp-json\/wp\/v2\/product_cat?post=3355"},{"taxonomy":"product_tag","embeddable":true,"href":"https:\/\/gatosperu.com\/es\/wp-json\/wp\/v2\/product_tag?post=3355"}],"curies":[{"name":"wp","href":"https:\/\/api.w.org\/{rel}","templated":true}]}}