{"id":3368,"date":"2023-05-15T04:53:36","date_gmt":"2023-05-15T04:53:36","guid":{"rendered":"https:\/\/thayacha.com\/inicio\/?post_type=product&#038;p=3368"},"modified":"2024-08-17T01:28:04","modified_gmt":"2024-08-17T01:28:04","slug":"arenero-semicerrado-sirenita-para-gatos","status":"publish","type":"product","link":"https:\/\/gatosperu.com\/es\/producto\/arenero-semicerrado-sirenita-para-gatos\/","title":{"rendered":"Arenero Semicerrado Sirenita para Gatos"},"content":{"rendered":"<p><strong>Especificaciones del <span id=\"productTitle\" class=\"a-size-large product-title-word-break\">Arenero Semicerrado Sirenita para Gatos\u00a0<\/span><\/strong><\/p>\n<ul class=\"a-unordered-list a-vertical a-spacing-mini\">\n<li><span class=\"a-list-item\"><strong>Gran espacio:<\/strong>\u00a0inodoro para gatos con gran espacio interior, conveniente para que los gatos entren y salgan y giren. Reduce la emisi\u00f3n de olores en la casa y mantiene el aire fresco.<\/span><\/li>\n<li><span class=\"a-list-item\"><strong>Alto:<\/strong>\u00a0el dise\u00f1o de valla alta puede lograr comodidad y limpieza. La valla alta en forma de arco evita que el gato salpique fuera del suelo al orinar.<\/span><\/li>\n<li><span class=\"a-list-item\"><strong>Port\u00e1til:<\/strong>\u00a0el dise\u00f1o desmontable del arenero para gatos grande es conveniente para almacenar, instalar y desmontar. El ahorro de espacio y la portabilidad son las mayores ventajas. Se puede utilizar cuando y donde tus gatos lo necesiten. Ideal para viajes.<\/span><\/li>\n<li><span class=\"a-list-item\"><strong>Material ecol\u00f3gico:<\/strong>\u00a0se aplican materiales de polipropileno de alta calidad para garantizar la seguridad de las mascotas. Sin deformaci\u00f3n, sin decoloraci\u00f3n, compresivo y antica\u00eddas, los gatos pueden usarlo m\u00e1s a gusto.<\/span><\/li>\n<li><span class=\"a-list-item\"><strong>F\u00e1cil de limpiar:<\/strong> a veces es doloroso limpiar y lavar cajas de arena.<\/span><\/li>\n<li><strong>Tama\u00f1os:<\/strong> <strong>51 x 41.5 x 30.5 cm<\/strong><\/li>\n<\/ul>","protected":false},"excerpt":{"rendered":"<p>El Arenero Para Gato Semicerrado\u00a0 cuenta con un material de pl\u00e1stico resistente, sus dimensiones son de <strong>51 x 41.5 x 30.5 cm <\/strong>y es de dos piezas: una base y una tapa semicerrada\u00a0 y una pala para retirar sus deshechos, es un producto pr\u00e1ctico y f\u00e1cil de manipular.<\/p>\n<p>&#8211; Anti salpicaduras, mant\u00e9n tu suelo limpio y ordenado.<\/p>\n<p>&#8211; F\u00e1cil de limpiar y reutilizable.<\/p>","protected":false},"featured_media":3369,"comment_status":"closed","ping_status":"closed","template":"","meta":{"_gspb_post_css":"","content-type":""},"product_brand":[],"product_cat":[81,80],"product_tag":[],"class_list":{"0":"post-3368","1":"product","2":"type-product","3":"status-publish","4":"has-post-thumbnail","6":"product_cat-areneros-y-arenas","7":"product_cat-productos-para-gatos","9":"first","10":"instock","11":"taxable","12":"shipping-taxable","13":"purchasable","14":"product-type-simple"},"yoast_head":"<!-- This site is optimized with the Yoast SEO plugin v27.4 - https:\/\/yoast.com\/product\/yoast-seo-wordpress\/ -->\n<title>Arenero Semicerrado Sirenita para Gatos | Gatos Per\u00fa Pet Shop<\/title>\n<meta name=\"description\" content=\"Arenero semicerrado para gatos. caja arenera para gatos medianos. Ba\u00f1o para gatos. Caja arenera. inodoro para gatos con gran espacio interior.\" \/>\n<meta name=\"robots\" content=\"index, follow, max-snippet:-1, max-image-preview:large, max-video-preview:-1\" \/>\n<link rel=\"canonical\" href=\"https:\/\/gatosperu.com\/es\/producto\/arenero-semicerrado-sirenita-para-gatos\/\" \/>\n<meta property=\"og:locale\" content=\"es_ES\" \/>\n<meta property=\"og:type\" content=\"article\" \/>\n<meta property=\"og:title\" content=\"Arenero Semicerrado Sirenita para Gatos | Gatos Per\u00fa Pet Shop\" \/>\n<meta property=\"og:description\" content=\"Arenero semicerrado para gatos. caja arenera para gatos medianos. Ba\u00f1o para gatos. Caja arenera. inodoro para gatos con gran espacio interior.\" \/>\n<meta property=\"og:url\" content=\"https:\/\/gatosperu.com\/es\/producto\/arenero-semicerrado-sirenita-para-gatos\/\" \/>\n<meta property=\"og:site_name\" content=\"Gatos Per\u00fa Pet Shop\" \/>\n<meta property=\"article:modified_time\" content=\"2024-08-17T01:28:04+00:00\" \/>\n<meta property=\"og:image\" content=\"https:\/\/gatosperu.com\/wp-content\/uploads\/2023\/05\/arenero-semicerrado-pet-shop.jpg\" \/>\n\t<meta property=\"og:image:width\" content=\"720\" \/>\n\t<meta property=\"og:image:height\" content=\"720\" \/>\n\t<meta property=\"og:image:type\" content=\"image\/jpeg\" \/>\n<meta name=\"twitter:card\" content=\"summary_large_image\" \/>\n<meta name=\"twitter:label1\" content=\"Tiempo de lectura\" \/>\n\t<meta name=\"twitter:data1\" content=\"1 minuto\" \/>\n<script type=\"application\/ld+json\" class=\"yoast-schema-graph\">{\"@context\":\"https:\\\/\\\/schema.org\",\"@graph\":[{\"@type\":\"WebPage\",\"@id\":\"https:\\\/\\\/gatosperu.com\\\/producto\\\/arenero-semicerrado-sirenita-para-gatos\\\/\",\"url\":\"https:\\\/\\\/gatosperu.com\\\/producto\\\/arenero-semicerrado-sirenita-para-gatos\\\/\",\"name\":\"Arenero Semicerrado Sirenita para Gatos | Gatos Per\u00fa Pet Shop\",\"isPartOf\":{\"@id\":\"https:\\\/\\\/gatosperu.com\\\/#website\"},\"primaryImageOfPage\":{\"@id\":\"https:\\\/\\\/gatosperu.com\\\/producto\\\/arenero-semicerrado-sirenita-para-gatos\\\/#primaryimage\"},\"image\":{\"@id\":\"https:\\\/\\\/gatosperu.com\\\/producto\\\/arenero-semicerrado-sirenita-para-gatos\\\/#primaryimage\"},\"thumbnailUrl\":\"https:\\\/\\\/gatosperu.com\\\/wp-content\\\/uploads\\\/2023\\\/05\\\/arenero-semicerrado-pet-shop.jpg\",\"datePublished\":\"2023-05-15T04:53:36+00:00\",\"dateModified\":\"2024-08-17T01:28:04+00:00\",\"description\":\"Arenero semicerrado para gatos. caja arenera para gatos medianos. Ba\u00f1o para gatos. Caja arenera. inodoro para gatos con gran espacio interior.\",\"breadcrumb\":{\"@id\":\"https:\\\/\\\/gatosperu.com\\\/producto\\\/arenero-semicerrado-sirenita-para-gatos\\\/#breadcrumb\"},\"inLanguage\":\"es\",\"potentialAction\":[{\"@type\":\"ReadAction\",\"target\":[\"https:\\\/\\\/gatosperu.com\\\/producto\\\/arenero-semicerrado-sirenita-para-gatos\\\/\"]}]},{\"@type\":\"ImageObject\",\"inLanguage\":\"es\",\"@id\":\"https:\\\/\\\/gatosperu.com\\\/producto\\\/arenero-semicerrado-sirenita-para-gatos\\\/#primaryimage\",\"url\":\"https:\\\/\\\/gatosperu.com\\\/wp-content\\\/uploads\\\/2023\\\/05\\\/arenero-semicerrado-pet-shop.jpg\",\"contentUrl\":\"https:\\\/\\\/gatosperu.com\\\/wp-content\\\/uploads\\\/2023\\\/05\\\/arenero-semicerrado-pet-shop.jpg\",\"width\":720,\"height\":720},{\"@type\":\"BreadcrumbList\",\"@id\":\"https:\\\/\\\/gatosperu.com\\\/producto\\\/arenero-semicerrado-sirenita-para-gatos\\\/#breadcrumb\",\"itemListElement\":[{\"@type\":\"ListItem\",\"position\":1,\"name\":\"Portada\",\"item\":\"https:\\\/\\\/gatosperu.com\\\/\"},{\"@type\":\"ListItem\",\"position\":2,\"name\":\"Productos\",\"item\":\"https:\\\/\\\/gatosperu.com\\\/productos\\\/\"},{\"@type\":\"ListItem\",\"position\":3,\"name\":\"Arenero Semicerrado Sirenita para Gatos\"}]},{\"@type\":\"WebSite\",\"@id\":\"https:\\\/\\\/gatosperu.com\\\/#website\",\"url\":\"https:\\\/\\\/gatosperu.com\\\/\",\"name\":\"Gatos Per\u00fa Pet Shop\",\"description\":\"Tienda virtual para gatos\",\"publisher\":{\"@id\":\"https:\\\/\\\/gatosperu.com\\\/#organization\"},\"potentialAction\":[{\"@type\":\"SearchAction\",\"target\":{\"@type\":\"EntryPoint\",\"urlTemplate\":\"https:\\\/\\\/gatosperu.com\\\/?s={search_term_string}\"},\"query-input\":{\"@type\":\"PropertyValueSpecification\",\"valueRequired\":true,\"valueName\":\"search_term_string\"}}],\"inLanguage\":\"es\"},{\"@type\":\"Organization\",\"@id\":\"https:\\\/\\\/gatosperu.com\\\/#organization\",\"name\":\"Thayacha\",\"url\":\"https:\\\/\\\/gatosperu.com\\\/\",\"logo\":{\"@type\":\"ImageObject\",\"inLanguage\":\"es\",\"@id\":\"https:\\\/\\\/gatosperu.com\\\/#\\\/schema\\\/logo\\\/image\\\/\",\"url\":\"https:\\\/\\\/gatosperu.com\\\/wp-content\\\/uploads\\\/2020\\\/04\\\/ty-e1589221156944.png\",\"contentUrl\":\"https:\\\/\\\/gatosperu.com\\\/wp-content\\\/uploads\\\/2020\\\/04\\\/ty-e1589221156944.png\",\"width\":573,\"height\":419,\"caption\":\"Thayacha\"},\"image\":{\"@id\":\"https:\\\/\\\/gatosperu.com\\\/#\\\/schema\\\/logo\\\/image\\\/\"}}]}<\/script>\n<!-- \/ Yoast SEO plugin. -->","yoast_head_json":{"title":"Arenero Semicerrado Sirenita para Gatos | Gatos Per\u00fa Pet Shop","description":"Arenero semicerrado para gatos. caja arenera para gatos medianos. Ba\u00f1o para gatos. Caja arenera. inodoro para gatos con gran espacio interior.","robots":{"index":"index","follow":"follow","max-snippet":"max-snippet:-1","max-image-preview":"max-image-preview:large","max-video-preview":"max-video-preview:-1"},"canonical":"https:\/\/gatosperu.com\/es\/producto\/arenero-semicerrado-sirenita-para-gatos\/","og_locale":"es_ES","og_type":"article","og_title":"Arenero Semicerrado Sirenita para Gatos | Gatos Per\u00fa Pet Shop","og_description":"Arenero semicerrado para gatos. caja arenera para gatos medianos. Ba\u00f1o para gatos. Caja arenera. inodoro para gatos con gran espacio interior.","og_url":"https:\/\/gatosperu.com\/es\/producto\/arenero-semicerrado-sirenita-para-gatos\/","og_site_name":"Gatos Per\u00fa Pet Shop","article_modified_time":"2024-08-17T01:28:04+00:00","og_image":[{"width":720,"height":720,"url":"https:\/\/gatosperu.com\/wp-content\/uploads\/2023\/05\/arenero-semicerrado-pet-shop.jpg","type":"image\/jpeg"}],"twitter_card":"summary_large_image","twitter_misc":{"Tiempo de lectura":"1 minuto"},"schema":{"@context":"https:\/\/schema.org","@graph":[{"@type":"WebPage","@id":"https:\/\/gatosperu.com\/producto\/arenero-semicerrado-sirenita-para-gatos\/","url":"https:\/\/gatosperu.com\/producto\/arenero-semicerrado-sirenita-para-gatos\/","name":"Arenero Semicerrado Sirenita para Gatos | Gatos Per\u00fa Pet Shop","isPartOf":{"@id":"https:\/\/gatosperu.com\/#website"},"primaryImageOfPage":{"@id":"https:\/\/gatosperu.com\/producto\/arenero-semicerrado-sirenita-para-gatos\/#primaryimage"},"image":{"@id":"https:\/\/gatosperu.com\/producto\/arenero-semicerrado-sirenita-para-gatos\/#primaryimage"},"thumbnailUrl":"https:\/\/gatosperu.com\/wp-content\/uploads\/2023\/05\/arenero-semicerrado-pet-shop.jpg","datePublished":"2023-05-15T04:53:36+00:00","dateModified":"2024-08-17T01:28:04+00:00","description":"Arenero semicerrado para gatos. caja arenera para gatos medianos. Ba\u00f1o para gatos. Caja arenera. inodoro para gatos con gran espacio interior.","breadcrumb":{"@id":"https:\/\/gatosperu.com\/producto\/arenero-semicerrado-sirenita-para-gatos\/#breadcrumb"},"inLanguage":"es","potentialAction":[{"@type":"ReadAction","target":["https:\/\/gatosperu.com\/producto\/arenero-semicerrado-sirenita-para-gatos\/"]}]},{"@type":"ImageObject","inLanguage":"es","@id":"https:\/\/gatosperu.com\/producto\/arenero-semicerrado-sirenita-para-gatos\/#primaryimage","url":"https:\/\/gatosperu.com\/wp-content\/uploads\/2023\/05\/arenero-semicerrado-pet-shop.jpg","contentUrl":"https:\/\/gatosperu.com\/wp-content\/uploads\/2023\/05\/arenero-semicerrado-pet-shop.jpg","width":720,"height":720},{"@type":"BreadcrumbList","@id":"https:\/\/gatosperu.com\/producto\/arenero-semicerrado-sirenita-para-gatos\/#breadcrumb","itemListElement":[{"@type":"ListItem","position":1,"name":"Portada","item":"https:\/\/gatosperu.com\/"},{"@type":"ListItem","position":2,"name":"Productos","item":"https:\/\/gatosperu.com\/productos\/"},{"@type":"ListItem","position":3,"name":"Arenero Semicerrado Sirenita para Gatos"}]},{"@type":"WebSite","@id":"https:\/\/gatosperu.com\/#website","url":"https:\/\/gatosperu.com\/","name":"Gatos Per\u00fa Pet Shop","description":"Tienda virtual para gatos","publisher":{"@id":"https:\/\/gatosperu.com\/#organization"},"potentialAction":[{"@type":"SearchAction","target":{"@type":"EntryPoint","urlTemplate":"https:\/\/gatosperu.com\/?s={search_term_string}"},"query-input":{"@type":"PropertyValueSpecification","valueRequired":true,"valueName":"search_term_string"}}],"inLanguage":"es"},{"@type":"Organization","@id":"https:\/\/gatosperu.com\/#organization","name":"Thayacha","url":"https:\/\/gatosperu.com\/","logo":{"@type":"ImageObject","inLanguage":"es","@id":"https:\/\/gatosperu.com\/#\/schema\/logo\/image\/","url":"https:\/\/gatosperu.com\/wp-content\/uploads\/2020\/04\/ty-e1589221156944.png","contentUrl":"https:\/\/gatosperu.com\/wp-content\/uploads\/2020\/04\/ty-e1589221156944.png","width":573,"height":419,"caption":"Thayacha"},"image":{"@id":"https:\/\/gatosperu.com\/#\/schema\/logo\/image\/"}}]}},"_links":{"self":[{"href":"https:\/\/gatosperu.com\/es\/wp-json\/wp\/v2\/product\/3368","targetHints":{"allow":["GET"]}}],"collection":[{"href":"https:\/\/gatosperu.com\/es\/wp-json\/wp\/v2\/product"}],"about":[{"href":"https:\/\/gatosperu.com\/es\/wp-json\/wp\/v2\/types\/product"}],"replies":[{"embeddable":true,"href":"https:\/\/gatosperu.com\/es\/wp-json\/wp\/v2\/comments?post=3368"}],"wp:featuredmedia":[{"embeddable":true,"href":"https:\/\/gatosperu.com\/es\/wp-json\/wp\/v2\/media\/3369"}],"wp:attachment":[{"href":"https:\/\/gatosperu.com\/es\/wp-json\/wp\/v2\/media?parent=3368"}],"wp:term":[{"taxonomy":"product_brand","embeddable":true,"href":"https:\/\/gatosperu.com\/es\/wp-json\/wp\/v2\/product_brand?post=3368"},{"taxonomy":"product_cat","embeddable":true,"href":"https:\/\/gatosperu.com\/es\/wp-json\/wp\/v2\/product_cat?post=3368"},{"taxonomy":"product_tag","embeddable":true,"href":"https:\/\/gatosperu.com\/es\/wp-json\/wp\/v2\/product_tag?post=3368"}],"curies":[{"name":"wp","href":"https:\/\/api.w.org\/{rel}","templated":true}]}}