{"id":3422,"date":"2023-09-10T22:51:35","date_gmt":"2023-09-10T22:51:35","guid":{"rendered":"https:\/\/thayacha.com\/petshow\/?post_type=product&#038;p=3422"},"modified":"2023-09-11T00:27:03","modified_gmt":"2023-09-11T00:27:03","slug":"arenero-para-gatos-con-bandeja-extraible-y-doble-puerta-vaiven","status":"publish","type":"product","link":"https:\/\/gatosperu.com\/es\/producto\/arenero-para-gatos-con-bandeja-extraible-y-doble-puerta-vaiven\/","title":{"rendered":"Arenero para gatos con bandeja extra\u00edble y doble puerta vaiv\u00e9n"},"content":{"rendered":"","protected":false},"excerpt":{"rendered":"<h6>Arenero cerrado para gatos con bandeja extra\u00edble y doble puerta vaiv\u00e9n<\/h6>\n<ul>\n<li>F\u00e1cil de desmontar, f\u00e1cil de transportar.<\/li>\n<li>Cuenta con dos puertas vaiv\u00e9n (lo que brinda un ambiente totalmente cerrado).<\/li>\n<li>Dise\u00f1o cerrado, brinda tranquilidad, privacidad y seguridad al gato.<\/li>\n<li>Bandeja extra\u00edble para facilitar la limpieza.<\/li>\n<li>Su techo atrapa la arena limpia para reutilizar y brindar ahorro de dinero.<\/li>\n<li>Construido con material fuerte y resistente para soportar un uso continuo.<\/li>\n<li>Ideal para gatos de todos los tama\u00f1os, incluyendo gatos con sobrepeso.<\/li>\n<li>F\u00e1cil de limpiar, pensada para ahorrar tiempo y esfuerzo.<\/li>\n<\/ul>\n<p>Medidas: 51*41*38 cm<\/p>\n<p>Colores: Verde, azul y azul con rosado.<\/p>","protected":false},"featured_media":3428,"comment_status":"closed","ping_status":"closed","template":"","meta":{"_gspb_post_css":"","content-type":""},"product_brand":[],"product_cat":[81,80],"product_tag":[],"class_list":{"0":"post-3422","1":"product","2":"type-product","3":"status-publish","4":"has-post-thumbnail","6":"product_cat-areneros-y-arenas","7":"product_cat-productos-para-gatos","9":"first","10":"instock","11":"sale","12":"taxable","13":"shipping-taxable","14":"purchasable","15":"product-type-simple"},"yoast_head":"<!-- This site is optimized with the Yoast SEO plugin v27.4 - https:\/\/yoast.com\/product\/yoast-seo-wordpress\/ -->\n<title>Arenero para gatos con bandeja extra\u00edble y doble puerta vaiv\u00e9n | Gatos Per\u00fa Pet Shop<\/title>\n<meta name=\"description\" content=\"Caja arenera gato con bandeja extra\u00edble. Los gatos suelen sentirse a gusto con este tipo de bandeja. Arenero de gato cerrado: este tipo de arenero est\u00e1 realizado para los gatos m\u00e1s inseguros y t\u00edmidos. Caja de arena para gatos cerrada plegable con entrada superior.\" \/>\n<meta name=\"robots\" content=\"index, follow, max-snippet:-1, max-image-preview:large, max-video-preview:-1\" \/>\n<link rel=\"canonical\" href=\"https:\/\/gatosperu.com\/es\/producto\/arenero-para-gatos-con-bandeja-extraible-y-doble-puerta-vaiven\/\" \/>\n<meta property=\"og:locale\" content=\"es_ES\" \/>\n<meta property=\"og:type\" content=\"article\" \/>\n<meta property=\"og:title\" content=\"Arenero para gatos con bandeja extra\u00edble y doble puerta vaiv\u00e9n | Gatos Per\u00fa Pet Shop\" \/>\n<meta property=\"og:description\" content=\"Caja arenera gato con bandeja extra\u00edble. Los gatos suelen sentirse a gusto con este tipo de bandeja. Arenero de gato cerrado: este tipo de arenero est\u00e1 realizado para los gatos m\u00e1s inseguros y t\u00edmidos. Caja de arena para gatos cerrada plegable con entrada superior.\" \/>\n<meta property=\"og:url\" content=\"https:\/\/gatosperu.com\/es\/producto\/arenero-para-gatos-con-bandeja-extraible-y-doble-puerta-vaiven\/\" \/>\n<meta property=\"og:site_name\" content=\"Gatos Per\u00fa Pet Shop\" \/>\n<meta property=\"article:modified_time\" content=\"2023-09-11T00:27:03+00:00\" \/>\n<meta property=\"og:image\" content=\"https:\/\/gatosperu.com\/wp-content\/uploads\/2023\/09\/arenero-bandeja-extraible-pakeway-peru.png\" \/>\n\t<meta property=\"og:image:width\" content=\"940\" \/>\n\t<meta property=\"og:image:height\" content=\"788\" \/>\n\t<meta property=\"og:image:type\" content=\"image\/png\" \/>\n<meta name=\"twitter:card\" content=\"summary_large_image\" \/>\n<script type=\"application\/ld+json\" class=\"yoast-schema-graph\">{\"@context\":\"https:\\\/\\\/schema.org\",\"@graph\":[{\"@type\":\"WebPage\",\"@id\":\"https:\\\/\\\/gatosperu.com\\\/producto\\\/arenero-para-gatos-con-bandeja-extraible-y-doble-puerta-vaiven\\\/\",\"url\":\"https:\\\/\\\/gatosperu.com\\\/producto\\\/arenero-para-gatos-con-bandeja-extraible-y-doble-puerta-vaiven\\\/\",\"name\":\"Arenero para gatos con bandeja extra\u00edble y doble puerta vaiv\u00e9n | Gatos Per\u00fa Pet Shop\",\"isPartOf\":{\"@id\":\"https:\\\/\\\/gatosperu.com\\\/#website\"},\"primaryImageOfPage\":{\"@id\":\"https:\\\/\\\/gatosperu.com\\\/producto\\\/arenero-para-gatos-con-bandeja-extraible-y-doble-puerta-vaiven\\\/#primaryimage\"},\"image\":{\"@id\":\"https:\\\/\\\/gatosperu.com\\\/producto\\\/arenero-para-gatos-con-bandeja-extraible-y-doble-puerta-vaiven\\\/#primaryimage\"},\"thumbnailUrl\":\"https:\\\/\\\/gatosperu.com\\\/wp-content\\\/uploads\\\/2023\\\/09\\\/arenero-bandeja-extraible-pakeway-peru.png\",\"datePublished\":\"2023-09-10T22:51:35+00:00\",\"dateModified\":\"2023-09-11T00:27:03+00:00\",\"description\":\"Caja arenera gato con bandeja extra\u00edble. Los gatos suelen sentirse a gusto con este tipo de bandeja. Arenero de gato cerrado: este tipo de arenero est\u00e1 realizado para los gatos m\u00e1s inseguros y t\u00edmidos. Caja de arena para gatos cerrada plegable con entrada superior.\",\"breadcrumb\":{\"@id\":\"https:\\\/\\\/gatosperu.com\\\/producto\\\/arenero-para-gatos-con-bandeja-extraible-y-doble-puerta-vaiven\\\/#breadcrumb\"},\"inLanguage\":\"es\",\"potentialAction\":[{\"@type\":\"ReadAction\",\"target\":[\"https:\\\/\\\/gatosperu.com\\\/producto\\\/arenero-para-gatos-con-bandeja-extraible-y-doble-puerta-vaiven\\\/\"]}]},{\"@type\":\"ImageObject\",\"inLanguage\":\"es\",\"@id\":\"https:\\\/\\\/gatosperu.com\\\/producto\\\/arenero-para-gatos-con-bandeja-extraible-y-doble-puerta-vaiven\\\/#primaryimage\",\"url\":\"https:\\\/\\\/gatosperu.com\\\/wp-content\\\/uploads\\\/2023\\\/09\\\/arenero-bandeja-extraible-pakeway-peru.png\",\"contentUrl\":\"https:\\\/\\\/gatosperu.com\\\/wp-content\\\/uploads\\\/2023\\\/09\\\/arenero-bandeja-extraible-pakeway-peru.png\",\"width\":940,\"height\":788},{\"@type\":\"BreadcrumbList\",\"@id\":\"https:\\\/\\\/gatosperu.com\\\/producto\\\/arenero-para-gatos-con-bandeja-extraible-y-doble-puerta-vaiven\\\/#breadcrumb\",\"itemListElement\":[{\"@type\":\"ListItem\",\"position\":1,\"name\":\"Portada\",\"item\":\"https:\\\/\\\/gatosperu.com\\\/\"},{\"@type\":\"ListItem\",\"position\":2,\"name\":\"Productos\",\"item\":\"https:\\\/\\\/gatosperu.com\\\/productos\\\/\"},{\"@type\":\"ListItem\",\"position\":3,\"name\":\"Arenero para gatos con bandeja extra\u00edble y doble puerta vaiv\u00e9n\"}]},{\"@type\":\"WebSite\",\"@id\":\"https:\\\/\\\/gatosperu.com\\\/#website\",\"url\":\"https:\\\/\\\/gatosperu.com\\\/\",\"name\":\"Gatos Per\u00fa Pet Shop\",\"description\":\"Tienda virtual para gatos\",\"publisher\":{\"@id\":\"https:\\\/\\\/gatosperu.com\\\/#organization\"},\"potentialAction\":[{\"@type\":\"SearchAction\",\"target\":{\"@type\":\"EntryPoint\",\"urlTemplate\":\"https:\\\/\\\/gatosperu.com\\\/?s={search_term_string}\"},\"query-input\":{\"@type\":\"PropertyValueSpecification\",\"valueRequired\":true,\"valueName\":\"search_term_string\"}}],\"inLanguage\":\"es\"},{\"@type\":\"Organization\",\"@id\":\"https:\\\/\\\/gatosperu.com\\\/#organization\",\"name\":\"Thayacha\",\"url\":\"https:\\\/\\\/gatosperu.com\\\/\",\"logo\":{\"@type\":\"ImageObject\",\"inLanguage\":\"es\",\"@id\":\"https:\\\/\\\/gatosperu.com\\\/#\\\/schema\\\/logo\\\/image\\\/\",\"url\":\"https:\\\/\\\/gatosperu.com\\\/wp-content\\\/uploads\\\/2020\\\/04\\\/ty-e1589221156944.png\",\"contentUrl\":\"https:\\\/\\\/gatosperu.com\\\/wp-content\\\/uploads\\\/2020\\\/04\\\/ty-e1589221156944.png\",\"width\":573,\"height\":419,\"caption\":\"Thayacha\"},\"image\":{\"@id\":\"https:\\\/\\\/gatosperu.com\\\/#\\\/schema\\\/logo\\\/image\\\/\"}}]}<\/script>\n<!-- \/ Yoast SEO plugin. -->","yoast_head_json":{"title":"Arenero para gatos con bandeja extra\u00edble y doble puerta vaiv\u00e9n | Gatos Per\u00fa Pet Shop","description":"Caja arenera gato con bandeja extra\u00edble. Los gatos suelen sentirse a gusto con este tipo de bandeja. Arenero de gato cerrado: este tipo de arenero est\u00e1 realizado para los gatos m\u00e1s inseguros y t\u00edmidos. Caja de arena para gatos cerrada plegable con entrada superior.","robots":{"index":"index","follow":"follow","max-snippet":"max-snippet:-1","max-image-preview":"max-image-preview:large","max-video-preview":"max-video-preview:-1"},"canonical":"https:\/\/gatosperu.com\/es\/producto\/arenero-para-gatos-con-bandeja-extraible-y-doble-puerta-vaiven\/","og_locale":"es_ES","og_type":"article","og_title":"Arenero para gatos con bandeja extra\u00edble y doble puerta vaiv\u00e9n | Gatos Per\u00fa Pet Shop","og_description":"Caja arenera gato con bandeja extra\u00edble. Los gatos suelen sentirse a gusto con este tipo de bandeja. Arenero de gato cerrado: este tipo de arenero est\u00e1 realizado para los gatos m\u00e1s inseguros y t\u00edmidos. Caja de arena para gatos cerrada plegable con entrada superior.","og_url":"https:\/\/gatosperu.com\/es\/producto\/arenero-para-gatos-con-bandeja-extraible-y-doble-puerta-vaiven\/","og_site_name":"Gatos Per\u00fa Pet Shop","article_modified_time":"2023-09-11T00:27:03+00:00","og_image":[{"width":940,"height":788,"url":"https:\/\/gatosperu.com\/wp-content\/uploads\/2023\/09\/arenero-bandeja-extraible-pakeway-peru.png","type":"image\/png"}],"twitter_card":"summary_large_image","schema":{"@context":"https:\/\/schema.org","@graph":[{"@type":"WebPage","@id":"https:\/\/gatosperu.com\/producto\/arenero-para-gatos-con-bandeja-extraible-y-doble-puerta-vaiven\/","url":"https:\/\/gatosperu.com\/producto\/arenero-para-gatos-con-bandeja-extraible-y-doble-puerta-vaiven\/","name":"Arenero para gatos con bandeja extra\u00edble y doble puerta vaiv\u00e9n | Gatos Per\u00fa Pet Shop","isPartOf":{"@id":"https:\/\/gatosperu.com\/#website"},"primaryImageOfPage":{"@id":"https:\/\/gatosperu.com\/producto\/arenero-para-gatos-con-bandeja-extraible-y-doble-puerta-vaiven\/#primaryimage"},"image":{"@id":"https:\/\/gatosperu.com\/producto\/arenero-para-gatos-con-bandeja-extraible-y-doble-puerta-vaiven\/#primaryimage"},"thumbnailUrl":"https:\/\/gatosperu.com\/wp-content\/uploads\/2023\/09\/arenero-bandeja-extraible-pakeway-peru.png","datePublished":"2023-09-10T22:51:35+00:00","dateModified":"2023-09-11T00:27:03+00:00","description":"Caja arenera gato con bandeja extra\u00edble. Los gatos suelen sentirse a gusto con este tipo de bandeja. Arenero de gato cerrado: este tipo de arenero est\u00e1 realizado para los gatos m\u00e1s inseguros y t\u00edmidos. Caja de arena para gatos cerrada plegable con entrada superior.","breadcrumb":{"@id":"https:\/\/gatosperu.com\/producto\/arenero-para-gatos-con-bandeja-extraible-y-doble-puerta-vaiven\/#breadcrumb"},"inLanguage":"es","potentialAction":[{"@type":"ReadAction","target":["https:\/\/gatosperu.com\/producto\/arenero-para-gatos-con-bandeja-extraible-y-doble-puerta-vaiven\/"]}]},{"@type":"ImageObject","inLanguage":"es","@id":"https:\/\/gatosperu.com\/producto\/arenero-para-gatos-con-bandeja-extraible-y-doble-puerta-vaiven\/#primaryimage","url":"https:\/\/gatosperu.com\/wp-content\/uploads\/2023\/09\/arenero-bandeja-extraible-pakeway-peru.png","contentUrl":"https:\/\/gatosperu.com\/wp-content\/uploads\/2023\/09\/arenero-bandeja-extraible-pakeway-peru.png","width":940,"height":788},{"@type":"BreadcrumbList","@id":"https:\/\/gatosperu.com\/producto\/arenero-para-gatos-con-bandeja-extraible-y-doble-puerta-vaiven\/#breadcrumb","itemListElement":[{"@type":"ListItem","position":1,"name":"Portada","item":"https:\/\/gatosperu.com\/"},{"@type":"ListItem","position":2,"name":"Productos","item":"https:\/\/gatosperu.com\/productos\/"},{"@type":"ListItem","position":3,"name":"Arenero para gatos con bandeja extra\u00edble y doble puerta vaiv\u00e9n"}]},{"@type":"WebSite","@id":"https:\/\/gatosperu.com\/#website","url":"https:\/\/gatosperu.com\/","name":"Gatos Per\u00fa Pet Shop","description":"Tienda virtual para gatos","publisher":{"@id":"https:\/\/gatosperu.com\/#organization"},"potentialAction":[{"@type":"SearchAction","target":{"@type":"EntryPoint","urlTemplate":"https:\/\/gatosperu.com\/?s={search_term_string}"},"query-input":{"@type":"PropertyValueSpecification","valueRequired":true,"valueName":"search_term_string"}}],"inLanguage":"es"},{"@type":"Organization","@id":"https:\/\/gatosperu.com\/#organization","name":"Thayacha","url":"https:\/\/gatosperu.com\/","logo":{"@type":"ImageObject","inLanguage":"es","@id":"https:\/\/gatosperu.com\/#\/schema\/logo\/image\/","url":"https:\/\/gatosperu.com\/wp-content\/uploads\/2020\/04\/ty-e1589221156944.png","contentUrl":"https:\/\/gatosperu.com\/wp-content\/uploads\/2020\/04\/ty-e1589221156944.png","width":573,"height":419,"caption":"Thayacha"},"image":{"@id":"https:\/\/gatosperu.com\/#\/schema\/logo\/image\/"}}]}},"_links":{"self":[{"href":"https:\/\/gatosperu.com\/es\/wp-json\/wp\/v2\/product\/3422","targetHints":{"allow":["GET"]}}],"collection":[{"href":"https:\/\/gatosperu.com\/es\/wp-json\/wp\/v2\/product"}],"about":[{"href":"https:\/\/gatosperu.com\/es\/wp-json\/wp\/v2\/types\/product"}],"replies":[{"embeddable":true,"href":"https:\/\/gatosperu.com\/es\/wp-json\/wp\/v2\/comments?post=3422"}],"wp:featuredmedia":[{"embeddable":true,"href":"https:\/\/gatosperu.com\/es\/wp-json\/wp\/v2\/media\/3428"}],"wp:attachment":[{"href":"https:\/\/gatosperu.com\/es\/wp-json\/wp\/v2\/media?parent=3422"}],"wp:term":[{"taxonomy":"product_brand","embeddable":true,"href":"https:\/\/gatosperu.com\/es\/wp-json\/wp\/v2\/product_brand?post=3422"},{"taxonomy":"product_cat","embeddable":true,"href":"https:\/\/gatosperu.com\/es\/wp-json\/wp\/v2\/product_cat?post=3422"},{"taxonomy":"product_tag","embeddable":true,"href":"https:\/\/gatosperu.com\/es\/wp-json\/wp\/v2\/product_tag?post=3422"}],"curies":[{"name":"wp","href":"https:\/\/api.w.org\/{rel}","templated":true}]}}