{"id":3459,"date":"2024-03-14T02:04:07","date_gmt":"2024-03-14T02:04:07","guid":{"rendered":"https:\/\/thayacha.com\/petshow\/?post_type=product&#038;p=3459"},"modified":"2024-03-14T02:20:25","modified_gmt":"2024-03-14T02:20:25","slug":"fuente-de-agua-para-gatos-modelo-abejita","status":"publish","type":"product","link":"https:\/\/gatosperu.com\/es\/producto\/fuente-de-agua-para-gatos-modelo-abejita\/","title":{"rendered":"Fuente de agua para gatos modelo abejita"},"content":{"rendered":"","protected":false},"excerpt":{"rendered":"<p>FUENTE DE AGUA PARA GATOS MODELO ABEJITA<\/p>\n<ul>\n<li>Gran capacidad de 2 litros: fuente para mascotas con gran capacidad de 2 litros, no requiere recarga frecuente de agua. Una mayor capacidad de agua ahorra tiempo para rellenar agua. El sistema de circulaci\u00f3n ayuda a proporcionar agua saludable e higi\u00e9nica para tu gato-hijo todo el d\u00eda. Adecuado para gatos, perros peque\u00f1os, mascotas medianas.<\/li>\n<li>Potente funci\u00f3n de filtrado: el agua fluye a trav\u00e9s de un filtro de 3 capas (algod\u00f3n superior e inferior, capas de GAC y piedra m\u00e9dica), haciendo que el agua sea m\u00e1s fresca y limpia, eliminando completamente el cabello, los sedimentos y los residuos. El agua se volver\u00e1 a trav\u00e9s del dep\u00f3sito.<\/li>\n<li>Apagado autom\u00e1tico y pr\u00e1ctica iluminaci\u00f3n LED: nuestra fuente de agua para gatos corta autom\u00e1ticamente la energ\u00eda cuando el agua se seca, la luz LED azul parpadear\u00e1 para recordarte que debes a\u00f1adir agua para que no tengas que preocuparte por da\u00f1os en el equipo cuando est\u00e1s fuera y prolongar la vida \u00fatil de la bomba. Con luz LED visible (tambi\u00e9n puedes como luz nocturna) y una ventana de nivel de agua, lo que te permite ver el nivel del agua en cualquier momento.<\/li>\n<li>Bomba ultra silenciosa y de bajo consumo de energ\u00eda, la fuente de agua para mascotas funciona muy silenciosamente, no har\u00e1 ning\u00fan ruido y nunca molestar\u00e1 el sue\u00f1o de ti o tu mascota.<\/li>\n<li>2 dise\u00f1os de flujo diferentes: esta fuente de agua para gatos para beber con 2 funciones diferentes de flujo de agua, es m\u00e1s atractiva para tu mascota que un r\u00edo con agua que cae en un cuenco de agua normal. Consejos: limpia la bomba y el alimentador dos veces a la semana, y se sugiere reemplazar el filtro cada 14-20 d\u00edas.<\/li>\n<\/ul>","protected":false},"featured_media":3461,"comment_status":"closed","ping_status":"closed","template":"","meta":{"_gspb_post_css":"","content-type":""},"product_brand":[],"product_cat":[80,85,79],"product_tag":[],"class_list":{"0":"post-3459","1":"product","2":"type-product","3":"status-publish","4":"has-post-thumbnail","6":"product_cat-productos-para-gatos","7":"product_cat-platos-y-bebederos","8":"product_cat-productos-para-perros","10":"first","11":"instock","12":"sale","13":"taxable","14":"shipping-taxable","15":"purchasable","16":"product-type-simple"},"yoast_head":"<!-- This site is optimized with the Yoast SEO plugin v27.4 - https:\/\/yoast.com\/product\/yoast-seo-wordpress\/ -->\n<title>Fuente de agua para gatos modelo abejita | Gatos Per\u00fa Pet Shop<\/title>\n<meta name=\"description\" content=\"Fuente para mascotas con gran capacidad de 2 litros, no requiere recarga frecuente de agua. Una mayor capacidad de agua ahorra tiempo para rellenar agua.\" \/>\n<meta name=\"robots\" content=\"index, follow, max-snippet:-1, max-image-preview:large, max-video-preview:-1\" \/>\n<link rel=\"canonical\" href=\"https:\/\/gatosperu.com\/es\/producto\/fuente-de-agua-para-gatos-modelo-abejita\/\" \/>\n<meta property=\"og:locale\" content=\"es_ES\" \/>\n<meta property=\"og:type\" content=\"article\" \/>\n<meta property=\"og:title\" content=\"Fuente de agua para gatos modelo abejita | Gatos Per\u00fa Pet Shop\" \/>\n<meta property=\"og:description\" content=\"Fuente para mascotas con gran capacidad de 2 litros, no requiere recarga frecuente de agua. Una mayor capacidad de agua ahorra tiempo para rellenar agua.\" \/>\n<meta property=\"og:url\" content=\"https:\/\/gatosperu.com\/es\/producto\/fuente-de-agua-para-gatos-modelo-abejita\/\" \/>\n<meta property=\"og:site_name\" content=\"Gatos Per\u00fa Pet Shop\" \/>\n<meta property=\"article:modified_time\" content=\"2024-03-14T02:20:25+00:00\" \/>\n<meta property=\"og:image\" content=\"https:\/\/gatosperu.com\/wp-content\/uploads\/2024\/03\/fuente-abejita-gatos-pet-shop.jpg\" \/>\n\t<meta property=\"og:image:width\" content=\"1460\" \/>\n\t<meta property=\"og:image:height\" content=\"1373\" \/>\n\t<meta property=\"og:image:type\" content=\"image\/jpeg\" \/>\n<meta name=\"twitter:card\" content=\"summary_large_image\" \/>\n<meta name=\"twitter:label1\" content=\"Tiempo de lectura\" \/>\n\t<meta name=\"twitter:data1\" content=\"1 minuto\" \/>\n<script type=\"application\/ld+json\" class=\"yoast-schema-graph\">{\"@context\":\"https:\\\/\\\/schema.org\",\"@graph\":[{\"@type\":\"WebPage\",\"@id\":\"https:\\\/\\\/gatosperu.com\\\/producto\\\/fuente-de-agua-para-gatos-modelo-abejita\\\/\",\"url\":\"https:\\\/\\\/gatosperu.com\\\/producto\\\/fuente-de-agua-para-gatos-modelo-abejita\\\/\",\"name\":\"Fuente de agua para gatos modelo abejita | Gatos Per\u00fa Pet Shop\",\"isPartOf\":{\"@id\":\"https:\\\/\\\/gatosperu.com\\\/#website\"},\"primaryImageOfPage\":{\"@id\":\"https:\\\/\\\/gatosperu.com\\\/producto\\\/fuente-de-agua-para-gatos-modelo-abejita\\\/#primaryimage\"},\"image\":{\"@id\":\"https:\\\/\\\/gatosperu.com\\\/producto\\\/fuente-de-agua-para-gatos-modelo-abejita\\\/#primaryimage\"},\"thumbnailUrl\":\"https:\\\/\\\/gatosperu.com\\\/wp-content\\\/uploads\\\/2024\\\/03\\\/fuente-abejita-gatos-pet-shop.jpg\",\"datePublished\":\"2024-03-14T02:04:07+00:00\",\"dateModified\":\"2024-03-14T02:20:25+00:00\",\"description\":\"Fuente para mascotas con gran capacidad de 2 litros, no requiere recarga frecuente de agua. Una mayor capacidad de agua ahorra tiempo para rellenar agua.\",\"breadcrumb\":{\"@id\":\"https:\\\/\\\/gatosperu.com\\\/producto\\\/fuente-de-agua-para-gatos-modelo-abejita\\\/#breadcrumb\"},\"inLanguage\":\"es\",\"potentialAction\":[{\"@type\":\"ReadAction\",\"target\":[\"https:\\\/\\\/gatosperu.com\\\/producto\\\/fuente-de-agua-para-gatos-modelo-abejita\\\/\"]}]},{\"@type\":\"ImageObject\",\"inLanguage\":\"es\",\"@id\":\"https:\\\/\\\/gatosperu.com\\\/producto\\\/fuente-de-agua-para-gatos-modelo-abejita\\\/#primaryimage\",\"url\":\"https:\\\/\\\/gatosperu.com\\\/wp-content\\\/uploads\\\/2024\\\/03\\\/fuente-abejita-gatos-pet-shop.jpg\",\"contentUrl\":\"https:\\\/\\\/gatosperu.com\\\/wp-content\\\/uploads\\\/2024\\\/03\\\/fuente-abejita-gatos-pet-shop.jpg\",\"width\":1460,\"height\":1373},{\"@type\":\"BreadcrumbList\",\"@id\":\"https:\\\/\\\/gatosperu.com\\\/producto\\\/fuente-de-agua-para-gatos-modelo-abejita\\\/#breadcrumb\",\"itemListElement\":[{\"@type\":\"ListItem\",\"position\":1,\"name\":\"Portada\",\"item\":\"https:\\\/\\\/gatosperu.com\\\/\"},{\"@type\":\"ListItem\",\"position\":2,\"name\":\"Productos\",\"item\":\"https:\\\/\\\/gatosperu.com\\\/productos\\\/\"},{\"@type\":\"ListItem\",\"position\":3,\"name\":\"Fuente de agua para gatos modelo abejita\"}]},{\"@type\":\"WebSite\",\"@id\":\"https:\\\/\\\/gatosperu.com\\\/#website\",\"url\":\"https:\\\/\\\/gatosperu.com\\\/\",\"name\":\"Gatos Per\u00fa Pet Shop\",\"description\":\"Tienda virtual para gatos\",\"publisher\":{\"@id\":\"https:\\\/\\\/gatosperu.com\\\/#organization\"},\"potentialAction\":[{\"@type\":\"SearchAction\",\"target\":{\"@type\":\"EntryPoint\",\"urlTemplate\":\"https:\\\/\\\/gatosperu.com\\\/?s={search_term_string}\"},\"query-input\":{\"@type\":\"PropertyValueSpecification\",\"valueRequired\":true,\"valueName\":\"search_term_string\"}}],\"inLanguage\":\"es\"},{\"@type\":\"Organization\",\"@id\":\"https:\\\/\\\/gatosperu.com\\\/#organization\",\"name\":\"Thayacha\",\"url\":\"https:\\\/\\\/gatosperu.com\\\/\",\"logo\":{\"@type\":\"ImageObject\",\"inLanguage\":\"es\",\"@id\":\"https:\\\/\\\/gatosperu.com\\\/#\\\/schema\\\/logo\\\/image\\\/\",\"url\":\"https:\\\/\\\/gatosperu.com\\\/wp-content\\\/uploads\\\/2020\\\/04\\\/ty-e1589221156944.png\",\"contentUrl\":\"https:\\\/\\\/gatosperu.com\\\/wp-content\\\/uploads\\\/2020\\\/04\\\/ty-e1589221156944.png\",\"width\":573,\"height\":419,\"caption\":\"Thayacha\"},\"image\":{\"@id\":\"https:\\\/\\\/gatosperu.com\\\/#\\\/schema\\\/logo\\\/image\\\/\"}}]}<\/script>\n<!-- \/ Yoast SEO plugin. -->","yoast_head_json":{"title":"Fuente de agua para gatos modelo abejita | Gatos Per\u00fa Pet Shop","description":"Fuente para mascotas con gran capacidad de 2 litros, no requiere recarga frecuente de agua. Una mayor capacidad de agua ahorra tiempo para rellenar agua.","robots":{"index":"index","follow":"follow","max-snippet":"max-snippet:-1","max-image-preview":"max-image-preview:large","max-video-preview":"max-video-preview:-1"},"canonical":"https:\/\/gatosperu.com\/es\/producto\/fuente-de-agua-para-gatos-modelo-abejita\/","og_locale":"es_ES","og_type":"article","og_title":"Fuente de agua para gatos modelo abejita | Gatos Per\u00fa Pet Shop","og_description":"Fuente para mascotas con gran capacidad de 2 litros, no requiere recarga frecuente de agua. Una mayor capacidad de agua ahorra tiempo para rellenar agua.","og_url":"https:\/\/gatosperu.com\/es\/producto\/fuente-de-agua-para-gatos-modelo-abejita\/","og_site_name":"Gatos Per\u00fa Pet Shop","article_modified_time":"2024-03-14T02:20:25+00:00","og_image":[{"width":1460,"height":1373,"url":"https:\/\/gatosperu.com\/wp-content\/uploads\/2024\/03\/fuente-abejita-gatos-pet-shop.jpg","type":"image\/jpeg"}],"twitter_card":"summary_large_image","twitter_misc":{"Tiempo de lectura":"1 minuto"},"schema":{"@context":"https:\/\/schema.org","@graph":[{"@type":"WebPage","@id":"https:\/\/gatosperu.com\/producto\/fuente-de-agua-para-gatos-modelo-abejita\/","url":"https:\/\/gatosperu.com\/producto\/fuente-de-agua-para-gatos-modelo-abejita\/","name":"Fuente de agua para gatos modelo abejita | Gatos Per\u00fa Pet Shop","isPartOf":{"@id":"https:\/\/gatosperu.com\/#website"},"primaryImageOfPage":{"@id":"https:\/\/gatosperu.com\/producto\/fuente-de-agua-para-gatos-modelo-abejita\/#primaryimage"},"image":{"@id":"https:\/\/gatosperu.com\/producto\/fuente-de-agua-para-gatos-modelo-abejita\/#primaryimage"},"thumbnailUrl":"https:\/\/gatosperu.com\/wp-content\/uploads\/2024\/03\/fuente-abejita-gatos-pet-shop.jpg","datePublished":"2024-03-14T02:04:07+00:00","dateModified":"2024-03-14T02:20:25+00:00","description":"Fuente para mascotas con gran capacidad de 2 litros, no requiere recarga frecuente de agua. Una mayor capacidad de agua ahorra tiempo para rellenar agua.","breadcrumb":{"@id":"https:\/\/gatosperu.com\/producto\/fuente-de-agua-para-gatos-modelo-abejita\/#breadcrumb"},"inLanguage":"es","potentialAction":[{"@type":"ReadAction","target":["https:\/\/gatosperu.com\/producto\/fuente-de-agua-para-gatos-modelo-abejita\/"]}]},{"@type":"ImageObject","inLanguage":"es","@id":"https:\/\/gatosperu.com\/producto\/fuente-de-agua-para-gatos-modelo-abejita\/#primaryimage","url":"https:\/\/gatosperu.com\/wp-content\/uploads\/2024\/03\/fuente-abejita-gatos-pet-shop.jpg","contentUrl":"https:\/\/gatosperu.com\/wp-content\/uploads\/2024\/03\/fuente-abejita-gatos-pet-shop.jpg","width":1460,"height":1373},{"@type":"BreadcrumbList","@id":"https:\/\/gatosperu.com\/producto\/fuente-de-agua-para-gatos-modelo-abejita\/#breadcrumb","itemListElement":[{"@type":"ListItem","position":1,"name":"Portada","item":"https:\/\/gatosperu.com\/"},{"@type":"ListItem","position":2,"name":"Productos","item":"https:\/\/gatosperu.com\/productos\/"},{"@type":"ListItem","position":3,"name":"Fuente de agua para gatos modelo abejita"}]},{"@type":"WebSite","@id":"https:\/\/gatosperu.com\/#website","url":"https:\/\/gatosperu.com\/","name":"Gatos Per\u00fa Pet Shop","description":"Tienda virtual para gatos","publisher":{"@id":"https:\/\/gatosperu.com\/#organization"},"potentialAction":[{"@type":"SearchAction","target":{"@type":"EntryPoint","urlTemplate":"https:\/\/gatosperu.com\/?s={search_term_string}"},"query-input":{"@type":"PropertyValueSpecification","valueRequired":true,"valueName":"search_term_string"}}],"inLanguage":"es"},{"@type":"Organization","@id":"https:\/\/gatosperu.com\/#organization","name":"Thayacha","url":"https:\/\/gatosperu.com\/","logo":{"@type":"ImageObject","inLanguage":"es","@id":"https:\/\/gatosperu.com\/#\/schema\/logo\/image\/","url":"https:\/\/gatosperu.com\/wp-content\/uploads\/2020\/04\/ty-e1589221156944.png","contentUrl":"https:\/\/gatosperu.com\/wp-content\/uploads\/2020\/04\/ty-e1589221156944.png","width":573,"height":419,"caption":"Thayacha"},"image":{"@id":"https:\/\/gatosperu.com\/#\/schema\/logo\/image\/"}}]}},"_links":{"self":[{"href":"https:\/\/gatosperu.com\/es\/wp-json\/wp\/v2\/product\/3459","targetHints":{"allow":["GET"]}}],"collection":[{"href":"https:\/\/gatosperu.com\/es\/wp-json\/wp\/v2\/product"}],"about":[{"href":"https:\/\/gatosperu.com\/es\/wp-json\/wp\/v2\/types\/product"}],"replies":[{"embeddable":true,"href":"https:\/\/gatosperu.com\/es\/wp-json\/wp\/v2\/comments?post=3459"}],"wp:featuredmedia":[{"embeddable":true,"href":"https:\/\/gatosperu.com\/es\/wp-json\/wp\/v2\/media\/3461"}],"wp:attachment":[{"href":"https:\/\/gatosperu.com\/es\/wp-json\/wp\/v2\/media?parent=3459"}],"wp:term":[{"taxonomy":"product_brand","embeddable":true,"href":"https:\/\/gatosperu.com\/es\/wp-json\/wp\/v2\/product_brand?post=3459"},{"taxonomy":"product_cat","embeddable":true,"href":"https:\/\/gatosperu.com\/es\/wp-json\/wp\/v2\/product_cat?post=3459"},{"taxonomy":"product_tag","embeddable":true,"href":"https:\/\/gatosperu.com\/es\/wp-json\/wp\/v2\/product_tag?post=3459"}],"curies":[{"name":"wp","href":"https:\/\/api.w.org\/{rel}","templated":true}]}}