{"id":3464,"date":"2024-03-14T02:21:31","date_gmt":"2024-03-14T02:21:31","guid":{"rendered":"https:\/\/thayacha.com\/petshow\/?post_type=product&#038;p=3464"},"modified":"2024-03-14T02:46:52","modified_gmt":"2024-03-14T02:46:52","slug":"fuente-de-agua-automatica-para-gatos-y-perros-dispensador-de-agua-silencioso-con-usb-3l","status":"publish","type":"product","link":"https:\/\/gatosperu.com\/es\/producto\/fuente-de-agua-automatica-para-gatos-y-perros-dispensador-de-agua-silencioso-con-usb-3l\/","title":{"rendered":"Fuente de agua autom\u00e1tica para gatos y perros, dispensador de agua silencioso con USB, 3L"},"content":{"rendered":"","protected":false},"excerpt":{"rendered":"<section class=\"section-product-info\">\n<div class=\"RRT__container\">\n<div id=\"panel-Descripci\u00f3n\" class=\"RRT__panel\" role=\"tabpanel\" aria-labelledby=\"tab-Descripci\u00f3n\" aria-hidden=\"false\">\n<div class=\"rpl-product-description\">\n<div class=\"rpl-product-description-wrapper\">\n<div class=\"row\">\n<div class=\"col-xs-12\">\n<div><strong>Fuente de agua autom\u00e1tica para gatos y perros, dispensador de agua silencioso con USB, 3L<\/strong><\/div>\n<ul>\n<li>Con una superficie lisa y un dise\u00f1o desmontable, este dispensador de agua para mascotas se puede limpiar f\u00e1cilmente.<\/li>\n<li>Se adopta el dise\u00f1o de gran capacidad de 3 litros, Est\u00e1 fabricado con material pl\u00e1stico. La doble filtraci\u00f3n inteligente hace que se purifique profundamente.<\/li>\n<li>La longitud de este producto es de 20 cm, el ancho es de 17 cm y la altura es de 13 cm. es adecuado para la sala de estar, el dormitorio, el hogar, la tienda de mascotas, etc.<\/li>\n<li>Material: Pl\u00e1stico. &#8211; Capacidad: 3 L.<\/li>\n<li>Caracter\u00edsticas: Superficie Lisa, Doble Filtro Inteligente, Gran Capacidad Detalles Del Tama\u00f1o.<\/li>\n<\/ul>\n<p>NOTA : NO INCLUYE EL ADAPTADOR USB (TACO USB PARA CONECTAR A LA ELECTRICIDAD ) Contenido de la compra: * 1 Bebedero. * 1 Grifo. * 1 Bomba. * 1 Filtro. * 1 USB.<\/p>\n<\/div>\n<\/div>\n<\/div>\n<\/div>\n<\/div>\n<div><\/div>\n<\/div>\n<\/section>\n<div id=\"cbar_barilliancewidget2\" class=\"row\"><\/div>","protected":false},"featured_media":3468,"comment_status":"closed","ping_status":"closed","template":"","meta":{"_gspb_post_css":"","content-type":""},"product_brand":[],"product_cat":[80,85,79],"product_tag":[],"class_list":{"0":"post-3464","1":"product","2":"type-product","3":"status-publish","4":"has-post-thumbnail","6":"product_cat-productos-para-gatos","7":"product_cat-platos-y-bebederos","8":"product_cat-productos-para-perros","10":"first","11":"instock","12":"sale","13":"taxable","14":"shipping-taxable","15":"purchasable","16":"product-type-simple"},"yoast_head":"<!-- This site is optimized with the Yoast SEO plugin v27.4 - https:\/\/yoast.com\/product\/yoast-seo-wordpress\/ -->\n<title>Fuente de agua autom\u00e1tica para gatos y perros, dispensador de agua silencioso con USB, 3L | Gatos Per\u00fa Pet Shop<\/title>\n<meta name=\"description\" content=\"Fuente para mascotas con gran capacidad de 2 litros, no requiere recarga frecuente de agua. Una mayor capacidad de agua ahorra tiempo para rellenar agua.\" \/>\n<meta name=\"robots\" content=\"index, follow, max-snippet:-1, max-image-preview:large, max-video-preview:-1\" \/>\n<link rel=\"canonical\" href=\"https:\/\/gatosperu.com\/es\/producto\/fuente-de-agua-automatica-para-gatos-y-perros-dispensador-de-agua-silencioso-con-usb-3l\/\" \/>\n<meta property=\"og:locale\" content=\"es_ES\" \/>\n<meta property=\"og:type\" content=\"article\" \/>\n<meta property=\"og:title\" content=\"Fuente de agua autom\u00e1tica para gatos y perros, dispensador de agua silencioso con USB, 3L | Gatos Per\u00fa Pet Shop\" \/>\n<meta property=\"og:description\" content=\"Fuente para mascotas con gran capacidad de 2 litros, no requiere recarga frecuente de agua. Una mayor capacidad de agua ahorra tiempo para rellenar agua.\" \/>\n<meta property=\"og:url\" content=\"https:\/\/gatosperu.com\/es\/producto\/fuente-de-agua-automatica-para-gatos-y-perros-dispensador-de-agua-silencioso-con-usb-3l\/\" \/>\n<meta property=\"og:site_name\" content=\"Gatos Per\u00fa Pet Shop\" \/>\n<meta property=\"article:modified_time\" content=\"2024-03-14T02:46:52+00:00\" \/>\n<meta property=\"og:image\" content=\"https:\/\/gatosperu.com\/wp-content\/uploads\/2024\/03\/fuente-tipo-cano-gatos-petshop.jpg\" \/>\n\t<meta property=\"og:image:width\" content=\"1179\" \/>\n\t<meta property=\"og:image:height\" content=\"1200\" \/>\n\t<meta property=\"og:image:type\" content=\"image\/jpeg\" \/>\n<meta name=\"twitter:card\" content=\"summary_large_image\" \/>\n<meta name=\"twitter:label1\" content=\"Tiempo de lectura\" \/>\n\t<meta name=\"twitter:data1\" content=\"1 minuto\" \/>\n<script type=\"application\/ld+json\" class=\"yoast-schema-graph\">{\"@context\":\"https:\\\/\\\/schema.org\",\"@graph\":[{\"@type\":\"WebPage\",\"@id\":\"https:\\\/\\\/gatosperu.com\\\/producto\\\/fuente-de-agua-automatica-para-gatos-y-perros-dispensador-de-agua-silencioso-con-usb-3l\\\/\",\"url\":\"https:\\\/\\\/gatosperu.com\\\/producto\\\/fuente-de-agua-automatica-para-gatos-y-perros-dispensador-de-agua-silencioso-con-usb-3l\\\/\",\"name\":\"Fuente de agua autom\u00e1tica para gatos y perros, dispensador de agua silencioso con USB, 3L | Gatos Per\u00fa Pet Shop\",\"isPartOf\":{\"@id\":\"https:\\\/\\\/gatosperu.com\\\/#website\"},\"primaryImageOfPage\":{\"@id\":\"https:\\\/\\\/gatosperu.com\\\/producto\\\/fuente-de-agua-automatica-para-gatos-y-perros-dispensador-de-agua-silencioso-con-usb-3l\\\/#primaryimage\"},\"image\":{\"@id\":\"https:\\\/\\\/gatosperu.com\\\/producto\\\/fuente-de-agua-automatica-para-gatos-y-perros-dispensador-de-agua-silencioso-con-usb-3l\\\/#primaryimage\"},\"thumbnailUrl\":\"https:\\\/\\\/gatosperu.com\\\/wp-content\\\/uploads\\\/2024\\\/03\\\/fuente-tipo-cano-gatos-petshop.jpg\",\"datePublished\":\"2024-03-14T02:21:31+00:00\",\"dateModified\":\"2024-03-14T02:46:52+00:00\",\"description\":\"Fuente para mascotas con gran capacidad de 2 litros, no requiere recarga frecuente de agua. Una mayor capacidad de agua ahorra tiempo para rellenar agua.\",\"breadcrumb\":{\"@id\":\"https:\\\/\\\/gatosperu.com\\\/producto\\\/fuente-de-agua-automatica-para-gatos-y-perros-dispensador-de-agua-silencioso-con-usb-3l\\\/#breadcrumb\"},\"inLanguage\":\"es\",\"potentialAction\":[{\"@type\":\"ReadAction\",\"target\":[\"https:\\\/\\\/gatosperu.com\\\/producto\\\/fuente-de-agua-automatica-para-gatos-y-perros-dispensador-de-agua-silencioso-con-usb-3l\\\/\"]}]},{\"@type\":\"ImageObject\",\"inLanguage\":\"es\",\"@id\":\"https:\\\/\\\/gatosperu.com\\\/producto\\\/fuente-de-agua-automatica-para-gatos-y-perros-dispensador-de-agua-silencioso-con-usb-3l\\\/#primaryimage\",\"url\":\"https:\\\/\\\/gatosperu.com\\\/wp-content\\\/uploads\\\/2024\\\/03\\\/fuente-tipo-cano-gatos-petshop.jpg\",\"contentUrl\":\"https:\\\/\\\/gatosperu.com\\\/wp-content\\\/uploads\\\/2024\\\/03\\\/fuente-tipo-cano-gatos-petshop.jpg\",\"width\":1179,\"height\":1200},{\"@type\":\"BreadcrumbList\",\"@id\":\"https:\\\/\\\/gatosperu.com\\\/producto\\\/fuente-de-agua-automatica-para-gatos-y-perros-dispensador-de-agua-silencioso-con-usb-3l\\\/#breadcrumb\",\"itemListElement\":[{\"@type\":\"ListItem\",\"position\":1,\"name\":\"Portada\",\"item\":\"https:\\\/\\\/gatosperu.com\\\/\"},{\"@type\":\"ListItem\",\"position\":2,\"name\":\"Productos\",\"item\":\"https:\\\/\\\/gatosperu.com\\\/productos\\\/\"},{\"@type\":\"ListItem\",\"position\":3,\"name\":\"Fuente de agua autom\u00e1tica para gatos y perros, dispensador de agua silencioso con USB, 3L\"}]},{\"@type\":\"WebSite\",\"@id\":\"https:\\\/\\\/gatosperu.com\\\/#website\",\"url\":\"https:\\\/\\\/gatosperu.com\\\/\",\"name\":\"Gatos Per\u00fa Pet Shop\",\"description\":\"Tienda virtual para gatos\",\"publisher\":{\"@id\":\"https:\\\/\\\/gatosperu.com\\\/#organization\"},\"potentialAction\":[{\"@type\":\"SearchAction\",\"target\":{\"@type\":\"EntryPoint\",\"urlTemplate\":\"https:\\\/\\\/gatosperu.com\\\/?s={search_term_string}\"},\"query-input\":{\"@type\":\"PropertyValueSpecification\",\"valueRequired\":true,\"valueName\":\"search_term_string\"}}],\"inLanguage\":\"es\"},{\"@type\":\"Organization\",\"@id\":\"https:\\\/\\\/gatosperu.com\\\/#organization\",\"name\":\"Thayacha\",\"url\":\"https:\\\/\\\/gatosperu.com\\\/\",\"logo\":{\"@type\":\"ImageObject\",\"inLanguage\":\"es\",\"@id\":\"https:\\\/\\\/gatosperu.com\\\/#\\\/schema\\\/logo\\\/image\\\/\",\"url\":\"https:\\\/\\\/gatosperu.com\\\/wp-content\\\/uploads\\\/2020\\\/04\\\/ty-e1589221156944.png\",\"contentUrl\":\"https:\\\/\\\/gatosperu.com\\\/wp-content\\\/uploads\\\/2020\\\/04\\\/ty-e1589221156944.png\",\"width\":573,\"height\":419,\"caption\":\"Thayacha\"},\"image\":{\"@id\":\"https:\\\/\\\/gatosperu.com\\\/#\\\/schema\\\/logo\\\/image\\\/\"}}]}<\/script>\n<!-- \/ Yoast SEO plugin. -->","yoast_head_json":{"title":"Fuente de agua autom\u00e1tica para gatos y perros, dispensador de agua silencioso con USB, 3L | Gatos Per\u00fa Pet Shop","description":"Fuente para mascotas con gran capacidad de 2 litros, no requiere recarga frecuente de agua. Una mayor capacidad de agua ahorra tiempo para rellenar agua.","robots":{"index":"index","follow":"follow","max-snippet":"max-snippet:-1","max-image-preview":"max-image-preview:large","max-video-preview":"max-video-preview:-1"},"canonical":"https:\/\/gatosperu.com\/es\/producto\/fuente-de-agua-automatica-para-gatos-y-perros-dispensador-de-agua-silencioso-con-usb-3l\/","og_locale":"es_ES","og_type":"article","og_title":"Fuente de agua autom\u00e1tica para gatos y perros, dispensador de agua silencioso con USB, 3L | Gatos Per\u00fa Pet Shop","og_description":"Fuente para mascotas con gran capacidad de 2 litros, no requiere recarga frecuente de agua. Una mayor capacidad de agua ahorra tiempo para rellenar agua.","og_url":"https:\/\/gatosperu.com\/es\/producto\/fuente-de-agua-automatica-para-gatos-y-perros-dispensador-de-agua-silencioso-con-usb-3l\/","og_site_name":"Gatos Per\u00fa Pet Shop","article_modified_time":"2024-03-14T02:46:52+00:00","og_image":[{"width":1179,"height":1200,"url":"https:\/\/gatosperu.com\/wp-content\/uploads\/2024\/03\/fuente-tipo-cano-gatos-petshop.jpg","type":"image\/jpeg"}],"twitter_card":"summary_large_image","twitter_misc":{"Tiempo de lectura":"1 minuto"},"schema":{"@context":"https:\/\/schema.org","@graph":[{"@type":"WebPage","@id":"https:\/\/gatosperu.com\/producto\/fuente-de-agua-automatica-para-gatos-y-perros-dispensador-de-agua-silencioso-con-usb-3l\/","url":"https:\/\/gatosperu.com\/producto\/fuente-de-agua-automatica-para-gatos-y-perros-dispensador-de-agua-silencioso-con-usb-3l\/","name":"Fuente de agua autom\u00e1tica para gatos y perros, dispensador de agua silencioso con USB, 3L | Gatos Per\u00fa Pet Shop","isPartOf":{"@id":"https:\/\/gatosperu.com\/#website"},"primaryImageOfPage":{"@id":"https:\/\/gatosperu.com\/producto\/fuente-de-agua-automatica-para-gatos-y-perros-dispensador-de-agua-silencioso-con-usb-3l\/#primaryimage"},"image":{"@id":"https:\/\/gatosperu.com\/producto\/fuente-de-agua-automatica-para-gatos-y-perros-dispensador-de-agua-silencioso-con-usb-3l\/#primaryimage"},"thumbnailUrl":"https:\/\/gatosperu.com\/wp-content\/uploads\/2024\/03\/fuente-tipo-cano-gatos-petshop.jpg","datePublished":"2024-03-14T02:21:31+00:00","dateModified":"2024-03-14T02:46:52+00:00","description":"Fuente para mascotas con gran capacidad de 2 litros, no requiere recarga frecuente de agua. Una mayor capacidad de agua ahorra tiempo para rellenar agua.","breadcrumb":{"@id":"https:\/\/gatosperu.com\/producto\/fuente-de-agua-automatica-para-gatos-y-perros-dispensador-de-agua-silencioso-con-usb-3l\/#breadcrumb"},"inLanguage":"es","potentialAction":[{"@type":"ReadAction","target":["https:\/\/gatosperu.com\/producto\/fuente-de-agua-automatica-para-gatos-y-perros-dispensador-de-agua-silencioso-con-usb-3l\/"]}]},{"@type":"ImageObject","inLanguage":"es","@id":"https:\/\/gatosperu.com\/producto\/fuente-de-agua-automatica-para-gatos-y-perros-dispensador-de-agua-silencioso-con-usb-3l\/#primaryimage","url":"https:\/\/gatosperu.com\/wp-content\/uploads\/2024\/03\/fuente-tipo-cano-gatos-petshop.jpg","contentUrl":"https:\/\/gatosperu.com\/wp-content\/uploads\/2024\/03\/fuente-tipo-cano-gatos-petshop.jpg","width":1179,"height":1200},{"@type":"BreadcrumbList","@id":"https:\/\/gatosperu.com\/producto\/fuente-de-agua-automatica-para-gatos-y-perros-dispensador-de-agua-silencioso-con-usb-3l\/#breadcrumb","itemListElement":[{"@type":"ListItem","position":1,"name":"Portada","item":"https:\/\/gatosperu.com\/"},{"@type":"ListItem","position":2,"name":"Productos","item":"https:\/\/gatosperu.com\/productos\/"},{"@type":"ListItem","position":3,"name":"Fuente de agua autom\u00e1tica para gatos y perros, dispensador de agua silencioso con USB, 3L"}]},{"@type":"WebSite","@id":"https:\/\/gatosperu.com\/#website","url":"https:\/\/gatosperu.com\/","name":"Gatos Per\u00fa Pet Shop","description":"Tienda virtual para gatos","publisher":{"@id":"https:\/\/gatosperu.com\/#organization"},"potentialAction":[{"@type":"SearchAction","target":{"@type":"EntryPoint","urlTemplate":"https:\/\/gatosperu.com\/?s={search_term_string}"},"query-input":{"@type":"PropertyValueSpecification","valueRequired":true,"valueName":"search_term_string"}}],"inLanguage":"es"},{"@type":"Organization","@id":"https:\/\/gatosperu.com\/#organization","name":"Thayacha","url":"https:\/\/gatosperu.com\/","logo":{"@type":"ImageObject","inLanguage":"es","@id":"https:\/\/gatosperu.com\/#\/schema\/logo\/image\/","url":"https:\/\/gatosperu.com\/wp-content\/uploads\/2020\/04\/ty-e1589221156944.png","contentUrl":"https:\/\/gatosperu.com\/wp-content\/uploads\/2020\/04\/ty-e1589221156944.png","width":573,"height":419,"caption":"Thayacha"},"image":{"@id":"https:\/\/gatosperu.com\/#\/schema\/logo\/image\/"}}]}},"_links":{"self":[{"href":"https:\/\/gatosperu.com\/es\/wp-json\/wp\/v2\/product\/3464","targetHints":{"allow":["GET"]}}],"collection":[{"href":"https:\/\/gatosperu.com\/es\/wp-json\/wp\/v2\/product"}],"about":[{"href":"https:\/\/gatosperu.com\/es\/wp-json\/wp\/v2\/types\/product"}],"replies":[{"embeddable":true,"href":"https:\/\/gatosperu.com\/es\/wp-json\/wp\/v2\/comments?post=3464"}],"wp:featuredmedia":[{"embeddable":true,"href":"https:\/\/gatosperu.com\/es\/wp-json\/wp\/v2\/media\/3468"}],"wp:attachment":[{"href":"https:\/\/gatosperu.com\/es\/wp-json\/wp\/v2\/media?parent=3464"}],"wp:term":[{"taxonomy":"product_brand","embeddable":true,"href":"https:\/\/gatosperu.com\/es\/wp-json\/wp\/v2\/product_brand?post=3464"},{"taxonomy":"product_cat","embeddable":true,"href":"https:\/\/gatosperu.com\/es\/wp-json\/wp\/v2\/product_cat?post=3464"},{"taxonomy":"product_tag","embeddable":true,"href":"https:\/\/gatosperu.com\/es\/wp-json\/wp\/v2\/product_tag?post=3464"}],"curies":[{"name":"wp","href":"https:\/\/api.w.org\/{rel}","templated":true}]}}