{"id":3470,"date":"2024-03-14T03:04:57","date_gmt":"2024-03-14T03:04:57","guid":{"rendered":"https:\/\/thayacha.com\/petshow\/?post_type=product&#038;p=3470"},"modified":"2026-01-09T03:34:48","modified_gmt":"2026-01-09T03:34:48","slug":"dispensador-2-en-1-fuente-para-mascotas-con-un-solo-cuenco-de-comida-con-riego-automatico","status":"publish","type":"product","link":"https:\/\/gatosperu.com\/es\/producto\/dispensador-2-en-1-fuente-para-mascotas-con-un-solo-cuenco-de-comida-con-riego-automatico\/","title":{"rendered":"Dispensador 2 en 1 Fuente para mascotas con un solo cuenco de comida con riego autom\u00e1tico"},"content":{"rendered":"","protected":false},"excerpt":{"rendered":"<p><strong>Fuente para mascotas con cuenco de comida<\/strong><\/p>\n<ul>\n<li>Viene con fuente Capacidad 3 litros.<\/li>\n<li>Incluye plato de acero.<\/li>\n<li>El recipiente del interior se puede quitar y lavar.<\/li>\n<li>Hecho de pl\u00e1stico ABS duradero. funciona durante mucho tiempo;<\/li>\n<li>La gran base hace que sea dif\u00edcil que se derrame.<\/li>\n<li>Tama\u00f1o: 16 * 31.3 * 17.5cm.<\/li>\n<li>El nivel del agua se puede ajustar.<\/li>\n<\/ul>","protected":false},"featured_media":3471,"comment_status":"closed","ping_status":"closed","template":"","meta":{"_gspb_post_css":"","content-type":""},"product_brand":[],"product_cat":[80,85,79],"product_tag":[],"class_list":{"0":"post-3470","1":"product","2":"type-product","3":"status-publish","4":"has-post-thumbnail","6":"product_cat-productos-para-gatos","7":"product_cat-platos-y-bebederos","8":"product_cat-productos-para-perros","10":"first","11":"instock","12":"sale","13":"taxable","14":"shipping-taxable","15":"purchasable","16":"product-type-simple"},"yoast_head":"<!-- This site is optimized with the Yoast SEO plugin v27.4 - https:\/\/yoast.com\/product\/yoast-seo-wordpress\/ -->\n<title>Dispensador 2 en 1 Fuente para mascotas con un solo cuenco de comida con riego autom\u00e1tico | Gatos Per\u00fa Pet Shop<\/title>\n<meta name=\"description\" content=\"Dispensador 2 en 1 Fuente para mascotas con un solo cuenco de comida con riego autom\u00e1tico. fuente de agua para gatos pet shop\" \/>\n<meta name=\"robots\" content=\"index, follow, max-snippet:-1, max-image-preview:large, max-video-preview:-1\" \/>\n<link rel=\"canonical\" href=\"https:\/\/gatosperu.com\/es\/producto\/dispensador-2-en-1-fuente-para-mascotas-con-un-solo-cuenco-de-comida-con-riego-automatico\/\" \/>\n<meta property=\"og:locale\" content=\"es_ES\" \/>\n<meta property=\"og:type\" content=\"article\" \/>\n<meta property=\"og:title\" content=\"Dispensador 2 en 1 Fuente para mascotas con un solo cuenco de comida con riego autom\u00e1tico | Gatos Per\u00fa Pet Shop\" \/>\n<meta property=\"og:description\" content=\"Dispensador 2 en 1 Fuente para mascotas con un solo cuenco de comida con riego autom\u00e1tico. fuente de agua para gatos pet shop\" \/>\n<meta property=\"og:url\" content=\"https:\/\/gatosperu.com\/es\/producto\/dispensador-2-en-1-fuente-para-mascotas-con-un-solo-cuenco-de-comida-con-riego-automatico\/\" \/>\n<meta property=\"og:site_name\" content=\"Gatos Per\u00fa Pet Shop\" \/>\n<meta property=\"article:modified_time\" content=\"2026-01-09T03:34:48+00:00\" \/>\n<meta property=\"og:image\" content=\"https:\/\/gatosperu.com\/wp-content\/uploads\/2024\/03\/Dispensador-2-en-1-Fuente-para-mascotas-con-un-solo-cuenco-de-comida-con-riego-automatico.webp\" \/>\n\t<meta property=\"og:image:width\" content=\"720\" \/>\n\t<meta property=\"og:image:height\" content=\"720\" \/>\n\t<meta property=\"og:image:type\" content=\"image\/webp\" \/>\n<meta name=\"twitter:card\" content=\"summary_large_image\" \/>\n<meta name=\"twitter:label1\" content=\"Tiempo de lectura\" \/>\n\t<meta name=\"twitter:data1\" content=\"1 minuto\" \/>\n<script type=\"application\/ld+json\" class=\"yoast-schema-graph\">{\"@context\":\"https:\\\/\\\/schema.org\",\"@graph\":[{\"@type\":\"WebPage\",\"@id\":\"https:\\\/\\\/gatosperu.com\\\/producto\\\/dispensador-2-en-1-fuente-para-mascotas-con-un-solo-cuenco-de-comida-con-riego-automatico\\\/\",\"url\":\"https:\\\/\\\/gatosperu.com\\\/producto\\\/dispensador-2-en-1-fuente-para-mascotas-con-un-solo-cuenco-de-comida-con-riego-automatico\\\/\",\"name\":\"Dispensador 2 en 1 Fuente para mascotas con un solo cuenco de comida con riego autom\u00e1tico | Gatos Per\u00fa Pet Shop\",\"isPartOf\":{\"@id\":\"https:\\\/\\\/gatosperu.com\\\/#website\"},\"primaryImageOfPage\":{\"@id\":\"https:\\\/\\\/gatosperu.com\\\/producto\\\/dispensador-2-en-1-fuente-para-mascotas-con-un-solo-cuenco-de-comida-con-riego-automatico\\\/#primaryimage\"},\"image\":{\"@id\":\"https:\\\/\\\/gatosperu.com\\\/producto\\\/dispensador-2-en-1-fuente-para-mascotas-con-un-solo-cuenco-de-comida-con-riego-automatico\\\/#primaryimage\"},\"thumbnailUrl\":\"https:\\\/\\\/gatosperu.com\\\/wp-content\\\/uploads\\\/2024\\\/03\\\/Dispensador-2-en-1-Fuente-para-mascotas-con-un-solo-cuenco-de-comida-con-riego-automatico.webp\",\"datePublished\":\"2024-03-14T03:04:57+00:00\",\"dateModified\":\"2026-01-09T03:34:48+00:00\",\"description\":\"Dispensador 2 en 1 Fuente para mascotas con un solo cuenco de comida con riego autom\u00e1tico. fuente de agua para gatos pet shop\",\"breadcrumb\":{\"@id\":\"https:\\\/\\\/gatosperu.com\\\/producto\\\/dispensador-2-en-1-fuente-para-mascotas-con-un-solo-cuenco-de-comida-con-riego-automatico\\\/#breadcrumb\"},\"inLanguage\":\"es\",\"potentialAction\":[{\"@type\":\"ReadAction\",\"target\":[\"https:\\\/\\\/gatosperu.com\\\/producto\\\/dispensador-2-en-1-fuente-para-mascotas-con-un-solo-cuenco-de-comida-con-riego-automatico\\\/\"]}]},{\"@type\":\"ImageObject\",\"inLanguage\":\"es\",\"@id\":\"https:\\\/\\\/gatosperu.com\\\/producto\\\/dispensador-2-en-1-fuente-para-mascotas-con-un-solo-cuenco-de-comida-con-riego-automatico\\\/#primaryimage\",\"url\":\"https:\\\/\\\/gatosperu.com\\\/wp-content\\\/uploads\\\/2024\\\/03\\\/Dispensador-2-en-1-Fuente-para-mascotas-con-un-solo-cuenco-de-comida-con-riego-automatico.webp\",\"contentUrl\":\"https:\\\/\\\/gatosperu.com\\\/wp-content\\\/uploads\\\/2024\\\/03\\\/Dispensador-2-en-1-Fuente-para-mascotas-con-un-solo-cuenco-de-comida-con-riego-automatico.webp\",\"width\":720,\"height\":720},{\"@type\":\"BreadcrumbList\",\"@id\":\"https:\\\/\\\/gatosperu.com\\\/producto\\\/dispensador-2-en-1-fuente-para-mascotas-con-un-solo-cuenco-de-comida-con-riego-automatico\\\/#breadcrumb\",\"itemListElement\":[{\"@type\":\"ListItem\",\"position\":1,\"name\":\"Portada\",\"item\":\"https:\\\/\\\/gatosperu.com\\\/\"},{\"@type\":\"ListItem\",\"position\":2,\"name\":\"Productos\",\"item\":\"https:\\\/\\\/gatosperu.com\\\/productos\\\/\"},{\"@type\":\"ListItem\",\"position\":3,\"name\":\"Dispensador 2 en 1 Fuente para mascotas con un solo cuenco de comida con riego autom\u00e1tico\"}]},{\"@type\":\"WebSite\",\"@id\":\"https:\\\/\\\/gatosperu.com\\\/#website\",\"url\":\"https:\\\/\\\/gatosperu.com\\\/\",\"name\":\"Gatos Per\u00fa Pet Shop\",\"description\":\"Tienda virtual para gatos\",\"publisher\":{\"@id\":\"https:\\\/\\\/gatosperu.com\\\/#organization\"},\"potentialAction\":[{\"@type\":\"SearchAction\",\"target\":{\"@type\":\"EntryPoint\",\"urlTemplate\":\"https:\\\/\\\/gatosperu.com\\\/?s={search_term_string}\"},\"query-input\":{\"@type\":\"PropertyValueSpecification\",\"valueRequired\":true,\"valueName\":\"search_term_string\"}}],\"inLanguage\":\"es\"},{\"@type\":\"Organization\",\"@id\":\"https:\\\/\\\/gatosperu.com\\\/#organization\",\"name\":\"Thayacha\",\"url\":\"https:\\\/\\\/gatosperu.com\\\/\",\"logo\":{\"@type\":\"ImageObject\",\"inLanguage\":\"es\",\"@id\":\"https:\\\/\\\/gatosperu.com\\\/#\\\/schema\\\/logo\\\/image\\\/\",\"url\":\"https:\\\/\\\/gatosperu.com\\\/wp-content\\\/uploads\\\/2020\\\/04\\\/ty-e1589221156944.png\",\"contentUrl\":\"https:\\\/\\\/gatosperu.com\\\/wp-content\\\/uploads\\\/2020\\\/04\\\/ty-e1589221156944.png\",\"width\":573,\"height\":419,\"caption\":\"Thayacha\"},\"image\":{\"@id\":\"https:\\\/\\\/gatosperu.com\\\/#\\\/schema\\\/logo\\\/image\\\/\"}}]}<\/script>\n<!-- \/ Yoast SEO plugin. -->","yoast_head_json":{"title":"Dispensador 2 en 1 Fuente para mascotas con un solo cuenco de comida con riego autom\u00e1tico | Gatos Per\u00fa Pet Shop","description":"Dispensador 2 en 1 Fuente para mascotas con un solo cuenco de comida con riego autom\u00e1tico. fuente de agua para gatos pet shop","robots":{"index":"index","follow":"follow","max-snippet":"max-snippet:-1","max-image-preview":"max-image-preview:large","max-video-preview":"max-video-preview:-1"},"canonical":"https:\/\/gatosperu.com\/es\/producto\/dispensador-2-en-1-fuente-para-mascotas-con-un-solo-cuenco-de-comida-con-riego-automatico\/","og_locale":"es_ES","og_type":"article","og_title":"Dispensador 2 en 1 Fuente para mascotas con un solo cuenco de comida con riego autom\u00e1tico | Gatos Per\u00fa Pet Shop","og_description":"Dispensador 2 en 1 Fuente para mascotas con un solo cuenco de comida con riego autom\u00e1tico. fuente de agua para gatos pet shop","og_url":"https:\/\/gatosperu.com\/es\/producto\/dispensador-2-en-1-fuente-para-mascotas-con-un-solo-cuenco-de-comida-con-riego-automatico\/","og_site_name":"Gatos Per\u00fa Pet Shop","article_modified_time":"2026-01-09T03:34:48+00:00","og_image":[{"width":720,"height":720,"url":"https:\/\/gatosperu.com\/wp-content\/uploads\/2024\/03\/Dispensador-2-en-1-Fuente-para-mascotas-con-un-solo-cuenco-de-comida-con-riego-automatico.webp","type":"image\/webp"}],"twitter_card":"summary_large_image","twitter_misc":{"Tiempo de lectura":"1 minuto"},"schema":{"@context":"https:\/\/schema.org","@graph":[{"@type":"WebPage","@id":"https:\/\/gatosperu.com\/producto\/dispensador-2-en-1-fuente-para-mascotas-con-un-solo-cuenco-de-comida-con-riego-automatico\/","url":"https:\/\/gatosperu.com\/producto\/dispensador-2-en-1-fuente-para-mascotas-con-un-solo-cuenco-de-comida-con-riego-automatico\/","name":"Dispensador 2 en 1 Fuente para mascotas con un solo cuenco de comida con riego autom\u00e1tico | Gatos Per\u00fa Pet Shop","isPartOf":{"@id":"https:\/\/gatosperu.com\/#website"},"primaryImageOfPage":{"@id":"https:\/\/gatosperu.com\/producto\/dispensador-2-en-1-fuente-para-mascotas-con-un-solo-cuenco-de-comida-con-riego-automatico\/#primaryimage"},"image":{"@id":"https:\/\/gatosperu.com\/producto\/dispensador-2-en-1-fuente-para-mascotas-con-un-solo-cuenco-de-comida-con-riego-automatico\/#primaryimage"},"thumbnailUrl":"https:\/\/gatosperu.com\/wp-content\/uploads\/2024\/03\/Dispensador-2-en-1-Fuente-para-mascotas-con-un-solo-cuenco-de-comida-con-riego-automatico.webp","datePublished":"2024-03-14T03:04:57+00:00","dateModified":"2026-01-09T03:34:48+00:00","description":"Dispensador 2 en 1 Fuente para mascotas con un solo cuenco de comida con riego autom\u00e1tico. fuente de agua para gatos pet shop","breadcrumb":{"@id":"https:\/\/gatosperu.com\/producto\/dispensador-2-en-1-fuente-para-mascotas-con-un-solo-cuenco-de-comida-con-riego-automatico\/#breadcrumb"},"inLanguage":"es","potentialAction":[{"@type":"ReadAction","target":["https:\/\/gatosperu.com\/producto\/dispensador-2-en-1-fuente-para-mascotas-con-un-solo-cuenco-de-comida-con-riego-automatico\/"]}]},{"@type":"ImageObject","inLanguage":"es","@id":"https:\/\/gatosperu.com\/producto\/dispensador-2-en-1-fuente-para-mascotas-con-un-solo-cuenco-de-comida-con-riego-automatico\/#primaryimage","url":"https:\/\/gatosperu.com\/wp-content\/uploads\/2024\/03\/Dispensador-2-en-1-Fuente-para-mascotas-con-un-solo-cuenco-de-comida-con-riego-automatico.webp","contentUrl":"https:\/\/gatosperu.com\/wp-content\/uploads\/2024\/03\/Dispensador-2-en-1-Fuente-para-mascotas-con-un-solo-cuenco-de-comida-con-riego-automatico.webp","width":720,"height":720},{"@type":"BreadcrumbList","@id":"https:\/\/gatosperu.com\/producto\/dispensador-2-en-1-fuente-para-mascotas-con-un-solo-cuenco-de-comida-con-riego-automatico\/#breadcrumb","itemListElement":[{"@type":"ListItem","position":1,"name":"Portada","item":"https:\/\/gatosperu.com\/"},{"@type":"ListItem","position":2,"name":"Productos","item":"https:\/\/gatosperu.com\/productos\/"},{"@type":"ListItem","position":3,"name":"Dispensador 2 en 1 Fuente para mascotas con un solo cuenco de comida con riego autom\u00e1tico"}]},{"@type":"WebSite","@id":"https:\/\/gatosperu.com\/#website","url":"https:\/\/gatosperu.com\/","name":"Gatos Per\u00fa Pet Shop","description":"Tienda virtual para gatos","publisher":{"@id":"https:\/\/gatosperu.com\/#organization"},"potentialAction":[{"@type":"SearchAction","target":{"@type":"EntryPoint","urlTemplate":"https:\/\/gatosperu.com\/?s={search_term_string}"},"query-input":{"@type":"PropertyValueSpecification","valueRequired":true,"valueName":"search_term_string"}}],"inLanguage":"es"},{"@type":"Organization","@id":"https:\/\/gatosperu.com\/#organization","name":"Thayacha","url":"https:\/\/gatosperu.com\/","logo":{"@type":"ImageObject","inLanguage":"es","@id":"https:\/\/gatosperu.com\/#\/schema\/logo\/image\/","url":"https:\/\/gatosperu.com\/wp-content\/uploads\/2020\/04\/ty-e1589221156944.png","contentUrl":"https:\/\/gatosperu.com\/wp-content\/uploads\/2020\/04\/ty-e1589221156944.png","width":573,"height":419,"caption":"Thayacha"},"image":{"@id":"https:\/\/gatosperu.com\/#\/schema\/logo\/image\/"}}]}},"_links":{"self":[{"href":"https:\/\/gatosperu.com\/es\/wp-json\/wp\/v2\/product\/3470","targetHints":{"allow":["GET"]}}],"collection":[{"href":"https:\/\/gatosperu.com\/es\/wp-json\/wp\/v2\/product"}],"about":[{"href":"https:\/\/gatosperu.com\/es\/wp-json\/wp\/v2\/types\/product"}],"replies":[{"embeddable":true,"href":"https:\/\/gatosperu.com\/es\/wp-json\/wp\/v2\/comments?post=3470"}],"wp:featuredmedia":[{"embeddable":true,"href":"https:\/\/gatosperu.com\/es\/wp-json\/wp\/v2\/media\/3471"}],"wp:attachment":[{"href":"https:\/\/gatosperu.com\/es\/wp-json\/wp\/v2\/media?parent=3470"}],"wp:term":[{"taxonomy":"product_brand","embeddable":true,"href":"https:\/\/gatosperu.com\/es\/wp-json\/wp\/v2\/product_brand?post=3470"},{"taxonomy":"product_cat","embeddable":true,"href":"https:\/\/gatosperu.com\/es\/wp-json\/wp\/v2\/product_cat?post=3470"},{"taxonomy":"product_tag","embeddable":true,"href":"https:\/\/gatosperu.com\/es\/wp-json\/wp\/v2\/product_tag?post=3470"}],"curies":[{"name":"wp","href":"https:\/\/api.w.org\/{rel}","templated":true}]}}