{"id":3479,"date":"2024-03-14T04:47:06","date_gmt":"2024-03-14T04:47:06","guid":{"rendered":"https:\/\/thayacha.com\/petshow\/?post_type=product&#038;p=3479"},"modified":"2024-03-14T05:29:11","modified_gmt":"2024-03-14T05:29:11","slug":"alimentador-para-gatos-con-forma-de-aguacate-juego-de-dispensador-automatico-de-agua-para-gatos-comida-lenta-elevada-para-perros-y-gatos-pequenos-y-medianos-color-verde","status":"publish","type":"product","link":"https:\/\/gatosperu.com\/es\/producto\/alimentador-para-gatos-con-forma-de-aguacate-juego-de-dispensador-automatico-de-agua-para-gatos-comida-lenta-elevada-para-perros-y-gatos-pequenos-y-medianos-color-verde\/","title":{"rendered":"Alimentador para gatos con forma de aguacate, juego de dispensador autom\u00e1tico de agua para gatos, comida lenta elevada, para perros y gatos peque\u00f1os y medianos, color verde"},"content":{"rendered":"<h5 class=\"default\">Descripci\u00f3n del producto<\/h5>\n<p class=\"default\">Caracter\u00edsticas:<\/p>\n<div id=\"productDescription\" class=\"a-section a-spacing-small\">\n<ul>\n<li>Dise\u00f1o \u00fanico, no ser\u00e1 derrocado por tu mascota, puede ser una hermosa decoraci\u00f3n en los cuencos de comida para perros de la habitaci\u00f3n.<\/li>\n<li>Con superficie lisa, tu mascota tendr\u00e1 una sensaci\u00f3n c\u00f3moda al tacto, es lo suficientemente segura para almacenar el recipiente de agua para perros.<\/li>\n<li>Material: Taz\u00f3n de comida de cachorro de pl\u00e1stico.<\/li>\n<li>Compacto en tama\u00f1o y ligero en peso, no ocupar\u00e1 mucho espacio. Es muy f\u00e1cil de usar decoraciones n\u00e1uticas de escritorio.<\/li>\n<li>Resistente a la presi\u00f3n, y no da\u00f1a la salud de la mascota alimentador de agua para gatos.<\/li>\n<li>Para la familia y amigos que tienen mascota, ser\u00e1n muy felices y conveniente taz\u00f3n de agua para mascotas.<\/li>\n<li>Aspecto lindo: el taz\u00f3n elevado de comida para gatos tiene una forma de aguacate de dibujos animados, que es lindo e interesante, y atrae la atenci\u00f3n de las mascotas.<\/li>\n<li>Protecci\u00f3n de las v\u00e9rtebras cervicales: el comedero para gatos con forma de aguacate adopta un dise\u00f1o de 15 pendientes para proteger las v\u00e9rtebras cervicales y reducir la presi\u00f3n.<\/li>\n<li>Material premium: el taz\u00f3n de comida para gatos elevado est\u00e1 hecho de materiales ABS, PP y HOPS de primera calidad, que son duraderos, no se da\u00f1an f\u00e1cilmente y tienen una larga vida \u00fatil.<\/li>\n<\/ul>\n<p>Descripci\u00f3n de las mercanc\u00edas<br \/>\nComedero de comida para gatos hecho de material pl\u00e1stico superior, es de alta calidad y de usar. Dispensador de agua autom\u00e1tico para gatos Una herramienta de alimentaci\u00f3n perfecta para tu mascota mientras no est\u00e1s en casa. Taz\u00f3n de agua por gravedad para gatos. Si est\u00e1s buscando un alimentador de agua para tu mascota, entonces no debes perderte nuestro alimentador autom\u00e1tico de agua.<\/p>\n<div class=\"mb3\">\n<div class=\"dangerous-html mb3\">\n<p>Especificaciones:<\/p>\n<ul>\n<li>Tipo de art\u00edculo: Taz\u00f3n de agua para mascotas<\/li>\n<li>Material: ABS, PP, L\u00daPULO<\/li>\n<li>Lista de paquetes: 1 x taz\u00f3n de comida para mascotas<\/li>\n<\/ul>\n<\/div>\n<\/div>\n<div class=\"mb3\">\n<div class=\"dangerous-html mb3\">\n<div>Alimentador para gatos con forma de aguacate, juego de dispensador autom\u00e1tico de agua para gatos para perros y gatos peque\u00f1os y medianos, color verde.<\/div>\n<\/div>\n<\/div>\n<\/div>","protected":false},"excerpt":{"rendered":"<h6 style=\"text-align: left;\"><strong>Alimentador para gatos con forma de aguacate, juego de dispensador autom\u00e1tico de agua para gatos, comida lenta elevada, para perros y gatos peque\u00f1os y medianos, color verde.<\/strong><\/h6>\n<ul class=\"a-unordered-list a-vertical a-spacing-mini\">\n<li class=\"a-spacing-mini\"><span class=\"a-list-item\">Dispensador de agua para jaula para mascotas: material cuidadosamente premium, seguro, de alta densidad, superficie lisa, no es f\u00e1cil de condensar la suciedad.<\/span><\/li>\n<li class=\"a-spacing-mini\"><span class=\"a-list-item\">Alimentador de comida para gatos: con este producto, no hay necesidad de preocuparse por el problema del agua de la mascota incluso cuando no est\u00e1 en casa.<\/span><\/li>\n<li class=\"a-spacing-mini\"><span class=\"a-list-item\">Dispensador autom\u00e1tico de agua para gatos: Material cuidadosamente premium, seguro, de alta densidad, superficie lisa, no es f\u00e1cil de condensar.<\/span><\/li>\n<li class=\"a-spacing-mini\"><span class=\"a-list-item\">Cuenco de agua por gravedad para gatos: este alimentador de agua puede proporcionar agua limpia y fresca autom\u00e1ticamente para tus encantadoras mascotas.<\/span><\/li>\n<li class=\"a-spacing-mini\"><span class=\"a-list-item\">Accesorio para mascotas: el comedero de agua es suave y no da\u00f1a a tu mascota, a tu gato o perro le gustar\u00e1.<\/span><\/li>\n<\/ul>","protected":false},"featured_media":3485,"comment_status":"closed","ping_status":"closed","template":"","meta":{"_gspb_post_css":"","content-type":""},"product_brand":[],"product_cat":[80,85,79],"product_tag":[],"class_list":{"0":"post-3479","1":"product","2":"type-product","3":"status-publish","4":"has-post-thumbnail","6":"product_cat-productos-para-gatos","7":"product_cat-platos-y-bebederos","8":"product_cat-productos-para-perros","10":"first","11":"instock","12":"taxable","13":"shipping-taxable","14":"purchasable","15":"product-type-simple"},"yoast_head":"<!-- This site is optimized with the Yoast SEO plugin v27.5 - https:\/\/yoast.com\/product\/yoast-seo-wordpress\/ -->\n<title>Alimentador para gatos con forma de aguacate, juego de dispensador autom\u00e1tico de agua para gatos, comida lenta elevada, para perros y gatos peque\u00f1os y medianos, color verde | Gatos Per\u00fa Pet Shop<\/title>\n<meta name=\"description\" content=\"Dispensador autom\u00e1tico de agua para mascotas, Alimentador para gatos con forma de aguacate, bebedero autom\u00e1tico para gatos.\" \/>\n<meta name=\"robots\" content=\"index, follow, max-snippet:-1, max-image-preview:large, max-video-preview:-1\" \/>\n<link rel=\"canonical\" href=\"https:\/\/gatosperu.com\/es\/producto\/alimentador-para-gatos-con-forma-de-aguacate-juego-de-dispensador-automatico-de-agua-para-gatos-comida-lenta-elevada-para-perros-y-gatos-pequenos-y-medianos-color-verde\/\" \/>\n<meta property=\"og:locale\" content=\"es_ES\" \/>\n<meta property=\"og:type\" content=\"article\" \/>\n<meta property=\"og:title\" content=\"Alimentador para gatos con forma de aguacate, juego de dispensador autom\u00e1tico de agua para gatos, comida lenta elevada, para perros y gatos peque\u00f1os y medianos, color verde | Gatos Per\u00fa Pet Shop\" \/>\n<meta property=\"og:description\" content=\"Dispensador autom\u00e1tico de agua para mascotas, Alimentador para gatos con forma de aguacate, bebedero autom\u00e1tico para gatos.\" \/>\n<meta property=\"og:url\" content=\"https:\/\/gatosperu.com\/es\/producto\/alimentador-para-gatos-con-forma-de-aguacate-juego-de-dispensador-automatico-de-agua-para-gatos-comida-lenta-elevada-para-perros-y-gatos-pequenos-y-medianos-color-verde\/\" \/>\n<meta property=\"og:site_name\" content=\"Gatos Per\u00fa Pet Shop\" \/>\n<meta property=\"article:modified_time\" content=\"2024-03-14T05:29:11+00:00\" \/>\n<meta property=\"og:image\" content=\"https:\/\/gatosperu.com\/wp-content\/uploads\/2024\/03\/palta-bebedero-agua-petshop.jpg\" \/>\n\t<meta property=\"og:image:width\" content=\"720\" \/>\n\t<meta property=\"og:image:height\" content=\"959\" \/>\n\t<meta property=\"og:image:type\" content=\"image\/jpeg\" \/>\n<meta name=\"twitter:card\" content=\"summary_large_image\" \/>\n<meta name=\"twitter:label1\" content=\"Tiempo de lectura\" \/>\n\t<meta name=\"twitter:data1\" content=\"2 minutos\" \/>\n<script type=\"application\/ld+json\" class=\"yoast-schema-graph\">{\"@context\":\"https:\\\/\\\/schema.org\",\"@graph\":[{\"@type\":\"WebPage\",\"@id\":\"https:\\\/\\\/gatosperu.com\\\/producto\\\/alimentador-para-gatos-con-forma-de-aguacate-juego-de-dispensador-automatico-de-agua-para-gatos-comida-lenta-elevada-para-perros-y-gatos-pequenos-y-medianos-color-verde\\\/\",\"url\":\"https:\\\/\\\/gatosperu.com\\\/producto\\\/alimentador-para-gatos-con-forma-de-aguacate-juego-de-dispensador-automatico-de-agua-para-gatos-comida-lenta-elevada-para-perros-y-gatos-pequenos-y-medianos-color-verde\\\/\",\"name\":\"Alimentador para gatos con forma de aguacate, juego de dispensador autom\u00e1tico de agua para gatos, comida lenta elevada, para perros y gatos peque\u00f1os y medianos, color verde | Gatos Per\u00fa Pet Shop\",\"isPartOf\":{\"@id\":\"https:\\\/\\\/gatosperu.com\\\/#website\"},\"primaryImageOfPage\":{\"@id\":\"https:\\\/\\\/gatosperu.com\\\/producto\\\/alimentador-para-gatos-con-forma-de-aguacate-juego-de-dispensador-automatico-de-agua-para-gatos-comida-lenta-elevada-para-perros-y-gatos-pequenos-y-medianos-color-verde\\\/#primaryimage\"},\"image\":{\"@id\":\"https:\\\/\\\/gatosperu.com\\\/producto\\\/alimentador-para-gatos-con-forma-de-aguacate-juego-de-dispensador-automatico-de-agua-para-gatos-comida-lenta-elevada-para-perros-y-gatos-pequenos-y-medianos-color-verde\\\/#primaryimage\"},\"thumbnailUrl\":\"https:\\\/\\\/gatosperu.com\\\/wp-content\\\/uploads\\\/2024\\\/03\\\/palta-bebedero-agua-petshop.jpg\",\"datePublished\":\"2024-03-14T04:47:06+00:00\",\"dateModified\":\"2024-03-14T05:29:11+00:00\",\"description\":\"Dispensador autom\u00e1tico de agua para mascotas, Alimentador para gatos con forma de aguacate, bebedero autom\u00e1tico para gatos.\",\"breadcrumb\":{\"@id\":\"https:\\\/\\\/gatosperu.com\\\/producto\\\/alimentador-para-gatos-con-forma-de-aguacate-juego-de-dispensador-automatico-de-agua-para-gatos-comida-lenta-elevada-para-perros-y-gatos-pequenos-y-medianos-color-verde\\\/#breadcrumb\"},\"inLanguage\":\"es\",\"potentialAction\":[{\"@type\":\"ReadAction\",\"target\":[\"https:\\\/\\\/gatosperu.com\\\/producto\\\/alimentador-para-gatos-con-forma-de-aguacate-juego-de-dispensador-automatico-de-agua-para-gatos-comida-lenta-elevada-para-perros-y-gatos-pequenos-y-medianos-color-verde\\\/\"]}]},{\"@type\":\"ImageObject\",\"inLanguage\":\"es\",\"@id\":\"https:\\\/\\\/gatosperu.com\\\/producto\\\/alimentador-para-gatos-con-forma-de-aguacate-juego-de-dispensador-automatico-de-agua-para-gatos-comida-lenta-elevada-para-perros-y-gatos-pequenos-y-medianos-color-verde\\\/#primaryimage\",\"url\":\"https:\\\/\\\/gatosperu.com\\\/wp-content\\\/uploads\\\/2024\\\/03\\\/palta-bebedero-agua-petshop.jpg\",\"contentUrl\":\"https:\\\/\\\/gatosperu.com\\\/wp-content\\\/uploads\\\/2024\\\/03\\\/palta-bebedero-agua-petshop.jpg\",\"width\":720,\"height\":959},{\"@type\":\"BreadcrumbList\",\"@id\":\"https:\\\/\\\/gatosperu.com\\\/producto\\\/alimentador-para-gatos-con-forma-de-aguacate-juego-de-dispensador-automatico-de-agua-para-gatos-comida-lenta-elevada-para-perros-y-gatos-pequenos-y-medianos-color-verde\\\/#breadcrumb\",\"itemListElement\":[{\"@type\":\"ListItem\",\"position\":1,\"name\":\"Portada\",\"item\":\"https:\\\/\\\/gatosperu.com\\\/\"},{\"@type\":\"ListItem\",\"position\":2,\"name\":\"Productos\",\"item\":\"https:\\\/\\\/gatosperu.com\\\/productos\\\/\"},{\"@type\":\"ListItem\",\"position\":3,\"name\":\"Alimentador para gatos con forma de aguacate, juego de dispensador autom\u00e1tico de agua para gatos, comida lenta elevada, para perros y gatos peque\u00f1os y medianos, color verde\"}]},{\"@type\":\"WebSite\",\"@id\":\"https:\\\/\\\/gatosperu.com\\\/#website\",\"url\":\"https:\\\/\\\/gatosperu.com\\\/\",\"name\":\"Gatos Per\u00fa Pet Shop\",\"description\":\"Tienda virtual para gatos\",\"publisher\":{\"@id\":\"https:\\\/\\\/gatosperu.com\\\/#organization\"},\"potentialAction\":[{\"@type\":\"SearchAction\",\"target\":{\"@type\":\"EntryPoint\",\"urlTemplate\":\"https:\\\/\\\/gatosperu.com\\\/?s={search_term_string}\"},\"query-input\":{\"@type\":\"PropertyValueSpecification\",\"valueRequired\":true,\"valueName\":\"search_term_string\"}}],\"inLanguage\":\"es\"},{\"@type\":\"Organization\",\"@id\":\"https:\\\/\\\/gatosperu.com\\\/#organization\",\"name\":\"Thayacha\",\"url\":\"https:\\\/\\\/gatosperu.com\\\/\",\"logo\":{\"@type\":\"ImageObject\",\"inLanguage\":\"es\",\"@id\":\"https:\\\/\\\/gatosperu.com\\\/#\\\/schema\\\/logo\\\/image\\\/\",\"url\":\"https:\\\/\\\/gatosperu.com\\\/wp-content\\\/uploads\\\/2020\\\/04\\\/ty-e1589221156944.png\",\"contentUrl\":\"https:\\\/\\\/gatosperu.com\\\/wp-content\\\/uploads\\\/2020\\\/04\\\/ty-e1589221156944.png\",\"width\":573,\"height\":419,\"caption\":\"Thayacha\"},\"image\":{\"@id\":\"https:\\\/\\\/gatosperu.com\\\/#\\\/schema\\\/logo\\\/image\\\/\"}}]}<\/script>\n<!-- \/ Yoast SEO plugin. -->","yoast_head_json":{"title":"Alimentador para gatos con forma de aguacate, juego de dispensador autom\u00e1tico de agua para gatos, comida lenta elevada, para perros y gatos peque\u00f1os y medianos, color verde | Gatos Per\u00fa Pet Shop","description":"Dispensador autom\u00e1tico de agua para mascotas, Alimentador para gatos con forma de aguacate, bebedero autom\u00e1tico para gatos.","robots":{"index":"index","follow":"follow","max-snippet":"max-snippet:-1","max-image-preview":"max-image-preview:large","max-video-preview":"max-video-preview:-1"},"canonical":"https:\/\/gatosperu.com\/es\/producto\/alimentador-para-gatos-con-forma-de-aguacate-juego-de-dispensador-automatico-de-agua-para-gatos-comida-lenta-elevada-para-perros-y-gatos-pequenos-y-medianos-color-verde\/","og_locale":"es_ES","og_type":"article","og_title":"Alimentador para gatos con forma de aguacate, juego de dispensador autom\u00e1tico de agua para gatos, comida lenta elevada, para perros y gatos peque\u00f1os y medianos, color verde | Gatos Per\u00fa Pet Shop","og_description":"Dispensador autom\u00e1tico de agua para mascotas, Alimentador para gatos con forma de aguacate, bebedero autom\u00e1tico para gatos.","og_url":"https:\/\/gatosperu.com\/es\/producto\/alimentador-para-gatos-con-forma-de-aguacate-juego-de-dispensador-automatico-de-agua-para-gatos-comida-lenta-elevada-para-perros-y-gatos-pequenos-y-medianos-color-verde\/","og_site_name":"Gatos Per\u00fa Pet Shop","article_modified_time":"2024-03-14T05:29:11+00:00","og_image":[{"width":720,"height":959,"url":"https:\/\/gatosperu.com\/wp-content\/uploads\/2024\/03\/palta-bebedero-agua-petshop.jpg","type":"image\/jpeg"}],"twitter_card":"summary_large_image","twitter_misc":{"Tiempo de lectura":"2 minutos"},"schema":{"@context":"https:\/\/schema.org","@graph":[{"@type":"WebPage","@id":"https:\/\/gatosperu.com\/producto\/alimentador-para-gatos-con-forma-de-aguacate-juego-de-dispensador-automatico-de-agua-para-gatos-comida-lenta-elevada-para-perros-y-gatos-pequenos-y-medianos-color-verde\/","url":"https:\/\/gatosperu.com\/producto\/alimentador-para-gatos-con-forma-de-aguacate-juego-de-dispensador-automatico-de-agua-para-gatos-comida-lenta-elevada-para-perros-y-gatos-pequenos-y-medianos-color-verde\/","name":"Alimentador para gatos con forma de aguacate, juego de dispensador autom\u00e1tico de agua para gatos, comida lenta elevada, para perros y gatos peque\u00f1os y medianos, color verde | Gatos Per\u00fa Pet Shop","isPartOf":{"@id":"https:\/\/gatosperu.com\/#website"},"primaryImageOfPage":{"@id":"https:\/\/gatosperu.com\/producto\/alimentador-para-gatos-con-forma-de-aguacate-juego-de-dispensador-automatico-de-agua-para-gatos-comida-lenta-elevada-para-perros-y-gatos-pequenos-y-medianos-color-verde\/#primaryimage"},"image":{"@id":"https:\/\/gatosperu.com\/producto\/alimentador-para-gatos-con-forma-de-aguacate-juego-de-dispensador-automatico-de-agua-para-gatos-comida-lenta-elevada-para-perros-y-gatos-pequenos-y-medianos-color-verde\/#primaryimage"},"thumbnailUrl":"https:\/\/gatosperu.com\/wp-content\/uploads\/2024\/03\/palta-bebedero-agua-petshop.jpg","datePublished":"2024-03-14T04:47:06+00:00","dateModified":"2024-03-14T05:29:11+00:00","description":"Dispensador autom\u00e1tico de agua para mascotas, Alimentador para gatos con forma de aguacate, bebedero autom\u00e1tico para gatos.","breadcrumb":{"@id":"https:\/\/gatosperu.com\/producto\/alimentador-para-gatos-con-forma-de-aguacate-juego-de-dispensador-automatico-de-agua-para-gatos-comida-lenta-elevada-para-perros-y-gatos-pequenos-y-medianos-color-verde\/#breadcrumb"},"inLanguage":"es","potentialAction":[{"@type":"ReadAction","target":["https:\/\/gatosperu.com\/producto\/alimentador-para-gatos-con-forma-de-aguacate-juego-de-dispensador-automatico-de-agua-para-gatos-comida-lenta-elevada-para-perros-y-gatos-pequenos-y-medianos-color-verde\/"]}]},{"@type":"ImageObject","inLanguage":"es","@id":"https:\/\/gatosperu.com\/producto\/alimentador-para-gatos-con-forma-de-aguacate-juego-de-dispensador-automatico-de-agua-para-gatos-comida-lenta-elevada-para-perros-y-gatos-pequenos-y-medianos-color-verde\/#primaryimage","url":"https:\/\/gatosperu.com\/wp-content\/uploads\/2024\/03\/palta-bebedero-agua-petshop.jpg","contentUrl":"https:\/\/gatosperu.com\/wp-content\/uploads\/2024\/03\/palta-bebedero-agua-petshop.jpg","width":720,"height":959},{"@type":"BreadcrumbList","@id":"https:\/\/gatosperu.com\/producto\/alimentador-para-gatos-con-forma-de-aguacate-juego-de-dispensador-automatico-de-agua-para-gatos-comida-lenta-elevada-para-perros-y-gatos-pequenos-y-medianos-color-verde\/#breadcrumb","itemListElement":[{"@type":"ListItem","position":1,"name":"Portada","item":"https:\/\/gatosperu.com\/"},{"@type":"ListItem","position":2,"name":"Productos","item":"https:\/\/gatosperu.com\/productos\/"},{"@type":"ListItem","position":3,"name":"Alimentador para gatos con forma de aguacate, juego de dispensador autom\u00e1tico de agua para gatos, comida lenta elevada, para perros y gatos peque\u00f1os y medianos, color verde"}]},{"@type":"WebSite","@id":"https:\/\/gatosperu.com\/#website","url":"https:\/\/gatosperu.com\/","name":"Gatos Per\u00fa Pet Shop","description":"Tienda virtual para gatos","publisher":{"@id":"https:\/\/gatosperu.com\/#organization"},"potentialAction":[{"@type":"SearchAction","target":{"@type":"EntryPoint","urlTemplate":"https:\/\/gatosperu.com\/?s={search_term_string}"},"query-input":{"@type":"PropertyValueSpecification","valueRequired":true,"valueName":"search_term_string"}}],"inLanguage":"es"},{"@type":"Organization","@id":"https:\/\/gatosperu.com\/#organization","name":"Thayacha","url":"https:\/\/gatosperu.com\/","logo":{"@type":"ImageObject","inLanguage":"es","@id":"https:\/\/gatosperu.com\/#\/schema\/logo\/image\/","url":"https:\/\/gatosperu.com\/wp-content\/uploads\/2020\/04\/ty-e1589221156944.png","contentUrl":"https:\/\/gatosperu.com\/wp-content\/uploads\/2020\/04\/ty-e1589221156944.png","width":573,"height":419,"caption":"Thayacha"},"image":{"@id":"https:\/\/gatosperu.com\/#\/schema\/logo\/image\/"}}]}},"_links":{"self":[{"href":"https:\/\/gatosperu.com\/es\/wp-json\/wp\/v2\/product\/3479","targetHints":{"allow":["GET"]}}],"collection":[{"href":"https:\/\/gatosperu.com\/es\/wp-json\/wp\/v2\/product"}],"about":[{"href":"https:\/\/gatosperu.com\/es\/wp-json\/wp\/v2\/types\/product"}],"replies":[{"embeddable":true,"href":"https:\/\/gatosperu.com\/es\/wp-json\/wp\/v2\/comments?post=3479"}],"wp:featuredmedia":[{"embeddable":true,"href":"https:\/\/gatosperu.com\/es\/wp-json\/wp\/v2\/media\/3485"}],"wp:attachment":[{"href":"https:\/\/gatosperu.com\/es\/wp-json\/wp\/v2\/media?parent=3479"}],"wp:term":[{"taxonomy":"product_brand","embeddable":true,"href":"https:\/\/gatosperu.com\/es\/wp-json\/wp\/v2\/product_brand?post=3479"},{"taxonomy":"product_cat","embeddable":true,"href":"https:\/\/gatosperu.com\/es\/wp-json\/wp\/v2\/product_cat?post=3479"},{"taxonomy":"product_tag","embeddable":true,"href":"https:\/\/gatosperu.com\/es\/wp-json\/wp\/v2\/product_tag?post=3479"}],"curies":[{"name":"wp","href":"https:\/\/api.w.org\/{rel}","templated":true}]}}