{"id":3489,"date":"2024-03-21T04:35:42","date_gmt":"2024-03-21T04:35:42","guid":{"rendered":"https:\/\/thayacha.com\/petshow\/?post_type=product&#038;p=3489"},"modified":"2024-03-21T05:07:28","modified_gmt":"2024-03-21T05:07:28","slug":"cuenco-de-ceramica-para-comer-gatos-y-perros-proteccion-contra-vuelco-para-vertebras-cervicales-productos-para-mascotas-cuenco-de-boca-oblicua-amarillo","status":"publish","type":"product","link":"https:\/\/gatosperu.com\/es\/producto\/cuenco-de-ceramica-para-comer-gatos-y-perros-proteccion-contra-vuelco-para-vertebras-cervicales-productos-para-mascotas-cuenco-de-boca-oblicua-amarillo\/","title":{"rendered":"Cuenco de cer\u00e1mica para comer gatos y perros, protecci\u00f3n contra vuelco para v\u00e9rtebras cervicales, productos para mascotas, cuenco de boca oblicua-amarillo"},"content":{"rendered":"<p><strong>Ayuda a tu gato a comer mejor, sin estr\u00e9s por sus bigotes y perfecto para evitar problemas de v\u00f3mitos.<\/strong><\/p>\n<p>\u00a1Vea c\u00f3mo mejora la salud general de sus mascotas simplemente cambiando la ergonom\u00eda de su alimentaci\u00f3n! Ya sea por la edad avanzada o la artritis, los tazones regulares tienden a ser muy inc\u00f3modos para que los gatos coman. Los tazones huecos y profundos irritan los bigotes de un gato, agregan tensi\u00f3n a sus cuellos y hacen que quieran comer demasiado r\u00e1pido; causando indigesti\u00f3n, v\u00f3mitos y mucho dolor. Por ello, pone a tu pobre gatito bajo mucho estr\u00e9s y tambi\u00e9n puede hacer que se desinteresen por completo de la hora de comer.<\/p>\n<p><strong>\u00bfSAB\u00cdAS?<\/strong><br \/>\nSu gato puede estar vomitando despu\u00e9s de las comidas porque se agacha para comer y\/o tiene fatiga en los bigotes.<\/p>\n<p>El plato para gatos anti v\u00f3mito amigable\u00a0para bigotes est\u00e1 dise\u00f1ado para ayudar a los gatos a comer de forma c\u00f3moda y natural.<\/p>\n<p>&#8211; Tambi\u00e9n funciona para perros peque\u00f1os.<br \/>\n&#8211; Funciona perfectamente con alimentos secos o h\u00famedos<br \/>\n&#8211; Desmontable y apto para lavavajillas.<\/p>\n<p><strong><em>El mejor momento para hacer la transici\u00f3n al plato para gatos anti v\u00f3mito amigable\u00a0para bigotes es hoy.<\/em><\/strong><\/p>\n<p><strong>\u00bfPOR QU\u00c9 NECESITAS ESTE PLATO?<\/strong><br \/>\n&#8211; Este plato elevado, plano, le permite a su gato disfrutar f\u00e1cilmente de su comida sin tener que enfrentarse a ninguna tensi\u00f3n en el cuello o molestias en los bigotes.<br \/>\nSimplemente coloque la comida para gatos en el plato y observe a su gato-hijo brillar y ronronear de emoci\u00f3n.<br \/>\n&#8211; La base de metal es anti deslizable.<br \/>\n&#8211; El plato plano reduce la fatiga de los bigotes y es adecuado para gatos de cara chata.<br \/>\n&#8211; La ausencia de curvas facilita que los gatos puedan comer amigablemente.<\/p>\n<ul>\n<li>Los tazones tradicionales no se pueden comparar con el plato para gatos anti v\u00f3mito amigable\u00a0para los bigotes de su gato- hijo.<\/li>\n<li>Un dise\u00f1o de placa elevada y plana reduce la presi\u00f3n de las articulaciones y el est\u00f3mago de su gato-hijo.<\/li>\n<\/ul>\n<p>&nbsp;<\/p>","protected":false},"excerpt":{"rendered":"<h6 id=\"title\" class=\"a-size-large a-spacing-none\"><span id=\"productTitle\" class=\"a-size-large product-title-word-break\">Cuenco de cer\u00e1mica para comer gatos y perros, protecci\u00f3n contra vuelco para v\u00e9rtebras cervicales, productos para mascotas, cuenco de boca oblicua-amarillo<\/span><\/h6>\n<ul class=\"a-unordered-list a-vertical a-spacing-mini\">\n<li class=\"a-spacing-mini\"><span class=\"a-list-item\">Material seguro y saludable: hecho de material cer\u00e1mico de porcelana, libre de plomo y cadmio. Cer\u00e1mica de alta temperatura, no t\u00f3xica, inofensiva, sin olor, duradera. Saneamiento limpio, es \u00fatil para la salud de las mascotas.<\/span><\/li>\n<li class=\"a-spacing-mini\"><span class=\"a-list-item\">Dise\u00f1o de \u00e1ngulo de inclinaci\u00f3n de 15\u00b0: el dise\u00f1o de inclinaci\u00f3n del cuenco para gatos ayuda a evitar que los alimentos se empujen fuera del cuenco, lo que facilita el acceso a los alimentos, evitando la fatiga de los bigotes y manteniendo la cara limpia.<\/span><\/li>\n<li class=\"a-spacing-mini\"><span class=\"a-list-item\">Reduce los v\u00f3mitos: la altura adecuada del cuenco elevado para gatos protege la columna cervical del gato de lesiones, reduce la presi\u00f3n sobre las articulaciones y el est\u00f3mago de la mascota, ayuda a la mascota a tragar m\u00e1s f\u00e1cilmente y reduce los v\u00f3mitos ocasionales.<\/span><\/li>\n<li class=\"a-spacing-mini\"><span class=\"a-list-item\">F\u00e1cil de lavar: con superficie lisa bien seleccionada, ofrece comodidad adicional para lavar para un mejor uso la pr\u00f3xima vez. F\u00e1cil limpieza, los cuencos son f\u00e1ciles de mantener limpios e higi\u00e9nicos. Porque sabemos lo importante que es la salud de tus mascotas para ti.<\/span><\/li>\n<li class=\"a-spacing-mini\"><span class=\"a-list-item\">Para ser mejor: si tienes alguna pregunta sobre nuestros productos, ponte en contacto con nosotros a tiempo y te proporcionaremos una soluci\u00f3n satisfactoria.<\/span><\/li>\n<\/ul>","protected":false},"featured_media":3495,"comment_status":"closed","ping_status":"closed","template":"","meta":{"_gspb_post_css":"","content-type":""},"product_brand":[],"product_cat":[80,85,79],"product_tag":[],"class_list":{"0":"post-3489","1":"product","2":"type-product","3":"status-publish","4":"has-post-thumbnail","6":"product_cat-productos-para-gatos","7":"product_cat-platos-y-bebederos","8":"product_cat-productos-para-perros","10":"first","11":"instock","12":"taxable","13":"shipping-taxable","14":"purchasable","15":"product-type-simple"},"yoast_head":"<!-- This site is optimized with the Yoast SEO plugin v27.4 - https:\/\/yoast.com\/product\/yoast-seo-wordpress\/ -->\n<title>Cuenco de cer\u00e1mica para comer gatos y perros, protecci\u00f3n contra vuelco para v\u00e9rtebras cervicales, productos para mascotas, cuenco de boca oblicua-amarillo | Gatos Per\u00fa Pet Shop<\/title>\n<meta name=\"description\" content=\"PLATO ELEVADO DE CER\u00c1MICA ANTI FATIGA DE BIGOTES Y ANTI VOMITOS. El plato para gatos anti v\u00f3mito amigable para bigotes est\u00e1 dise\u00f1ado para ayudar a los gatos a comer de forma c\u00f3moda y natural. Este plato elevado, plano, le permite a su gato disfrutar f\u00e1cilmente de su comida sin tener que enfrentarse a ninguna tensi\u00f3n en el cuello o molestias en los bigotes.\" \/>\n<meta name=\"robots\" content=\"index, follow, max-snippet:-1, max-image-preview:large, max-video-preview:-1\" \/>\n<link rel=\"canonical\" href=\"https:\/\/gatosperu.com\/es\/producto\/cuenco-de-ceramica-para-comer-gatos-y-perros-proteccion-contra-vuelco-para-vertebras-cervicales-productos-para-mascotas-cuenco-de-boca-oblicua-amarillo\/\" \/>\n<meta property=\"og:locale\" content=\"es_ES\" \/>\n<meta property=\"og:type\" content=\"article\" \/>\n<meta property=\"og:title\" content=\"Cuenco de cer\u00e1mica para comer gatos y perros, protecci\u00f3n contra vuelco para v\u00e9rtebras cervicales, productos para mascotas, cuenco de boca oblicua-amarillo | Gatos Per\u00fa Pet Shop\" \/>\n<meta property=\"og:description\" content=\"PLATO ELEVADO DE CER\u00c1MICA ANTI FATIGA DE BIGOTES Y ANTI VOMITOS. El plato para gatos anti v\u00f3mito amigable para bigotes est\u00e1 dise\u00f1ado para ayudar a los gatos a comer de forma c\u00f3moda y natural. Este plato elevado, plano, le permite a su gato disfrutar f\u00e1cilmente de su comida sin tener que enfrentarse a ninguna tensi\u00f3n en el cuello o molestias en los bigotes.\" \/>\n<meta property=\"og:url\" content=\"https:\/\/gatosperu.com\/es\/producto\/cuenco-de-ceramica-para-comer-gatos-y-perros-proteccion-contra-vuelco-para-vertebras-cervicales-productos-para-mascotas-cuenco-de-boca-oblicua-amarillo\/\" \/>\n<meta property=\"og:site_name\" content=\"Gatos Per\u00fa Pet Shop\" \/>\n<meta property=\"article:modified_time\" content=\"2024-03-21T05:07:28+00:00\" \/>\n<meta property=\"og:image\" content=\"https:\/\/gatosperu.com\/wp-content\/uploads\/2024\/03\/plato-ceramica-loza-amarillo-petshop-thayacha-petshow.jpg\" \/>\n\t<meta property=\"og:image:width\" content=\"679\" \/>\n\t<meta property=\"og:image:height\" content=\"308\" \/>\n\t<meta property=\"og:image:type\" content=\"image\/jpeg\" \/>\n<meta name=\"twitter:card\" content=\"summary_large_image\" \/>\n<meta name=\"twitter:label1\" content=\"Tiempo de lectura\" \/>\n\t<meta name=\"twitter:data1\" content=\"2 minutos\" \/>\n<script type=\"application\/ld+json\" class=\"yoast-schema-graph\">{\"@context\":\"https:\\\/\\\/schema.org\",\"@graph\":[{\"@type\":\"WebPage\",\"@id\":\"https:\\\/\\\/gatosperu.com\\\/producto\\\/cuenco-de-ceramica-para-comer-gatos-y-perros-proteccion-contra-vuelco-para-vertebras-cervicales-productos-para-mascotas-cuenco-de-boca-oblicua-amarillo\\\/\",\"url\":\"https:\\\/\\\/gatosperu.com\\\/producto\\\/cuenco-de-ceramica-para-comer-gatos-y-perros-proteccion-contra-vuelco-para-vertebras-cervicales-productos-para-mascotas-cuenco-de-boca-oblicua-amarillo\\\/\",\"name\":\"Cuenco de cer\u00e1mica para comer gatos y perros, protecci\u00f3n contra vuelco para v\u00e9rtebras cervicales, productos para mascotas, cuenco de boca oblicua-amarillo | Gatos Per\u00fa Pet Shop\",\"isPartOf\":{\"@id\":\"https:\\\/\\\/gatosperu.com\\\/#website\"},\"primaryImageOfPage\":{\"@id\":\"https:\\\/\\\/gatosperu.com\\\/producto\\\/cuenco-de-ceramica-para-comer-gatos-y-perros-proteccion-contra-vuelco-para-vertebras-cervicales-productos-para-mascotas-cuenco-de-boca-oblicua-amarillo\\\/#primaryimage\"},\"image\":{\"@id\":\"https:\\\/\\\/gatosperu.com\\\/producto\\\/cuenco-de-ceramica-para-comer-gatos-y-perros-proteccion-contra-vuelco-para-vertebras-cervicales-productos-para-mascotas-cuenco-de-boca-oblicua-amarillo\\\/#primaryimage\"},\"thumbnailUrl\":\"https:\\\/\\\/gatosperu.com\\\/wp-content\\\/uploads\\\/2024\\\/03\\\/plato-ceramica-loza-amarillo-petshop-thayacha-petshow.jpg\",\"datePublished\":\"2024-03-21T04:35:42+00:00\",\"dateModified\":\"2024-03-21T05:07:28+00:00\",\"description\":\"PLATO ELEVADO DE CER\u00c1MICA ANTI FATIGA DE BIGOTES Y ANTI VOMITOS. El plato para gatos anti v\u00f3mito amigable para bigotes est\u00e1 dise\u00f1ado para ayudar a los gatos a comer de forma c\u00f3moda y natural. Este plato elevado, plano, le permite a su gato disfrutar f\u00e1cilmente de su comida sin tener que enfrentarse a ninguna tensi\u00f3n en el cuello o molestias en los bigotes.\",\"breadcrumb\":{\"@id\":\"https:\\\/\\\/gatosperu.com\\\/producto\\\/cuenco-de-ceramica-para-comer-gatos-y-perros-proteccion-contra-vuelco-para-vertebras-cervicales-productos-para-mascotas-cuenco-de-boca-oblicua-amarillo\\\/#breadcrumb\"},\"inLanguage\":\"es\",\"potentialAction\":[{\"@type\":\"ReadAction\",\"target\":[\"https:\\\/\\\/gatosperu.com\\\/producto\\\/cuenco-de-ceramica-para-comer-gatos-y-perros-proteccion-contra-vuelco-para-vertebras-cervicales-productos-para-mascotas-cuenco-de-boca-oblicua-amarillo\\\/\"]}]},{\"@type\":\"ImageObject\",\"inLanguage\":\"es\",\"@id\":\"https:\\\/\\\/gatosperu.com\\\/producto\\\/cuenco-de-ceramica-para-comer-gatos-y-perros-proteccion-contra-vuelco-para-vertebras-cervicales-productos-para-mascotas-cuenco-de-boca-oblicua-amarillo\\\/#primaryimage\",\"url\":\"https:\\\/\\\/gatosperu.com\\\/wp-content\\\/uploads\\\/2024\\\/03\\\/plato-ceramica-loza-amarillo-petshop-thayacha-petshow.jpg\",\"contentUrl\":\"https:\\\/\\\/gatosperu.com\\\/wp-content\\\/uploads\\\/2024\\\/03\\\/plato-ceramica-loza-amarillo-petshop-thayacha-petshow.jpg\",\"width\":679,\"height\":308},{\"@type\":\"BreadcrumbList\",\"@id\":\"https:\\\/\\\/gatosperu.com\\\/producto\\\/cuenco-de-ceramica-para-comer-gatos-y-perros-proteccion-contra-vuelco-para-vertebras-cervicales-productos-para-mascotas-cuenco-de-boca-oblicua-amarillo\\\/#breadcrumb\",\"itemListElement\":[{\"@type\":\"ListItem\",\"position\":1,\"name\":\"Portada\",\"item\":\"https:\\\/\\\/gatosperu.com\\\/\"},{\"@type\":\"ListItem\",\"position\":2,\"name\":\"Productos\",\"item\":\"https:\\\/\\\/gatosperu.com\\\/productos\\\/\"},{\"@type\":\"ListItem\",\"position\":3,\"name\":\"Cuenco de cer\u00e1mica para comer gatos y perros, protecci\u00f3n contra vuelco para v\u00e9rtebras cervicales, productos para mascotas, cuenco de boca oblicua-amarillo\"}]},{\"@type\":\"WebSite\",\"@id\":\"https:\\\/\\\/gatosperu.com\\\/#website\",\"url\":\"https:\\\/\\\/gatosperu.com\\\/\",\"name\":\"Gatos Per\u00fa Pet Shop\",\"description\":\"Tienda virtual para gatos\",\"publisher\":{\"@id\":\"https:\\\/\\\/gatosperu.com\\\/#organization\"},\"potentialAction\":[{\"@type\":\"SearchAction\",\"target\":{\"@type\":\"EntryPoint\",\"urlTemplate\":\"https:\\\/\\\/gatosperu.com\\\/?s={search_term_string}\"},\"query-input\":{\"@type\":\"PropertyValueSpecification\",\"valueRequired\":true,\"valueName\":\"search_term_string\"}}],\"inLanguage\":\"es\"},{\"@type\":\"Organization\",\"@id\":\"https:\\\/\\\/gatosperu.com\\\/#organization\",\"name\":\"Thayacha\",\"url\":\"https:\\\/\\\/gatosperu.com\\\/\",\"logo\":{\"@type\":\"ImageObject\",\"inLanguage\":\"es\",\"@id\":\"https:\\\/\\\/gatosperu.com\\\/#\\\/schema\\\/logo\\\/image\\\/\",\"url\":\"https:\\\/\\\/gatosperu.com\\\/wp-content\\\/uploads\\\/2020\\\/04\\\/ty-e1589221156944.png\",\"contentUrl\":\"https:\\\/\\\/gatosperu.com\\\/wp-content\\\/uploads\\\/2020\\\/04\\\/ty-e1589221156944.png\",\"width\":573,\"height\":419,\"caption\":\"Thayacha\"},\"image\":{\"@id\":\"https:\\\/\\\/gatosperu.com\\\/#\\\/schema\\\/logo\\\/image\\\/\"}}]}<\/script>\n<!-- \/ Yoast SEO plugin. -->","yoast_head_json":{"title":"Cuenco de cer\u00e1mica para comer gatos y perros, protecci\u00f3n contra vuelco para v\u00e9rtebras cervicales, productos para mascotas, cuenco de boca oblicua-amarillo | Gatos Per\u00fa Pet Shop","description":"PLATO ELEVADO DE CER\u00c1MICA ANTI FATIGA DE BIGOTES Y ANTI VOMITOS. El plato para gatos anti v\u00f3mito amigable para bigotes est\u00e1 dise\u00f1ado para ayudar a los gatos a comer de forma c\u00f3moda y natural. Este plato elevado, plano, le permite a su gato disfrutar f\u00e1cilmente de su comida sin tener que enfrentarse a ninguna tensi\u00f3n en el cuello o molestias en los bigotes.","robots":{"index":"index","follow":"follow","max-snippet":"max-snippet:-1","max-image-preview":"max-image-preview:large","max-video-preview":"max-video-preview:-1"},"canonical":"https:\/\/gatosperu.com\/es\/producto\/cuenco-de-ceramica-para-comer-gatos-y-perros-proteccion-contra-vuelco-para-vertebras-cervicales-productos-para-mascotas-cuenco-de-boca-oblicua-amarillo\/","og_locale":"es_ES","og_type":"article","og_title":"Cuenco de cer\u00e1mica para comer gatos y perros, protecci\u00f3n contra vuelco para v\u00e9rtebras cervicales, productos para mascotas, cuenco de boca oblicua-amarillo | Gatos Per\u00fa Pet Shop","og_description":"PLATO ELEVADO DE CER\u00c1MICA ANTI FATIGA DE BIGOTES Y ANTI VOMITOS. El plato para gatos anti v\u00f3mito amigable para bigotes est\u00e1 dise\u00f1ado para ayudar a los gatos a comer de forma c\u00f3moda y natural. Este plato elevado, plano, le permite a su gato disfrutar f\u00e1cilmente de su comida sin tener que enfrentarse a ninguna tensi\u00f3n en el cuello o molestias en los bigotes.","og_url":"https:\/\/gatosperu.com\/es\/producto\/cuenco-de-ceramica-para-comer-gatos-y-perros-proteccion-contra-vuelco-para-vertebras-cervicales-productos-para-mascotas-cuenco-de-boca-oblicua-amarillo\/","og_site_name":"Gatos Per\u00fa Pet Shop","article_modified_time":"2024-03-21T05:07:28+00:00","og_image":[{"width":679,"height":308,"url":"https:\/\/gatosperu.com\/wp-content\/uploads\/2024\/03\/plato-ceramica-loza-amarillo-petshop-thayacha-petshow.jpg","type":"image\/jpeg"}],"twitter_card":"summary_large_image","twitter_misc":{"Tiempo de lectura":"2 minutos"},"schema":{"@context":"https:\/\/schema.org","@graph":[{"@type":"WebPage","@id":"https:\/\/gatosperu.com\/producto\/cuenco-de-ceramica-para-comer-gatos-y-perros-proteccion-contra-vuelco-para-vertebras-cervicales-productos-para-mascotas-cuenco-de-boca-oblicua-amarillo\/","url":"https:\/\/gatosperu.com\/producto\/cuenco-de-ceramica-para-comer-gatos-y-perros-proteccion-contra-vuelco-para-vertebras-cervicales-productos-para-mascotas-cuenco-de-boca-oblicua-amarillo\/","name":"Cuenco de cer\u00e1mica para comer gatos y perros, protecci\u00f3n contra vuelco para v\u00e9rtebras cervicales, productos para mascotas, cuenco de boca oblicua-amarillo | Gatos Per\u00fa Pet Shop","isPartOf":{"@id":"https:\/\/gatosperu.com\/#website"},"primaryImageOfPage":{"@id":"https:\/\/gatosperu.com\/producto\/cuenco-de-ceramica-para-comer-gatos-y-perros-proteccion-contra-vuelco-para-vertebras-cervicales-productos-para-mascotas-cuenco-de-boca-oblicua-amarillo\/#primaryimage"},"image":{"@id":"https:\/\/gatosperu.com\/producto\/cuenco-de-ceramica-para-comer-gatos-y-perros-proteccion-contra-vuelco-para-vertebras-cervicales-productos-para-mascotas-cuenco-de-boca-oblicua-amarillo\/#primaryimage"},"thumbnailUrl":"https:\/\/gatosperu.com\/wp-content\/uploads\/2024\/03\/plato-ceramica-loza-amarillo-petshop-thayacha-petshow.jpg","datePublished":"2024-03-21T04:35:42+00:00","dateModified":"2024-03-21T05:07:28+00:00","description":"PLATO ELEVADO DE CER\u00c1MICA ANTI FATIGA DE BIGOTES Y ANTI VOMITOS. El plato para gatos anti v\u00f3mito amigable para bigotes est\u00e1 dise\u00f1ado para ayudar a los gatos a comer de forma c\u00f3moda y natural. Este plato elevado, plano, le permite a su gato disfrutar f\u00e1cilmente de su comida sin tener que enfrentarse a ninguna tensi\u00f3n en el cuello o molestias en los bigotes.","breadcrumb":{"@id":"https:\/\/gatosperu.com\/producto\/cuenco-de-ceramica-para-comer-gatos-y-perros-proteccion-contra-vuelco-para-vertebras-cervicales-productos-para-mascotas-cuenco-de-boca-oblicua-amarillo\/#breadcrumb"},"inLanguage":"es","potentialAction":[{"@type":"ReadAction","target":["https:\/\/gatosperu.com\/producto\/cuenco-de-ceramica-para-comer-gatos-y-perros-proteccion-contra-vuelco-para-vertebras-cervicales-productos-para-mascotas-cuenco-de-boca-oblicua-amarillo\/"]}]},{"@type":"ImageObject","inLanguage":"es","@id":"https:\/\/gatosperu.com\/producto\/cuenco-de-ceramica-para-comer-gatos-y-perros-proteccion-contra-vuelco-para-vertebras-cervicales-productos-para-mascotas-cuenco-de-boca-oblicua-amarillo\/#primaryimage","url":"https:\/\/gatosperu.com\/wp-content\/uploads\/2024\/03\/plato-ceramica-loza-amarillo-petshop-thayacha-petshow.jpg","contentUrl":"https:\/\/gatosperu.com\/wp-content\/uploads\/2024\/03\/plato-ceramica-loza-amarillo-petshop-thayacha-petshow.jpg","width":679,"height":308},{"@type":"BreadcrumbList","@id":"https:\/\/gatosperu.com\/producto\/cuenco-de-ceramica-para-comer-gatos-y-perros-proteccion-contra-vuelco-para-vertebras-cervicales-productos-para-mascotas-cuenco-de-boca-oblicua-amarillo\/#breadcrumb","itemListElement":[{"@type":"ListItem","position":1,"name":"Portada","item":"https:\/\/gatosperu.com\/"},{"@type":"ListItem","position":2,"name":"Productos","item":"https:\/\/gatosperu.com\/productos\/"},{"@type":"ListItem","position":3,"name":"Cuenco de cer\u00e1mica para comer gatos y perros, protecci\u00f3n contra vuelco para v\u00e9rtebras cervicales, productos para mascotas, cuenco de boca oblicua-amarillo"}]},{"@type":"WebSite","@id":"https:\/\/gatosperu.com\/#website","url":"https:\/\/gatosperu.com\/","name":"Gatos Per\u00fa Pet Shop","description":"Tienda virtual para gatos","publisher":{"@id":"https:\/\/gatosperu.com\/#organization"},"potentialAction":[{"@type":"SearchAction","target":{"@type":"EntryPoint","urlTemplate":"https:\/\/gatosperu.com\/?s={search_term_string}"},"query-input":{"@type":"PropertyValueSpecification","valueRequired":true,"valueName":"search_term_string"}}],"inLanguage":"es"},{"@type":"Organization","@id":"https:\/\/gatosperu.com\/#organization","name":"Thayacha","url":"https:\/\/gatosperu.com\/","logo":{"@type":"ImageObject","inLanguage":"es","@id":"https:\/\/gatosperu.com\/#\/schema\/logo\/image\/","url":"https:\/\/gatosperu.com\/wp-content\/uploads\/2020\/04\/ty-e1589221156944.png","contentUrl":"https:\/\/gatosperu.com\/wp-content\/uploads\/2020\/04\/ty-e1589221156944.png","width":573,"height":419,"caption":"Thayacha"},"image":{"@id":"https:\/\/gatosperu.com\/#\/schema\/logo\/image\/"}}]}},"_links":{"self":[{"href":"https:\/\/gatosperu.com\/es\/wp-json\/wp\/v2\/product\/3489","targetHints":{"allow":["GET"]}}],"collection":[{"href":"https:\/\/gatosperu.com\/es\/wp-json\/wp\/v2\/product"}],"about":[{"href":"https:\/\/gatosperu.com\/es\/wp-json\/wp\/v2\/types\/product"}],"replies":[{"embeddable":true,"href":"https:\/\/gatosperu.com\/es\/wp-json\/wp\/v2\/comments?post=3489"}],"wp:featuredmedia":[{"embeddable":true,"href":"https:\/\/gatosperu.com\/es\/wp-json\/wp\/v2\/media\/3495"}],"wp:attachment":[{"href":"https:\/\/gatosperu.com\/es\/wp-json\/wp\/v2\/media?parent=3489"}],"wp:term":[{"taxonomy":"product_brand","embeddable":true,"href":"https:\/\/gatosperu.com\/es\/wp-json\/wp\/v2\/product_brand?post=3489"},{"taxonomy":"product_cat","embeddable":true,"href":"https:\/\/gatosperu.com\/es\/wp-json\/wp\/v2\/product_cat?post=3489"},{"taxonomy":"product_tag","embeddable":true,"href":"https:\/\/gatosperu.com\/es\/wp-json\/wp\/v2\/product_tag?post=3489"}],"curies":[{"name":"wp","href":"https:\/\/api.w.org\/{rel}","templated":true}]}}