{"id":3534,"date":"2024-04-06T03:17:04","date_gmt":"2024-04-06T03:17:04","guid":{"rendered":"https:\/\/thayacha.com\/petshow\/?post_type=product&#038;p=3534"},"modified":"2024-04-06T03:26:03","modified_gmt":"2024-04-06T03:26:03","slug":"arbol-rascador-para-gatos-con-doble-asiento","status":"publish","type":"product","link":"https:\/\/gatosperu.com\/es\/producto\/arbol-rascador-para-gatos-con-doble-asiento\/","title":{"rendered":"\u00c1rbol rascador para gatos con doble asiento"},"content":{"rendered":"<p>Los <strong>arboles r<\/strong><b>ascador para gatos<\/b>\u00a0son ideales para casas con poco espacio. Estos rascadores se caracterizan por ser econ\u00f3micos y f\u00e1ciles de montar y mantener. Aqu\u00ed podr\u00e1s encontrar una selecci\u00f3n de postes de sisal resistente para que tu gato afile sus u\u00f1as y se divierta sin ocupar mucho espacio en casa.<\/p>","protected":false},"excerpt":{"rendered":"<h6>\u00c1rbol rascador\u00a0 para gatos<\/h6>\n<p>El \u00e1rbol rascador es un poste forrado con cuerda de sisal natural, perfecto para que los gatos desgaste sus u\u00f1as.<\/p>\n<ul>\n<li>\u00c1rbol rascador para gatos<\/li>\n<li><strong>Bonito dise\u00f1o\u00a0<\/strong><\/li>\n<li>Base ancha y muy\u00a0estable.<\/li>\n<li><strong>Columna de sisal: <\/strong>ideal para afilarse las u\u00f1as<\/li>\n<li>Viene con dos asientos.<\/li>\n<li>Color: seg\u00fan las im\u00e1genes<\/li>\n<\/ul>","protected":false},"featured_media":3537,"comment_status":"closed","ping_status":"closed","template":"","meta":{"_gspb_post_css":"","content-type":""},"product_brand":[],"product_cat":[94,80],"product_tag":[],"class_list":{"0":"post-3534","1":"product","2":"type-product","3":"status-publish","4":"has-post-thumbnail","6":"product_cat-gimnasios-y-rascadores","7":"product_cat-productos-para-gatos","9":"first","10":"instock","11":"purchasable","12":"product-type-simple"},"yoast_head":"<!-- This site is optimized with the Yoast SEO plugin v27.4 - https:\/\/yoast.com\/product\/yoast-seo-wordpress\/ -->\n<title>\u00c1rbol rascador para gatos con doble asiento | Gatos Per\u00fa Pet Shop<\/title>\n<meta name=\"description\" content=\"Rascador poste para gatos, con juguete rat\u00f3n, juguete personalizado, tama\u00f1o grande, anti ara\u00f1azos, resistente al desgaste. poste sisal. gato\" \/>\n<meta name=\"robots\" content=\"index, follow, max-snippet:-1, max-image-preview:large, max-video-preview:-1\" \/>\n<link rel=\"canonical\" href=\"https:\/\/gatosperu.com\/es\/producto\/arbol-rascador-para-gatos-con-doble-asiento\/\" \/>\n<meta property=\"og:locale\" content=\"es_ES\" \/>\n<meta property=\"og:type\" content=\"article\" \/>\n<meta property=\"og:title\" content=\"\u00c1rbol rascador para gatos con doble asiento | Gatos Per\u00fa Pet Shop\" \/>\n<meta property=\"og:description\" content=\"Rascador poste para gatos, con juguete rat\u00f3n, juguete personalizado, tama\u00f1o grande, anti ara\u00f1azos, resistente al desgaste. poste sisal. gato\" \/>\n<meta property=\"og:url\" content=\"https:\/\/gatosperu.com\/es\/producto\/arbol-rascador-para-gatos-con-doble-asiento\/\" \/>\n<meta property=\"og:site_name\" content=\"Gatos Per\u00fa Pet Shop\" \/>\n<meta property=\"article:modified_time\" content=\"2024-04-06T03:26:03+00:00\" \/>\n<meta property=\"og:image\" content=\"https:\/\/gatosperu.com\/wp-content\/uploads\/2024\/04\/arbol-rascador-pet-shop-gatos.webp\" \/>\n\t<meta property=\"og:image:width\" content=\"993\" \/>\n\t<meta property=\"og:image:height\" content=\"1000\" \/>\n\t<meta property=\"og:image:type\" content=\"image\/webp\" \/>\n<meta name=\"twitter:card\" content=\"summary_large_image\" \/>\n<meta name=\"twitter:label1\" content=\"Tiempo de lectura\" \/>\n\t<meta name=\"twitter:data1\" content=\"1 minuto\" \/>\n<script type=\"application\/ld+json\" class=\"yoast-schema-graph\">{\"@context\":\"https:\\\/\\\/schema.org\",\"@graph\":[{\"@type\":\"WebPage\",\"@id\":\"https:\\\/\\\/gatosperu.com\\\/producto\\\/arbol-rascador-para-gatos-con-doble-asiento\\\/\",\"url\":\"https:\\\/\\\/gatosperu.com\\\/producto\\\/arbol-rascador-para-gatos-con-doble-asiento\\\/\",\"name\":\"\u00c1rbol rascador para gatos con doble asiento | Gatos Per\u00fa Pet Shop\",\"isPartOf\":{\"@id\":\"https:\\\/\\\/gatosperu.com\\\/#website\"},\"primaryImageOfPage\":{\"@id\":\"https:\\\/\\\/gatosperu.com\\\/producto\\\/arbol-rascador-para-gatos-con-doble-asiento\\\/#primaryimage\"},\"image\":{\"@id\":\"https:\\\/\\\/gatosperu.com\\\/producto\\\/arbol-rascador-para-gatos-con-doble-asiento\\\/#primaryimage\"},\"thumbnailUrl\":\"https:\\\/\\\/gatosperu.com\\\/wp-content\\\/uploads\\\/2024\\\/04\\\/arbol-rascador-pet-shop-gatos.webp\",\"datePublished\":\"2024-04-06T03:17:04+00:00\",\"dateModified\":\"2024-04-06T03:26:03+00:00\",\"description\":\"Rascador poste para gatos, con juguete rat\u00f3n, juguete personalizado, tama\u00f1o grande, anti ara\u00f1azos, resistente al desgaste. poste sisal. gato\",\"breadcrumb\":{\"@id\":\"https:\\\/\\\/gatosperu.com\\\/producto\\\/arbol-rascador-para-gatos-con-doble-asiento\\\/#breadcrumb\"},\"inLanguage\":\"es\",\"potentialAction\":[{\"@type\":\"ReadAction\",\"target\":[\"https:\\\/\\\/gatosperu.com\\\/producto\\\/arbol-rascador-para-gatos-con-doble-asiento\\\/\"]}]},{\"@type\":\"ImageObject\",\"inLanguage\":\"es\",\"@id\":\"https:\\\/\\\/gatosperu.com\\\/producto\\\/arbol-rascador-para-gatos-con-doble-asiento\\\/#primaryimage\",\"url\":\"https:\\\/\\\/gatosperu.com\\\/wp-content\\\/uploads\\\/2024\\\/04\\\/arbol-rascador-pet-shop-gatos.webp\",\"contentUrl\":\"https:\\\/\\\/gatosperu.com\\\/wp-content\\\/uploads\\\/2024\\\/04\\\/arbol-rascador-pet-shop-gatos.webp\",\"width\":993,\"height\":1000},{\"@type\":\"BreadcrumbList\",\"@id\":\"https:\\\/\\\/gatosperu.com\\\/producto\\\/arbol-rascador-para-gatos-con-doble-asiento\\\/#breadcrumb\",\"itemListElement\":[{\"@type\":\"ListItem\",\"position\":1,\"name\":\"Portada\",\"item\":\"https:\\\/\\\/gatosperu.com\\\/\"},{\"@type\":\"ListItem\",\"position\":2,\"name\":\"Productos\",\"item\":\"https:\\\/\\\/gatosperu.com\\\/productos\\\/\"},{\"@type\":\"ListItem\",\"position\":3,\"name\":\"\u00c1rbol rascador para gatos con doble asiento\"}]},{\"@type\":\"WebSite\",\"@id\":\"https:\\\/\\\/gatosperu.com\\\/#website\",\"url\":\"https:\\\/\\\/gatosperu.com\\\/\",\"name\":\"Gatos Per\u00fa Pet Shop\",\"description\":\"Tienda virtual para gatos\",\"publisher\":{\"@id\":\"https:\\\/\\\/gatosperu.com\\\/#organization\"},\"potentialAction\":[{\"@type\":\"SearchAction\",\"target\":{\"@type\":\"EntryPoint\",\"urlTemplate\":\"https:\\\/\\\/gatosperu.com\\\/?s={search_term_string}\"},\"query-input\":{\"@type\":\"PropertyValueSpecification\",\"valueRequired\":true,\"valueName\":\"search_term_string\"}}],\"inLanguage\":\"es\"},{\"@type\":\"Organization\",\"@id\":\"https:\\\/\\\/gatosperu.com\\\/#organization\",\"name\":\"Thayacha\",\"url\":\"https:\\\/\\\/gatosperu.com\\\/\",\"logo\":{\"@type\":\"ImageObject\",\"inLanguage\":\"es\",\"@id\":\"https:\\\/\\\/gatosperu.com\\\/#\\\/schema\\\/logo\\\/image\\\/\",\"url\":\"https:\\\/\\\/gatosperu.com\\\/wp-content\\\/uploads\\\/2020\\\/04\\\/ty-e1589221156944.png\",\"contentUrl\":\"https:\\\/\\\/gatosperu.com\\\/wp-content\\\/uploads\\\/2020\\\/04\\\/ty-e1589221156944.png\",\"width\":573,\"height\":419,\"caption\":\"Thayacha\"},\"image\":{\"@id\":\"https:\\\/\\\/gatosperu.com\\\/#\\\/schema\\\/logo\\\/image\\\/\"}}]}<\/script>\n<!-- \/ Yoast SEO plugin. -->","yoast_head_json":{"title":"\u00c1rbol rascador para gatos con doble asiento | Gatos Per\u00fa Pet Shop","description":"Rascador poste para gatos, con juguete rat\u00f3n, juguete personalizado, tama\u00f1o grande, anti ara\u00f1azos, resistente al desgaste. poste sisal. gato","robots":{"index":"index","follow":"follow","max-snippet":"max-snippet:-1","max-image-preview":"max-image-preview:large","max-video-preview":"max-video-preview:-1"},"canonical":"https:\/\/gatosperu.com\/es\/producto\/arbol-rascador-para-gatos-con-doble-asiento\/","og_locale":"es_ES","og_type":"article","og_title":"\u00c1rbol rascador para gatos con doble asiento | Gatos Per\u00fa Pet Shop","og_description":"Rascador poste para gatos, con juguete rat\u00f3n, juguete personalizado, tama\u00f1o grande, anti ara\u00f1azos, resistente al desgaste. poste sisal. gato","og_url":"https:\/\/gatosperu.com\/es\/producto\/arbol-rascador-para-gatos-con-doble-asiento\/","og_site_name":"Gatos Per\u00fa Pet Shop","article_modified_time":"2024-04-06T03:26:03+00:00","og_image":[{"width":993,"height":1000,"url":"https:\/\/gatosperu.com\/wp-content\/uploads\/2024\/04\/arbol-rascador-pet-shop-gatos.webp","type":"image\/webp"}],"twitter_card":"summary_large_image","twitter_misc":{"Tiempo de lectura":"1 minuto"},"schema":{"@context":"https:\/\/schema.org","@graph":[{"@type":"WebPage","@id":"https:\/\/gatosperu.com\/producto\/arbol-rascador-para-gatos-con-doble-asiento\/","url":"https:\/\/gatosperu.com\/producto\/arbol-rascador-para-gatos-con-doble-asiento\/","name":"\u00c1rbol rascador para gatos con doble asiento | Gatos Per\u00fa Pet Shop","isPartOf":{"@id":"https:\/\/gatosperu.com\/#website"},"primaryImageOfPage":{"@id":"https:\/\/gatosperu.com\/producto\/arbol-rascador-para-gatos-con-doble-asiento\/#primaryimage"},"image":{"@id":"https:\/\/gatosperu.com\/producto\/arbol-rascador-para-gatos-con-doble-asiento\/#primaryimage"},"thumbnailUrl":"https:\/\/gatosperu.com\/wp-content\/uploads\/2024\/04\/arbol-rascador-pet-shop-gatos.webp","datePublished":"2024-04-06T03:17:04+00:00","dateModified":"2024-04-06T03:26:03+00:00","description":"Rascador poste para gatos, con juguete rat\u00f3n, juguete personalizado, tama\u00f1o grande, anti ara\u00f1azos, resistente al desgaste. poste sisal. gato","breadcrumb":{"@id":"https:\/\/gatosperu.com\/producto\/arbol-rascador-para-gatos-con-doble-asiento\/#breadcrumb"},"inLanguage":"es","potentialAction":[{"@type":"ReadAction","target":["https:\/\/gatosperu.com\/producto\/arbol-rascador-para-gatos-con-doble-asiento\/"]}]},{"@type":"ImageObject","inLanguage":"es","@id":"https:\/\/gatosperu.com\/producto\/arbol-rascador-para-gatos-con-doble-asiento\/#primaryimage","url":"https:\/\/gatosperu.com\/wp-content\/uploads\/2024\/04\/arbol-rascador-pet-shop-gatos.webp","contentUrl":"https:\/\/gatosperu.com\/wp-content\/uploads\/2024\/04\/arbol-rascador-pet-shop-gatos.webp","width":993,"height":1000},{"@type":"BreadcrumbList","@id":"https:\/\/gatosperu.com\/producto\/arbol-rascador-para-gatos-con-doble-asiento\/#breadcrumb","itemListElement":[{"@type":"ListItem","position":1,"name":"Portada","item":"https:\/\/gatosperu.com\/"},{"@type":"ListItem","position":2,"name":"Productos","item":"https:\/\/gatosperu.com\/productos\/"},{"@type":"ListItem","position":3,"name":"\u00c1rbol rascador para gatos con doble asiento"}]},{"@type":"WebSite","@id":"https:\/\/gatosperu.com\/#website","url":"https:\/\/gatosperu.com\/","name":"Gatos Per\u00fa Pet Shop","description":"Tienda virtual para gatos","publisher":{"@id":"https:\/\/gatosperu.com\/#organization"},"potentialAction":[{"@type":"SearchAction","target":{"@type":"EntryPoint","urlTemplate":"https:\/\/gatosperu.com\/?s={search_term_string}"},"query-input":{"@type":"PropertyValueSpecification","valueRequired":true,"valueName":"search_term_string"}}],"inLanguage":"es"},{"@type":"Organization","@id":"https:\/\/gatosperu.com\/#organization","name":"Thayacha","url":"https:\/\/gatosperu.com\/","logo":{"@type":"ImageObject","inLanguage":"es","@id":"https:\/\/gatosperu.com\/#\/schema\/logo\/image\/","url":"https:\/\/gatosperu.com\/wp-content\/uploads\/2020\/04\/ty-e1589221156944.png","contentUrl":"https:\/\/gatosperu.com\/wp-content\/uploads\/2020\/04\/ty-e1589221156944.png","width":573,"height":419,"caption":"Thayacha"},"image":{"@id":"https:\/\/gatosperu.com\/#\/schema\/logo\/image\/"}}]}},"_links":{"self":[{"href":"https:\/\/gatosperu.com\/es\/wp-json\/wp\/v2\/product\/3534","targetHints":{"allow":["GET"]}}],"collection":[{"href":"https:\/\/gatosperu.com\/es\/wp-json\/wp\/v2\/product"}],"about":[{"href":"https:\/\/gatosperu.com\/es\/wp-json\/wp\/v2\/types\/product"}],"replies":[{"embeddable":true,"href":"https:\/\/gatosperu.com\/es\/wp-json\/wp\/v2\/comments?post=3534"}],"wp:featuredmedia":[{"embeddable":true,"href":"https:\/\/gatosperu.com\/es\/wp-json\/wp\/v2\/media\/3537"}],"wp:attachment":[{"href":"https:\/\/gatosperu.com\/es\/wp-json\/wp\/v2\/media?parent=3534"}],"wp:term":[{"taxonomy":"product_brand","embeddable":true,"href":"https:\/\/gatosperu.com\/es\/wp-json\/wp\/v2\/product_brand?post=3534"},{"taxonomy":"product_cat","embeddable":true,"href":"https:\/\/gatosperu.com\/es\/wp-json\/wp\/v2\/product_cat?post=3534"},{"taxonomy":"product_tag","embeddable":true,"href":"https:\/\/gatosperu.com\/es\/wp-json\/wp\/v2\/product_tag?post=3534"}],"curies":[{"name":"wp","href":"https:\/\/api.w.org\/{rel}","templated":true}]}}