{"id":3627,"date":"2024-08-11T00:30:12","date_gmt":"2024-08-11T00:30:12","guid":{"rendered":"https:\/\/thayacha.com\/petshow\/?post_type=product&#038;p=3627"},"modified":"2026-01-13T00:17:05","modified_gmt":"2026-01-13T00:17:05","slug":"arenero-abierto-xl-para-gatos-grandes","status":"publish","type":"product","link":"https:\/\/gatosperu.com\/es\/producto\/arenero-abierto-xl-para-gatos-grandes\/","title":{"rendered":"Arenero abierto  XL para gatos grandes"},"content":{"rendered":"<p><strong><span id=\"productTitle\" class=\"a-size-large product-title-word-break\">Verdadero arenero abierto XL para gatos grandes<\/span><\/strong><\/p>\n<ul class=\"a-unordered-list a-vertical a-spacing-mini\">\n<li><span class=\"a-list-item\"><strong>Gran espacio:<\/strong>\u00a0inodoro para gatos con gran espacio interior, conveniente para que los gatos entren y salgan y giren. Reduce la emisi\u00f3n de olores en la casa y mantiene el aire fresco.<\/span><\/li>\n<li><span class=\"a-list-item\"><strong>Borde Alto:<\/strong>\u00a0el dise\u00f1o de valla alta puede lograr comodidad y limpieza. La valla alta en forma de arco evita que el gato salpique fuera del suelo al orinar.<\/span><\/li>\n<li><span class=\"a-list-item\"><strong>Material ecol\u00f3gico:<\/strong>\u00a0se aplican materiales de polipropileno de alta calidad para garantizar la seguridad de las mascotas. Sin deformaci\u00f3n, sin decoloraci\u00f3n, compresivo y antica\u00eddas, los gatos pueden usarlo m\u00e1s a gusto.<\/span><\/li>\n<li><span class=\"a-list-item\"><strong>F\u00e1cil de limpiar:<\/strong> a veces es doloroso limpiar y lavar cajas de arena.<\/span><\/li>\n<li><strong>Tama\u00f1os: Verdadero arenero XL<\/strong> se representa en sus medidas 64 cm de largo, 42 cm de ancho x 33 cm de alto.<\/li>\n<\/ul>","protected":false},"excerpt":{"rendered":"<p>Si buscas una soluci\u00f3n pr\u00e1ctica y c\u00f3moda para los aseos de tus gatos, los areneros XL son la elecci\u00f3n perfecta para ti. Estos accesorios est\u00e1n dise\u00f1ados para brindar a tus gatos un espacio amplio y c\u00f3modo para realizar sus necesidades, evitando derrames y olores desagradables. Los areneros XL ofrecen un tama\u00f1o ideal para gatos de todas las edades y tama\u00f1os, permiti\u00e9ndoles moverse con facilidad y libertad.<\/p>\n<p>Adem\u00e1s, gracias a su gran tama\u00f1o, estos areneros requieren un menor mantenimiento y limpieza frecuente. Olv\u00eddate de preocuparte por el cambio diario de la arena, con los areneros XL podr\u00e1s disfrutar de un espacio m\u00e1s amplio que reducir\u00e1 la necesidad de limpieza frecuente.<\/p>","protected":false},"featured_media":3630,"comment_status":"closed","ping_status":"closed","template":"","meta":{"_gspb_post_css":"","content-type":""},"product_brand":[],"product_cat":[81,80],"product_tag":[],"class_list":{"0":"post-3627","1":"product","2":"type-product","3":"status-publish","4":"has-post-thumbnail","6":"product_cat-areneros-y-arenas","7":"product_cat-productos-para-gatos","9":"first","10":"outofstock","11":"sale","12":"taxable","13":"shipping-taxable","14":"purchasable","15":"product-type-simple"},"yoast_head":"<!-- This site is optimized with the Yoast SEO plugin v27.4 - https:\/\/yoast.com\/product\/yoast-seo-wordpress\/ -->\n<title>Arenero abierto XL para gatos grandes | Gatos Per\u00fa Pet Shop<\/title>\n<meta name=\"description\" content=\"Arenero abierto para gatos grandes. caja arenera para gatos grandes. Ba\u00f1o para gatos. Caja arenera. inodoro para gatos con gran espacio interior. Arenero Xl\" \/>\n<meta name=\"robots\" content=\"index, follow, max-snippet:-1, max-image-preview:large, max-video-preview:-1\" \/>\n<link rel=\"canonical\" href=\"https:\/\/gatosperu.com\/es\/producto\/arenero-abierto-xl-para-gatos-grandes\/\" \/>\n<meta property=\"og:locale\" content=\"es_ES\" \/>\n<meta property=\"og:type\" content=\"article\" \/>\n<meta property=\"og:title\" content=\"Arenero abierto XL para gatos grandes | Gatos Per\u00fa Pet Shop\" \/>\n<meta property=\"og:description\" content=\"Arenero abierto para gatos grandes. caja arenera para gatos grandes. Ba\u00f1o para gatos. Caja arenera. inodoro para gatos con gran espacio interior. Arenero Xl\" \/>\n<meta property=\"og:url\" content=\"https:\/\/gatosperu.com\/es\/producto\/arenero-abierto-xl-para-gatos-grandes\/\" \/>\n<meta property=\"og:site_name\" content=\"Gatos Per\u00fa Pet Shop\" \/>\n<meta property=\"article:modified_time\" content=\"2026-01-13T00:17:05+00:00\" \/>\n<meta property=\"og:image\" content=\"https:\/\/gatosperu.com\/wp-content\/uploads\/2024\/08\/XL-arenero-para-gatos-grandes.png\" \/>\n\t<meta property=\"og:image:width\" content=\"1080\" \/>\n\t<meta property=\"og:image:height\" content=\"1080\" \/>\n\t<meta property=\"og:image:type\" content=\"image\/png\" \/>\n<meta name=\"twitter:card\" content=\"summary_large_image\" \/>\n<meta name=\"twitter:label1\" content=\"Tiempo de lectura\" \/>\n\t<meta name=\"twitter:data1\" content=\"1 minuto\" \/>\n<script type=\"application\/ld+json\" class=\"yoast-schema-graph\">{\"@context\":\"https:\\\/\\\/schema.org\",\"@graph\":[{\"@type\":\"WebPage\",\"@id\":\"https:\\\/\\\/gatosperu.com\\\/producto\\\/arenero-abierto-xl-para-gatos-grandes\\\/\",\"url\":\"https:\\\/\\\/gatosperu.com\\\/producto\\\/arenero-abierto-xl-para-gatos-grandes\\\/\",\"name\":\"Arenero abierto XL para gatos grandes | Gatos Per\u00fa Pet Shop\",\"isPartOf\":{\"@id\":\"https:\\\/\\\/gatosperu.com\\\/#website\"},\"primaryImageOfPage\":{\"@id\":\"https:\\\/\\\/gatosperu.com\\\/producto\\\/arenero-abierto-xl-para-gatos-grandes\\\/#primaryimage\"},\"image\":{\"@id\":\"https:\\\/\\\/gatosperu.com\\\/producto\\\/arenero-abierto-xl-para-gatos-grandes\\\/#primaryimage\"},\"thumbnailUrl\":\"https:\\\/\\\/gatosperu.com\\\/wp-content\\\/uploads\\\/2024\\\/08\\\/XL-arenero-para-gatos-grandes.png\",\"datePublished\":\"2024-08-11T00:30:12+00:00\",\"dateModified\":\"2026-01-13T00:17:05+00:00\",\"description\":\"Arenero abierto para gatos grandes. caja arenera para gatos grandes. Ba\u00f1o para gatos. Caja arenera. inodoro para gatos con gran espacio interior. Arenero Xl\",\"breadcrumb\":{\"@id\":\"https:\\\/\\\/gatosperu.com\\\/producto\\\/arenero-abierto-xl-para-gatos-grandes\\\/#breadcrumb\"},\"inLanguage\":\"es\",\"potentialAction\":[{\"@type\":\"ReadAction\",\"target\":[\"https:\\\/\\\/gatosperu.com\\\/producto\\\/arenero-abierto-xl-para-gatos-grandes\\\/\"]}]},{\"@type\":\"ImageObject\",\"inLanguage\":\"es\",\"@id\":\"https:\\\/\\\/gatosperu.com\\\/producto\\\/arenero-abierto-xl-para-gatos-grandes\\\/#primaryimage\",\"url\":\"https:\\\/\\\/gatosperu.com\\\/wp-content\\\/uploads\\\/2024\\\/08\\\/XL-arenero-para-gatos-grandes.png\",\"contentUrl\":\"https:\\\/\\\/gatosperu.com\\\/wp-content\\\/uploads\\\/2024\\\/08\\\/XL-arenero-para-gatos-grandes.png\",\"width\":1080,\"height\":1080},{\"@type\":\"BreadcrumbList\",\"@id\":\"https:\\\/\\\/gatosperu.com\\\/producto\\\/arenero-abierto-xl-para-gatos-grandes\\\/#breadcrumb\",\"itemListElement\":[{\"@type\":\"ListItem\",\"position\":1,\"name\":\"Portada\",\"item\":\"https:\\\/\\\/gatosperu.com\\\/\"},{\"@type\":\"ListItem\",\"position\":2,\"name\":\"Productos\",\"item\":\"https:\\\/\\\/gatosperu.com\\\/productos\\\/\"},{\"@type\":\"ListItem\",\"position\":3,\"name\":\"Arenero abierto XL para gatos grandes\"}]},{\"@type\":\"WebSite\",\"@id\":\"https:\\\/\\\/gatosperu.com\\\/#website\",\"url\":\"https:\\\/\\\/gatosperu.com\\\/\",\"name\":\"Gatos Per\u00fa Pet Shop\",\"description\":\"Tienda virtual para gatos\",\"publisher\":{\"@id\":\"https:\\\/\\\/gatosperu.com\\\/#organization\"},\"potentialAction\":[{\"@type\":\"SearchAction\",\"target\":{\"@type\":\"EntryPoint\",\"urlTemplate\":\"https:\\\/\\\/gatosperu.com\\\/?s={search_term_string}\"},\"query-input\":{\"@type\":\"PropertyValueSpecification\",\"valueRequired\":true,\"valueName\":\"search_term_string\"}}],\"inLanguage\":\"es\"},{\"@type\":\"Organization\",\"@id\":\"https:\\\/\\\/gatosperu.com\\\/#organization\",\"name\":\"Thayacha\",\"url\":\"https:\\\/\\\/gatosperu.com\\\/\",\"logo\":{\"@type\":\"ImageObject\",\"inLanguage\":\"es\",\"@id\":\"https:\\\/\\\/gatosperu.com\\\/#\\\/schema\\\/logo\\\/image\\\/\",\"url\":\"https:\\\/\\\/gatosperu.com\\\/wp-content\\\/uploads\\\/2020\\\/04\\\/ty-e1589221156944.png\",\"contentUrl\":\"https:\\\/\\\/gatosperu.com\\\/wp-content\\\/uploads\\\/2020\\\/04\\\/ty-e1589221156944.png\",\"width\":573,\"height\":419,\"caption\":\"Thayacha\"},\"image\":{\"@id\":\"https:\\\/\\\/gatosperu.com\\\/#\\\/schema\\\/logo\\\/image\\\/\"}}]}<\/script>\n<!-- \/ Yoast SEO plugin. -->","yoast_head_json":{"title":"Arenero abierto XL para gatos grandes | Gatos Per\u00fa Pet Shop","description":"Arenero abierto para gatos grandes. caja arenera para gatos grandes. Ba\u00f1o para gatos. Caja arenera. inodoro para gatos con gran espacio interior. Arenero Xl","robots":{"index":"index","follow":"follow","max-snippet":"max-snippet:-1","max-image-preview":"max-image-preview:large","max-video-preview":"max-video-preview:-1"},"canonical":"https:\/\/gatosperu.com\/es\/producto\/arenero-abierto-xl-para-gatos-grandes\/","og_locale":"es_ES","og_type":"article","og_title":"Arenero abierto XL para gatos grandes | Gatos Per\u00fa Pet Shop","og_description":"Arenero abierto para gatos grandes. caja arenera para gatos grandes. Ba\u00f1o para gatos. Caja arenera. inodoro para gatos con gran espacio interior. Arenero Xl","og_url":"https:\/\/gatosperu.com\/es\/producto\/arenero-abierto-xl-para-gatos-grandes\/","og_site_name":"Gatos Per\u00fa Pet Shop","article_modified_time":"2026-01-13T00:17:05+00:00","og_image":[{"width":1080,"height":1080,"url":"https:\/\/gatosperu.com\/wp-content\/uploads\/2024\/08\/XL-arenero-para-gatos-grandes.png","type":"image\/png"}],"twitter_card":"summary_large_image","twitter_misc":{"Tiempo de lectura":"1 minuto"},"schema":{"@context":"https:\/\/schema.org","@graph":[{"@type":"WebPage","@id":"https:\/\/gatosperu.com\/producto\/arenero-abierto-xl-para-gatos-grandes\/","url":"https:\/\/gatosperu.com\/producto\/arenero-abierto-xl-para-gatos-grandes\/","name":"Arenero abierto XL para gatos grandes | Gatos Per\u00fa Pet Shop","isPartOf":{"@id":"https:\/\/gatosperu.com\/#website"},"primaryImageOfPage":{"@id":"https:\/\/gatosperu.com\/producto\/arenero-abierto-xl-para-gatos-grandes\/#primaryimage"},"image":{"@id":"https:\/\/gatosperu.com\/producto\/arenero-abierto-xl-para-gatos-grandes\/#primaryimage"},"thumbnailUrl":"https:\/\/gatosperu.com\/wp-content\/uploads\/2024\/08\/XL-arenero-para-gatos-grandes.png","datePublished":"2024-08-11T00:30:12+00:00","dateModified":"2026-01-13T00:17:05+00:00","description":"Arenero abierto para gatos grandes. caja arenera para gatos grandes. Ba\u00f1o para gatos. Caja arenera. inodoro para gatos con gran espacio interior. Arenero Xl","breadcrumb":{"@id":"https:\/\/gatosperu.com\/producto\/arenero-abierto-xl-para-gatos-grandes\/#breadcrumb"},"inLanguage":"es","potentialAction":[{"@type":"ReadAction","target":["https:\/\/gatosperu.com\/producto\/arenero-abierto-xl-para-gatos-grandes\/"]}]},{"@type":"ImageObject","inLanguage":"es","@id":"https:\/\/gatosperu.com\/producto\/arenero-abierto-xl-para-gatos-grandes\/#primaryimage","url":"https:\/\/gatosperu.com\/wp-content\/uploads\/2024\/08\/XL-arenero-para-gatos-grandes.png","contentUrl":"https:\/\/gatosperu.com\/wp-content\/uploads\/2024\/08\/XL-arenero-para-gatos-grandes.png","width":1080,"height":1080},{"@type":"BreadcrumbList","@id":"https:\/\/gatosperu.com\/producto\/arenero-abierto-xl-para-gatos-grandes\/#breadcrumb","itemListElement":[{"@type":"ListItem","position":1,"name":"Portada","item":"https:\/\/gatosperu.com\/"},{"@type":"ListItem","position":2,"name":"Productos","item":"https:\/\/gatosperu.com\/productos\/"},{"@type":"ListItem","position":3,"name":"Arenero abierto XL para gatos grandes"}]},{"@type":"WebSite","@id":"https:\/\/gatosperu.com\/#website","url":"https:\/\/gatosperu.com\/","name":"Gatos Per\u00fa Pet Shop","description":"Tienda virtual para gatos","publisher":{"@id":"https:\/\/gatosperu.com\/#organization"},"potentialAction":[{"@type":"SearchAction","target":{"@type":"EntryPoint","urlTemplate":"https:\/\/gatosperu.com\/?s={search_term_string}"},"query-input":{"@type":"PropertyValueSpecification","valueRequired":true,"valueName":"search_term_string"}}],"inLanguage":"es"},{"@type":"Organization","@id":"https:\/\/gatosperu.com\/#organization","name":"Thayacha","url":"https:\/\/gatosperu.com\/","logo":{"@type":"ImageObject","inLanguage":"es","@id":"https:\/\/gatosperu.com\/#\/schema\/logo\/image\/","url":"https:\/\/gatosperu.com\/wp-content\/uploads\/2020\/04\/ty-e1589221156944.png","contentUrl":"https:\/\/gatosperu.com\/wp-content\/uploads\/2020\/04\/ty-e1589221156944.png","width":573,"height":419,"caption":"Thayacha"},"image":{"@id":"https:\/\/gatosperu.com\/#\/schema\/logo\/image\/"}}]}},"_links":{"self":[{"href":"https:\/\/gatosperu.com\/es\/wp-json\/wp\/v2\/product\/3627","targetHints":{"allow":["GET"]}}],"collection":[{"href":"https:\/\/gatosperu.com\/es\/wp-json\/wp\/v2\/product"}],"about":[{"href":"https:\/\/gatosperu.com\/es\/wp-json\/wp\/v2\/types\/product"}],"replies":[{"embeddable":true,"href":"https:\/\/gatosperu.com\/es\/wp-json\/wp\/v2\/comments?post=3627"}],"wp:featuredmedia":[{"embeddable":true,"href":"https:\/\/gatosperu.com\/es\/wp-json\/wp\/v2\/media\/3630"}],"wp:attachment":[{"href":"https:\/\/gatosperu.com\/es\/wp-json\/wp\/v2\/media?parent=3627"}],"wp:term":[{"taxonomy":"product_brand","embeddable":true,"href":"https:\/\/gatosperu.com\/es\/wp-json\/wp\/v2\/product_brand?post=3627"},{"taxonomy":"product_cat","embeddable":true,"href":"https:\/\/gatosperu.com\/es\/wp-json\/wp\/v2\/product_cat?post=3627"},{"taxonomy":"product_tag","embeddable":true,"href":"https:\/\/gatosperu.com\/es\/wp-json\/wp\/v2\/product_tag?post=3627"}],"curies":[{"name":"wp","href":"https:\/\/api.w.org\/{rel}","templated":true}]}}