{"id":3636,"date":"2024-08-11T02:35:24","date_gmt":"2024-08-11T02:35:24","guid":{"rendered":"https:\/\/thayacha.com\/petshow\/?post_type=product&#038;p=3636"},"modified":"2024-08-17T01:14:03","modified_gmt":"2024-08-17T01:14:03","slug":"gimnasio-rascador-para-gatos-con-01-casa-y-2-asiento","status":"publish","type":"product","link":"https:\/\/gatosperu.com\/es\/producto\/gimnasio-rascador-para-gatos-con-01-casa-y-2-asiento\/","title":{"rendered":"Gimnasio rascador para gatos con 01 casa y 2 asiento"},"content":{"rendered":"<h4 class=\"p1\"><span class=\"s1\"><b>\u00bf Qu\u00e9 son los gimnasios o rascadores para gatos ?<\/b><\/span><\/h4>\n<p class=\"p1\"><span class=\"s1\">Los gimnasios para gatos son estructuras creadas con material de alta calidad y resistentes, est\u00e1n compuestos de distintos materiales y texturas para lograr atraer la atenci\u00f3n de nuestro gato, dicha estructura le servir\u00e1 como base para rascar con sus u\u00f1as, e incluso hay gimnasios con dise\u00f1os mucho m\u00e1s complejos donde nuestra mascota podr\u00e1 rascar y a la vez divertirse como un centro de\u00a0<\/span><span class=\"s3\">juegos para gatos<\/span><span class=\"s1\">.<\/span><\/p>\n<p class=\"p1\"><span class=\"s1\">Si tu gato no cuenta con un rascador adecuado, de manera natural va a elegir muebles u otros objetos de tu hogar para lijar sus u\u00f1as, lo que seguramente no va a ser de tu agrado. Muebles ara\u00f1ados, patas de<span class=\"Apple-converted-space\">\u00a0\u00a0<\/span>sillas arruinadas, alfombras destrozadas son algunas de las consecuencias que deber\u00edas afrontar si no consigues de inmediato un rascador o\u00a0<\/span><span class=\"s2\">gimnasio para gatos<\/span><span class=\"s1\">.<\/span><\/p>\n<h4 class=\"p1\"><span class=\"s1\"><b>\u00bf Es Necesario tener uno Rascador en casa ?<\/b><\/span><\/h4>\n<p class=\"p1\"><span class=\"s1\">Si eres un\u00a0amante de los gatos\u00a0como yo, de seguro no dudar\u00e1s<span class=\"Apple-converted-space\">\u00a0\u00a0<\/span>en adquirir un gimnasio o rascador para tu gato, \u00e9stos son herramientas \u00fatiles y me atrever\u00eda a decir que<span class=\"Apple-converted-space\">\u00a0\u00a0<\/span>indispensables si queremos y pensamos en el bienestar y felicidad de nuestra mascota.<\/span><\/p>\n<p class=\"p1\"><span class=\"s1\">En el momento que decidimos<span class=\"Apple-converted-space\">\u00a0\u00a0<\/span>adoptar<span class=\"Apple-converted-space\">\u00a0\u00a0<\/span>un gato como mascota, hicimos un compromiso moral con ese indefenso animal, para cuidar de \u00e9l y velar por su bienestar. As\u00ed que desde ya puedes ir buscando el rascador para gatos que mejor se adapte a tu mascota.<\/span><\/p>\n<p>&nbsp;<\/p>","protected":false},"excerpt":{"rendered":"<p><strong>Gimnasio rascador para gatos con casa y asiento.<\/strong><\/p>\n<ul>\n<li>Bonito dise\u00f1o<\/li>\n<li>Base ancha:\u00a0muy estable y forrada de felpa suave<\/li>\n<li>Rascador columna de sisal larga: ideal para afilarse las u\u00f1as<\/li>\n<li>Perfecto para estirarse<\/li>\n<li>Color: gris y beige.<\/li>\n<\/ul>","protected":false},"featured_media":3637,"comment_status":"closed","ping_status":"closed","template":"","meta":{"_gspb_post_css":"","content-type":""},"product_brand":[],"product_cat":[94,80],"product_tag":[],"class_list":{"0":"post-3636","1":"product","2":"type-product","3":"status-publish","4":"has-post-thumbnail","6":"product_cat-gimnasios-y-rascadores","7":"product_cat-productos-para-gatos","9":"first","10":"instock","11":"taxable","12":"shipping-taxable","13":"purchasable","14":"product-type-simple"},"yoast_head":"<!-- This site is optimized with the Yoast SEO plugin v27.4 - https:\/\/yoast.com\/product\/yoast-seo-wordpress\/ -->\n<title>Gimnasio rascador para gatos con 01 casa y 2 asiento | Gatos Per\u00fa Pet Shop<\/title>\n<meta name=\"description\" content=\"Rascador poste para gatos, casa para gato, juguete personalizado, tama\u00f1o grande, antiara\u00f1azos, resistente al desgaste. GYM para gatos.\" \/>\n<meta name=\"robots\" content=\"index, follow, max-snippet:-1, max-image-preview:large, max-video-preview:-1\" \/>\n<link rel=\"canonical\" href=\"https:\/\/gatosperu.com\/es\/producto\/gimnasio-rascador-para-gatos-con-01-casa-y-2-asiento\/\" \/>\n<meta property=\"og:locale\" content=\"es_ES\" \/>\n<meta property=\"og:type\" content=\"article\" \/>\n<meta property=\"og:title\" content=\"Gimnasio rascador para gatos con 01 casa y 2 asiento | Gatos Per\u00fa Pet Shop\" \/>\n<meta property=\"og:description\" content=\"Rascador poste para gatos, casa para gato, juguete personalizado, tama\u00f1o grande, antiara\u00f1azos, resistente al desgaste. GYM para gatos.\" \/>\n<meta property=\"og:url\" content=\"https:\/\/gatosperu.com\/es\/producto\/gimnasio-rascador-para-gatos-con-01-casa-y-2-asiento\/\" \/>\n<meta property=\"og:site_name\" content=\"Gatos Per\u00fa Pet Shop\" \/>\n<meta property=\"article:modified_time\" content=\"2024-08-17T01:14:03+00:00\" \/>\n<meta property=\"og:image\" content=\"https:\/\/gatosperu.com\/wp-content\/uploads\/2024\/08\/gimasio-para-gatos-con-casa-y-dos-asientos.png\" \/>\n\t<meta property=\"og:image:width\" content=\"1080\" \/>\n\t<meta property=\"og:image:height\" content=\"1080\" \/>\n\t<meta property=\"og:image:type\" content=\"image\/png\" \/>\n<meta name=\"twitter:card\" content=\"summary_large_image\" \/>\n<meta name=\"twitter:label1\" content=\"Tiempo de lectura\" \/>\n\t<meta name=\"twitter:data1\" content=\"2 minutos\" \/>\n<script type=\"application\/ld+json\" class=\"yoast-schema-graph\">{\"@context\":\"https:\\\/\\\/schema.org\",\"@graph\":[{\"@type\":\"WebPage\",\"@id\":\"https:\\\/\\\/gatosperu.com\\\/producto\\\/gimnasio-rascador-para-gatos-con-01-casa-y-2-asiento\\\/\",\"url\":\"https:\\\/\\\/gatosperu.com\\\/producto\\\/gimnasio-rascador-para-gatos-con-01-casa-y-2-asiento\\\/\",\"name\":\"Gimnasio rascador para gatos con 01 casa y 2 asiento | Gatos Per\u00fa Pet Shop\",\"isPartOf\":{\"@id\":\"https:\\\/\\\/gatosperu.com\\\/#website\"},\"primaryImageOfPage\":{\"@id\":\"https:\\\/\\\/gatosperu.com\\\/producto\\\/gimnasio-rascador-para-gatos-con-01-casa-y-2-asiento\\\/#primaryimage\"},\"image\":{\"@id\":\"https:\\\/\\\/gatosperu.com\\\/producto\\\/gimnasio-rascador-para-gatos-con-01-casa-y-2-asiento\\\/#primaryimage\"},\"thumbnailUrl\":\"https:\\\/\\\/gatosperu.com\\\/wp-content\\\/uploads\\\/2024\\\/08\\\/gimasio-para-gatos-con-casa-y-dos-asientos.png\",\"datePublished\":\"2024-08-11T02:35:24+00:00\",\"dateModified\":\"2024-08-17T01:14:03+00:00\",\"description\":\"Rascador poste para gatos, casa para gato, juguete personalizado, tama\u00f1o grande, antiara\u00f1azos, resistente al desgaste. GYM para gatos.\",\"breadcrumb\":{\"@id\":\"https:\\\/\\\/gatosperu.com\\\/producto\\\/gimnasio-rascador-para-gatos-con-01-casa-y-2-asiento\\\/#breadcrumb\"},\"inLanguage\":\"es\",\"potentialAction\":[{\"@type\":\"ReadAction\",\"target\":[\"https:\\\/\\\/gatosperu.com\\\/producto\\\/gimnasio-rascador-para-gatos-con-01-casa-y-2-asiento\\\/\"]}]},{\"@type\":\"ImageObject\",\"inLanguage\":\"es\",\"@id\":\"https:\\\/\\\/gatosperu.com\\\/producto\\\/gimnasio-rascador-para-gatos-con-01-casa-y-2-asiento\\\/#primaryimage\",\"url\":\"https:\\\/\\\/gatosperu.com\\\/wp-content\\\/uploads\\\/2024\\\/08\\\/gimasio-para-gatos-con-casa-y-dos-asientos.png\",\"contentUrl\":\"https:\\\/\\\/gatosperu.com\\\/wp-content\\\/uploads\\\/2024\\\/08\\\/gimasio-para-gatos-con-casa-y-dos-asientos.png\",\"width\":1080,\"height\":1080},{\"@type\":\"BreadcrumbList\",\"@id\":\"https:\\\/\\\/gatosperu.com\\\/producto\\\/gimnasio-rascador-para-gatos-con-01-casa-y-2-asiento\\\/#breadcrumb\",\"itemListElement\":[{\"@type\":\"ListItem\",\"position\":1,\"name\":\"Portada\",\"item\":\"https:\\\/\\\/gatosperu.com\\\/\"},{\"@type\":\"ListItem\",\"position\":2,\"name\":\"Productos\",\"item\":\"https:\\\/\\\/gatosperu.com\\\/productos\\\/\"},{\"@type\":\"ListItem\",\"position\":3,\"name\":\"Gimnasio rascador para gatos con 01 casa y 2 asiento\"}]},{\"@type\":\"WebSite\",\"@id\":\"https:\\\/\\\/gatosperu.com\\\/#website\",\"url\":\"https:\\\/\\\/gatosperu.com\\\/\",\"name\":\"Gatos Per\u00fa Pet Shop\",\"description\":\"Tienda virtual para gatos\",\"publisher\":{\"@id\":\"https:\\\/\\\/gatosperu.com\\\/#organization\"},\"potentialAction\":[{\"@type\":\"SearchAction\",\"target\":{\"@type\":\"EntryPoint\",\"urlTemplate\":\"https:\\\/\\\/gatosperu.com\\\/?s={search_term_string}\"},\"query-input\":{\"@type\":\"PropertyValueSpecification\",\"valueRequired\":true,\"valueName\":\"search_term_string\"}}],\"inLanguage\":\"es\"},{\"@type\":\"Organization\",\"@id\":\"https:\\\/\\\/gatosperu.com\\\/#organization\",\"name\":\"Thayacha\",\"url\":\"https:\\\/\\\/gatosperu.com\\\/\",\"logo\":{\"@type\":\"ImageObject\",\"inLanguage\":\"es\",\"@id\":\"https:\\\/\\\/gatosperu.com\\\/#\\\/schema\\\/logo\\\/image\\\/\",\"url\":\"https:\\\/\\\/gatosperu.com\\\/wp-content\\\/uploads\\\/2020\\\/04\\\/ty-e1589221156944.png\",\"contentUrl\":\"https:\\\/\\\/gatosperu.com\\\/wp-content\\\/uploads\\\/2020\\\/04\\\/ty-e1589221156944.png\",\"width\":573,\"height\":419,\"caption\":\"Thayacha\"},\"image\":{\"@id\":\"https:\\\/\\\/gatosperu.com\\\/#\\\/schema\\\/logo\\\/image\\\/\"}}]}<\/script>\n<!-- \/ Yoast SEO plugin. -->","yoast_head_json":{"title":"Gimnasio rascador para gatos con 01 casa y 2 asiento | Gatos Per\u00fa Pet Shop","description":"Rascador poste para gatos, casa para gato, juguete personalizado, tama\u00f1o grande, antiara\u00f1azos, resistente al desgaste. GYM para gatos.","robots":{"index":"index","follow":"follow","max-snippet":"max-snippet:-1","max-image-preview":"max-image-preview:large","max-video-preview":"max-video-preview:-1"},"canonical":"https:\/\/gatosperu.com\/es\/producto\/gimnasio-rascador-para-gatos-con-01-casa-y-2-asiento\/","og_locale":"es_ES","og_type":"article","og_title":"Gimnasio rascador para gatos con 01 casa y 2 asiento | Gatos Per\u00fa Pet Shop","og_description":"Rascador poste para gatos, casa para gato, juguete personalizado, tama\u00f1o grande, antiara\u00f1azos, resistente al desgaste. GYM para gatos.","og_url":"https:\/\/gatosperu.com\/es\/producto\/gimnasio-rascador-para-gatos-con-01-casa-y-2-asiento\/","og_site_name":"Gatos Per\u00fa Pet Shop","article_modified_time":"2024-08-17T01:14:03+00:00","og_image":[{"width":1080,"height":1080,"url":"https:\/\/gatosperu.com\/wp-content\/uploads\/2024\/08\/gimasio-para-gatos-con-casa-y-dos-asientos.png","type":"image\/png"}],"twitter_card":"summary_large_image","twitter_misc":{"Tiempo de lectura":"2 minutos"},"schema":{"@context":"https:\/\/schema.org","@graph":[{"@type":"WebPage","@id":"https:\/\/gatosperu.com\/producto\/gimnasio-rascador-para-gatos-con-01-casa-y-2-asiento\/","url":"https:\/\/gatosperu.com\/producto\/gimnasio-rascador-para-gatos-con-01-casa-y-2-asiento\/","name":"Gimnasio rascador para gatos con 01 casa y 2 asiento | Gatos Per\u00fa Pet Shop","isPartOf":{"@id":"https:\/\/gatosperu.com\/#website"},"primaryImageOfPage":{"@id":"https:\/\/gatosperu.com\/producto\/gimnasio-rascador-para-gatos-con-01-casa-y-2-asiento\/#primaryimage"},"image":{"@id":"https:\/\/gatosperu.com\/producto\/gimnasio-rascador-para-gatos-con-01-casa-y-2-asiento\/#primaryimage"},"thumbnailUrl":"https:\/\/gatosperu.com\/wp-content\/uploads\/2024\/08\/gimasio-para-gatos-con-casa-y-dos-asientos.png","datePublished":"2024-08-11T02:35:24+00:00","dateModified":"2024-08-17T01:14:03+00:00","description":"Rascador poste para gatos, casa para gato, juguete personalizado, tama\u00f1o grande, antiara\u00f1azos, resistente al desgaste. GYM para gatos.","breadcrumb":{"@id":"https:\/\/gatosperu.com\/producto\/gimnasio-rascador-para-gatos-con-01-casa-y-2-asiento\/#breadcrumb"},"inLanguage":"es","potentialAction":[{"@type":"ReadAction","target":["https:\/\/gatosperu.com\/producto\/gimnasio-rascador-para-gatos-con-01-casa-y-2-asiento\/"]}]},{"@type":"ImageObject","inLanguage":"es","@id":"https:\/\/gatosperu.com\/producto\/gimnasio-rascador-para-gatos-con-01-casa-y-2-asiento\/#primaryimage","url":"https:\/\/gatosperu.com\/wp-content\/uploads\/2024\/08\/gimasio-para-gatos-con-casa-y-dos-asientos.png","contentUrl":"https:\/\/gatosperu.com\/wp-content\/uploads\/2024\/08\/gimasio-para-gatos-con-casa-y-dos-asientos.png","width":1080,"height":1080},{"@type":"BreadcrumbList","@id":"https:\/\/gatosperu.com\/producto\/gimnasio-rascador-para-gatos-con-01-casa-y-2-asiento\/#breadcrumb","itemListElement":[{"@type":"ListItem","position":1,"name":"Portada","item":"https:\/\/gatosperu.com\/"},{"@type":"ListItem","position":2,"name":"Productos","item":"https:\/\/gatosperu.com\/productos\/"},{"@type":"ListItem","position":3,"name":"Gimnasio rascador para gatos con 01 casa y 2 asiento"}]},{"@type":"WebSite","@id":"https:\/\/gatosperu.com\/#website","url":"https:\/\/gatosperu.com\/","name":"Gatos Per\u00fa Pet Shop","description":"Tienda virtual para gatos","publisher":{"@id":"https:\/\/gatosperu.com\/#organization"},"potentialAction":[{"@type":"SearchAction","target":{"@type":"EntryPoint","urlTemplate":"https:\/\/gatosperu.com\/?s={search_term_string}"},"query-input":{"@type":"PropertyValueSpecification","valueRequired":true,"valueName":"search_term_string"}}],"inLanguage":"es"},{"@type":"Organization","@id":"https:\/\/gatosperu.com\/#organization","name":"Thayacha","url":"https:\/\/gatosperu.com\/","logo":{"@type":"ImageObject","inLanguage":"es","@id":"https:\/\/gatosperu.com\/#\/schema\/logo\/image\/","url":"https:\/\/gatosperu.com\/wp-content\/uploads\/2020\/04\/ty-e1589221156944.png","contentUrl":"https:\/\/gatosperu.com\/wp-content\/uploads\/2020\/04\/ty-e1589221156944.png","width":573,"height":419,"caption":"Thayacha"},"image":{"@id":"https:\/\/gatosperu.com\/#\/schema\/logo\/image\/"}}]}},"_links":{"self":[{"href":"https:\/\/gatosperu.com\/es\/wp-json\/wp\/v2\/product\/3636","targetHints":{"allow":["GET"]}}],"collection":[{"href":"https:\/\/gatosperu.com\/es\/wp-json\/wp\/v2\/product"}],"about":[{"href":"https:\/\/gatosperu.com\/es\/wp-json\/wp\/v2\/types\/product"}],"replies":[{"embeddable":true,"href":"https:\/\/gatosperu.com\/es\/wp-json\/wp\/v2\/comments?post=3636"}],"wp:featuredmedia":[{"embeddable":true,"href":"https:\/\/gatosperu.com\/es\/wp-json\/wp\/v2\/media\/3637"}],"wp:attachment":[{"href":"https:\/\/gatosperu.com\/es\/wp-json\/wp\/v2\/media?parent=3636"}],"wp:term":[{"taxonomy":"product_brand","embeddable":true,"href":"https:\/\/gatosperu.com\/es\/wp-json\/wp\/v2\/product_brand?post=3636"},{"taxonomy":"product_cat","embeddable":true,"href":"https:\/\/gatosperu.com\/es\/wp-json\/wp\/v2\/product_cat?post=3636"},{"taxonomy":"product_tag","embeddable":true,"href":"https:\/\/gatosperu.com\/es\/wp-json\/wp\/v2\/product_tag?post=3636"}],"curies":[{"name":"wp","href":"https:\/\/api.w.org\/{rel}","templated":true}]}}