{"id":3646,"date":"2024-08-11T05:06:21","date_gmt":"2024-08-11T05:06:21","guid":{"rendered":"https:\/\/thayacha.com\/petshow\/?post_type=product&#038;p=3646"},"modified":"2025-09-16T03:03:52","modified_gmt":"2025-09-16T03:03:52","slug":"arenero-cerrado-grande-a-prueba-de-derrames-de-arena","status":"publish","type":"product","link":"https:\/\/gatosperu.com\/es\/producto\/arenero-cerrado-grande-a-prueba-de-derrames-de-arena\/","title":{"rendered":"Arenero cerrado grande a prueba de derrames de arena"},"content":{"rendered":"","protected":false},"excerpt":{"rendered":"<hr \/>\n<p style=\"text-align: left;\"><strong>Arenero cerrado grande a prueba de derrames de arena, arenero con t\u00fanel limpia patitas:<\/strong><\/p>\n<p style=\"text-align: left;\">El arenero t\u00fanel fue dise\u00f1ado para resolver los 4 principales problemas de las cajas de arena: Derrames de orina, la salida de la arena, incomodidad durante la limpieza y el almacenamiento.<\/p>\n<p style=\"text-align: left;\">Cuenta con un practico sistema de niveles con rejilla que har\u00e1 que tu gato vaya dejando la arena dentro de la caja mientras camina hacia afuera. La tapa esta sujeta con un par de bisagras por lo que limpiarla es muy simple, incluso ser\u00e1 una tarea que puedes realizar con una sola mano. La forma es cuadrada por lo que se acomodara a cualquier rinc\u00f3n de tu casa. Sobre el tama\u00f1o es ideal para gatos medianos.<\/p>\n<ul class=\"a-unordered-list a-vertical a-spacing-mini\">\n<li class=\"a-spacing-mini\"><span class=\"a-list-item\">\u00a0F\u00e1cil de limpiar antiadherente cubierta de pl\u00e1stico caja de arena para su f\u00e1cil limpieza. Ideal para gatos, gatitos, perritos perros peque\u00f1os.<\/span><\/li>\n<li class=\"a-spacing-mini\"><span class=\"a-list-item\">Principal ordenada protecci\u00f3n Protege Plantas que se derrame la arena.<\/span><\/li>\n<li class=\"a-spacing-mini\"><span class=\"a-list-item\">Fant\u00e1stico para uso interior o exterior.<\/span><\/li>\n<li class=\"a-spacing-mini\"><span class=\"a-list-item\">Gran espacio amplio y c\u00f3modo. El gato puede girar libremente en el interior para evitar que el gato pisar la caca.<\/span><\/li>\n<li class=\"a-spacing-mini\"><span class=\"a-list-item\">Caja de arena para gatos completamente cerrado, evitar salpicaduras de arena para gatos y ahorrar tiempo de limpieza.<\/span><\/li>\n<li class=\"a-spacing-mini\"><span class=\"a-list-item\">\u00a0Ideal para padres de mascotas que trabajan o para aquellos que viven en apartamentos y quieren entrenar al perro para que use el ba\u00f1o interior.<\/span><\/li>\n<li>Disponible: coral y celeste.<\/li>\n<\/ul>","protected":false},"featured_media":3649,"comment_status":"closed","ping_status":"closed","template":"","meta":{"_gspb_post_css":"","content-type":""},"product_brand":[],"product_cat":[81,80],"product_tag":[],"class_list":{"0":"post-3646","1":"product","2":"type-product","3":"status-publish","4":"has-post-thumbnail","6":"product_cat-areneros-y-arenas","7":"product_cat-productos-para-gatos","9":"first","10":"instock","11":"sale","12":"taxable","13":"shipping-taxable","14":"purchasable","15":"product-type-simple"},"yoast_head":"<!-- This site is optimized with the Yoast SEO plugin v27.4 - https:\/\/yoast.com\/product\/yoast-seo-wordpress\/ -->\n<title>Arenero cerrado grande a prueba de derrames de arena | Gatos Per\u00fa Pet Shop<\/title>\n<meta name=\"description\" content=\"Arenero con limpia patitas. Arenero para gatos con rejilla para limpieza de patas. Arenero pakeway con rejilla limpia patitas, Arenero cerrado para gatos.\" \/>\n<meta name=\"robots\" content=\"index, follow, max-snippet:-1, max-image-preview:large, max-video-preview:-1\" \/>\n<link rel=\"canonical\" href=\"https:\/\/gatosperu.com\/es\/producto\/arenero-cerrado-grande-a-prueba-de-derrames-de-arena\/\" \/>\n<meta property=\"og:locale\" content=\"es_ES\" \/>\n<meta property=\"og:type\" content=\"article\" \/>\n<meta property=\"og:title\" content=\"Arenero cerrado grande a prueba de derrames de arena | Gatos Per\u00fa Pet Shop\" \/>\n<meta property=\"og:description\" content=\"Arenero con limpia patitas. Arenero para gatos con rejilla para limpieza de patas. Arenero pakeway con rejilla limpia patitas, Arenero cerrado para gatos.\" \/>\n<meta property=\"og:url\" content=\"https:\/\/gatosperu.com\/es\/producto\/arenero-cerrado-grande-a-prueba-de-derrames-de-arena\/\" \/>\n<meta property=\"og:site_name\" content=\"Gatos Per\u00fa Pet Shop\" \/>\n<meta property=\"article:modified_time\" content=\"2025-09-16T03:03:52+00:00\" \/>\n<meta property=\"og:image\" content=\"https:\/\/gatosperu.com\/wp-content\/uploads\/2024\/08\/arenero-antiderrames-tunel-patitas-gatos.png\" \/>\n\t<meta property=\"og:image:width\" content=\"1080\" \/>\n\t<meta property=\"og:image:height\" content=\"1080\" \/>\n\t<meta property=\"og:image:type\" content=\"image\/png\" \/>\n<meta name=\"twitter:card\" content=\"summary_large_image\" \/>\n<meta name=\"twitter:label1\" content=\"Tiempo de lectura\" \/>\n\t<meta name=\"twitter:data1\" content=\"1 minuto\" \/>\n<script type=\"application\/ld+json\" class=\"yoast-schema-graph\">{\"@context\":\"https:\\\/\\\/schema.org\",\"@graph\":[{\"@type\":\"WebPage\",\"@id\":\"https:\\\/\\\/gatosperu.com\\\/producto\\\/arenero-cerrado-grande-a-prueba-de-derrames-de-arena\\\/\",\"url\":\"https:\\\/\\\/gatosperu.com\\\/producto\\\/arenero-cerrado-grande-a-prueba-de-derrames-de-arena\\\/\",\"name\":\"Arenero cerrado grande a prueba de derrames de arena | Gatos Per\u00fa Pet Shop\",\"isPartOf\":{\"@id\":\"https:\\\/\\\/gatosperu.com\\\/#website\"},\"primaryImageOfPage\":{\"@id\":\"https:\\\/\\\/gatosperu.com\\\/producto\\\/arenero-cerrado-grande-a-prueba-de-derrames-de-arena\\\/#primaryimage\"},\"image\":{\"@id\":\"https:\\\/\\\/gatosperu.com\\\/producto\\\/arenero-cerrado-grande-a-prueba-de-derrames-de-arena\\\/#primaryimage\"},\"thumbnailUrl\":\"https:\\\/\\\/gatosperu.com\\\/wp-content\\\/uploads\\\/2024\\\/08\\\/arenero-antiderrames-tunel-patitas-gatos.png\",\"datePublished\":\"2024-08-11T05:06:21+00:00\",\"dateModified\":\"2025-09-16T03:03:52+00:00\",\"description\":\"Arenero con limpia patitas. Arenero para gatos con rejilla para limpieza de patas. Arenero pakeway con rejilla limpia patitas, Arenero cerrado para gatos.\",\"breadcrumb\":{\"@id\":\"https:\\\/\\\/gatosperu.com\\\/producto\\\/arenero-cerrado-grande-a-prueba-de-derrames-de-arena\\\/#breadcrumb\"},\"inLanguage\":\"es\",\"potentialAction\":[{\"@type\":\"ReadAction\",\"target\":[\"https:\\\/\\\/gatosperu.com\\\/producto\\\/arenero-cerrado-grande-a-prueba-de-derrames-de-arena\\\/\"]}]},{\"@type\":\"ImageObject\",\"inLanguage\":\"es\",\"@id\":\"https:\\\/\\\/gatosperu.com\\\/producto\\\/arenero-cerrado-grande-a-prueba-de-derrames-de-arena\\\/#primaryimage\",\"url\":\"https:\\\/\\\/gatosperu.com\\\/wp-content\\\/uploads\\\/2024\\\/08\\\/arenero-antiderrames-tunel-patitas-gatos.png\",\"contentUrl\":\"https:\\\/\\\/gatosperu.com\\\/wp-content\\\/uploads\\\/2024\\\/08\\\/arenero-antiderrames-tunel-patitas-gatos.png\",\"width\":1080,\"height\":1080},{\"@type\":\"BreadcrumbList\",\"@id\":\"https:\\\/\\\/gatosperu.com\\\/producto\\\/arenero-cerrado-grande-a-prueba-de-derrames-de-arena\\\/#breadcrumb\",\"itemListElement\":[{\"@type\":\"ListItem\",\"position\":1,\"name\":\"Portada\",\"item\":\"https:\\\/\\\/gatosperu.com\\\/\"},{\"@type\":\"ListItem\",\"position\":2,\"name\":\"Productos\",\"item\":\"https:\\\/\\\/gatosperu.com\\\/productos\\\/\"},{\"@type\":\"ListItem\",\"position\":3,\"name\":\"Arenero cerrado grande a prueba de derrames de arena\"}]},{\"@type\":\"WebSite\",\"@id\":\"https:\\\/\\\/gatosperu.com\\\/#website\",\"url\":\"https:\\\/\\\/gatosperu.com\\\/\",\"name\":\"Gatos Per\u00fa Pet Shop\",\"description\":\"Tienda virtual para gatos\",\"publisher\":{\"@id\":\"https:\\\/\\\/gatosperu.com\\\/#organization\"},\"potentialAction\":[{\"@type\":\"SearchAction\",\"target\":{\"@type\":\"EntryPoint\",\"urlTemplate\":\"https:\\\/\\\/gatosperu.com\\\/?s={search_term_string}\"},\"query-input\":{\"@type\":\"PropertyValueSpecification\",\"valueRequired\":true,\"valueName\":\"search_term_string\"}}],\"inLanguage\":\"es\"},{\"@type\":\"Organization\",\"@id\":\"https:\\\/\\\/gatosperu.com\\\/#organization\",\"name\":\"Thayacha\",\"url\":\"https:\\\/\\\/gatosperu.com\\\/\",\"logo\":{\"@type\":\"ImageObject\",\"inLanguage\":\"es\",\"@id\":\"https:\\\/\\\/gatosperu.com\\\/#\\\/schema\\\/logo\\\/image\\\/\",\"url\":\"https:\\\/\\\/gatosperu.com\\\/wp-content\\\/uploads\\\/2020\\\/04\\\/ty-e1589221156944.png\",\"contentUrl\":\"https:\\\/\\\/gatosperu.com\\\/wp-content\\\/uploads\\\/2020\\\/04\\\/ty-e1589221156944.png\",\"width\":573,\"height\":419,\"caption\":\"Thayacha\"},\"image\":{\"@id\":\"https:\\\/\\\/gatosperu.com\\\/#\\\/schema\\\/logo\\\/image\\\/\"}}]}<\/script>\n<!-- \/ Yoast SEO plugin. -->","yoast_head_json":{"title":"Arenero cerrado grande a prueba de derrames de arena | Gatos Per\u00fa Pet Shop","description":"Arenero con limpia patitas. Arenero para gatos con rejilla para limpieza de patas. Arenero pakeway con rejilla limpia patitas, Arenero cerrado para gatos.","robots":{"index":"index","follow":"follow","max-snippet":"max-snippet:-1","max-image-preview":"max-image-preview:large","max-video-preview":"max-video-preview:-1"},"canonical":"https:\/\/gatosperu.com\/es\/producto\/arenero-cerrado-grande-a-prueba-de-derrames-de-arena\/","og_locale":"es_ES","og_type":"article","og_title":"Arenero cerrado grande a prueba de derrames de arena | Gatos Per\u00fa Pet Shop","og_description":"Arenero con limpia patitas. Arenero para gatos con rejilla para limpieza de patas. Arenero pakeway con rejilla limpia patitas, Arenero cerrado para gatos.","og_url":"https:\/\/gatosperu.com\/es\/producto\/arenero-cerrado-grande-a-prueba-de-derrames-de-arena\/","og_site_name":"Gatos Per\u00fa Pet Shop","article_modified_time":"2025-09-16T03:03:52+00:00","og_image":[{"width":1080,"height":1080,"url":"https:\/\/gatosperu.com\/wp-content\/uploads\/2024\/08\/arenero-antiderrames-tunel-patitas-gatos.png","type":"image\/png"}],"twitter_card":"summary_large_image","twitter_misc":{"Tiempo de lectura":"1 minuto"},"schema":{"@context":"https:\/\/schema.org","@graph":[{"@type":"WebPage","@id":"https:\/\/gatosperu.com\/producto\/arenero-cerrado-grande-a-prueba-de-derrames-de-arena\/","url":"https:\/\/gatosperu.com\/producto\/arenero-cerrado-grande-a-prueba-de-derrames-de-arena\/","name":"Arenero cerrado grande a prueba de derrames de arena | Gatos Per\u00fa Pet Shop","isPartOf":{"@id":"https:\/\/gatosperu.com\/#website"},"primaryImageOfPage":{"@id":"https:\/\/gatosperu.com\/producto\/arenero-cerrado-grande-a-prueba-de-derrames-de-arena\/#primaryimage"},"image":{"@id":"https:\/\/gatosperu.com\/producto\/arenero-cerrado-grande-a-prueba-de-derrames-de-arena\/#primaryimage"},"thumbnailUrl":"https:\/\/gatosperu.com\/wp-content\/uploads\/2024\/08\/arenero-antiderrames-tunel-patitas-gatos.png","datePublished":"2024-08-11T05:06:21+00:00","dateModified":"2025-09-16T03:03:52+00:00","description":"Arenero con limpia patitas. Arenero para gatos con rejilla para limpieza de patas. Arenero pakeway con rejilla limpia patitas, Arenero cerrado para gatos.","breadcrumb":{"@id":"https:\/\/gatosperu.com\/producto\/arenero-cerrado-grande-a-prueba-de-derrames-de-arena\/#breadcrumb"},"inLanguage":"es","potentialAction":[{"@type":"ReadAction","target":["https:\/\/gatosperu.com\/producto\/arenero-cerrado-grande-a-prueba-de-derrames-de-arena\/"]}]},{"@type":"ImageObject","inLanguage":"es","@id":"https:\/\/gatosperu.com\/producto\/arenero-cerrado-grande-a-prueba-de-derrames-de-arena\/#primaryimage","url":"https:\/\/gatosperu.com\/wp-content\/uploads\/2024\/08\/arenero-antiderrames-tunel-patitas-gatos.png","contentUrl":"https:\/\/gatosperu.com\/wp-content\/uploads\/2024\/08\/arenero-antiderrames-tunel-patitas-gatos.png","width":1080,"height":1080},{"@type":"BreadcrumbList","@id":"https:\/\/gatosperu.com\/producto\/arenero-cerrado-grande-a-prueba-de-derrames-de-arena\/#breadcrumb","itemListElement":[{"@type":"ListItem","position":1,"name":"Portada","item":"https:\/\/gatosperu.com\/"},{"@type":"ListItem","position":2,"name":"Productos","item":"https:\/\/gatosperu.com\/productos\/"},{"@type":"ListItem","position":3,"name":"Arenero cerrado grande a prueba de derrames de arena"}]},{"@type":"WebSite","@id":"https:\/\/gatosperu.com\/#website","url":"https:\/\/gatosperu.com\/","name":"Gatos Per\u00fa Pet Shop","description":"Tienda virtual para gatos","publisher":{"@id":"https:\/\/gatosperu.com\/#organization"},"potentialAction":[{"@type":"SearchAction","target":{"@type":"EntryPoint","urlTemplate":"https:\/\/gatosperu.com\/?s={search_term_string}"},"query-input":{"@type":"PropertyValueSpecification","valueRequired":true,"valueName":"search_term_string"}}],"inLanguage":"es"},{"@type":"Organization","@id":"https:\/\/gatosperu.com\/#organization","name":"Thayacha","url":"https:\/\/gatosperu.com\/","logo":{"@type":"ImageObject","inLanguage":"es","@id":"https:\/\/gatosperu.com\/#\/schema\/logo\/image\/","url":"https:\/\/gatosperu.com\/wp-content\/uploads\/2020\/04\/ty-e1589221156944.png","contentUrl":"https:\/\/gatosperu.com\/wp-content\/uploads\/2020\/04\/ty-e1589221156944.png","width":573,"height":419,"caption":"Thayacha"},"image":{"@id":"https:\/\/gatosperu.com\/#\/schema\/logo\/image\/"}}]}},"_links":{"self":[{"href":"https:\/\/gatosperu.com\/es\/wp-json\/wp\/v2\/product\/3646","targetHints":{"allow":["GET"]}}],"collection":[{"href":"https:\/\/gatosperu.com\/es\/wp-json\/wp\/v2\/product"}],"about":[{"href":"https:\/\/gatosperu.com\/es\/wp-json\/wp\/v2\/types\/product"}],"replies":[{"embeddable":true,"href":"https:\/\/gatosperu.com\/es\/wp-json\/wp\/v2\/comments?post=3646"}],"wp:featuredmedia":[{"embeddable":true,"href":"https:\/\/gatosperu.com\/es\/wp-json\/wp\/v2\/media\/3649"}],"wp:attachment":[{"href":"https:\/\/gatosperu.com\/es\/wp-json\/wp\/v2\/media?parent=3646"}],"wp:term":[{"taxonomy":"product_brand","embeddable":true,"href":"https:\/\/gatosperu.com\/es\/wp-json\/wp\/v2\/product_brand?post=3646"},{"taxonomy":"product_cat","embeddable":true,"href":"https:\/\/gatosperu.com\/es\/wp-json\/wp\/v2\/product_cat?post=3646"},{"taxonomy":"product_tag","embeddable":true,"href":"https:\/\/gatosperu.com\/es\/wp-json\/wp\/v2\/product_tag?post=3646"}],"curies":[{"name":"wp","href":"https:\/\/api.w.org\/{rel}","templated":true}]}}