{"id":4102,"date":"2025-04-04T20:40:26","date_gmt":"2025-04-04T20:40:26","guid":{"rendered":"https:\/\/gatosperu.com\/?post_type=product&#038;p=4102"},"modified":"2025-05-01T00:00:06","modified_gmt":"2025-05-01T00:00:06","slug":"gimnasio-para-gatos-con-2-casas-color-beige","status":"publish","type":"product","link":"https:\/\/gatosperu.com\/es\/producto\/gimnasio-para-gatos-con-2-casas-color-beige\/","title":{"rendered":"Gimnasio para gatos con 2 casas color Beige"},"content":{"rendered":"<h4 class=\"p1\"><span class=\"s1\"><b>\u00bf Qu\u00e9 son los gimnasios o rascadores para gatos ?<\/b><\/span><\/h4>\n<p class=\"p1\"><span class=\"s1\">Los gimnasios para gatos son estructuras creadas con material de alta calidad y resistentes, est\u00e1n compuestos de distintos materiales y texturas para lograr atraer la atenci\u00f3n de nuestro gato, dicha estructura le servir\u00e1 como base para rascar con sus u\u00f1as, e incluso hay gimnasios con dise\u00f1os mucho m\u00e1s complejos donde nuestra mascota podr\u00e1 rascar y a la vez divertirse como un centro de\u00a0<\/span><span class=\"s3\">juegos para gatos<\/span><span class=\"s1\">.<\/span><\/p>\n<p class=\"p1\"><span class=\"s1\">Si tu gato no cuenta con un rascador adecuado, de manera natural va a elegir muebles u otros objetos de tu hogar para lijar sus u\u00f1as, lo que seguramente no va a ser de tu agrado. Muebles ara\u00f1ados, patas de<span class=\"Apple-converted-space\">\u00a0\u00a0<\/span>sillas arruinadas, alfombras destrozadas son algunas de las consecuencias que deber\u00edas afrontar si no consigues de inmediato un rascador o\u00a0<\/span><span class=\"s2\">gimnasio para gatos<\/span><span class=\"s1\">.<\/span><\/p>\n<h4 class=\"p1\"><span class=\"s1\"><b>\u00bf Es Necesario tener uno Rascador en casa ?<\/b><\/span><\/h4>\n<p class=\"p1\"><span class=\"s1\">Si eres un\u00a0amante de los gatos\u00a0como yo, de seguro no dudar\u00e1s<span class=\"Apple-converted-space\">\u00a0\u00a0<\/span>en adquirir un gimnasio o rascador para tu gato, \u00e9stos son herramientas \u00fatiles y me atrever\u00eda a decir que<span class=\"Apple-converted-space\">\u00a0\u00a0<\/span>indispensables si queremos y pensamos en el bienestar y felicidad de nuestra mascota.<\/span><\/p>\n<p class=\"p1\"><span class=\"s1\">En el momento que decidimos<span class=\"Apple-converted-space\">\u00a0\u00a0<\/span>adoptar<span class=\"Apple-converted-space\">\u00a0\u00a0<\/span>un gato como mascota, hicimos un compromiso moral con ese indefenso animal, para cuidar de \u00e9l y velar por su bienestar. As\u00ed que desde ya puedes ir buscando el rascador para gatos que mejor se adapte a tu mascota.<\/span><\/p>\n<h4 class=\"p1\"><span class=\"s1\"><b>Caracter\u00edsticas:<\/b><\/span><\/h4>\n<p>ESPACIOSO Y AGRADABLE: 1 plataforma grande y bien acolchadas con bordes elevados para que sus beb\u00e9s peludos se sienten y miren por la ventana, 2 espaciosas casas escondidas con mucho espacio para descansar para que sus gatitos duerman, postes rascadores de sisal para disuadir a los gatos de ara\u00f1ar sus muebles, una hamaca acogedora, bolas de tintineo interactivas y cordel de sisal para jugar, Disposici\u00f3n de varias capas para subir y bajar. Este condominio para gatos ser\u00e1 lo suficientemente grande para su gato grande, lo suficientemente divertido para su peque\u00f1o.<\/p>\n<p>ROBUSTO Y ESTABLE: Construcci\u00f3n s\u00faper s\u00f3lida, dise\u00f1o bien equilibrado, base fuerte, los gatos pueden saltar f\u00e1cil y seguro sobre o desde este \u00e1rbol para gatos. Tambi\u00e9n viene con una correa de anclaje a la pared para sujetarlo a la pared para mayor estabilidad cuando lo usan varios gatos.<\/p>\n<p>CUBIERTA DE FELPA DE CALIDAD: La torre para gatos est\u00e1 compuesta por un material de felpa de buena calidad, que es muy suave y c\u00f3modo, a los miembros de su familia les encantar\u00e1 el tacto de felpa y disfrutar\u00e1n explorando y olfateando su nuevo hogar, sin rascar m\u00e1s sus muebles.<\/p>\n<p>F\u00c1CIL DE MONTAR Y DE BUEN ASPECTO: Su atractivo aspecto complementar\u00e1 cualquier habitaci\u00f3n de su casa como un bonito mueble para mascotas en lugar de un gimnasio en la jungla. Todo el piezas y las herramientas est\u00e1n incluidos.<\/p>\n<p>&nbsp;<\/p>\n<p>&nbsp;<\/p>","protected":false},"excerpt":{"rendered":"<h4>Gimnasio con dos Casas Color Beige<\/h4>\n<p>Este \u00e1rbol trepador para gatos tiene todos los aspectos que a un gato le encantar\u00edan. Cuenta con lugares acogedores altos y bajos, muchos postes para rascar, escondites grandes y peque\u00f1os, una bola de pompones adicional y tres perchas en la parte superior para los gatos a los que les encanta trepar a objetos altos. Cada casa para gatos forrada de piel sint\u00e9tica tiene dos entradas para mayor diversi\u00f3n de los gatitos, y las perchas superiores proporcionan aparadores para mayor seguridad. Dale a tus amigos felinos este \u00e1rbol para gatos y disfrutar\u00e1n de muchas \u00e1reas donde pueden trepar, rascar, jugar y descansar.<strong><br \/>\n<\/strong><\/p>\n<ul>\n<li>Bonito dise\u00f1o<\/li>\n<li>Base ancha:\u00a0muy estable y forrada de felpa suave<\/li>\n<li>Rascador columna de sisal larga: ideal para afilarse las u\u00f1as<\/li>\n<li>Perfecto para estirarse<\/li>\n<li>Color: seg\u00fan la imagen<\/li>\n<li>Medidas del producto: 60 x 40 x 145<\/li>\n<\/ul>","protected":false},"featured_media":4105,"comment_status":"open","ping_status":"closed","template":"","meta":{"_gspb_post_css":"","content-type":""},"product_brand":[],"product_cat":[94,80],"product_tag":[],"class_list":{"0":"post-4102","1":"product","2":"type-product","3":"status-publish","4":"has-post-thumbnail","6":"product_cat-gimnasios-y-rascadores","7":"product_cat-productos-para-gatos","9":"first","10":"instock","11":"taxable","12":"shipping-taxable","13":"purchasable","14":"product-type-simple"},"yoast_head":"<!-- This site is optimized with the Yoast SEO plugin v27.4 - https:\/\/yoast.com\/product\/yoast-seo-wordpress\/ -->\n<title>Gimnasio para gatos con 2 casas color Beige | Gatos Per\u00fa Pet Shop<\/title>\n<meta name=\"description\" content=\"Rascador poste para gatos, casa para gato, juguete personalizado, tama\u00f1o grande, antiara\u00f1azos, resistente al desgaste. GYM para gatos.\" \/>\n<meta name=\"robots\" content=\"index, follow, max-snippet:-1, max-image-preview:large, max-video-preview:-1\" \/>\n<link rel=\"canonical\" href=\"https:\/\/gatosperu.com\/es\/producto\/gimnasio-para-gatos-con-2-casas-color-beige\/\" \/>\n<meta property=\"og:locale\" content=\"es_ES\" \/>\n<meta property=\"og:type\" content=\"article\" \/>\n<meta property=\"og:title\" content=\"Gimnasio para gatos con 2 casas color Beige | Gatos Per\u00fa Pet Shop\" \/>\n<meta property=\"og:description\" content=\"Rascador poste para gatos, casa para gato, juguete personalizado, tama\u00f1o grande, antiara\u00f1azos, resistente al desgaste. GYM para gatos.\" \/>\n<meta property=\"og:url\" content=\"https:\/\/gatosperu.com\/es\/producto\/gimnasio-para-gatos-con-2-casas-color-beige\/\" \/>\n<meta property=\"og:site_name\" content=\"Gatos Per\u00fa Pet Shop\" \/>\n<meta property=\"article:modified_time\" content=\"2025-05-01T00:00:06+00:00\" \/>\n<meta property=\"og:image\" content=\"https:\/\/gatosperu.com\/wp-content\/uploads\/2025\/04\/gato-peru-beige-casa-rascador.webp\" \/>\n\t<meta property=\"og:image:width\" content=\"828\" \/>\n\t<meta property=\"og:image:height\" content=\"1100\" \/>\n\t<meta property=\"og:image:type\" content=\"image\/webp\" \/>\n<meta name=\"twitter:card\" content=\"summary_large_image\" \/>\n<meta name=\"twitter:label1\" content=\"Tiempo de lectura\" \/>\n\t<meta name=\"twitter:data1\" content=\"3 minutos\" \/>\n<script type=\"application\/ld+json\" class=\"yoast-schema-graph\">{\"@context\":\"https:\\\/\\\/schema.org\",\"@graph\":[{\"@type\":\"WebPage\",\"@id\":\"https:\\\/\\\/gatosperu.com\\\/producto\\\/gimnasio-para-gatos-con-2-casas-color-beige\\\/\",\"url\":\"https:\\\/\\\/gatosperu.com\\\/producto\\\/gimnasio-para-gatos-con-2-casas-color-beige\\\/\",\"name\":\"Gimnasio para gatos con 2 casas color Beige | Gatos Per\u00fa Pet Shop\",\"isPartOf\":{\"@id\":\"https:\\\/\\\/gatosperu.com\\\/#website\"},\"primaryImageOfPage\":{\"@id\":\"https:\\\/\\\/gatosperu.com\\\/producto\\\/gimnasio-para-gatos-con-2-casas-color-beige\\\/#primaryimage\"},\"image\":{\"@id\":\"https:\\\/\\\/gatosperu.com\\\/producto\\\/gimnasio-para-gatos-con-2-casas-color-beige\\\/#primaryimage\"},\"thumbnailUrl\":\"https:\\\/\\\/gatosperu.com\\\/wp-content\\\/uploads\\\/2025\\\/04\\\/gato-peru-beige-casa-rascador.webp\",\"datePublished\":\"2025-04-04T20:40:26+00:00\",\"dateModified\":\"2025-05-01T00:00:06+00:00\",\"description\":\"Rascador poste para gatos, casa para gato, juguete personalizado, tama\u00f1o grande, antiara\u00f1azos, resistente al desgaste. GYM para gatos.\",\"breadcrumb\":{\"@id\":\"https:\\\/\\\/gatosperu.com\\\/producto\\\/gimnasio-para-gatos-con-2-casas-color-beige\\\/#breadcrumb\"},\"inLanguage\":\"es\",\"potentialAction\":[{\"@type\":\"ReadAction\",\"target\":[\"https:\\\/\\\/gatosperu.com\\\/producto\\\/gimnasio-para-gatos-con-2-casas-color-beige\\\/\"]}]},{\"@type\":\"ImageObject\",\"inLanguage\":\"es\",\"@id\":\"https:\\\/\\\/gatosperu.com\\\/producto\\\/gimnasio-para-gatos-con-2-casas-color-beige\\\/#primaryimage\",\"url\":\"https:\\\/\\\/gatosperu.com\\\/wp-content\\\/uploads\\\/2025\\\/04\\\/gato-peru-beige-casa-rascador.webp\",\"contentUrl\":\"https:\\\/\\\/gatosperu.com\\\/wp-content\\\/uploads\\\/2025\\\/04\\\/gato-peru-beige-casa-rascador.webp\",\"width\":828,\"height\":1100},{\"@type\":\"BreadcrumbList\",\"@id\":\"https:\\\/\\\/gatosperu.com\\\/producto\\\/gimnasio-para-gatos-con-2-casas-color-beige\\\/#breadcrumb\",\"itemListElement\":[{\"@type\":\"ListItem\",\"position\":1,\"name\":\"Portada\",\"item\":\"https:\\\/\\\/gatosperu.com\\\/\"},{\"@type\":\"ListItem\",\"position\":2,\"name\":\"Productos\",\"item\":\"https:\\\/\\\/gatosperu.com\\\/productos\\\/\"},{\"@type\":\"ListItem\",\"position\":3,\"name\":\"Gimnasio para gatos con 2 casas color Beige\"}]},{\"@type\":\"WebSite\",\"@id\":\"https:\\\/\\\/gatosperu.com\\\/#website\",\"url\":\"https:\\\/\\\/gatosperu.com\\\/\",\"name\":\"Gatos Per\u00fa Pet Shop\",\"description\":\"Tienda virtual para gatos\",\"publisher\":{\"@id\":\"https:\\\/\\\/gatosperu.com\\\/#organization\"},\"potentialAction\":[{\"@type\":\"SearchAction\",\"target\":{\"@type\":\"EntryPoint\",\"urlTemplate\":\"https:\\\/\\\/gatosperu.com\\\/?s={search_term_string}\"},\"query-input\":{\"@type\":\"PropertyValueSpecification\",\"valueRequired\":true,\"valueName\":\"search_term_string\"}}],\"inLanguage\":\"es\"},{\"@type\":\"Organization\",\"@id\":\"https:\\\/\\\/gatosperu.com\\\/#organization\",\"name\":\"Thayacha\",\"url\":\"https:\\\/\\\/gatosperu.com\\\/\",\"logo\":{\"@type\":\"ImageObject\",\"inLanguage\":\"es\",\"@id\":\"https:\\\/\\\/gatosperu.com\\\/#\\\/schema\\\/logo\\\/image\\\/\",\"url\":\"https:\\\/\\\/gatosperu.com\\\/wp-content\\\/uploads\\\/2020\\\/04\\\/ty-e1589221156944.png\",\"contentUrl\":\"https:\\\/\\\/gatosperu.com\\\/wp-content\\\/uploads\\\/2020\\\/04\\\/ty-e1589221156944.png\",\"width\":573,\"height\":419,\"caption\":\"Thayacha\"},\"image\":{\"@id\":\"https:\\\/\\\/gatosperu.com\\\/#\\\/schema\\\/logo\\\/image\\\/\"}}]}<\/script>\n<!-- \/ Yoast SEO plugin. -->","yoast_head_json":{"title":"Gimnasio para gatos con 2 casas color Beige | Gatos Per\u00fa Pet Shop","description":"Rascador poste para gatos, casa para gato, juguete personalizado, tama\u00f1o grande, antiara\u00f1azos, resistente al desgaste. GYM para gatos.","robots":{"index":"index","follow":"follow","max-snippet":"max-snippet:-1","max-image-preview":"max-image-preview:large","max-video-preview":"max-video-preview:-1"},"canonical":"https:\/\/gatosperu.com\/es\/producto\/gimnasio-para-gatos-con-2-casas-color-beige\/","og_locale":"es_ES","og_type":"article","og_title":"Gimnasio para gatos con 2 casas color Beige | Gatos Per\u00fa Pet Shop","og_description":"Rascador poste para gatos, casa para gato, juguete personalizado, tama\u00f1o grande, antiara\u00f1azos, resistente al desgaste. GYM para gatos.","og_url":"https:\/\/gatosperu.com\/es\/producto\/gimnasio-para-gatos-con-2-casas-color-beige\/","og_site_name":"Gatos Per\u00fa Pet Shop","article_modified_time":"2025-05-01T00:00:06+00:00","og_image":[{"width":828,"height":1100,"url":"https:\/\/gatosperu.com\/wp-content\/uploads\/2025\/04\/gato-peru-beige-casa-rascador.webp","type":"image\/webp"}],"twitter_card":"summary_large_image","twitter_misc":{"Tiempo de lectura":"3 minutos"},"schema":{"@context":"https:\/\/schema.org","@graph":[{"@type":"WebPage","@id":"https:\/\/gatosperu.com\/producto\/gimnasio-para-gatos-con-2-casas-color-beige\/","url":"https:\/\/gatosperu.com\/producto\/gimnasio-para-gatos-con-2-casas-color-beige\/","name":"Gimnasio para gatos con 2 casas color Beige | Gatos Per\u00fa Pet Shop","isPartOf":{"@id":"https:\/\/gatosperu.com\/#website"},"primaryImageOfPage":{"@id":"https:\/\/gatosperu.com\/producto\/gimnasio-para-gatos-con-2-casas-color-beige\/#primaryimage"},"image":{"@id":"https:\/\/gatosperu.com\/producto\/gimnasio-para-gatos-con-2-casas-color-beige\/#primaryimage"},"thumbnailUrl":"https:\/\/gatosperu.com\/wp-content\/uploads\/2025\/04\/gato-peru-beige-casa-rascador.webp","datePublished":"2025-04-04T20:40:26+00:00","dateModified":"2025-05-01T00:00:06+00:00","description":"Rascador poste para gatos, casa para gato, juguete personalizado, tama\u00f1o grande, antiara\u00f1azos, resistente al desgaste. GYM para gatos.","breadcrumb":{"@id":"https:\/\/gatosperu.com\/producto\/gimnasio-para-gatos-con-2-casas-color-beige\/#breadcrumb"},"inLanguage":"es","potentialAction":[{"@type":"ReadAction","target":["https:\/\/gatosperu.com\/producto\/gimnasio-para-gatos-con-2-casas-color-beige\/"]}]},{"@type":"ImageObject","inLanguage":"es","@id":"https:\/\/gatosperu.com\/producto\/gimnasio-para-gatos-con-2-casas-color-beige\/#primaryimage","url":"https:\/\/gatosperu.com\/wp-content\/uploads\/2025\/04\/gato-peru-beige-casa-rascador.webp","contentUrl":"https:\/\/gatosperu.com\/wp-content\/uploads\/2025\/04\/gato-peru-beige-casa-rascador.webp","width":828,"height":1100},{"@type":"BreadcrumbList","@id":"https:\/\/gatosperu.com\/producto\/gimnasio-para-gatos-con-2-casas-color-beige\/#breadcrumb","itemListElement":[{"@type":"ListItem","position":1,"name":"Portada","item":"https:\/\/gatosperu.com\/"},{"@type":"ListItem","position":2,"name":"Productos","item":"https:\/\/gatosperu.com\/productos\/"},{"@type":"ListItem","position":3,"name":"Gimnasio para gatos con 2 casas color Beige"}]},{"@type":"WebSite","@id":"https:\/\/gatosperu.com\/#website","url":"https:\/\/gatosperu.com\/","name":"Gatos Per\u00fa Pet Shop","description":"Tienda virtual para gatos","publisher":{"@id":"https:\/\/gatosperu.com\/#organization"},"potentialAction":[{"@type":"SearchAction","target":{"@type":"EntryPoint","urlTemplate":"https:\/\/gatosperu.com\/?s={search_term_string}"},"query-input":{"@type":"PropertyValueSpecification","valueRequired":true,"valueName":"search_term_string"}}],"inLanguage":"es"},{"@type":"Organization","@id":"https:\/\/gatosperu.com\/#organization","name":"Thayacha","url":"https:\/\/gatosperu.com\/","logo":{"@type":"ImageObject","inLanguage":"es","@id":"https:\/\/gatosperu.com\/#\/schema\/logo\/image\/","url":"https:\/\/gatosperu.com\/wp-content\/uploads\/2020\/04\/ty-e1589221156944.png","contentUrl":"https:\/\/gatosperu.com\/wp-content\/uploads\/2020\/04\/ty-e1589221156944.png","width":573,"height":419,"caption":"Thayacha"},"image":{"@id":"https:\/\/gatosperu.com\/#\/schema\/logo\/image\/"}}]}},"_links":{"self":[{"href":"https:\/\/gatosperu.com\/es\/wp-json\/wp\/v2\/product\/4102","targetHints":{"allow":["GET"]}}],"collection":[{"href":"https:\/\/gatosperu.com\/es\/wp-json\/wp\/v2\/product"}],"about":[{"href":"https:\/\/gatosperu.com\/es\/wp-json\/wp\/v2\/types\/product"}],"replies":[{"embeddable":true,"href":"https:\/\/gatosperu.com\/es\/wp-json\/wp\/v2\/comments?post=4102"}],"wp:featuredmedia":[{"embeddable":true,"href":"https:\/\/gatosperu.com\/es\/wp-json\/wp\/v2\/media\/4105"}],"wp:attachment":[{"href":"https:\/\/gatosperu.com\/es\/wp-json\/wp\/v2\/media?parent=4102"}],"wp:term":[{"taxonomy":"product_brand","embeddable":true,"href":"https:\/\/gatosperu.com\/es\/wp-json\/wp\/v2\/product_brand?post=4102"},{"taxonomy":"product_cat","embeddable":true,"href":"https:\/\/gatosperu.com\/es\/wp-json\/wp\/v2\/product_cat?post=4102"},{"taxonomy":"product_tag","embeddable":true,"href":"https:\/\/gatosperu.com\/es\/wp-json\/wp\/v2\/product_tag?post=4102"}],"curies":[{"name":"wp","href":"https:\/\/api.w.org\/{rel}","templated":true}]}}