{"id":4108,"date":"2025-04-04T21:41:06","date_gmt":"2025-04-04T21:41:06","guid":{"rendered":"https:\/\/gatosperu.com\/?post_type=product&#038;p=4108"},"modified":"2025-08-01T00:00:19","modified_gmt":"2025-08-01T00:00:19","slug":"mochila-maletin-transportador-para-gato-40x30x18cm","status":"publish","type":"product","link":"https:\/\/gatosperu.com\/es\/producto\/mochila-maletin-transportador-para-gato-40x30x18cm\/","title":{"rendered":"Mochila malet\u00edn transportador para gato 40x30x18cm"},"content":{"rendered":"","protected":false},"excerpt":{"rendered":"<h4 class=\"a-size-base-plus a-text-bold\">Mochila Malet\u00edn Transportador para Gatos<\/h4>\n<ul class=\"a-unordered-list a-vertical a-spacing-mini\">\n<li class=\"a-spacing-mini\"><span class=\"a-list-item\">Dise\u00f1o de malla transpirable en todos los lados para promover la circulaci\u00f3n de aire en el interior.<\/span><\/li>\n<li class=\"a-spacing-mini\"><span class=\"a-list-item\">La puerta est\u00e1 abierta de par en par, f\u00e1cil de entrar y salir.<\/span><\/li>\n<li class=\"a-spacing-mini\"><span class=\"a-list-item\">Mochila, correas ajustables para los hombros, f\u00e1cil de usar y flexible.<\/span><\/li>\n<li class=\"a-spacing-mini\"><span class=\"a-list-item\">El espacio es grande, no estrecho y puede estabilizar a las mascotas.<\/span><\/li>\n<li class=\"a-spacing-mini\"><span class=\"a-list-item\">Adecuado para llevar gatos peque\u00f1os al aire libre.<\/span><\/li>\n<li class=\"a-spacing-mini\">Material: Policarbonato + tela Oxford.<\/li>\n<li class=\"a-spacing-mini\">Tama\u00f1o: 40*30*18cm<\/li>\n<li>Color: Verde, rosado, celeste y gris<\/li>\n<\/ul>","protected":false},"featured_media":4109,"comment_status":"closed","ping_status":"closed","template":"","meta":{"_gspb_post_css":"","content-type":""},"product_brand":[],"product_cat":[88,80,79],"product_tag":[],"class_list":{"0":"post-4108","1":"product","2":"type-product","3":"status-publish","4":"has-post-thumbnail","6":"product_cat-kennels-y-mochilas-de-viaje","7":"product_cat-productos-para-gatos","8":"product_cat-productos-para-perros","10":"first","11":"instock","12":"taxable","13":"shipping-taxable","14":"purchasable","15":"product-type-simple"},"yoast_head":"<!-- This site is optimized with the Yoast SEO plugin v27.4 - https:\/\/yoast.com\/product\/yoast-seo-wordpress\/ -->\n<title>Mochila malet\u00edn transportador para gato 40x30x18cm | Gatos Per\u00fa Pet Shop<\/title>\n<meta name=\"description\" content=\"Mochila malet\u00edn transportador para gato 40x30x18cm transportador de gatos. mochila para gatos, transportador para perros peque\u00f1os.\" \/>\n<meta name=\"robots\" content=\"index, follow, max-snippet:-1, max-image-preview:large, max-video-preview:-1\" \/>\n<link rel=\"canonical\" href=\"https:\/\/gatosperu.com\/es\/producto\/mochila-maletin-transportador-para-gato-40x30x18cm\/\" \/>\n<meta property=\"og:locale\" content=\"es_ES\" \/>\n<meta property=\"og:type\" content=\"article\" \/>\n<meta property=\"og:title\" content=\"Mochila malet\u00edn transportador para gato 40x30x18cm | Gatos Per\u00fa Pet Shop\" \/>\n<meta property=\"og:description\" content=\"Mochila malet\u00edn transportador para gato 40x30x18cm transportador de gatos. mochila para gatos, transportador para perros peque\u00f1os.\" \/>\n<meta property=\"og:url\" content=\"https:\/\/gatosperu.com\/es\/producto\/mochila-maletin-transportador-para-gato-40x30x18cm\/\" \/>\n<meta property=\"og:site_name\" content=\"Gatos Per\u00fa Pet Shop\" \/>\n<meta property=\"article:modified_time\" content=\"2025-08-01T00:00:19+00:00\" \/>\n<meta name=\"twitter:card\" content=\"summary_large_image\" \/>\n<script type=\"application\/ld+json\" class=\"yoast-schema-graph\">{\"@context\":\"https:\\\/\\\/schema.org\",\"@graph\":[{\"@type\":\"WebPage\",\"@id\":\"https:\\\/\\\/gatosperu.com\\\/producto\\\/mochila-maletin-transportador-para-gato-40x30x18cm\\\/\",\"url\":\"https:\\\/\\\/gatosperu.com\\\/producto\\\/mochila-maletin-transportador-para-gato-40x30x18cm\\\/\",\"name\":\"Mochila malet\u00edn transportador para gato 40x30x18cm | Gatos Per\u00fa Pet Shop\",\"isPartOf\":{\"@id\":\"https:\\\/\\\/gatosperu.com\\\/#website\"},\"primaryImageOfPage\":{\"@id\":\"https:\\\/\\\/gatosperu.com\\\/producto\\\/mochila-maletin-transportador-para-gato-40x30x18cm\\\/#primaryimage\"},\"image\":{\"@id\":\"https:\\\/\\\/gatosperu.com\\\/producto\\\/mochila-maletin-transportador-para-gato-40x30x18cm\\\/#primaryimage\"},\"thumbnailUrl\":\"https:\\\/\\\/gatosperu.com\\\/wp-content\\\/uploads\\\/2025\\\/04\\\/mochila-gatos-maletin.avif\",\"datePublished\":\"2025-04-04T21:41:06+00:00\",\"dateModified\":\"2025-08-01T00:00:19+00:00\",\"description\":\"Mochila malet\u00edn transportador para gato 40x30x18cm transportador de gatos. mochila para gatos, transportador para perros peque\u00f1os.\",\"breadcrumb\":{\"@id\":\"https:\\\/\\\/gatosperu.com\\\/producto\\\/mochila-maletin-transportador-para-gato-40x30x18cm\\\/#breadcrumb\"},\"inLanguage\":\"es\",\"potentialAction\":[{\"@type\":\"ReadAction\",\"target\":[\"https:\\\/\\\/gatosperu.com\\\/producto\\\/mochila-maletin-transportador-para-gato-40x30x18cm\\\/\"]}]},{\"@type\":\"ImageObject\",\"inLanguage\":\"es\",\"@id\":\"https:\\\/\\\/gatosperu.com\\\/producto\\\/mochila-maletin-transportador-para-gato-40x30x18cm\\\/#primaryimage\",\"url\":\"https:\\\/\\\/gatosperu.com\\\/wp-content\\\/uploads\\\/2025\\\/04\\\/mochila-gatos-maletin.avif\",\"contentUrl\":\"https:\\\/\\\/gatosperu.com\\\/wp-content\\\/uploads\\\/2025\\\/04\\\/mochila-gatos-maletin.avif\"},{\"@type\":\"BreadcrumbList\",\"@id\":\"https:\\\/\\\/gatosperu.com\\\/producto\\\/mochila-maletin-transportador-para-gato-40x30x18cm\\\/#breadcrumb\",\"itemListElement\":[{\"@type\":\"ListItem\",\"position\":1,\"name\":\"Portada\",\"item\":\"https:\\\/\\\/gatosperu.com\\\/\"},{\"@type\":\"ListItem\",\"position\":2,\"name\":\"Productos\",\"item\":\"https:\\\/\\\/gatosperu.com\\\/productos\\\/\"},{\"@type\":\"ListItem\",\"position\":3,\"name\":\"Mochila malet\u00edn transportador para gato 40x30x18cm\"}]},{\"@type\":\"WebSite\",\"@id\":\"https:\\\/\\\/gatosperu.com\\\/#website\",\"url\":\"https:\\\/\\\/gatosperu.com\\\/\",\"name\":\"Gatos Per\u00fa Pet Shop\",\"description\":\"Tienda virtual para gatos\",\"publisher\":{\"@id\":\"https:\\\/\\\/gatosperu.com\\\/#organization\"},\"potentialAction\":[{\"@type\":\"SearchAction\",\"target\":{\"@type\":\"EntryPoint\",\"urlTemplate\":\"https:\\\/\\\/gatosperu.com\\\/?s={search_term_string}\"},\"query-input\":{\"@type\":\"PropertyValueSpecification\",\"valueRequired\":true,\"valueName\":\"search_term_string\"}}],\"inLanguage\":\"es\"},{\"@type\":\"Organization\",\"@id\":\"https:\\\/\\\/gatosperu.com\\\/#organization\",\"name\":\"Thayacha\",\"url\":\"https:\\\/\\\/gatosperu.com\\\/\",\"logo\":{\"@type\":\"ImageObject\",\"inLanguage\":\"es\",\"@id\":\"https:\\\/\\\/gatosperu.com\\\/#\\\/schema\\\/logo\\\/image\\\/\",\"url\":\"https:\\\/\\\/gatosperu.com\\\/wp-content\\\/uploads\\\/2020\\\/04\\\/ty-e1589221156944.png\",\"contentUrl\":\"https:\\\/\\\/gatosperu.com\\\/wp-content\\\/uploads\\\/2020\\\/04\\\/ty-e1589221156944.png\",\"width\":573,\"height\":419,\"caption\":\"Thayacha\"},\"image\":{\"@id\":\"https:\\\/\\\/gatosperu.com\\\/#\\\/schema\\\/logo\\\/image\\\/\"}}]}<\/script>\n<!-- \/ Yoast SEO plugin. -->","yoast_head_json":{"title":"Mochila malet\u00edn transportador para gato 40x30x18cm | Gatos Per\u00fa Pet Shop","description":"Mochila malet\u00edn transportador para gato 40x30x18cm transportador de gatos. mochila para gatos, transportador para perros peque\u00f1os.","robots":{"index":"index","follow":"follow","max-snippet":"max-snippet:-1","max-image-preview":"max-image-preview:large","max-video-preview":"max-video-preview:-1"},"canonical":"https:\/\/gatosperu.com\/es\/producto\/mochila-maletin-transportador-para-gato-40x30x18cm\/","og_locale":"es_ES","og_type":"article","og_title":"Mochila malet\u00edn transportador para gato 40x30x18cm | Gatos Per\u00fa Pet Shop","og_description":"Mochila malet\u00edn transportador para gato 40x30x18cm transportador de gatos. mochila para gatos, transportador para perros peque\u00f1os.","og_url":"https:\/\/gatosperu.com\/es\/producto\/mochila-maletin-transportador-para-gato-40x30x18cm\/","og_site_name":"Gatos Per\u00fa Pet Shop","article_modified_time":"2025-08-01T00:00:19+00:00","twitter_card":"summary_large_image","schema":{"@context":"https:\/\/schema.org","@graph":[{"@type":"WebPage","@id":"https:\/\/gatosperu.com\/producto\/mochila-maletin-transportador-para-gato-40x30x18cm\/","url":"https:\/\/gatosperu.com\/producto\/mochila-maletin-transportador-para-gato-40x30x18cm\/","name":"Mochila malet\u00edn transportador para gato 40x30x18cm | Gatos Per\u00fa Pet Shop","isPartOf":{"@id":"https:\/\/gatosperu.com\/#website"},"primaryImageOfPage":{"@id":"https:\/\/gatosperu.com\/producto\/mochila-maletin-transportador-para-gato-40x30x18cm\/#primaryimage"},"image":{"@id":"https:\/\/gatosperu.com\/producto\/mochila-maletin-transportador-para-gato-40x30x18cm\/#primaryimage"},"thumbnailUrl":"https:\/\/gatosperu.com\/wp-content\/uploads\/2025\/04\/mochila-gatos-maletin.avif","datePublished":"2025-04-04T21:41:06+00:00","dateModified":"2025-08-01T00:00:19+00:00","description":"Mochila malet\u00edn transportador para gato 40x30x18cm transportador de gatos. mochila para gatos, transportador para perros peque\u00f1os.","breadcrumb":{"@id":"https:\/\/gatosperu.com\/producto\/mochila-maletin-transportador-para-gato-40x30x18cm\/#breadcrumb"},"inLanguage":"es","potentialAction":[{"@type":"ReadAction","target":["https:\/\/gatosperu.com\/producto\/mochila-maletin-transportador-para-gato-40x30x18cm\/"]}]},{"@type":"ImageObject","inLanguage":"es","@id":"https:\/\/gatosperu.com\/producto\/mochila-maletin-transportador-para-gato-40x30x18cm\/#primaryimage","url":"https:\/\/gatosperu.com\/wp-content\/uploads\/2025\/04\/mochila-gatos-maletin.avif","contentUrl":"https:\/\/gatosperu.com\/wp-content\/uploads\/2025\/04\/mochila-gatos-maletin.avif"},{"@type":"BreadcrumbList","@id":"https:\/\/gatosperu.com\/producto\/mochila-maletin-transportador-para-gato-40x30x18cm\/#breadcrumb","itemListElement":[{"@type":"ListItem","position":1,"name":"Portada","item":"https:\/\/gatosperu.com\/"},{"@type":"ListItem","position":2,"name":"Productos","item":"https:\/\/gatosperu.com\/productos\/"},{"@type":"ListItem","position":3,"name":"Mochila malet\u00edn transportador para gato 40x30x18cm"}]},{"@type":"WebSite","@id":"https:\/\/gatosperu.com\/#website","url":"https:\/\/gatosperu.com\/","name":"Gatos Per\u00fa Pet Shop","description":"Tienda virtual para gatos","publisher":{"@id":"https:\/\/gatosperu.com\/#organization"},"potentialAction":[{"@type":"SearchAction","target":{"@type":"EntryPoint","urlTemplate":"https:\/\/gatosperu.com\/?s={search_term_string}"},"query-input":{"@type":"PropertyValueSpecification","valueRequired":true,"valueName":"search_term_string"}}],"inLanguage":"es"},{"@type":"Organization","@id":"https:\/\/gatosperu.com\/#organization","name":"Thayacha","url":"https:\/\/gatosperu.com\/","logo":{"@type":"ImageObject","inLanguage":"es","@id":"https:\/\/gatosperu.com\/#\/schema\/logo\/image\/","url":"https:\/\/gatosperu.com\/wp-content\/uploads\/2020\/04\/ty-e1589221156944.png","contentUrl":"https:\/\/gatosperu.com\/wp-content\/uploads\/2020\/04\/ty-e1589221156944.png","width":573,"height":419,"caption":"Thayacha"},"image":{"@id":"https:\/\/gatosperu.com\/#\/schema\/logo\/image\/"}}]}},"_links":{"self":[{"href":"https:\/\/gatosperu.com\/es\/wp-json\/wp\/v2\/product\/4108","targetHints":{"allow":["GET"]}}],"collection":[{"href":"https:\/\/gatosperu.com\/es\/wp-json\/wp\/v2\/product"}],"about":[{"href":"https:\/\/gatosperu.com\/es\/wp-json\/wp\/v2\/types\/product"}],"replies":[{"embeddable":true,"href":"https:\/\/gatosperu.com\/es\/wp-json\/wp\/v2\/comments?post=4108"}],"wp:featuredmedia":[{"embeddable":true,"href":"https:\/\/gatosperu.com\/es\/wp-json\/wp\/v2\/media\/4109"}],"wp:attachment":[{"href":"https:\/\/gatosperu.com\/es\/wp-json\/wp\/v2\/media?parent=4108"}],"wp:term":[{"taxonomy":"product_brand","embeddable":true,"href":"https:\/\/gatosperu.com\/es\/wp-json\/wp\/v2\/product_brand?post=4108"},{"taxonomy":"product_cat","embeddable":true,"href":"https:\/\/gatosperu.com\/es\/wp-json\/wp\/v2\/product_cat?post=4108"},{"taxonomy":"product_tag","embeddable":true,"href":"https:\/\/gatosperu.com\/es\/wp-json\/wp\/v2\/product_tag?post=4108"}],"curies":[{"name":"wp","href":"https:\/\/api.w.org\/{rel}","templated":true}]}}