{"id":4120,"date":"2025-04-05T05:11:34","date_gmt":"2025-04-05T05:11:34","guid":{"rendered":"https:\/\/gatosperu.com\/?post_type=product&#038;p=4120"},"modified":"2025-06-06T03:02:35","modified_gmt":"2025-06-06T03:02:35","slug":"fuente-de-agua-inalambrica","status":"publish","type":"product","link":"https:\/\/gatosperu.com\/es\/producto\/fuente-de-agua-inalambrica\/","title":{"rendered":"FUENTE DE AGUA INALAMBRICA"},"content":{"rendered":"","protected":false},"excerpt":{"rendered":"<h4>Fuente de agua para gatos inal\u00e1mbrica.<\/h4>\n<ul class=\"a-unordered-list a-vertical a-spacing-mini\">\n<li class=\"a-spacing-mini\"><span class=\"a-list-item\">SEPARACI\u00d3N DE AGUA Y ELECTRICIDAD: Los componentes principales de la fountatina de agua para gatos est\u00e1n concentrados en la parte superior separable que est\u00e1 completamente cerrada, y el m\u00e9todo de salida de agua se cambia a bombeo, lo que podr\u00eda evitar fugas de energ\u00eda. Al mismo tiempo, el m\u00e9todo de dise\u00f1o hace que sea f\u00e1cil de limpiar.<\/span><\/li>\n<li class=\"a-spacing-mini\"><span class=\"a-list-item\">Sistema de filtraci\u00f3n triple: la fuente de agua para mascotas est\u00e1 equipada con 2 filtros de repuesto, cada uno compuesto de carb\u00f3n activado, resina de intercambio i\u00f3nico y tela no tejida, formando un sistema de filtraci\u00f3n triple, mantiene el agua mejor sabor y m\u00e1s segura para las mascotas.<\/span><\/li>\n<li class=\"a-spacing-mini\"><span class=\"a-list-item\">Funciona con pilas, gran capacidad: el dispensador autom\u00e1tico de agua para gatos tiene una capacidad de agua de 2 litros, lo que significa que es ideal para mascotas peque\u00f1as a medianas. El fregadero transparente puede ver claramente la cantidad de agua que queda. La fuente de agua para gatos dise\u00f1ada inal\u00e1mbrica, alimentada por bater\u00eda, liberando el uso del sitio. Si la energ\u00eda se apaga en su casa, su gato o perro a\u00fan puede beber agua.<\/span><\/li>\n<li class=\"a-spacing-mini\"><span class=\"a-list-item\">Funciona ultra silenciosamente y de larga duraci\u00f3n: dise\u00f1o silencioso de bajo decibelio, apenas hace ruido. Cargue una vez, use tiempo hasta unos 30 d\u00edas. La bater\u00eda de litio establece una placa de protecci\u00f3n cuando la detecci\u00f3n de problemas de seguridad se apagar\u00e1 autom\u00e1ticamente.<\/span><\/li>\n<\/ul>","protected":false},"featured_media":4124,"comment_status":"closed","ping_status":"closed","template":"","meta":{"_gspb_post_css":"","content-type":""},"product_brand":[],"product_cat":[80,85,79],"product_tag":[],"class_list":{"0":"post-4120","1":"product","2":"type-product","3":"status-publish","4":"has-post-thumbnail","6":"product_cat-productos-para-gatos","7":"product_cat-platos-y-bebederos","8":"product_cat-productos-para-perros","10":"first","11":"instock","12":"sale","13":"taxable","14":"shipping-taxable","15":"purchasable","16":"product-type-simple"},"yoast_head":"<!-- This site is optimized with the Yoast SEO plugin v27.4 - https:\/\/yoast.com\/product\/yoast-seo-wordpress\/ -->\n<title>FUENTE DE AGUA INALAMBRICA | Gatos Per\u00fa Pet Shop<\/title>\n<meta name=\"description\" content=\"Bebedero autom\u00e1ticos. FUENTE AGUA INALAMBRICA. bater\u00eda que dura hasta 30 d\u00edas. bebedero para mascotas. fuente el\u00e9ctrica para gatos.\" \/>\n<meta name=\"robots\" content=\"index, follow, max-snippet:-1, max-image-preview:large, max-video-preview:-1\" \/>\n<link rel=\"canonical\" href=\"https:\/\/gatosperu.com\/es\/producto\/fuente-de-agua-inalambrica\/\" \/>\n<meta property=\"og:locale\" content=\"es_ES\" \/>\n<meta property=\"og:type\" content=\"article\" \/>\n<meta property=\"og:title\" content=\"FUENTE DE AGUA INALAMBRICA | Gatos Per\u00fa Pet Shop\" \/>\n<meta property=\"og:description\" content=\"Bebedero autom\u00e1ticos. FUENTE AGUA INALAMBRICA. bater\u00eda que dura hasta 30 d\u00edas. bebedero para mascotas. fuente el\u00e9ctrica para gatos.\" \/>\n<meta property=\"og:url\" content=\"https:\/\/gatosperu.com\/es\/producto\/fuente-de-agua-inalambrica\/\" \/>\n<meta property=\"og:site_name\" content=\"Gatos Per\u00fa Pet Shop\" \/>\n<meta property=\"article:modified_time\" content=\"2025-06-06T03:02:35+00:00\" \/>\n<meta property=\"og:image\" content=\"https:\/\/gatosperu.com\/wp-content\/uploads\/2025\/04\/inalambrica-fuente-sensor-gatosperu.com_.webp\" \/>\n\t<meta property=\"og:image:width\" content=\"540\" \/>\n\t<meta property=\"og:image:height\" content=\"559\" \/>\n\t<meta property=\"og:image:type\" content=\"image\/webp\" \/>\n<meta name=\"twitter:card\" content=\"summary_large_image\" \/>\n<script type=\"application\/ld+json\" class=\"yoast-schema-graph\">{\"@context\":\"https:\\\/\\\/schema.org\",\"@graph\":[{\"@type\":\"WebPage\",\"@id\":\"https:\\\/\\\/gatosperu.com\\\/producto\\\/fuente-de-agua-inalambrica\\\/\",\"url\":\"https:\\\/\\\/gatosperu.com\\\/producto\\\/fuente-de-agua-inalambrica\\\/\",\"name\":\"FUENTE DE AGUA INALAMBRICA | Gatos Per\u00fa Pet Shop\",\"isPartOf\":{\"@id\":\"https:\\\/\\\/gatosperu.com\\\/#website\"},\"primaryImageOfPage\":{\"@id\":\"https:\\\/\\\/gatosperu.com\\\/producto\\\/fuente-de-agua-inalambrica\\\/#primaryimage\"},\"image\":{\"@id\":\"https:\\\/\\\/gatosperu.com\\\/producto\\\/fuente-de-agua-inalambrica\\\/#primaryimage\"},\"thumbnailUrl\":\"https:\\\/\\\/gatosperu.com\\\/wp-content\\\/uploads\\\/2025\\\/04\\\/inalambrica-fuente-sensor-gatosperu.com_.webp\",\"datePublished\":\"2025-04-05T05:11:34+00:00\",\"dateModified\":\"2025-06-06T03:02:35+00:00\",\"description\":\"Bebedero autom\u00e1ticos. FUENTE AGUA INALAMBRICA. bater\u00eda que dura hasta 30 d\u00edas. bebedero para mascotas. fuente el\u00e9ctrica para gatos.\",\"breadcrumb\":{\"@id\":\"https:\\\/\\\/gatosperu.com\\\/producto\\\/fuente-de-agua-inalambrica\\\/#breadcrumb\"},\"inLanguage\":\"es\",\"potentialAction\":[{\"@type\":\"ReadAction\",\"target\":[\"https:\\\/\\\/gatosperu.com\\\/producto\\\/fuente-de-agua-inalambrica\\\/\"]}]},{\"@type\":\"ImageObject\",\"inLanguage\":\"es\",\"@id\":\"https:\\\/\\\/gatosperu.com\\\/producto\\\/fuente-de-agua-inalambrica\\\/#primaryimage\",\"url\":\"https:\\\/\\\/gatosperu.com\\\/wp-content\\\/uploads\\\/2025\\\/04\\\/inalambrica-fuente-sensor-gatosperu.com_.webp\",\"contentUrl\":\"https:\\\/\\\/gatosperu.com\\\/wp-content\\\/uploads\\\/2025\\\/04\\\/inalambrica-fuente-sensor-gatosperu.com_.webp\",\"width\":540,\"height\":559},{\"@type\":\"BreadcrumbList\",\"@id\":\"https:\\\/\\\/gatosperu.com\\\/producto\\\/fuente-de-agua-inalambrica\\\/#breadcrumb\",\"itemListElement\":[{\"@type\":\"ListItem\",\"position\":1,\"name\":\"Portada\",\"item\":\"https:\\\/\\\/gatosperu.com\\\/\"},{\"@type\":\"ListItem\",\"position\":2,\"name\":\"Productos\",\"item\":\"https:\\\/\\\/gatosperu.com\\\/productos\\\/\"},{\"@type\":\"ListItem\",\"position\":3,\"name\":\"FUENTE DE AGUA INALAMBRICA\"}]},{\"@type\":\"WebSite\",\"@id\":\"https:\\\/\\\/gatosperu.com\\\/#website\",\"url\":\"https:\\\/\\\/gatosperu.com\\\/\",\"name\":\"Gatos Per\u00fa Pet Shop\",\"description\":\"Tienda virtual para gatos\",\"publisher\":{\"@id\":\"https:\\\/\\\/gatosperu.com\\\/#organization\"},\"potentialAction\":[{\"@type\":\"SearchAction\",\"target\":{\"@type\":\"EntryPoint\",\"urlTemplate\":\"https:\\\/\\\/gatosperu.com\\\/?s={search_term_string}\"},\"query-input\":{\"@type\":\"PropertyValueSpecification\",\"valueRequired\":true,\"valueName\":\"search_term_string\"}}],\"inLanguage\":\"es\"},{\"@type\":\"Organization\",\"@id\":\"https:\\\/\\\/gatosperu.com\\\/#organization\",\"name\":\"Thayacha\",\"url\":\"https:\\\/\\\/gatosperu.com\\\/\",\"logo\":{\"@type\":\"ImageObject\",\"inLanguage\":\"es\",\"@id\":\"https:\\\/\\\/gatosperu.com\\\/#\\\/schema\\\/logo\\\/image\\\/\",\"url\":\"https:\\\/\\\/gatosperu.com\\\/wp-content\\\/uploads\\\/2020\\\/04\\\/ty-e1589221156944.png\",\"contentUrl\":\"https:\\\/\\\/gatosperu.com\\\/wp-content\\\/uploads\\\/2020\\\/04\\\/ty-e1589221156944.png\",\"width\":573,\"height\":419,\"caption\":\"Thayacha\"},\"image\":{\"@id\":\"https:\\\/\\\/gatosperu.com\\\/#\\\/schema\\\/logo\\\/image\\\/\"}}]}<\/script>\n<!-- \/ Yoast SEO plugin. -->","yoast_head_json":{"title":"FUENTE DE AGUA INALAMBRICA | Gatos Per\u00fa Pet Shop","description":"Bebedero autom\u00e1ticos. FUENTE AGUA INALAMBRICA. bater\u00eda que dura hasta 30 d\u00edas. bebedero para mascotas. fuente el\u00e9ctrica para gatos.","robots":{"index":"index","follow":"follow","max-snippet":"max-snippet:-1","max-image-preview":"max-image-preview:large","max-video-preview":"max-video-preview:-1"},"canonical":"https:\/\/gatosperu.com\/es\/producto\/fuente-de-agua-inalambrica\/","og_locale":"es_ES","og_type":"article","og_title":"FUENTE DE AGUA INALAMBRICA | Gatos Per\u00fa Pet Shop","og_description":"Bebedero autom\u00e1ticos. FUENTE AGUA INALAMBRICA. bater\u00eda que dura hasta 30 d\u00edas. bebedero para mascotas. fuente el\u00e9ctrica para gatos.","og_url":"https:\/\/gatosperu.com\/es\/producto\/fuente-de-agua-inalambrica\/","og_site_name":"Gatos Per\u00fa Pet Shop","article_modified_time":"2025-06-06T03:02:35+00:00","og_image":[{"width":540,"height":559,"url":"https:\/\/gatosperu.com\/wp-content\/uploads\/2025\/04\/inalambrica-fuente-sensor-gatosperu.com_.webp","type":"image\/webp"}],"twitter_card":"summary_large_image","schema":{"@context":"https:\/\/schema.org","@graph":[{"@type":"WebPage","@id":"https:\/\/gatosperu.com\/producto\/fuente-de-agua-inalambrica\/","url":"https:\/\/gatosperu.com\/producto\/fuente-de-agua-inalambrica\/","name":"FUENTE DE AGUA INALAMBRICA | Gatos Per\u00fa Pet Shop","isPartOf":{"@id":"https:\/\/gatosperu.com\/#website"},"primaryImageOfPage":{"@id":"https:\/\/gatosperu.com\/producto\/fuente-de-agua-inalambrica\/#primaryimage"},"image":{"@id":"https:\/\/gatosperu.com\/producto\/fuente-de-agua-inalambrica\/#primaryimage"},"thumbnailUrl":"https:\/\/gatosperu.com\/wp-content\/uploads\/2025\/04\/inalambrica-fuente-sensor-gatosperu.com_.webp","datePublished":"2025-04-05T05:11:34+00:00","dateModified":"2025-06-06T03:02:35+00:00","description":"Bebedero autom\u00e1ticos. FUENTE AGUA INALAMBRICA. bater\u00eda que dura hasta 30 d\u00edas. bebedero para mascotas. fuente el\u00e9ctrica para gatos.","breadcrumb":{"@id":"https:\/\/gatosperu.com\/producto\/fuente-de-agua-inalambrica\/#breadcrumb"},"inLanguage":"es","potentialAction":[{"@type":"ReadAction","target":["https:\/\/gatosperu.com\/producto\/fuente-de-agua-inalambrica\/"]}]},{"@type":"ImageObject","inLanguage":"es","@id":"https:\/\/gatosperu.com\/producto\/fuente-de-agua-inalambrica\/#primaryimage","url":"https:\/\/gatosperu.com\/wp-content\/uploads\/2025\/04\/inalambrica-fuente-sensor-gatosperu.com_.webp","contentUrl":"https:\/\/gatosperu.com\/wp-content\/uploads\/2025\/04\/inalambrica-fuente-sensor-gatosperu.com_.webp","width":540,"height":559},{"@type":"BreadcrumbList","@id":"https:\/\/gatosperu.com\/producto\/fuente-de-agua-inalambrica\/#breadcrumb","itemListElement":[{"@type":"ListItem","position":1,"name":"Portada","item":"https:\/\/gatosperu.com\/"},{"@type":"ListItem","position":2,"name":"Productos","item":"https:\/\/gatosperu.com\/productos\/"},{"@type":"ListItem","position":3,"name":"FUENTE DE AGUA INALAMBRICA"}]},{"@type":"WebSite","@id":"https:\/\/gatosperu.com\/#website","url":"https:\/\/gatosperu.com\/","name":"Gatos Per\u00fa Pet Shop","description":"Tienda virtual para gatos","publisher":{"@id":"https:\/\/gatosperu.com\/#organization"},"potentialAction":[{"@type":"SearchAction","target":{"@type":"EntryPoint","urlTemplate":"https:\/\/gatosperu.com\/?s={search_term_string}"},"query-input":{"@type":"PropertyValueSpecification","valueRequired":true,"valueName":"search_term_string"}}],"inLanguage":"es"},{"@type":"Organization","@id":"https:\/\/gatosperu.com\/#organization","name":"Thayacha","url":"https:\/\/gatosperu.com\/","logo":{"@type":"ImageObject","inLanguage":"es","@id":"https:\/\/gatosperu.com\/#\/schema\/logo\/image\/","url":"https:\/\/gatosperu.com\/wp-content\/uploads\/2020\/04\/ty-e1589221156944.png","contentUrl":"https:\/\/gatosperu.com\/wp-content\/uploads\/2020\/04\/ty-e1589221156944.png","width":573,"height":419,"caption":"Thayacha"},"image":{"@id":"https:\/\/gatosperu.com\/#\/schema\/logo\/image\/"}}]}},"_links":{"self":[{"href":"https:\/\/gatosperu.com\/es\/wp-json\/wp\/v2\/product\/4120","targetHints":{"allow":["GET"]}}],"collection":[{"href":"https:\/\/gatosperu.com\/es\/wp-json\/wp\/v2\/product"}],"about":[{"href":"https:\/\/gatosperu.com\/es\/wp-json\/wp\/v2\/types\/product"}],"replies":[{"embeddable":true,"href":"https:\/\/gatosperu.com\/es\/wp-json\/wp\/v2\/comments?post=4120"}],"wp:featuredmedia":[{"embeddable":true,"href":"https:\/\/gatosperu.com\/es\/wp-json\/wp\/v2\/media\/4124"}],"wp:attachment":[{"href":"https:\/\/gatosperu.com\/es\/wp-json\/wp\/v2\/media?parent=4120"}],"wp:term":[{"taxonomy":"product_brand","embeddable":true,"href":"https:\/\/gatosperu.com\/es\/wp-json\/wp\/v2\/product_brand?post=4120"},{"taxonomy":"product_cat","embeddable":true,"href":"https:\/\/gatosperu.com\/es\/wp-json\/wp\/v2\/product_cat?post=4120"},{"taxonomy":"product_tag","embeddable":true,"href":"https:\/\/gatosperu.com\/es\/wp-json\/wp\/v2\/product_tag?post=4120"}],"curies":[{"name":"wp","href":"https:\/\/api.w.org\/{rel}","templated":true}]}}