{"id":4131,"date":"2025-04-10T05:24:39","date_gmt":"2025-04-10T05:24:39","guid":{"rendered":"https:\/\/gatosperu.com\/?post_type=product&#038;p=4131"},"modified":"2026-01-09T03:31:23","modified_gmt":"2026-01-09T03:31:23","slug":"filtro-reutilizable-para-fuente-de-agua","status":"publish","type":"product","link":"https:\/\/gatosperu.com\/es\/producto\/filtro-reutilizable-para-fuente-de-agua\/","title":{"rendered":"Filtro reutilizable para Fuente de Agua"},"content":{"rendered":"<h1><strong>Revolucionario filtro:<\/strong><\/h1>\n<p>Doble ventaja econ\u00f3mica y respetuosa con el medio ambiente<br \/>\nRentable y que ahorra mano de obra<br \/>\nNo es necesario reemplazar el filtro con frecuencia<br \/>\nSimplifique su rutina<br \/>\nOlv\u00eddese de la molestia de recordar las compras de filtros<br \/>\nReduce la generaci\u00f3n de residuos y el impacto ambiental<br \/>\nEvaluaci\u00f3n general<br \/>\nNuestro cartucho de filtro est\u00e1 dise\u00f1ado para un uso repetido, lo que reduce la necesidad de repuestos desechables. Este enfoque no solo mejora la eficiencia de la filtraci\u00f3n, sino que tambi\u00e9n se alinea con las pr\u00e1cticas responsables con el medio ambiente al minimizar los desechos.<\/p>\n<h2>Cartucho de filtro reutilizable<\/h2>\n<p>El filtro est\u00e1 hecho de poli\u00e9ster de alta densidad, un material conocido por sus excelentes propiedades de filtraci\u00f3n y facilidad de limpieza. Los usuarios pueden lavar regularmente el filtro para mantener una eficacia de filtrado \u00f3ptima y prolongar su vida \u00fatil.<\/p>\n<p>El filtro est\u00e1 dise\u00f1ado con una carcasa desmontable, lo que facilita que los usuarios lo limpien y reemplacen. Este dise\u00f1o f\u00e1cil de usar simplifica el mantenimiento, lo que permite un f\u00e1cil manejo sin necesidad de habilidades especializadas.<\/p>","protected":false},"excerpt":{"rendered":"<h1>FILTRO PARA FUENTE DE AGUA<\/h1>\n<p>Filtro individual de repuesto para la fuente de agua. Agua siempre limpia y fresca&#8230; renueva el filtro peri\u00f3dicamente para garantizar el correcto proceso de filtrado del agua. Se recomienda cambiar el filtro entre 01 a 02 meses, sujeto al uso y la limpieza de agua.<\/p>","protected":false},"featured_media":4483,"comment_status":"closed","ping_status":"closed","template":"","meta":{"_gspb_post_css":"","content-type":""},"product_brand":[],"product_cat":[80,85,79],"product_tag":[],"class_list":{"0":"post-4131","1":"product","2":"type-product","3":"status-publish","4":"has-post-thumbnail","6":"product_cat-productos-para-gatos","7":"product_cat-platos-y-bebederos","8":"product_cat-productos-para-perros","10":"first","11":"instock","12":"taxable","13":"shipping-taxable","14":"purchasable","15":"product-type-simple"},"yoast_head":"<!-- This site is optimized with the Yoast SEO plugin v27.4 - https:\/\/yoast.com\/product\/yoast-seo-wordpress\/ -->\n<title>Filtro reutilizable para Fuente de Agua | Gatos Per\u00fa Pet Shop<\/title>\n<meta name=\"description\" content=\"Filtro para fuente de agua. Bebedero autom\u00e1ticos . Pileta con sensor proximidad. bebedero para mascotas. fuente el\u00e9ctrica para gatos.\" \/>\n<meta name=\"robots\" content=\"index, follow, max-snippet:-1, max-image-preview:large, max-video-preview:-1\" \/>\n<link rel=\"canonical\" href=\"https:\/\/gatosperu.com\/es\/producto\/filtro-reutilizable-para-fuente-de-agua\/\" \/>\n<meta property=\"og:locale\" content=\"es_ES\" \/>\n<meta property=\"og:type\" content=\"article\" \/>\n<meta property=\"og:title\" content=\"Filtro reutilizable para Fuente de Agua | Gatos Per\u00fa Pet Shop\" \/>\n<meta property=\"og:description\" content=\"Filtro para fuente de agua. Bebedero autom\u00e1ticos . Pileta con sensor proximidad. bebedero para mascotas. fuente el\u00e9ctrica para gatos.\" \/>\n<meta property=\"og:url\" content=\"https:\/\/gatosperu.com\/es\/producto\/filtro-reutilizable-para-fuente-de-agua\/\" \/>\n<meta property=\"og:site_name\" content=\"Gatos Per\u00fa Pet Shop\" \/>\n<meta property=\"article:modified_time\" content=\"2026-01-09T03:31:23+00:00\" \/>\n<meta property=\"og:image\" content=\"https:\/\/gatosperu.com\/wp-content\/uploads\/2025\/04\/filtro-pilete-filtro-fuente.webp\" \/>\n\t<meta property=\"og:image:width\" content=\"894\" \/>\n\t<meta property=\"og:image:height\" content=\"868\" \/>\n\t<meta property=\"og:image:type\" content=\"image\/webp\" \/>\n<meta name=\"twitter:card\" content=\"summary_large_image\" \/>\n<meta name=\"twitter:label1\" content=\"Tiempo de lectura\" \/>\n\t<meta name=\"twitter:data1\" content=\"2 minutos\" \/>\n<script type=\"application\/ld+json\" class=\"yoast-schema-graph\">{\"@context\":\"https:\\\/\\\/schema.org\",\"@graph\":[{\"@type\":\"WebPage\",\"@id\":\"https:\\\/\\\/gatosperu.com\\\/producto\\\/filtro-reutilizable-para-fuente-de-agua\\\/\",\"url\":\"https:\\\/\\\/gatosperu.com\\\/producto\\\/filtro-reutilizable-para-fuente-de-agua\\\/\",\"name\":\"Filtro reutilizable para Fuente de Agua | Gatos Per\u00fa Pet Shop\",\"isPartOf\":{\"@id\":\"https:\\\/\\\/gatosperu.com\\\/#website\"},\"primaryImageOfPage\":{\"@id\":\"https:\\\/\\\/gatosperu.com\\\/producto\\\/filtro-reutilizable-para-fuente-de-agua\\\/#primaryimage\"},\"image\":{\"@id\":\"https:\\\/\\\/gatosperu.com\\\/producto\\\/filtro-reutilizable-para-fuente-de-agua\\\/#primaryimage\"},\"thumbnailUrl\":\"https:\\\/\\\/gatosperu.com\\\/wp-content\\\/uploads\\\/2025\\\/04\\\/filtro-pilete-filtro-fuente.webp\",\"datePublished\":\"2025-04-10T05:24:39+00:00\",\"dateModified\":\"2026-01-09T03:31:23+00:00\",\"description\":\"Filtro para fuente de agua. Bebedero autom\u00e1ticos . Pileta con sensor proximidad. bebedero para mascotas. fuente el\u00e9ctrica para gatos.\",\"breadcrumb\":{\"@id\":\"https:\\\/\\\/gatosperu.com\\\/producto\\\/filtro-reutilizable-para-fuente-de-agua\\\/#breadcrumb\"},\"inLanguage\":\"es\",\"potentialAction\":[{\"@type\":\"ReadAction\",\"target\":[\"https:\\\/\\\/gatosperu.com\\\/producto\\\/filtro-reutilizable-para-fuente-de-agua\\\/\"]}]},{\"@type\":\"ImageObject\",\"inLanguage\":\"es\",\"@id\":\"https:\\\/\\\/gatosperu.com\\\/producto\\\/filtro-reutilizable-para-fuente-de-agua\\\/#primaryimage\",\"url\":\"https:\\\/\\\/gatosperu.com\\\/wp-content\\\/uploads\\\/2025\\\/04\\\/filtro-pilete-filtro-fuente.webp\",\"contentUrl\":\"https:\\\/\\\/gatosperu.com\\\/wp-content\\\/uploads\\\/2025\\\/04\\\/filtro-pilete-filtro-fuente.webp\",\"width\":894,\"height\":868},{\"@type\":\"BreadcrumbList\",\"@id\":\"https:\\\/\\\/gatosperu.com\\\/producto\\\/filtro-reutilizable-para-fuente-de-agua\\\/#breadcrumb\",\"itemListElement\":[{\"@type\":\"ListItem\",\"position\":1,\"name\":\"Portada\",\"item\":\"https:\\\/\\\/gatosperu.com\\\/\"},{\"@type\":\"ListItem\",\"position\":2,\"name\":\"Productos\",\"item\":\"https:\\\/\\\/gatosperu.com\\\/productos\\\/\"},{\"@type\":\"ListItem\",\"position\":3,\"name\":\"Filtro reutilizable para Fuente de Agua\"}]},{\"@type\":\"WebSite\",\"@id\":\"https:\\\/\\\/gatosperu.com\\\/#website\",\"url\":\"https:\\\/\\\/gatosperu.com\\\/\",\"name\":\"Gatos Per\u00fa Pet Shop\",\"description\":\"Tienda virtual para gatos\",\"publisher\":{\"@id\":\"https:\\\/\\\/gatosperu.com\\\/#organization\"},\"potentialAction\":[{\"@type\":\"SearchAction\",\"target\":{\"@type\":\"EntryPoint\",\"urlTemplate\":\"https:\\\/\\\/gatosperu.com\\\/?s={search_term_string}\"},\"query-input\":{\"@type\":\"PropertyValueSpecification\",\"valueRequired\":true,\"valueName\":\"search_term_string\"}}],\"inLanguage\":\"es\"},{\"@type\":\"Organization\",\"@id\":\"https:\\\/\\\/gatosperu.com\\\/#organization\",\"name\":\"Thayacha\",\"url\":\"https:\\\/\\\/gatosperu.com\\\/\",\"logo\":{\"@type\":\"ImageObject\",\"inLanguage\":\"es\",\"@id\":\"https:\\\/\\\/gatosperu.com\\\/#\\\/schema\\\/logo\\\/image\\\/\",\"url\":\"https:\\\/\\\/gatosperu.com\\\/wp-content\\\/uploads\\\/2020\\\/04\\\/ty-e1589221156944.png\",\"contentUrl\":\"https:\\\/\\\/gatosperu.com\\\/wp-content\\\/uploads\\\/2020\\\/04\\\/ty-e1589221156944.png\",\"width\":573,\"height\":419,\"caption\":\"Thayacha\"},\"image\":{\"@id\":\"https:\\\/\\\/gatosperu.com\\\/#\\\/schema\\\/logo\\\/image\\\/\"}}]}<\/script>\n<!-- \/ Yoast SEO plugin. -->","yoast_head_json":{"title":"Filtro reutilizable para Fuente de Agua | Gatos Per\u00fa Pet Shop","description":"Filtro para fuente de agua. Bebedero autom\u00e1ticos . Pileta con sensor proximidad. bebedero para mascotas. fuente el\u00e9ctrica para gatos.","robots":{"index":"index","follow":"follow","max-snippet":"max-snippet:-1","max-image-preview":"max-image-preview:large","max-video-preview":"max-video-preview:-1"},"canonical":"https:\/\/gatosperu.com\/es\/producto\/filtro-reutilizable-para-fuente-de-agua\/","og_locale":"es_ES","og_type":"article","og_title":"Filtro reutilizable para Fuente de Agua | Gatos Per\u00fa Pet Shop","og_description":"Filtro para fuente de agua. Bebedero autom\u00e1ticos . Pileta con sensor proximidad. bebedero para mascotas. fuente el\u00e9ctrica para gatos.","og_url":"https:\/\/gatosperu.com\/es\/producto\/filtro-reutilizable-para-fuente-de-agua\/","og_site_name":"Gatos Per\u00fa Pet Shop","article_modified_time":"2026-01-09T03:31:23+00:00","og_image":[{"width":894,"height":868,"url":"https:\/\/gatosperu.com\/wp-content\/uploads\/2025\/04\/filtro-pilete-filtro-fuente.webp","type":"image\/webp"}],"twitter_card":"summary_large_image","twitter_misc":{"Tiempo de lectura":"2 minutos"},"schema":{"@context":"https:\/\/schema.org","@graph":[{"@type":"WebPage","@id":"https:\/\/gatosperu.com\/producto\/filtro-reutilizable-para-fuente-de-agua\/","url":"https:\/\/gatosperu.com\/producto\/filtro-reutilizable-para-fuente-de-agua\/","name":"Filtro reutilizable para Fuente de Agua | Gatos Per\u00fa Pet Shop","isPartOf":{"@id":"https:\/\/gatosperu.com\/#website"},"primaryImageOfPage":{"@id":"https:\/\/gatosperu.com\/producto\/filtro-reutilizable-para-fuente-de-agua\/#primaryimage"},"image":{"@id":"https:\/\/gatosperu.com\/producto\/filtro-reutilizable-para-fuente-de-agua\/#primaryimage"},"thumbnailUrl":"https:\/\/gatosperu.com\/wp-content\/uploads\/2025\/04\/filtro-pilete-filtro-fuente.webp","datePublished":"2025-04-10T05:24:39+00:00","dateModified":"2026-01-09T03:31:23+00:00","description":"Filtro para fuente de agua. Bebedero autom\u00e1ticos . Pileta con sensor proximidad. bebedero para mascotas. fuente el\u00e9ctrica para gatos.","breadcrumb":{"@id":"https:\/\/gatosperu.com\/producto\/filtro-reutilizable-para-fuente-de-agua\/#breadcrumb"},"inLanguage":"es","potentialAction":[{"@type":"ReadAction","target":["https:\/\/gatosperu.com\/producto\/filtro-reutilizable-para-fuente-de-agua\/"]}]},{"@type":"ImageObject","inLanguage":"es","@id":"https:\/\/gatosperu.com\/producto\/filtro-reutilizable-para-fuente-de-agua\/#primaryimage","url":"https:\/\/gatosperu.com\/wp-content\/uploads\/2025\/04\/filtro-pilete-filtro-fuente.webp","contentUrl":"https:\/\/gatosperu.com\/wp-content\/uploads\/2025\/04\/filtro-pilete-filtro-fuente.webp","width":894,"height":868},{"@type":"BreadcrumbList","@id":"https:\/\/gatosperu.com\/producto\/filtro-reutilizable-para-fuente-de-agua\/#breadcrumb","itemListElement":[{"@type":"ListItem","position":1,"name":"Portada","item":"https:\/\/gatosperu.com\/"},{"@type":"ListItem","position":2,"name":"Productos","item":"https:\/\/gatosperu.com\/productos\/"},{"@type":"ListItem","position":3,"name":"Filtro reutilizable para Fuente de Agua"}]},{"@type":"WebSite","@id":"https:\/\/gatosperu.com\/#website","url":"https:\/\/gatosperu.com\/","name":"Gatos Per\u00fa Pet Shop","description":"Tienda virtual para gatos","publisher":{"@id":"https:\/\/gatosperu.com\/#organization"},"potentialAction":[{"@type":"SearchAction","target":{"@type":"EntryPoint","urlTemplate":"https:\/\/gatosperu.com\/?s={search_term_string}"},"query-input":{"@type":"PropertyValueSpecification","valueRequired":true,"valueName":"search_term_string"}}],"inLanguage":"es"},{"@type":"Organization","@id":"https:\/\/gatosperu.com\/#organization","name":"Thayacha","url":"https:\/\/gatosperu.com\/","logo":{"@type":"ImageObject","inLanguage":"es","@id":"https:\/\/gatosperu.com\/#\/schema\/logo\/image\/","url":"https:\/\/gatosperu.com\/wp-content\/uploads\/2020\/04\/ty-e1589221156944.png","contentUrl":"https:\/\/gatosperu.com\/wp-content\/uploads\/2020\/04\/ty-e1589221156944.png","width":573,"height":419,"caption":"Thayacha"},"image":{"@id":"https:\/\/gatosperu.com\/#\/schema\/logo\/image\/"}}]}},"_links":{"self":[{"href":"https:\/\/gatosperu.com\/es\/wp-json\/wp\/v2\/product\/4131","targetHints":{"allow":["GET"]}}],"collection":[{"href":"https:\/\/gatosperu.com\/es\/wp-json\/wp\/v2\/product"}],"about":[{"href":"https:\/\/gatosperu.com\/es\/wp-json\/wp\/v2\/types\/product"}],"replies":[{"embeddable":true,"href":"https:\/\/gatosperu.com\/es\/wp-json\/wp\/v2\/comments?post=4131"}],"wp:featuredmedia":[{"embeddable":true,"href":"https:\/\/gatosperu.com\/es\/wp-json\/wp\/v2\/media\/4483"}],"wp:attachment":[{"href":"https:\/\/gatosperu.com\/es\/wp-json\/wp\/v2\/media?parent=4131"}],"wp:term":[{"taxonomy":"product_brand","embeddable":true,"href":"https:\/\/gatosperu.com\/es\/wp-json\/wp\/v2\/product_brand?post=4131"},{"taxonomy":"product_cat","embeddable":true,"href":"https:\/\/gatosperu.com\/es\/wp-json\/wp\/v2\/product_cat?post=4131"},{"taxonomy":"product_tag","embeddable":true,"href":"https:\/\/gatosperu.com\/es\/wp-json\/wp\/v2\/product_tag?post=4131"}],"curies":[{"name":"wp","href":"https:\/\/api.w.org\/{rel}","templated":true}]}}