{"id":4149,"date":"2025-06-11T00:19:35","date_gmt":"2025-06-11T00:19:35","guid":{"rendered":"https:\/\/gatosperu.com\/?post_type=product&#038;p=4149"},"modified":"2025-06-11T00:41:03","modified_gmt":"2025-06-11T00:41:03","slug":"cama-2-en-1-para-mascotas","status":"publish","type":"product","link":"https:\/\/gatosperu.com\/es\/producto\/cama-2-en-1-para-mascotas\/","title":{"rendered":"Cama 2 en 1 para mascotas"},"content":{"rendered":"<h4>Caracter\u00edsticas:<\/h4>\n<p>Con el h\u00e1bito de un gato, la cama para gatos abovedada tiene un dise\u00f1o de peque\u00f1a apertura que bloquea eficazmente el viento exterior.<br \/>\nEsta cama para mascotas est\u00e1 llena de una generosa cantidad de esponja de primera calidad, que es esponjosa, esponjosa y muy suave, con excelente elasticidad.<br \/>\nCosturas fuertes, resiste el desgarro incluso si se tira o se enra\u00edza \u00a1F\u00e1cil de limpiar!<br \/>\nLa parte inferior est\u00e1 hecha de material antideslizante, impermeable y a prueba de humedad que bloquea la humedad y la humedad del suelo.<br \/>\nExcelente material y costuras resistentes, se puede lavar a mano y a m\u00e1quina, para que siempre pueda mantenerlo limpio y c\u00f3modo.<br \/>\nIdeal para una variedad de ocasiones, como el hogar, la oficina, el autom\u00f3vil, las actividades al aire libre, etc.<\/p>\n<p>Nota:<\/p>\n<p>\u2605 El tama\u00f1o del producto es un poco grande, por lo que lo enviaremos en un empaque simple.<br \/>\nDependiendo de su monitor, el color del producto real puede parecer ligeramente diferente.<br \/>\nTenga en cuenta que las mediciones son tomadas por aficionados, por lo que puede haber ligeros errores.<br \/>\nEste producto tambi\u00e9n se vende en tiendas f\u00edsicas. Actualizaremos el n\u00famero de existencias en cualquier momento, pero es posible que no se quede sin existencias cuando haga una oferta.<br \/>\nEn ese caso, siempre nos pondremos en contacto con usted, pero si no tiene ninguna llegada programada,<br \/>\ntenga en cuenta que podemos cancelarla.<\/p>","protected":false},"excerpt":{"rendered":"<p>Camita Suave y Convertible para Mascotas \u2013 Grande, Acogedora y Perfecta para Acurrucarse Material hipoalerg\u00e9nico Caracter\u00edsticas: Parte inferior a prueba de humedad, resistente al desgaste y a la suciedad Materiales c\u00f3modos, transpirables y suaves Convertible a Cama cuevita \/ Cama abierta Tama\u00f1o: 46*46*36cm\u00a0 Adecuado para Todos los tama\u00f1os de gatos y perros raza peque\u00f1a<\/p>","protected":false},"featured_media":4154,"comment_status":"closed","ping_status":"closed","template":"","meta":{"_gspb_post_css":"","content-type":""},"product_brand":[],"product_cat":[87,80],"product_tag":[],"class_list":{"0":"post-4149","1":"product","2":"type-product","3":"status-publish","4":"has-post-thumbnail","6":"product_cat-camas-y-casas","7":"product_cat-productos-para-gatos","9":"first","10":"instock","11":"sale","12":"taxable","13":"shipping-taxable","14":"purchasable","15":"product-type-simple"},"yoast_head":"<!-- This site is optimized with the Yoast SEO plugin v27.5 - https:\/\/yoast.com\/product\/yoast-seo-wordpress\/ -->\n<title>Cama 2 en 1 para mascotas | Gatos Per\u00fa Pet Shop<\/title>\n<meta name=\"description\" content=\"Cama para gatos grandes. Cama para gatos en forma cueva para gatos. Cama de felpa con dise\u00f1o. cama para gatos en Per\u00fa. casa para mascotas\" \/>\n<meta name=\"robots\" content=\"index, follow, max-snippet:-1, max-image-preview:large, max-video-preview:-1\" \/>\n<link rel=\"canonical\" href=\"https:\/\/gatosperu.com\/es\/producto\/cama-2-en-1-para-mascotas\/\" \/>\n<meta property=\"og:locale\" content=\"es_ES\" \/>\n<meta property=\"og:type\" content=\"article\" \/>\n<meta property=\"og:title\" content=\"Cama 2 en 1 para mascotas | Gatos Per\u00fa Pet Shop\" \/>\n<meta property=\"og:description\" content=\"Cama para gatos grandes. Cama para gatos en forma cueva para gatos. Cama de felpa con dise\u00f1o. cama para gatos en Per\u00fa. casa para mascotas\" \/>\n<meta property=\"og:url\" content=\"https:\/\/gatosperu.com\/es\/producto\/cama-2-en-1-para-mascotas\/\" \/>\n<meta property=\"og:site_name\" content=\"Gatos Per\u00fa Pet Shop\" \/>\n<meta property=\"article:modified_time\" content=\"2025-06-11T00:41:03+00:00\" \/>\n<meta property=\"og:image\" content=\"https:\/\/gatosperu.com\/wp-content\/uploads\/2025\/06\/gatos-peru-cama-2-en-1-sofa.jpg\" \/>\n\t<meta property=\"og:image:width\" content=\"1200\" \/>\n\t<meta property=\"og:image:height\" content=\"1197\" \/>\n\t<meta property=\"og:image:type\" content=\"image\/jpeg\" \/>\n<meta name=\"twitter:card\" content=\"summary_large_image\" \/>\n<meta name=\"twitter:label1\" content=\"Tiempo de lectura\" \/>\n\t<meta name=\"twitter:data1\" content=\"2 minutos\" \/>\n<script type=\"application\/ld+json\" class=\"yoast-schema-graph\">{\"@context\":\"https:\\\/\\\/schema.org\",\"@graph\":[{\"@type\":\"WebPage\",\"@id\":\"https:\\\/\\\/gatosperu.com\\\/producto\\\/cama-2-en-1-para-mascotas\\\/\",\"url\":\"https:\\\/\\\/gatosperu.com\\\/producto\\\/cama-2-en-1-para-mascotas\\\/\",\"name\":\"Cama 2 en 1 para mascotas | Gatos Per\u00fa Pet Shop\",\"isPartOf\":{\"@id\":\"https:\\\/\\\/gatosperu.com\\\/#website\"},\"primaryImageOfPage\":{\"@id\":\"https:\\\/\\\/gatosperu.com\\\/producto\\\/cama-2-en-1-para-mascotas\\\/#primaryimage\"},\"image\":{\"@id\":\"https:\\\/\\\/gatosperu.com\\\/producto\\\/cama-2-en-1-para-mascotas\\\/#primaryimage\"},\"thumbnailUrl\":\"https:\\\/\\\/gatosperu.com\\\/wp-content\\\/uploads\\\/2025\\\/06\\\/gatos-peru-cama-2-en-1-sofa.jpg\",\"datePublished\":\"2025-06-11T00:19:35+00:00\",\"dateModified\":\"2025-06-11T00:41:03+00:00\",\"description\":\"Cama para gatos grandes. Cama para gatos en forma cueva para gatos. Cama de felpa con dise\u00f1o. cama para gatos en Per\u00fa. casa para mascotas\",\"breadcrumb\":{\"@id\":\"https:\\\/\\\/gatosperu.com\\\/producto\\\/cama-2-en-1-para-mascotas\\\/#breadcrumb\"},\"inLanguage\":\"es\",\"potentialAction\":[{\"@type\":\"ReadAction\",\"target\":[\"https:\\\/\\\/gatosperu.com\\\/producto\\\/cama-2-en-1-para-mascotas\\\/\"]}]},{\"@type\":\"ImageObject\",\"inLanguage\":\"es\",\"@id\":\"https:\\\/\\\/gatosperu.com\\\/producto\\\/cama-2-en-1-para-mascotas\\\/#primaryimage\",\"url\":\"https:\\\/\\\/gatosperu.com\\\/wp-content\\\/uploads\\\/2025\\\/06\\\/gatos-peru-cama-2-en-1-sofa.jpg\",\"contentUrl\":\"https:\\\/\\\/gatosperu.com\\\/wp-content\\\/uploads\\\/2025\\\/06\\\/gatos-peru-cama-2-en-1-sofa.jpg\",\"width\":1200,\"height\":1197},{\"@type\":\"BreadcrumbList\",\"@id\":\"https:\\\/\\\/gatosperu.com\\\/producto\\\/cama-2-en-1-para-mascotas\\\/#breadcrumb\",\"itemListElement\":[{\"@type\":\"ListItem\",\"position\":1,\"name\":\"Portada\",\"item\":\"https:\\\/\\\/gatosperu.com\\\/\"},{\"@type\":\"ListItem\",\"position\":2,\"name\":\"Productos\",\"item\":\"https:\\\/\\\/gatosperu.com\\\/productos\\\/\"},{\"@type\":\"ListItem\",\"position\":3,\"name\":\"Cama 2 en 1 para mascotas\"}]},{\"@type\":\"WebSite\",\"@id\":\"https:\\\/\\\/gatosperu.com\\\/#website\",\"url\":\"https:\\\/\\\/gatosperu.com\\\/\",\"name\":\"Gatos Per\u00fa Pet Shop\",\"description\":\"Tienda virtual para gatos\",\"publisher\":{\"@id\":\"https:\\\/\\\/gatosperu.com\\\/#organization\"},\"potentialAction\":[{\"@type\":\"SearchAction\",\"target\":{\"@type\":\"EntryPoint\",\"urlTemplate\":\"https:\\\/\\\/gatosperu.com\\\/?s={search_term_string}\"},\"query-input\":{\"@type\":\"PropertyValueSpecification\",\"valueRequired\":true,\"valueName\":\"search_term_string\"}}],\"inLanguage\":\"es\"},{\"@type\":\"Organization\",\"@id\":\"https:\\\/\\\/gatosperu.com\\\/#organization\",\"name\":\"Thayacha\",\"url\":\"https:\\\/\\\/gatosperu.com\\\/\",\"logo\":{\"@type\":\"ImageObject\",\"inLanguage\":\"es\",\"@id\":\"https:\\\/\\\/gatosperu.com\\\/#\\\/schema\\\/logo\\\/image\\\/\",\"url\":\"https:\\\/\\\/gatosperu.com\\\/wp-content\\\/uploads\\\/2020\\\/04\\\/ty-e1589221156944.png\",\"contentUrl\":\"https:\\\/\\\/gatosperu.com\\\/wp-content\\\/uploads\\\/2020\\\/04\\\/ty-e1589221156944.png\",\"width\":573,\"height\":419,\"caption\":\"Thayacha\"},\"image\":{\"@id\":\"https:\\\/\\\/gatosperu.com\\\/#\\\/schema\\\/logo\\\/image\\\/\"}}]}<\/script>\n<!-- \/ Yoast SEO plugin. -->","yoast_head_json":{"title":"Cama 2 en 1 para mascotas | Gatos Per\u00fa Pet Shop","description":"Cama para gatos grandes. Cama para gatos en forma cueva para gatos. Cama de felpa con dise\u00f1o. cama para gatos en Per\u00fa. casa para mascotas","robots":{"index":"index","follow":"follow","max-snippet":"max-snippet:-1","max-image-preview":"max-image-preview:large","max-video-preview":"max-video-preview:-1"},"canonical":"https:\/\/gatosperu.com\/es\/producto\/cama-2-en-1-para-mascotas\/","og_locale":"es_ES","og_type":"article","og_title":"Cama 2 en 1 para mascotas | Gatos Per\u00fa Pet Shop","og_description":"Cama para gatos grandes. Cama para gatos en forma cueva para gatos. Cama de felpa con dise\u00f1o. cama para gatos en Per\u00fa. casa para mascotas","og_url":"https:\/\/gatosperu.com\/es\/producto\/cama-2-en-1-para-mascotas\/","og_site_name":"Gatos Per\u00fa Pet Shop","article_modified_time":"2025-06-11T00:41:03+00:00","og_image":[{"width":1200,"height":1197,"url":"https:\/\/gatosperu.com\/wp-content\/uploads\/2025\/06\/gatos-peru-cama-2-en-1-sofa.jpg","type":"image\/jpeg"}],"twitter_card":"summary_large_image","twitter_misc":{"Tiempo de lectura":"2 minutos"},"schema":{"@context":"https:\/\/schema.org","@graph":[{"@type":"WebPage","@id":"https:\/\/gatosperu.com\/producto\/cama-2-en-1-para-mascotas\/","url":"https:\/\/gatosperu.com\/producto\/cama-2-en-1-para-mascotas\/","name":"Cama 2 en 1 para mascotas | Gatos Per\u00fa Pet Shop","isPartOf":{"@id":"https:\/\/gatosperu.com\/#website"},"primaryImageOfPage":{"@id":"https:\/\/gatosperu.com\/producto\/cama-2-en-1-para-mascotas\/#primaryimage"},"image":{"@id":"https:\/\/gatosperu.com\/producto\/cama-2-en-1-para-mascotas\/#primaryimage"},"thumbnailUrl":"https:\/\/gatosperu.com\/wp-content\/uploads\/2025\/06\/gatos-peru-cama-2-en-1-sofa.jpg","datePublished":"2025-06-11T00:19:35+00:00","dateModified":"2025-06-11T00:41:03+00:00","description":"Cama para gatos grandes. Cama para gatos en forma cueva para gatos. Cama de felpa con dise\u00f1o. cama para gatos en Per\u00fa. casa para mascotas","breadcrumb":{"@id":"https:\/\/gatosperu.com\/producto\/cama-2-en-1-para-mascotas\/#breadcrumb"},"inLanguage":"es","potentialAction":[{"@type":"ReadAction","target":["https:\/\/gatosperu.com\/producto\/cama-2-en-1-para-mascotas\/"]}]},{"@type":"ImageObject","inLanguage":"es","@id":"https:\/\/gatosperu.com\/producto\/cama-2-en-1-para-mascotas\/#primaryimage","url":"https:\/\/gatosperu.com\/wp-content\/uploads\/2025\/06\/gatos-peru-cama-2-en-1-sofa.jpg","contentUrl":"https:\/\/gatosperu.com\/wp-content\/uploads\/2025\/06\/gatos-peru-cama-2-en-1-sofa.jpg","width":1200,"height":1197},{"@type":"BreadcrumbList","@id":"https:\/\/gatosperu.com\/producto\/cama-2-en-1-para-mascotas\/#breadcrumb","itemListElement":[{"@type":"ListItem","position":1,"name":"Portada","item":"https:\/\/gatosperu.com\/"},{"@type":"ListItem","position":2,"name":"Productos","item":"https:\/\/gatosperu.com\/productos\/"},{"@type":"ListItem","position":3,"name":"Cama 2 en 1 para mascotas"}]},{"@type":"WebSite","@id":"https:\/\/gatosperu.com\/#website","url":"https:\/\/gatosperu.com\/","name":"Gatos Per\u00fa Pet Shop","description":"Tienda virtual para gatos","publisher":{"@id":"https:\/\/gatosperu.com\/#organization"},"potentialAction":[{"@type":"SearchAction","target":{"@type":"EntryPoint","urlTemplate":"https:\/\/gatosperu.com\/?s={search_term_string}"},"query-input":{"@type":"PropertyValueSpecification","valueRequired":true,"valueName":"search_term_string"}}],"inLanguage":"es"},{"@type":"Organization","@id":"https:\/\/gatosperu.com\/#organization","name":"Thayacha","url":"https:\/\/gatosperu.com\/","logo":{"@type":"ImageObject","inLanguage":"es","@id":"https:\/\/gatosperu.com\/#\/schema\/logo\/image\/","url":"https:\/\/gatosperu.com\/wp-content\/uploads\/2020\/04\/ty-e1589221156944.png","contentUrl":"https:\/\/gatosperu.com\/wp-content\/uploads\/2020\/04\/ty-e1589221156944.png","width":573,"height":419,"caption":"Thayacha"},"image":{"@id":"https:\/\/gatosperu.com\/#\/schema\/logo\/image\/"}}]}},"_links":{"self":[{"href":"https:\/\/gatosperu.com\/es\/wp-json\/wp\/v2\/product\/4149","targetHints":{"allow":["GET"]}}],"collection":[{"href":"https:\/\/gatosperu.com\/es\/wp-json\/wp\/v2\/product"}],"about":[{"href":"https:\/\/gatosperu.com\/es\/wp-json\/wp\/v2\/types\/product"}],"replies":[{"embeddable":true,"href":"https:\/\/gatosperu.com\/es\/wp-json\/wp\/v2\/comments?post=4149"}],"wp:featuredmedia":[{"embeddable":true,"href":"https:\/\/gatosperu.com\/es\/wp-json\/wp\/v2\/media\/4154"}],"wp:attachment":[{"href":"https:\/\/gatosperu.com\/es\/wp-json\/wp\/v2\/media?parent=4149"}],"wp:term":[{"taxonomy":"product_brand","embeddable":true,"href":"https:\/\/gatosperu.com\/es\/wp-json\/wp\/v2\/product_brand?post=4149"},{"taxonomy":"product_cat","embeddable":true,"href":"https:\/\/gatosperu.com\/es\/wp-json\/wp\/v2\/product_cat?post=4149"},{"taxonomy":"product_tag","embeddable":true,"href":"https:\/\/gatosperu.com\/es\/wp-json\/wp\/v2\/product_tag?post=4149"}],"curies":[{"name":"wp","href":"https:\/\/api.w.org\/{rel}","templated":true}]}}