{"id":4327,"date":"2025-07-16T06:24:52","date_gmt":"2025-07-16T06:24:52","guid":{"rendered":"https:\/\/gatosperu.com\/?post_type=product&#038;p=4327"},"modified":"2025-07-17T23:33:16","modified_gmt":"2025-07-17T23:33:16","slug":"arbol-rascador-del-piso-al-techo","status":"publish","type":"product","link":"https:\/\/gatosperu.com\/es\/producto\/arbol-rascador-del-piso-al-techo\/","title":{"rendered":"\u00c1rbol Rascador del Piso al Techo"},"content":{"rendered":"<h4 class=\"p1\"><span class=\"s1\"><b>\u00bf Qu\u00e9 son los gimnasios o rascadores para gatos ?<\/b><\/span><\/h4>\n<p class=\"p1\"><span class=\"s1\">Los gimnasios para gatos son estructuras creadas con material de alta calidad y resistentes, est\u00e1n compuestos de distintos materiales y texturas para lograr atraer la atenci\u00f3n de nuestro gato, dicha estructura le servir\u00e1 como base para rascar con sus u\u00f1as, e incluso hay gimnasios con dise\u00f1os mucho m\u00e1s complejos donde nuestra mascota podr\u00e1 rascar y a la vez divertirse como un centro de\u00a0<\/span><span class=\"s3\">juegos para gatos<\/span><span class=\"s1\">.<\/span><\/p>\n<p class=\"p1\"><span class=\"s1\">Si tu gato no cuenta con un rascador adecuado, de manera natural va a elegir muebles u otros objetos de tu hogar para lijar sus u\u00f1as, lo que seguramente no va a ser de tu agrado. Muebles ara\u00f1ados, patas de<span class=\"Apple-converted-space\">\u00a0\u00a0<\/span>sillas arruinadas, alfombras destrozadas son algunas de las consecuencias que deber\u00edas afrontar si no consigues de inmediato un rascador o\u00a0<\/span><span class=\"s2\">gimnasio para gatos<\/span><span class=\"s1\">.<\/span><\/p>\n<h4 class=\"p1\"><span class=\"s1\"><b>\u00bfEs Necesario tener uno \u00c1rbol rascador del piso al techo ?<\/b><\/span><\/h4>\n<p class=\"p1\"><span class=\"s1\">Si eres un\u00a0amante de los gatos\u00a0como yo, de seguro no dudar\u00e1s<span class=\"Apple-converted-space\">\u00a0\u00a0<\/span>en adquirir un gimnasio o rascador para tu gato, \u00e9stos son herramientas \u00fatiles y me atrever\u00eda a decir que<span class=\"Apple-converted-space\">\u00a0\u00a0<\/span>indispensables si queremos y pensamos en el bienestar y felicidad de nuestra mascota.<\/span><\/p>\n<p class=\"p1\"><span class=\"s1\">En el momento que decidimos<span class=\"Apple-converted-space\">\u00a0\u00a0<\/span>adoptar<span class=\"Apple-converted-space\">\u00a0\u00a0<\/span>un gato como mascota, hicimos un compromiso moral con ese indefenso animal, para cuidar de \u00e9l y velar por su bienestar. As\u00ed que desde ya puedes ir buscando el rascador para gatos que mejor se adapte a tu mascota.<\/span><\/p>\n<p>&nbsp;<\/p>\n<p>&nbsp;<\/p>","protected":false},"excerpt":{"rendered":"<h3><strong>\u00c1rbol Rascador para gatos del piso al techo:<\/strong><\/h3>\n<p id=\"title\" class=\"a-size-large a-spacing-none\"><span id=\"productTitle\" class=\"a-size-large product-title-word-break\">\u00c1rbol Grande para Gatos De 5 Niveles, Torre De \u00c1rbol para Gatos De Piso A Techo, Altura Ajustable De 100 A 116 Pulgadas con Poste Rascador De Cuerda De Algod\u00f3n Blanco.<\/span><\/p>\n<ul>\n<li><span class=\"a-list-item\">TORRE PARA GATOS DE ALTURA AJUSTABLE: Este tipo es apto para alturas de techo de 100 a 116 pulgadas. Confirme la altura del techo que desea configurar antes de comprar.<\/span><\/li>\n<\/ul>\n<ul class=\"a-unordered-list a-vertical a-spacing-mini\">\n<li class=\"a-spacing-mini\"><span class=\"a-list-item\">P<\/span>ILAR + \u00c1RBOL PARA GATOS CON DISE\u00d1O DE PARED FIJA: El marco para trepar para gatos se sostiene verticalmente por una columna s\u00f3lida, la torre para gatos se puede fijar a la pared, el conjunto es muy estable y no colapsar\u00e1.<\/li>\n<\/ul>\n<ul class=\"a-unordered-list a-vertical a-spacing-mini\">\n<li class=\"a-spacing-mini\"><span class=\"a-list-item\">NO ES NECESARIO PERFORAR AGUJEROS EN LA TORRE PARA GATOS DEL TECHO: \u00a1La torre para gatos del piso al techo que no requiere perforar agujeros en el techo y es muy f\u00e1cil de ensamblar! Ahorra mucho espacio y puedes colocarlo en un lugar como una pared o una esquina de una valla. La torre para gatos utiliza postes gruesos con un di\u00e1metro de 12 cm.<\/span><\/li>\n<li class=\"a-spacing-mini\"><span class=\"a-list-item\">\u00c1RBOL PARA GATOS DE JUEGO FAMILIAR: Con un trampol\u00edn, una c\u00e1psula espacial, una hamaca y una torre de vigilancia doble en una distribuci\u00f3n cruzada, este \u00e1rbol para gatos es un para\u00edso hogare\u00f1o para que su gato juegue, se rompa, trepe, etc.<\/span><\/li>\n<li class=\"a-spacing-mini\"><span class=\"a-list-item\">TORRE PARA GATOS DE DISE\u00d1O CONSIDERADO: Todos los postes est\u00e1n cubiertos con cuerdas de c\u00e1\u00f1amo, lo que hace que sea bueno para los gatos desarrollar el buen h\u00e1bito de rascarse sin da\u00f1ar sus costosos muebles.<\/span><\/li>\n<\/ul>","protected":false},"featured_media":4328,"comment_status":"open","ping_status":"closed","template":"","meta":{"_gspb_post_css":"","content-type":""},"product_brand":[],"product_cat":[94,80],"product_tag":[],"class_list":{"0":"post-4327","1":"product","2":"type-product","3":"status-publish","4":"has-post-thumbnail","6":"product_cat-gimnasios-y-rascadores","7":"product_cat-productos-para-gatos","9":"first","10":"instock","11":"taxable","12":"shipping-taxable","13":"purchasable","14":"product-type-simple"},"yoast_head":"<!-- This site is optimized with the Yoast SEO plugin v27.4 - https:\/\/yoast.com\/product\/yoast-seo-wordpress\/ -->\n<title>\u00c1rbol Rascador del Piso al Techo | Gatos Per\u00fa Pet Shop<\/title>\n<meta name=\"description\" content=\"\u00c1rbol rascador del piso al techo Tienda Gatos Per\u00fa. \u00c1rbol Grande para Gatos De 5 Niveles, Torre De \u00c1rbol para Gatos De Piso A Techo, Altura Ajustable\" \/>\n<meta name=\"robots\" content=\"index, follow, max-snippet:-1, max-image-preview:large, max-video-preview:-1\" \/>\n<link rel=\"canonical\" href=\"https:\/\/gatosperu.com\/es\/producto\/arbol-rascador-del-piso-al-techo\/\" \/>\n<meta property=\"og:locale\" content=\"es_ES\" \/>\n<meta property=\"og:type\" content=\"article\" \/>\n<meta property=\"og:title\" content=\"\u00c1rbol Rascador del Piso al Techo | Gatos Per\u00fa Pet Shop\" \/>\n<meta property=\"og:description\" content=\"\u00c1rbol rascador del piso al techo Tienda Gatos Per\u00fa. \u00c1rbol Grande para Gatos De 5 Niveles, Torre De \u00c1rbol para Gatos De Piso A Techo, Altura Ajustable\" \/>\n<meta property=\"og:url\" content=\"https:\/\/gatosperu.com\/es\/producto\/arbol-rascador-del-piso-al-techo\/\" \/>\n<meta property=\"og:site_name\" content=\"Gatos Per\u00fa Pet Shop\" \/>\n<meta property=\"article:modified_time\" content=\"2025-07-17T23:33:16+00:00\" \/>\n<meta property=\"og:image\" content=\"https:\/\/gatosperu.com\/wp-content\/uploads\/2025\/07\/arbol-del-piso-al-techo.jpg\" \/>\n\t<meta property=\"og:image:width\" content=\"1280\" \/>\n\t<meta property=\"og:image:height\" content=\"1280\" \/>\n\t<meta property=\"og:image:type\" content=\"image\/jpeg\" \/>\n<meta name=\"twitter:card\" content=\"summary_large_image\" \/>\n<meta name=\"twitter:label1\" content=\"Tiempo de lectura\" \/>\n\t<meta name=\"twitter:data1\" content=\"2 minutos\" \/>\n<script type=\"application\/ld+json\" class=\"yoast-schema-graph\">{\"@context\":\"https:\\\/\\\/schema.org\",\"@graph\":[{\"@type\":\"WebPage\",\"@id\":\"https:\\\/\\\/gatosperu.com\\\/producto\\\/arbol-rascador-del-piso-al-techo\\\/\",\"url\":\"https:\\\/\\\/gatosperu.com\\\/producto\\\/arbol-rascador-del-piso-al-techo\\\/\",\"name\":\"\u00c1rbol Rascador del Piso al Techo | Gatos Per\u00fa Pet Shop\",\"isPartOf\":{\"@id\":\"https:\\\/\\\/gatosperu.com\\\/#website\"},\"primaryImageOfPage\":{\"@id\":\"https:\\\/\\\/gatosperu.com\\\/producto\\\/arbol-rascador-del-piso-al-techo\\\/#primaryimage\"},\"image\":{\"@id\":\"https:\\\/\\\/gatosperu.com\\\/producto\\\/arbol-rascador-del-piso-al-techo\\\/#primaryimage\"},\"thumbnailUrl\":\"https:\\\/\\\/gatosperu.com\\\/wp-content\\\/uploads\\\/2025\\\/07\\\/arbol-del-piso-al-techo.jpg\",\"datePublished\":\"2025-07-16T06:24:52+00:00\",\"dateModified\":\"2025-07-17T23:33:16+00:00\",\"description\":\"\u00c1rbol rascador del piso al techo Tienda Gatos Per\u00fa. \u00c1rbol Grande para Gatos De 5 Niveles, Torre De \u00c1rbol para Gatos De Piso A Techo, Altura Ajustable\",\"breadcrumb\":{\"@id\":\"https:\\\/\\\/gatosperu.com\\\/producto\\\/arbol-rascador-del-piso-al-techo\\\/#breadcrumb\"},\"inLanguage\":\"es\",\"potentialAction\":[{\"@type\":\"ReadAction\",\"target\":[\"https:\\\/\\\/gatosperu.com\\\/producto\\\/arbol-rascador-del-piso-al-techo\\\/\"]}]},{\"@type\":\"ImageObject\",\"inLanguage\":\"es\",\"@id\":\"https:\\\/\\\/gatosperu.com\\\/producto\\\/arbol-rascador-del-piso-al-techo\\\/#primaryimage\",\"url\":\"https:\\\/\\\/gatosperu.com\\\/wp-content\\\/uploads\\\/2025\\\/07\\\/arbol-del-piso-al-techo.jpg\",\"contentUrl\":\"https:\\\/\\\/gatosperu.com\\\/wp-content\\\/uploads\\\/2025\\\/07\\\/arbol-del-piso-al-techo.jpg\",\"width\":1280,\"height\":1280},{\"@type\":\"BreadcrumbList\",\"@id\":\"https:\\\/\\\/gatosperu.com\\\/producto\\\/arbol-rascador-del-piso-al-techo\\\/#breadcrumb\",\"itemListElement\":[{\"@type\":\"ListItem\",\"position\":1,\"name\":\"Portada\",\"item\":\"https:\\\/\\\/gatosperu.com\\\/\"},{\"@type\":\"ListItem\",\"position\":2,\"name\":\"Productos\",\"item\":\"https:\\\/\\\/gatosperu.com\\\/productos\\\/\"},{\"@type\":\"ListItem\",\"position\":3,\"name\":\"\u00c1rbol Rascador del Piso al Techo\"}]},{\"@type\":\"WebSite\",\"@id\":\"https:\\\/\\\/gatosperu.com\\\/#website\",\"url\":\"https:\\\/\\\/gatosperu.com\\\/\",\"name\":\"Gatos Per\u00fa Pet Shop\",\"description\":\"Tienda virtual para gatos\",\"publisher\":{\"@id\":\"https:\\\/\\\/gatosperu.com\\\/#organization\"},\"potentialAction\":[{\"@type\":\"SearchAction\",\"target\":{\"@type\":\"EntryPoint\",\"urlTemplate\":\"https:\\\/\\\/gatosperu.com\\\/?s={search_term_string}\"},\"query-input\":{\"@type\":\"PropertyValueSpecification\",\"valueRequired\":true,\"valueName\":\"search_term_string\"}}],\"inLanguage\":\"es\"},{\"@type\":\"Organization\",\"@id\":\"https:\\\/\\\/gatosperu.com\\\/#organization\",\"name\":\"Thayacha\",\"url\":\"https:\\\/\\\/gatosperu.com\\\/\",\"logo\":{\"@type\":\"ImageObject\",\"inLanguage\":\"es\",\"@id\":\"https:\\\/\\\/gatosperu.com\\\/#\\\/schema\\\/logo\\\/image\\\/\",\"url\":\"https:\\\/\\\/gatosperu.com\\\/wp-content\\\/uploads\\\/2020\\\/04\\\/ty-e1589221156944.png\",\"contentUrl\":\"https:\\\/\\\/gatosperu.com\\\/wp-content\\\/uploads\\\/2020\\\/04\\\/ty-e1589221156944.png\",\"width\":573,\"height\":419,\"caption\":\"Thayacha\"},\"image\":{\"@id\":\"https:\\\/\\\/gatosperu.com\\\/#\\\/schema\\\/logo\\\/image\\\/\"}}]}<\/script>\n<!-- \/ Yoast SEO plugin. -->","yoast_head_json":{"title":"\u00c1rbol Rascador del Piso al Techo | Gatos Per\u00fa Pet Shop","description":"\u00c1rbol rascador del piso al techo Tienda Gatos Per\u00fa. \u00c1rbol Grande para Gatos De 5 Niveles, Torre De \u00c1rbol para Gatos De Piso A Techo, Altura Ajustable","robots":{"index":"index","follow":"follow","max-snippet":"max-snippet:-1","max-image-preview":"max-image-preview:large","max-video-preview":"max-video-preview:-1"},"canonical":"https:\/\/gatosperu.com\/es\/producto\/arbol-rascador-del-piso-al-techo\/","og_locale":"es_ES","og_type":"article","og_title":"\u00c1rbol Rascador del Piso al Techo | Gatos Per\u00fa Pet Shop","og_description":"\u00c1rbol rascador del piso al techo Tienda Gatos Per\u00fa. \u00c1rbol Grande para Gatos De 5 Niveles, Torre De \u00c1rbol para Gatos De Piso A Techo, Altura Ajustable","og_url":"https:\/\/gatosperu.com\/es\/producto\/arbol-rascador-del-piso-al-techo\/","og_site_name":"Gatos Per\u00fa Pet Shop","article_modified_time":"2025-07-17T23:33:16+00:00","og_image":[{"width":1280,"height":1280,"url":"https:\/\/gatosperu.com\/wp-content\/uploads\/2025\/07\/arbol-del-piso-al-techo.jpg","type":"image\/jpeg"}],"twitter_card":"summary_large_image","twitter_misc":{"Tiempo de lectura":"2 minutos"},"schema":{"@context":"https:\/\/schema.org","@graph":[{"@type":"WebPage","@id":"https:\/\/gatosperu.com\/producto\/arbol-rascador-del-piso-al-techo\/","url":"https:\/\/gatosperu.com\/producto\/arbol-rascador-del-piso-al-techo\/","name":"\u00c1rbol Rascador del Piso al Techo | Gatos Per\u00fa Pet Shop","isPartOf":{"@id":"https:\/\/gatosperu.com\/#website"},"primaryImageOfPage":{"@id":"https:\/\/gatosperu.com\/producto\/arbol-rascador-del-piso-al-techo\/#primaryimage"},"image":{"@id":"https:\/\/gatosperu.com\/producto\/arbol-rascador-del-piso-al-techo\/#primaryimage"},"thumbnailUrl":"https:\/\/gatosperu.com\/wp-content\/uploads\/2025\/07\/arbol-del-piso-al-techo.jpg","datePublished":"2025-07-16T06:24:52+00:00","dateModified":"2025-07-17T23:33:16+00:00","description":"\u00c1rbol rascador del piso al techo Tienda Gatos Per\u00fa. \u00c1rbol Grande para Gatos De 5 Niveles, Torre De \u00c1rbol para Gatos De Piso A Techo, Altura Ajustable","breadcrumb":{"@id":"https:\/\/gatosperu.com\/producto\/arbol-rascador-del-piso-al-techo\/#breadcrumb"},"inLanguage":"es","potentialAction":[{"@type":"ReadAction","target":["https:\/\/gatosperu.com\/producto\/arbol-rascador-del-piso-al-techo\/"]}]},{"@type":"ImageObject","inLanguage":"es","@id":"https:\/\/gatosperu.com\/producto\/arbol-rascador-del-piso-al-techo\/#primaryimage","url":"https:\/\/gatosperu.com\/wp-content\/uploads\/2025\/07\/arbol-del-piso-al-techo.jpg","contentUrl":"https:\/\/gatosperu.com\/wp-content\/uploads\/2025\/07\/arbol-del-piso-al-techo.jpg","width":1280,"height":1280},{"@type":"BreadcrumbList","@id":"https:\/\/gatosperu.com\/producto\/arbol-rascador-del-piso-al-techo\/#breadcrumb","itemListElement":[{"@type":"ListItem","position":1,"name":"Portada","item":"https:\/\/gatosperu.com\/"},{"@type":"ListItem","position":2,"name":"Productos","item":"https:\/\/gatosperu.com\/productos\/"},{"@type":"ListItem","position":3,"name":"\u00c1rbol Rascador del Piso al Techo"}]},{"@type":"WebSite","@id":"https:\/\/gatosperu.com\/#website","url":"https:\/\/gatosperu.com\/","name":"Gatos Per\u00fa Pet Shop","description":"Tienda virtual para gatos","publisher":{"@id":"https:\/\/gatosperu.com\/#organization"},"potentialAction":[{"@type":"SearchAction","target":{"@type":"EntryPoint","urlTemplate":"https:\/\/gatosperu.com\/?s={search_term_string}"},"query-input":{"@type":"PropertyValueSpecification","valueRequired":true,"valueName":"search_term_string"}}],"inLanguage":"es"},{"@type":"Organization","@id":"https:\/\/gatosperu.com\/#organization","name":"Thayacha","url":"https:\/\/gatosperu.com\/","logo":{"@type":"ImageObject","inLanguage":"es","@id":"https:\/\/gatosperu.com\/#\/schema\/logo\/image\/","url":"https:\/\/gatosperu.com\/wp-content\/uploads\/2020\/04\/ty-e1589221156944.png","contentUrl":"https:\/\/gatosperu.com\/wp-content\/uploads\/2020\/04\/ty-e1589221156944.png","width":573,"height":419,"caption":"Thayacha"},"image":{"@id":"https:\/\/gatosperu.com\/#\/schema\/logo\/image\/"}}]}},"_links":{"self":[{"href":"https:\/\/gatosperu.com\/es\/wp-json\/wp\/v2\/product\/4327","targetHints":{"allow":["GET"]}}],"collection":[{"href":"https:\/\/gatosperu.com\/es\/wp-json\/wp\/v2\/product"}],"about":[{"href":"https:\/\/gatosperu.com\/es\/wp-json\/wp\/v2\/types\/product"}],"replies":[{"embeddable":true,"href":"https:\/\/gatosperu.com\/es\/wp-json\/wp\/v2\/comments?post=4327"}],"wp:featuredmedia":[{"embeddable":true,"href":"https:\/\/gatosperu.com\/es\/wp-json\/wp\/v2\/media\/4328"}],"wp:attachment":[{"href":"https:\/\/gatosperu.com\/es\/wp-json\/wp\/v2\/media?parent=4327"}],"wp:term":[{"taxonomy":"product_brand","embeddable":true,"href":"https:\/\/gatosperu.com\/es\/wp-json\/wp\/v2\/product_brand?post=4327"},{"taxonomy":"product_cat","embeddable":true,"href":"https:\/\/gatosperu.com\/es\/wp-json\/wp\/v2\/product_cat?post=4327"},{"taxonomy":"product_tag","embeddable":true,"href":"https:\/\/gatosperu.com\/es\/wp-json\/wp\/v2\/product_tag?post=4327"}],"curies":[{"name":"wp","href":"https:\/\/api.w.org\/{rel}","templated":true}]}}