{"id":4334,"date":"2025-07-23T20:03:11","date_gmt":"2025-07-23T20:03:11","guid":{"rendered":"https:\/\/gatosperu.com\/?post_type=product&#038;p=4334"},"modified":"2025-07-24T00:23:21","modified_gmt":"2025-07-24T00:23:21","slug":"leonardo-adult-light-sterilised","status":"publish","type":"product","link":"https:\/\/gatosperu.com\/es\/producto\/leonardo-adult-light-sterilised\/","title":{"rendered":"Leonardo Adult Light 7.5kg"},"content":{"rendered":"<section data-element_type=\"section\" data-id=\"1bd66d0\" data-particle-mobile-disabled=\"false\" data-particle_enable=\"false\" data-settings=\"{&quot;jet_parallax_layout_list&quot;:[{&quot;jet_parallax_layout_image&quot;:{&quot;url&quot;:&quot;&quot;,&quot;id&quot;:&quot;&quot;,&quot;size&quot;:&quot;&quot;},&quot;_id&quot;:&quot;2d0094e&quot;,&quot;jet_parallax_layout_image_tablet&quot;:{&quot;url&quot;:&quot;&quot;,&quot;id&quot;:&quot;&quot;,&quot;size&quot;:&quot;&quot;},&quot;jet_parallax_layout_image_mobile&quot;:{&quot;url&quot;:&quot;&quot;,&quot;id&quot;:&quot;&quot;,&quot;size&quot;:&quot;&quot;},&quot;jet_parallax_layout_speed&quot;:{&quot;unit&quot;:&quot;%&quot;,&quot;size&quot;:50,&quot;sizes&quot;:[]},&quot;jet_parallax_layout_type&quot;:&quot;scroll&quot;,&quot;jet_parallax_layout_direction&quot;:null,&quot;jet_parallax_layout_fx_direction&quot;:null,&quot;jet_parallax_layout_z_index&quot;:&quot;&quot;,&quot;jet_parallax_layout_bg_x&quot;:50,&quot;jet_parallax_layout_bg_x_tablet&quot;:&quot;&quot;,&quot;jet_parallax_layout_bg_x_mobile&quot;:&quot;&quot;,&quot;jet_parallax_layout_bg_y&quot;:50,&quot;jet_parallax_layout_bg_y_tablet&quot;:&quot;&quot;,&quot;jet_parallax_layout_bg_y_mobile&quot;:&quot;&quot;,&quot;jet_parallax_layout_bg_size&quot;:&quot;auto&quot;,&quot;jet_parallax_layout_bg_size_tablet&quot;:&quot;&quot;,&quot;jet_parallax_layout_bg_size_mobile&quot;:&quot;&quot;,&quot;jet_parallax_layout_animation_prop&quot;:&quot;transform&quot;,&quot;jet_parallax_layout_on&quot;:[&quot;desktop&quot;,&quot;tablet&quot;]}]}\">\n<div class=\"elementor-element elementor-element-24cbf821 elementor-widget elementor-widget-heading\" data-id=\"24cbf821\" data-element_type=\"widget\" data-widget_type=\"heading.default\">\n<div class=\"elementor-widget-container\">\n<h1 class=\"elementor-heading-title elementor-size-default\"><strong>Leonardo Adult Light x 7.5kg<\/strong><\/h1>\n<\/div>\n<\/div>\n<div class=\"elementor-widget-container\">Para gatos adultos con sobrepeso El exceso de peso puede deberse a muchas causas. Ya sea debido a una alimentaci\u00f3n incorrecta por demasiadas golosinas o a la presencia de hormonas tras una castraci\u00f3n, en ambos casos se reduce el nivel de actividad y aumenta enormemente el riesgo de padecer enfermedades. Por consiguiente, la adaptaci\u00f3n temprana de la alimentaci\u00f3n mediante un alimento para gatos de bajo contenido energ\u00e9tico, como Leonardo Adult Light, promueve en gran medida la salud del animal y le ayuda a recuperar la forma.<\/div>\n<\/section>\n<h2 class=\"elementor-widget-container\"><strong>Beneficios del Alimento Leonardo Adul Light:\u00a0<\/strong><\/h2>\n<ul>\n<li class=\"elementor-widget-container\">Favorece la digesti\u00f3n, con muc\u00edlago natural y un 20 % de \u00e1cidos grasos omega-3.<\/li>\n<li class=\"elementor-widget-container\">Optimiza el valor del pH de la orina.<\/li>\n<\/ul>\n<section class=\"elementor-section elementor-inner-section elementor-element elementor-element-3b118e5 elementor-section-boxed elementor-section-height-default elementor-section-height-default\" data-id=\"3b118e5\" data-element_type=\"section\">\n<div class=\"elementor-container elementor-column-gap-default\">\n<div class=\"elementor-column elementor-col-25 elementor-inner-column elementor-element elementor-element-4ceaad70\" data-id=\"4ceaad70\" data-element_type=\"column\">\n<div class=\"elementor-widget-wrap elementor-element-populated\">\n<div class=\"elementor-element elementor-element-859467d elementor-widget elementor-widget-heading\" data-id=\"859467d\" data-element_type=\"widget\" data-widget_type=\"heading.default\">\n<h2 class=\"elementor-heading-title elementor-size-default\">Recomendaciones de Alimentaci\u00f3n:<\/h2>\n<p>Cantidad de alimento recomendada por animal en g\/d\u00eda.Alimentaci\u00f3n mixta: 25 g de comida seca equivalen aproximadamente a 100 g de comida h\u00fameda.<\/p>\n<table class=\"sw-text-editor-table\" style=\"height: 198px;\" width=\"687\">\n<tbody class=\"sw-text-editor-table__body\">\n<tr class=\"sw-text-editor-table__row\">\n<td class=\"sw-text-editor-table__col\">peso<\/td>\n<td class=\"sw-text-editor-table__col\">castrado\/indoor<\/td>\n<\/tr>\n<tr class=\"sw-text-editor-table__row\">\n<td class=\"sw-text-editor-table__col\">3 kg<\/td>\n<td class=\"sw-text-editor-table__col\">25-40 g<\/td>\n<\/tr>\n<tr class=\"sw-text-editor-table__row\">\n<td class=\"sw-text-editor-table__col\">4 kg<\/td>\n<td class=\"sw-text-editor-table__col\">30-45 g<\/td>\n<\/tr>\n<tr class=\"sw-text-editor-table__row\">\n<td class=\"sw-text-editor-table__col\">5 kg<\/td>\n<td class=\"sw-text-editor-table__col\">35-55 g<\/td>\n<\/tr>\n<tr class=\"sw-text-editor-table__row\">\n<td class=\"sw-text-editor-table__col\">6 kg<\/td>\n<td class=\"sw-text-editor-table__col\">40-60 g<\/td>\n<\/tr>\n<tr class=\"sw-text-editor-table__row\">\n<td class=\"sw-text-editor-table__col\">7 kg<\/td>\n<td class=\"sw-text-editor-table__col\">45-65 g<\/td>\n<\/tr>\n<\/tbody>\n<\/table>\n<p>&nbsp;<\/p>\n<h2><b>Composici\u00f3n del Leonardo Adult Light: <\/b><\/h2>\n<p>Carne de ave fresca (30 %); prote\u00ednas de ave deshidratadas con bajo contenido en cenizas (23 %); arroz; ma\u00edz; harina de pescado de agua salada (9 %); orujo de manzana, seco (4 %); h\u00edgado de ave hidrolizada; centeno malteado; huevo secado; zooplancton marino molido (krill, 2,5 %); salvado de avena (2,5 %); levadura de cerveza secada; semillas de ch\u00eda (1,3 %); grasa de ave; cloruro de sodio; cloruro de potasio; inulina de achicoria.<\/p>\n<h2><b>An\u00e1lisis de Componentes:<\/b><\/h2>\n<p>Prote\u00ednas 35 %; contenido de grasa 12,5 %; cenizas brutas 7,8 %; fibras brutas 3,5 %; humedad 10 %; calcio 1,0 %; f\u00f3sforo 0,8 %; sodio 0,4 %; magnesio 0,09 %<\/p>\n<h2><b>Aditivos por Kilo gramos Leonardo Adult Light:<\/b><\/h2>\n<p>vitamina A 15.000 UI; vitamina D3 1.500 UI; vitamina E 150 mg; vitamina C (como monofosfato de ascorbilo, sal s\u00f3dica) 245 mg; taurina 1.400 mg; L-carnitina 200 mg; cobre (como sulfato de cobre II, pentahidrato) 15 mg; hierro (como sulfato de hierro II, monohidrato) 200 mg; manganeso (como \u00f3xido de manganeso II) 50 mg; zinc (como \u00f3xido de zinc) 150 mg; yodo (como yodato c\u00e1lcico, sin agua) 2,5 mg; selenio (como selenito de sodio) 0,15 mg. lecitina 2.000 mg; extractos de tocoferol de aceites vegetales (= vitamina E natural) 80 mg<\/p>\n<\/div>\n<\/div>\n<\/div>\n<\/div>\n<\/section>\n","protected":false},"excerpt":{"rendered":"<h2>LEONARDO Adult Light 7.5kg<\/h2>\n<h3 class=\"elementor-heading-title elementor-size-default\">Alimento completo con 80% de prote\u00edna animal. Con carne fresca de ave.<\/h3>\n<ul>\n<li>Para gatos con sobre peso o esterilizados.<\/li>\n<li>Bajo contenido energ\u00e9tico alto contenido proteico.<\/li>\n<\/ul>\n<p>&nbsp;<\/p>\n<p>&nbsp;<\/p>","protected":false},"featured_media":4335,"comment_status":"open","ping_status":"closed","template":"","meta":{"_gspb_post_css":"","content-type":""},"product_brand":[142],"product_cat":[132,80],"product_tag":[],"class_list":{"0":"post-4334","1":"product","2":"type-product","3":"status-publish","4":"has-post-thumbnail","6":"product_brand-leonardo","7":"product_cat-alimentos","8":"product_cat-productos-para-gatos","10":"first","11":"instock","12":"sale","13":"featured","14":"purchasable","15":"product-type-simple"},"yoast_head":"<!-- This site is optimized with the Yoast SEO plugin v27.4 - https:\/\/yoast.com\/product\/yoast-seo-wordpress\/ -->\n<title>Leonardo Adult Light 7.5kg | Gatos Per\u00fa Pet Shop<\/title>\n<meta name=\"description\" content=\"LEONARDO Adult Light &amp; Sterilised. CON CARNE DE AVE EXTRA FRESCA. Alimento libre de granos. Alimento para gatos adultos con sobre peso o esterilizados.\" \/>\n<meta name=\"robots\" content=\"index, follow, max-snippet:-1, max-image-preview:large, max-video-preview:-1\" \/>\n<link rel=\"canonical\" href=\"https:\/\/gatosperu.com\/es\/producto\/leonardo-adult-light-sterilised\/\" \/>\n<meta property=\"og:locale\" content=\"es_ES\" \/>\n<meta property=\"og:type\" content=\"article\" \/>\n<meta property=\"og:title\" content=\"Leonardo Adult Light 7.5kg | Gatos Per\u00fa Pet Shop\" \/>\n<meta property=\"og:description\" content=\"LEONARDO Adult Light &amp; Sterilised. CON CARNE DE AVE EXTRA FRESCA. Alimento libre de granos. Alimento para gatos adultos con sobre peso o esterilizados.\" \/>\n<meta property=\"og:url\" content=\"https:\/\/gatosperu.com\/es\/producto\/leonardo-adult-light-sterilised\/\" \/>\n<meta property=\"og:site_name\" content=\"Gatos Per\u00fa Pet Shop\" \/>\n<meta property=\"article:modified_time\" content=\"2025-07-24T00:23:21+00:00\" \/>\n<meta property=\"og:image\" content=\"https:\/\/gatosperu.com\/wp-content\/uploads\/2025\/07\/LEONARDO\u00ae-Adult-Light-Sterilised-gatos-peru.webp\" \/>\n\t<meta property=\"og:image:width\" content=\"800\" \/>\n\t<meta property=\"og:image:height\" content=\"800\" \/>\n\t<meta property=\"og:image:type\" content=\"image\/webp\" \/>\n<meta name=\"twitter:card\" content=\"summary_large_image\" \/>\n<meta name=\"twitter:label1\" content=\"Tiempo de lectura\" \/>\n\t<meta name=\"twitter:data1\" content=\"2 minutos\" \/>\n<script type=\"application\/ld+json\" class=\"yoast-schema-graph\">{\"@context\":\"https:\\\/\\\/schema.org\",\"@graph\":[{\"@type\":\"WebPage\",\"@id\":\"https:\\\/\\\/gatosperu.com\\\/producto\\\/leonardo-adult-light-sterilised\\\/\",\"url\":\"https:\\\/\\\/gatosperu.com\\\/producto\\\/leonardo-adult-light-sterilised\\\/\",\"name\":\"Leonardo Adult Light 7.5kg | Gatos Per\u00fa Pet Shop\",\"isPartOf\":{\"@id\":\"https:\\\/\\\/gatosperu.com\\\/#website\"},\"primaryImageOfPage\":{\"@id\":\"https:\\\/\\\/gatosperu.com\\\/producto\\\/leonardo-adult-light-sterilised\\\/#primaryimage\"},\"image\":{\"@id\":\"https:\\\/\\\/gatosperu.com\\\/producto\\\/leonardo-adult-light-sterilised\\\/#primaryimage\"},\"thumbnailUrl\":\"https:\\\/\\\/gatosperu.com\\\/wp-content\\\/uploads\\\/2025\\\/07\\\/LEONARDO\u00ae-Adult-Light-Sterilised-gatos-peru.webp\",\"datePublished\":\"2025-07-23T20:03:11+00:00\",\"dateModified\":\"2025-07-24T00:23:21+00:00\",\"description\":\"LEONARDO Adult Light & Sterilised. CON CARNE DE AVE EXTRA FRESCA. Alimento libre de granos. Alimento para gatos adultos con sobre peso o esterilizados.\",\"breadcrumb\":{\"@id\":\"https:\\\/\\\/gatosperu.com\\\/producto\\\/leonardo-adult-light-sterilised\\\/#breadcrumb\"},\"inLanguage\":\"es\",\"potentialAction\":[{\"@type\":\"ReadAction\",\"target\":[\"https:\\\/\\\/gatosperu.com\\\/producto\\\/leonardo-adult-light-sterilised\\\/\"]}]},{\"@type\":\"ImageObject\",\"inLanguage\":\"es\",\"@id\":\"https:\\\/\\\/gatosperu.com\\\/producto\\\/leonardo-adult-light-sterilised\\\/#primaryimage\",\"url\":\"https:\\\/\\\/gatosperu.com\\\/wp-content\\\/uploads\\\/2025\\\/07\\\/LEONARDO\u00ae-Adult-Light-Sterilised-gatos-peru.webp\",\"contentUrl\":\"https:\\\/\\\/gatosperu.com\\\/wp-content\\\/uploads\\\/2025\\\/07\\\/LEONARDO\u00ae-Adult-Light-Sterilised-gatos-peru.webp\",\"width\":800,\"height\":800},{\"@type\":\"BreadcrumbList\",\"@id\":\"https:\\\/\\\/gatosperu.com\\\/producto\\\/leonardo-adult-light-sterilised\\\/#breadcrumb\",\"itemListElement\":[{\"@type\":\"ListItem\",\"position\":1,\"name\":\"Portada\",\"item\":\"https:\\\/\\\/gatosperu.com\\\/\"},{\"@type\":\"ListItem\",\"position\":2,\"name\":\"Productos\",\"item\":\"https:\\\/\\\/gatosperu.com\\\/productos\\\/\"},{\"@type\":\"ListItem\",\"position\":3,\"name\":\"Leonardo Adult Light 7.5kg\"}]},{\"@type\":\"WebSite\",\"@id\":\"https:\\\/\\\/gatosperu.com\\\/#website\",\"url\":\"https:\\\/\\\/gatosperu.com\\\/\",\"name\":\"Gatos Per\u00fa Pet Shop\",\"description\":\"Tienda virtual para gatos\",\"publisher\":{\"@id\":\"https:\\\/\\\/gatosperu.com\\\/#organization\"},\"potentialAction\":[{\"@type\":\"SearchAction\",\"target\":{\"@type\":\"EntryPoint\",\"urlTemplate\":\"https:\\\/\\\/gatosperu.com\\\/?s={search_term_string}\"},\"query-input\":{\"@type\":\"PropertyValueSpecification\",\"valueRequired\":true,\"valueName\":\"search_term_string\"}}],\"inLanguage\":\"es\"},{\"@type\":\"Organization\",\"@id\":\"https:\\\/\\\/gatosperu.com\\\/#organization\",\"name\":\"Thayacha\",\"url\":\"https:\\\/\\\/gatosperu.com\\\/\",\"logo\":{\"@type\":\"ImageObject\",\"inLanguage\":\"es\",\"@id\":\"https:\\\/\\\/gatosperu.com\\\/#\\\/schema\\\/logo\\\/image\\\/\",\"url\":\"https:\\\/\\\/gatosperu.com\\\/wp-content\\\/uploads\\\/2020\\\/04\\\/ty-e1589221156944.png\",\"contentUrl\":\"https:\\\/\\\/gatosperu.com\\\/wp-content\\\/uploads\\\/2020\\\/04\\\/ty-e1589221156944.png\",\"width\":573,\"height\":419,\"caption\":\"Thayacha\"},\"image\":{\"@id\":\"https:\\\/\\\/gatosperu.com\\\/#\\\/schema\\\/logo\\\/image\\\/\"}}]}<\/script>\n<!-- \/ Yoast SEO plugin. -->","yoast_head_json":{"title":"Leonardo Adult Light 7.5kg | Gatos Per\u00fa Pet Shop","description":"LEONARDO Adult Light & Sterilised. CON CARNE DE AVE EXTRA FRESCA. Alimento libre de granos. Alimento para gatos adultos con sobre peso o esterilizados.","robots":{"index":"index","follow":"follow","max-snippet":"max-snippet:-1","max-image-preview":"max-image-preview:large","max-video-preview":"max-video-preview:-1"},"canonical":"https:\/\/gatosperu.com\/es\/producto\/leonardo-adult-light-sterilised\/","og_locale":"es_ES","og_type":"article","og_title":"Leonardo Adult Light 7.5kg | Gatos Per\u00fa Pet Shop","og_description":"LEONARDO Adult Light & Sterilised. CON CARNE DE AVE EXTRA FRESCA. Alimento libre de granos. Alimento para gatos adultos con sobre peso o esterilizados.","og_url":"https:\/\/gatosperu.com\/es\/producto\/leonardo-adult-light-sterilised\/","og_site_name":"Gatos Per\u00fa Pet Shop","article_modified_time":"2025-07-24T00:23:21+00:00","og_image":[{"width":800,"height":800,"url":"https:\/\/gatosperu.com\/wp-content\/uploads\/2025\/07\/LEONARDO\u00ae-Adult-Light-Sterilised-gatos-peru.webp","type":"image\/webp"}],"twitter_card":"summary_large_image","twitter_misc":{"Tiempo de lectura":"2 minutos"},"schema":{"@context":"https:\/\/schema.org","@graph":[{"@type":"WebPage","@id":"https:\/\/gatosperu.com\/producto\/leonardo-adult-light-sterilised\/","url":"https:\/\/gatosperu.com\/producto\/leonardo-adult-light-sterilised\/","name":"Leonardo Adult Light 7.5kg | Gatos Per\u00fa Pet Shop","isPartOf":{"@id":"https:\/\/gatosperu.com\/#website"},"primaryImageOfPage":{"@id":"https:\/\/gatosperu.com\/producto\/leonardo-adult-light-sterilised\/#primaryimage"},"image":{"@id":"https:\/\/gatosperu.com\/producto\/leonardo-adult-light-sterilised\/#primaryimage"},"thumbnailUrl":"https:\/\/gatosperu.com\/wp-content\/uploads\/2025\/07\/LEONARDO\u00ae-Adult-Light-Sterilised-gatos-peru.webp","datePublished":"2025-07-23T20:03:11+00:00","dateModified":"2025-07-24T00:23:21+00:00","description":"LEONARDO Adult Light & Sterilised. CON CARNE DE AVE EXTRA FRESCA. Alimento libre de granos. Alimento para gatos adultos con sobre peso o esterilizados.","breadcrumb":{"@id":"https:\/\/gatosperu.com\/producto\/leonardo-adult-light-sterilised\/#breadcrumb"},"inLanguage":"es","potentialAction":[{"@type":"ReadAction","target":["https:\/\/gatosperu.com\/producto\/leonardo-adult-light-sterilised\/"]}]},{"@type":"ImageObject","inLanguage":"es","@id":"https:\/\/gatosperu.com\/producto\/leonardo-adult-light-sterilised\/#primaryimage","url":"https:\/\/gatosperu.com\/wp-content\/uploads\/2025\/07\/LEONARDO\u00ae-Adult-Light-Sterilised-gatos-peru.webp","contentUrl":"https:\/\/gatosperu.com\/wp-content\/uploads\/2025\/07\/LEONARDO\u00ae-Adult-Light-Sterilised-gatos-peru.webp","width":800,"height":800},{"@type":"BreadcrumbList","@id":"https:\/\/gatosperu.com\/producto\/leonardo-adult-light-sterilised\/#breadcrumb","itemListElement":[{"@type":"ListItem","position":1,"name":"Portada","item":"https:\/\/gatosperu.com\/"},{"@type":"ListItem","position":2,"name":"Productos","item":"https:\/\/gatosperu.com\/productos\/"},{"@type":"ListItem","position":3,"name":"Leonardo Adult Light 7.5kg"}]},{"@type":"WebSite","@id":"https:\/\/gatosperu.com\/#website","url":"https:\/\/gatosperu.com\/","name":"Gatos Per\u00fa Pet Shop","description":"Tienda virtual para gatos","publisher":{"@id":"https:\/\/gatosperu.com\/#organization"},"potentialAction":[{"@type":"SearchAction","target":{"@type":"EntryPoint","urlTemplate":"https:\/\/gatosperu.com\/?s={search_term_string}"},"query-input":{"@type":"PropertyValueSpecification","valueRequired":true,"valueName":"search_term_string"}}],"inLanguage":"es"},{"@type":"Organization","@id":"https:\/\/gatosperu.com\/#organization","name":"Thayacha","url":"https:\/\/gatosperu.com\/","logo":{"@type":"ImageObject","inLanguage":"es","@id":"https:\/\/gatosperu.com\/#\/schema\/logo\/image\/","url":"https:\/\/gatosperu.com\/wp-content\/uploads\/2020\/04\/ty-e1589221156944.png","contentUrl":"https:\/\/gatosperu.com\/wp-content\/uploads\/2020\/04\/ty-e1589221156944.png","width":573,"height":419,"caption":"Thayacha"},"image":{"@id":"https:\/\/gatosperu.com\/#\/schema\/logo\/image\/"}}]}},"_links":{"self":[{"href":"https:\/\/gatosperu.com\/es\/wp-json\/wp\/v2\/product\/4334","targetHints":{"allow":["GET"]}}],"collection":[{"href":"https:\/\/gatosperu.com\/es\/wp-json\/wp\/v2\/product"}],"about":[{"href":"https:\/\/gatosperu.com\/es\/wp-json\/wp\/v2\/types\/product"}],"replies":[{"embeddable":true,"href":"https:\/\/gatosperu.com\/es\/wp-json\/wp\/v2\/comments?post=4334"}],"wp:featuredmedia":[{"embeddable":true,"href":"https:\/\/gatosperu.com\/es\/wp-json\/wp\/v2\/media\/4335"}],"wp:attachment":[{"href":"https:\/\/gatosperu.com\/es\/wp-json\/wp\/v2\/media?parent=4334"}],"wp:term":[{"taxonomy":"product_brand","embeddable":true,"href":"https:\/\/gatosperu.com\/es\/wp-json\/wp\/v2\/product_brand?post=4334"},{"taxonomy":"product_cat","embeddable":true,"href":"https:\/\/gatosperu.com\/es\/wp-json\/wp\/v2\/product_cat?post=4334"},{"taxonomy":"product_tag","embeddable":true,"href":"https:\/\/gatosperu.com\/es\/wp-json\/wp\/v2\/product_tag?post=4334"}],"curies":[{"name":"wp","href":"https:\/\/api.w.org\/{rel}","templated":true}]}}