{"id":4336,"date":"2025-07-23T23:09:30","date_gmt":"2025-07-23T23:09:30","guid":{"rendered":"https:\/\/gatosperu.com\/?post_type=product&#038;p=4336"},"modified":"2025-07-23T23:40:20","modified_gmt":"2025-07-23T23:40:20","slug":"leonardo-adult-duck","status":"publish","type":"product","link":"https:\/\/gatosperu.com\/es\/producto\/leonardo-adult-duck\/","title":{"rendered":"Leonardo Adult Duck 7.5 Kg"},"content":{"rendered":"<section data-element_type=\"section\" data-id=\"1bd66d0\" data-particle-mobile-disabled=\"false\" data-particle_enable=\"false\" data-settings=\"{&quot;jet_parallax_layout_list&quot;:[{&quot;jet_parallax_layout_image&quot;:{&quot;url&quot;:&quot;&quot;,&quot;id&quot;:&quot;&quot;,&quot;size&quot;:&quot;&quot;},&quot;_id&quot;:&quot;2d0094e&quot;,&quot;jet_parallax_layout_image_tablet&quot;:{&quot;url&quot;:&quot;&quot;,&quot;id&quot;:&quot;&quot;,&quot;size&quot;:&quot;&quot;},&quot;jet_parallax_layout_image_mobile&quot;:{&quot;url&quot;:&quot;&quot;,&quot;id&quot;:&quot;&quot;,&quot;size&quot;:&quot;&quot;},&quot;jet_parallax_layout_speed&quot;:{&quot;unit&quot;:&quot;%&quot;,&quot;size&quot;:50,&quot;sizes&quot;:[]},&quot;jet_parallax_layout_type&quot;:&quot;scroll&quot;,&quot;jet_parallax_layout_direction&quot;:null,&quot;jet_parallax_layout_fx_direction&quot;:null,&quot;jet_parallax_layout_z_index&quot;:&quot;&quot;,&quot;jet_parallax_layout_bg_x&quot;:50,&quot;jet_parallax_layout_bg_x_tablet&quot;:&quot;&quot;,&quot;jet_parallax_layout_bg_x_mobile&quot;:&quot;&quot;,&quot;jet_parallax_layout_bg_y&quot;:50,&quot;jet_parallax_layout_bg_y_tablet&quot;:&quot;&quot;,&quot;jet_parallax_layout_bg_y_mobile&quot;:&quot;&quot;,&quot;jet_parallax_layout_bg_size&quot;:&quot;auto&quot;,&quot;jet_parallax_layout_bg_size_tablet&quot;:&quot;&quot;,&quot;jet_parallax_layout_bg_size_mobile&quot;:&quot;&quot;,&quot;jet_parallax_layout_animation_prop&quot;:&quot;transform&quot;,&quot;jet_parallax_layout_on&quot;:[&quot;desktop&quot;,&quot;tablet&quot;]}]}\">\n<h2><strong>Acerca de Leonardo Adult Duck 7.5 Kg:<\/strong><\/h2>\n<div class=\"elementor-widget-container\">\u2022 Suave transito de bolas de pelo: Facilita la expulsi\u00f3n de las bolsas de pelo gracias a la composici\u00f3n con Malta. \u2022 Control de PH: Optimiza el valor del pH en la orina. \u2022 Semillas de Ch\u00eda: Favorece la digesti\u00f3n, con mucilago natural y un 20% de \u00e1cidos grasos Omega-3.<br \/>\n\u2022 Semillas de Uva Prensadas en Fr\u00edo: Las sustancias bioactivas de las semillas de uva (polifenoles) protegen las c\u00e9lulas del animal.<br \/>\n\u2022 Zooplancton Marino (Krill): Especialmente rico en nutrientes saludables y sustancias vitales, como los \u00e1cidos grasos Omega-3, astaxantina y enzimas naturales.<br \/>\n\u2022 STAY-Clean TM: Reducci\u00f3n de la placa bacteriana en los dientes.<\/div>\n<div><\/div>\n<\/section>\n<h2><strong>Gu\u00eda de alimentaci\u00f3n Adult Duck:<\/strong><\/h2>\n<ul>\n<li>Si el gato pesa 3 kg y se encuentra castrado debe consumir entre 25-40 g, si se encuentra activo debe consumir 50g.<\/li>\n<li>Si el gato pesa 4 kg y se encuentra castrado debe consumir entre 30-45 g, si se encuentra activo debe consumir 60g.<\/li>\n<li>Si el gato pesa 5 kg y se encuentra castrado debe consumir entre 35-55 g, si se encuentra activo debe consumir 70g.<\/li>\n<li>Si el gato pesa 6 kg y se encuentra castrado debe consumir entre 40-60 g, si se encuentra activo debe consumir 80g.<\/li>\n<li>Si el gato pesa 7 kg y se encuentra castrado debe consumir entre 45-65 g, si se encuentra activo debe consumir 90g.<\/li>\n<\/ul>\n<h3>Contenido Nutricional:<\/h3>\n<p>prote\u00ednas 32 %; contenido de grasa 20 %; cenizas brutas 7,9 %; fibras brutas 2,3 %; humedad 10 %; calcio 1,2 %; f\u00f3sforo 0,8 %; sodio 0,4 %; magnesio 0,09 %<\/p>\n<p><strong>Alimento completo para gatos adultos a partir de un a\u00f1o. Tambi\u00e9n recomendado para gatos de pelo largo<\/strong><\/p>\n","protected":false},"excerpt":{"rendered":"<div class=\"row\">\n<div class=\"col\">\n<h1 class=\"product-name hidden-sm-down heading-title\">Leonardo Adult Duck 7.5 Kg<\/h1>\n<\/div>\n<\/div>\n<div class=\"row description collapsible-xs\">\n<div id=\"collapsible-description-1\" class=\"col-sm-12 value content\">Leonardo Adult Duck de LEONARDO\u00a0Es un alimento para gatos adultos, apto tambi\u00e9n para gatos de pelo largo.\u00a0Es una variante de delicioso sabor para los gatos amantes de la carne de ave. Adem\u00e1s, la receta se ha mejorado con semillas de ch\u00eda y con sabroso krill, el crust\u00e1ceo procedente de la Ant\u00e1rtida. Su alto contenido en \u00e1cidos grasos Omega-3 y lecitina contribuye a conserva una piel sana y una pelaje brillante.<\/div>\n<div><\/div>\n<\/div>","protected":false},"featured_media":4337,"comment_status":"open","ping_status":"closed","template":"","meta":{"_gspb_post_css":"","content-type":""},"product_brand":[142],"product_cat":[132,80],"product_tag":[],"class_list":{"0":"post-4336","1":"product","2":"type-product","3":"status-publish","4":"has-post-thumbnail","6":"product_brand-leonardo","7":"product_cat-alimentos","8":"product_cat-productos-para-gatos","10":"first","11":"instock","12":"purchasable","13":"product-type-simple"},"yoast_head":"<!-- This site is optimized with the Yoast SEO plugin v27.4 - https:\/\/yoast.com\/product\/yoast-seo-wordpress\/ -->\n<title>Leonardo Adult Duck 7.5 Kg | Gatos Per\u00fa Pet Shop<\/title>\n<meta name=\"description\" content=\"Leonardo Adult Duck es un alimento para gatos adultos.\u00a0Es una variante de delicioso sabor para los gatos amantes de la carne de ave\" \/>\n<meta name=\"robots\" content=\"index, follow, max-snippet:-1, max-image-preview:large, max-video-preview:-1\" \/>\n<link rel=\"canonical\" href=\"https:\/\/gatosperu.com\/es\/producto\/leonardo-adult-duck\/\" \/>\n<meta property=\"og:locale\" content=\"es_ES\" \/>\n<meta property=\"og:type\" content=\"article\" \/>\n<meta property=\"og:title\" content=\"Leonardo Adult Duck 7.5 Kg | Gatos Per\u00fa Pet Shop\" \/>\n<meta property=\"og:description\" content=\"Leonardo Adult Duck es un alimento para gatos adultos.\u00a0Es una variante de delicioso sabor para los gatos amantes de la carne de ave\" \/>\n<meta property=\"og:url\" content=\"https:\/\/gatosperu.com\/es\/producto\/leonardo-adult-duck\/\" \/>\n<meta property=\"og:site_name\" content=\"Gatos Per\u00fa Pet Shop\" \/>\n<meta property=\"article:modified_time\" content=\"2025-07-23T23:40:20+00:00\" \/>\n<meta property=\"og:image\" content=\"https:\/\/gatosperu.com\/wp-content\/uploads\/2025\/07\/adulto_pato_leonardo_gatosperu.webp\" \/>\n\t<meta property=\"og:image:width\" content=\"800\" \/>\n\t<meta property=\"og:image:height\" content=\"800\" \/>\n\t<meta property=\"og:image:type\" content=\"image\/webp\" \/>\n<meta name=\"twitter:card\" content=\"summary_large_image\" \/>\n<meta name=\"twitter:label1\" content=\"Tiempo de lectura\" \/>\n\t<meta name=\"twitter:data1\" content=\"2 minutos\" \/>\n<script type=\"application\/ld+json\" class=\"yoast-schema-graph\">{\"@context\":\"https:\\\/\\\/schema.org\",\"@graph\":[{\"@type\":\"WebPage\",\"@id\":\"https:\\\/\\\/gatosperu.com\\\/producto\\\/leonardo-adult-duck\\\/\",\"url\":\"https:\\\/\\\/gatosperu.com\\\/producto\\\/leonardo-adult-duck\\\/\",\"name\":\"Leonardo Adult Duck 7.5 Kg | Gatos Per\u00fa Pet Shop\",\"isPartOf\":{\"@id\":\"https:\\\/\\\/gatosperu.com\\\/#website\"},\"primaryImageOfPage\":{\"@id\":\"https:\\\/\\\/gatosperu.com\\\/producto\\\/leonardo-adult-duck\\\/#primaryimage\"},\"image\":{\"@id\":\"https:\\\/\\\/gatosperu.com\\\/producto\\\/leonardo-adult-duck\\\/#primaryimage\"},\"thumbnailUrl\":\"https:\\\/\\\/gatosperu.com\\\/wp-content\\\/uploads\\\/2025\\\/07\\\/adulto_pato_leonardo_gatosperu.webp\",\"datePublished\":\"2025-07-23T23:09:30+00:00\",\"dateModified\":\"2025-07-23T23:40:20+00:00\",\"description\":\"Leonardo Adult Duck es un alimento para gatos adultos.\u00a0Es una variante de delicioso sabor para los gatos amantes de la carne de ave\",\"breadcrumb\":{\"@id\":\"https:\\\/\\\/gatosperu.com\\\/producto\\\/leonardo-adult-duck\\\/#breadcrumb\"},\"inLanguage\":\"es\",\"potentialAction\":[{\"@type\":\"ReadAction\",\"target\":[\"https:\\\/\\\/gatosperu.com\\\/producto\\\/leonardo-adult-duck\\\/\"]}]},{\"@type\":\"ImageObject\",\"inLanguage\":\"es\",\"@id\":\"https:\\\/\\\/gatosperu.com\\\/producto\\\/leonardo-adult-duck\\\/#primaryimage\",\"url\":\"https:\\\/\\\/gatosperu.com\\\/wp-content\\\/uploads\\\/2025\\\/07\\\/adulto_pato_leonardo_gatosperu.webp\",\"contentUrl\":\"https:\\\/\\\/gatosperu.com\\\/wp-content\\\/uploads\\\/2025\\\/07\\\/adulto_pato_leonardo_gatosperu.webp\",\"width\":800,\"height\":800},{\"@type\":\"BreadcrumbList\",\"@id\":\"https:\\\/\\\/gatosperu.com\\\/producto\\\/leonardo-adult-duck\\\/#breadcrumb\",\"itemListElement\":[{\"@type\":\"ListItem\",\"position\":1,\"name\":\"Portada\",\"item\":\"https:\\\/\\\/gatosperu.com\\\/\"},{\"@type\":\"ListItem\",\"position\":2,\"name\":\"Productos\",\"item\":\"https:\\\/\\\/gatosperu.com\\\/productos\\\/\"},{\"@type\":\"ListItem\",\"position\":3,\"name\":\"Leonardo Adult Duck 7.5 Kg\"}]},{\"@type\":\"WebSite\",\"@id\":\"https:\\\/\\\/gatosperu.com\\\/#website\",\"url\":\"https:\\\/\\\/gatosperu.com\\\/\",\"name\":\"Gatos Per\u00fa Pet Shop\",\"description\":\"Tienda virtual para gatos\",\"publisher\":{\"@id\":\"https:\\\/\\\/gatosperu.com\\\/#organization\"},\"potentialAction\":[{\"@type\":\"SearchAction\",\"target\":{\"@type\":\"EntryPoint\",\"urlTemplate\":\"https:\\\/\\\/gatosperu.com\\\/?s={search_term_string}\"},\"query-input\":{\"@type\":\"PropertyValueSpecification\",\"valueRequired\":true,\"valueName\":\"search_term_string\"}}],\"inLanguage\":\"es\"},{\"@type\":\"Organization\",\"@id\":\"https:\\\/\\\/gatosperu.com\\\/#organization\",\"name\":\"Thayacha\",\"url\":\"https:\\\/\\\/gatosperu.com\\\/\",\"logo\":{\"@type\":\"ImageObject\",\"inLanguage\":\"es\",\"@id\":\"https:\\\/\\\/gatosperu.com\\\/#\\\/schema\\\/logo\\\/image\\\/\",\"url\":\"https:\\\/\\\/gatosperu.com\\\/wp-content\\\/uploads\\\/2020\\\/04\\\/ty-e1589221156944.png\",\"contentUrl\":\"https:\\\/\\\/gatosperu.com\\\/wp-content\\\/uploads\\\/2020\\\/04\\\/ty-e1589221156944.png\",\"width\":573,\"height\":419,\"caption\":\"Thayacha\"},\"image\":{\"@id\":\"https:\\\/\\\/gatosperu.com\\\/#\\\/schema\\\/logo\\\/image\\\/\"}}]}<\/script>\n<!-- \/ Yoast SEO plugin. -->","yoast_head_json":{"title":"Leonardo Adult Duck 7.5 Kg | Gatos Per\u00fa Pet Shop","description":"Leonardo Adult Duck es un alimento para gatos adultos.\u00a0Es una variante de delicioso sabor para los gatos amantes de la carne de ave","robots":{"index":"index","follow":"follow","max-snippet":"max-snippet:-1","max-image-preview":"max-image-preview:large","max-video-preview":"max-video-preview:-1"},"canonical":"https:\/\/gatosperu.com\/es\/producto\/leonardo-adult-duck\/","og_locale":"es_ES","og_type":"article","og_title":"Leonardo Adult Duck 7.5 Kg | Gatos Per\u00fa Pet Shop","og_description":"Leonardo Adult Duck es un alimento para gatos adultos.\u00a0Es una variante de delicioso sabor para los gatos amantes de la carne de ave","og_url":"https:\/\/gatosperu.com\/es\/producto\/leonardo-adult-duck\/","og_site_name":"Gatos Per\u00fa Pet Shop","article_modified_time":"2025-07-23T23:40:20+00:00","og_image":[{"width":800,"height":800,"url":"https:\/\/gatosperu.com\/wp-content\/uploads\/2025\/07\/adulto_pato_leonardo_gatosperu.webp","type":"image\/webp"}],"twitter_card":"summary_large_image","twitter_misc":{"Tiempo de lectura":"2 minutos"},"schema":{"@context":"https:\/\/schema.org","@graph":[{"@type":"WebPage","@id":"https:\/\/gatosperu.com\/producto\/leonardo-adult-duck\/","url":"https:\/\/gatosperu.com\/producto\/leonardo-adult-duck\/","name":"Leonardo Adult Duck 7.5 Kg | Gatos Per\u00fa Pet Shop","isPartOf":{"@id":"https:\/\/gatosperu.com\/#website"},"primaryImageOfPage":{"@id":"https:\/\/gatosperu.com\/producto\/leonardo-adult-duck\/#primaryimage"},"image":{"@id":"https:\/\/gatosperu.com\/producto\/leonardo-adult-duck\/#primaryimage"},"thumbnailUrl":"https:\/\/gatosperu.com\/wp-content\/uploads\/2025\/07\/adulto_pato_leonardo_gatosperu.webp","datePublished":"2025-07-23T23:09:30+00:00","dateModified":"2025-07-23T23:40:20+00:00","description":"Leonardo Adult Duck es un alimento para gatos adultos.\u00a0Es una variante de delicioso sabor para los gatos amantes de la carne de ave","breadcrumb":{"@id":"https:\/\/gatosperu.com\/producto\/leonardo-adult-duck\/#breadcrumb"},"inLanguage":"es","potentialAction":[{"@type":"ReadAction","target":["https:\/\/gatosperu.com\/producto\/leonardo-adult-duck\/"]}]},{"@type":"ImageObject","inLanguage":"es","@id":"https:\/\/gatosperu.com\/producto\/leonardo-adult-duck\/#primaryimage","url":"https:\/\/gatosperu.com\/wp-content\/uploads\/2025\/07\/adulto_pato_leonardo_gatosperu.webp","contentUrl":"https:\/\/gatosperu.com\/wp-content\/uploads\/2025\/07\/adulto_pato_leonardo_gatosperu.webp","width":800,"height":800},{"@type":"BreadcrumbList","@id":"https:\/\/gatosperu.com\/producto\/leonardo-adult-duck\/#breadcrumb","itemListElement":[{"@type":"ListItem","position":1,"name":"Portada","item":"https:\/\/gatosperu.com\/"},{"@type":"ListItem","position":2,"name":"Productos","item":"https:\/\/gatosperu.com\/productos\/"},{"@type":"ListItem","position":3,"name":"Leonardo Adult Duck 7.5 Kg"}]},{"@type":"WebSite","@id":"https:\/\/gatosperu.com\/#website","url":"https:\/\/gatosperu.com\/","name":"Gatos Per\u00fa Pet Shop","description":"Tienda virtual para gatos","publisher":{"@id":"https:\/\/gatosperu.com\/#organization"},"potentialAction":[{"@type":"SearchAction","target":{"@type":"EntryPoint","urlTemplate":"https:\/\/gatosperu.com\/?s={search_term_string}"},"query-input":{"@type":"PropertyValueSpecification","valueRequired":true,"valueName":"search_term_string"}}],"inLanguage":"es"},{"@type":"Organization","@id":"https:\/\/gatosperu.com\/#organization","name":"Thayacha","url":"https:\/\/gatosperu.com\/","logo":{"@type":"ImageObject","inLanguage":"es","@id":"https:\/\/gatosperu.com\/#\/schema\/logo\/image\/","url":"https:\/\/gatosperu.com\/wp-content\/uploads\/2020\/04\/ty-e1589221156944.png","contentUrl":"https:\/\/gatosperu.com\/wp-content\/uploads\/2020\/04\/ty-e1589221156944.png","width":573,"height":419,"caption":"Thayacha"},"image":{"@id":"https:\/\/gatosperu.com\/#\/schema\/logo\/image\/"}}]}},"_links":{"self":[{"href":"https:\/\/gatosperu.com\/es\/wp-json\/wp\/v2\/product\/4336","targetHints":{"allow":["GET"]}}],"collection":[{"href":"https:\/\/gatosperu.com\/es\/wp-json\/wp\/v2\/product"}],"about":[{"href":"https:\/\/gatosperu.com\/es\/wp-json\/wp\/v2\/types\/product"}],"replies":[{"embeddable":true,"href":"https:\/\/gatosperu.com\/es\/wp-json\/wp\/v2\/comments?post=4336"}],"wp:featuredmedia":[{"embeddable":true,"href":"https:\/\/gatosperu.com\/es\/wp-json\/wp\/v2\/media\/4337"}],"wp:attachment":[{"href":"https:\/\/gatosperu.com\/es\/wp-json\/wp\/v2\/media?parent=4336"}],"wp:term":[{"taxonomy":"product_brand","embeddable":true,"href":"https:\/\/gatosperu.com\/es\/wp-json\/wp\/v2\/product_brand?post=4336"},{"taxonomy":"product_cat","embeddable":true,"href":"https:\/\/gatosperu.com\/es\/wp-json\/wp\/v2\/product_cat?post=4336"},{"taxonomy":"product_tag","embeddable":true,"href":"https:\/\/gatosperu.com\/es\/wp-json\/wp\/v2\/product_tag?post=4336"}],"curies":[{"name":"wp","href":"https:\/\/api.w.org\/{rel}","templated":true}]}}