{"id":4341,"date":"2025-07-24T00:38:53","date_gmt":"2025-07-24T00:38:53","guid":{"rendered":"https:\/\/gatosperu.com\/?post_type=product&#038;p=4341"},"modified":"2025-07-24T01:36:59","modified_gmt":"2025-07-24T01:36:59","slug":"leonardo-quality-selection-ave-200-g","status":"publish","type":"product","link":"https:\/\/gatosperu.com\/es\/producto\/leonardo-quality-selection-ave-200-g\/","title":{"rendered":"Leonardo Quality Selection Ave 200 g"},"content":{"rendered":"<h2>Leonardo Quality Selection Ave 200 g<\/h2>\n<p data-element_type=\"section\" data-id=\"1bd66d0\" data-particle-mobile-disabled=\"false\" data-particle_enable=\"false\" data-settings=\"{&quot;jet_parallax_layout_list&quot;:[{&quot;jet_parallax_layout_image&quot;:{&quot;url&quot;:&quot;&quot;,&quot;id&quot;:&quot;&quot;,&quot;size&quot;:&quot;&quot;},&quot;_id&quot;:&quot;2d0094e&quot;,&quot;jet_parallax_layout_image_tablet&quot;:{&quot;url&quot;:&quot;&quot;,&quot;id&quot;:&quot;&quot;,&quot;size&quot;:&quot;&quot;},&quot;jet_parallax_layout_image_mobile&quot;:{&quot;url&quot;:&quot;&quot;,&quot;id&quot;:&quot;&quot;,&quot;size&quot;:&quot;&quot;},&quot;jet_parallax_layout_speed&quot;:{&quot;unit&quot;:&quot;%&quot;,&quot;size&quot;:50,&quot;sizes&quot;:[]},&quot;jet_parallax_layout_type&quot;:&quot;scroll&quot;,&quot;jet_parallax_layout_direction&quot;:null,&quot;jet_parallax_layout_fx_direction&quot;:null,&quot;jet_parallax_layout_z_index&quot;:&quot;&quot;,&quot;jet_parallax_layout_bg_x&quot;:50,&quot;jet_parallax_layout_bg_x_tablet&quot;:&quot;&quot;,&quot;jet_parallax_layout_bg_x_mobile&quot;:&quot;&quot;,&quot;jet_parallax_layout_bg_y&quot;:50,&quot;jet_parallax_layout_bg_y_tablet&quot;:&quot;&quot;,&quot;jet_parallax_layout_bg_y_mobile&quot;:&quot;&quot;,&quot;jet_parallax_layout_bg_size&quot;:&quot;auto&quot;,&quot;jet_parallax_layout_bg_size_tablet&quot;:&quot;&quot;,&quot;jet_parallax_layout_bg_size_mobile&quot;:&quot;&quot;,&quot;jet_parallax_layout_animation_prop&quot;:&quot;transform&quot;,&quot;jet_parallax_layout_on&quot;:[&quot;desktop&quot;,&quot;tablet&quot;]}]}\"><span style=\"font-size: 16px;\">Los gatos, al igual que los felinos que viven en el medio natural, son carn\u00edvoros. Por eso solo utilizamos productos c\u00e1rnicos frescos. Gracias al gran valor biol\u00f3gico de estos productos, a tu gato le bastar\u00e1 una cantidad relativamente peque\u00f1a para satisfacer sus necesidades nutricionales diarias.<\/span><\/p>\n<h2><strong>Caracter\u00edsticas del Quality Selection Ave<\/strong><\/h2>\n<ul>\n<li><span style=\"font-size: 16px;\">La carne de ave\u00a0<\/span><span style=\"font-size: 16px;\">(pollo, pato, pavo y fais\u00e1n)\u00a0<\/span><span style=\"font-size: 16px;\">aporta grandes cantidades de vitaminas del complejo B.<\/span><\/li>\n<li>Las c\u00e1scaras de huevo aportan calcio a la receta, lo que refuerza el desarrollo \u00f3seo.<\/li>\n<li>Con taurina, amino\u00e1cido esencial para una buena salud ocular.<\/li>\n<li>Formulaci\u00f3n libre de granos.<\/li>\n<\/ul>\n<p><strong>Alimento<\/strong><strong> Quality Selection Ave <\/strong><strong>\u00a0para gatos adultos a partir de un a\u00f1o.<\/strong><\/p>\n<p class=\"elementor-widget-container\">200-400g diarios para gatos entre 3-5 kg. Administrar a temperatura ambiente. Aseg\u00farese de que el animal disponga de agua fresca en todo momento. Una vez abierto, conservar en el frigor\u00edfico un m\u00e1ximo de 24 horas.<\/p>\n<p>&nbsp;<\/p>\n<p>Carnes y subproductos animales (ave 65 %); caldo de carne de ave (34 %); minerales (0,5 %); c\u00e1scaras de huevo*\u00b9 (0,5 %) *\u00b9secado<\/p>\n","protected":false},"excerpt":{"rendered":"<div class=\"row\">\n<div class=\"col\">\n<h1 class=\"product-name hidden-sm-down heading-title\">Leonardo Quality Selection Ave<\/h1>\n<\/div>\n<\/div>\n<div class=\"row description collapsible-xs\">\n<div>Con alto porcentaje de prote\u00edna. Elaborado con el proceso Thermal mix, que asegura una mayor disposici\u00f3n de ingredientes y gran sabor.<\/div>\n<div><\/div>\n<\/div>","protected":false},"featured_media":4343,"comment_status":"open","ping_status":"closed","template":"","meta":{"_gspb_post_css":"","content-type":""},"product_brand":[142],"product_cat":[132,80],"product_tag":[],"class_list":{"0":"post-4341","1":"product","2":"type-product","3":"status-publish","4":"has-post-thumbnail","6":"product_brand-leonardo","7":"product_cat-alimentos","8":"product_cat-productos-para-gatos","10":"first","11":"instock","12":"sale","13":"purchasable","14":"product-type-simple"},"yoast_head":"<!-- This site is optimized with the Yoast SEO plugin v27.4 - https:\/\/yoast.com\/product\/yoast-seo-wordpress\/ -->\n<title>Leonardo Quality Selection Ave 200 g | Gatos Per\u00fa Pet Shop<\/title>\n<meta name=\"description\" content=\"Leonardo Quality Selection Ave 200 gramos. Alimento para gatos con alto porcentaje de prote\u00edna que asegura una mayor disposici\u00f3n de ingredientes y gran sabor.\" \/>\n<meta name=\"robots\" content=\"index, follow, max-snippet:-1, max-image-preview:large, max-video-preview:-1\" \/>\n<link rel=\"canonical\" href=\"https:\/\/gatosperu.com\/es\/producto\/leonardo-quality-selection-ave-200-g\/\" \/>\n<meta property=\"og:locale\" content=\"es_ES\" \/>\n<meta property=\"og:type\" content=\"article\" \/>\n<meta property=\"og:title\" content=\"Leonardo Quality Selection Ave 200 g | Gatos Per\u00fa Pet Shop\" \/>\n<meta property=\"og:description\" content=\"Leonardo Quality Selection Ave 200 gramos. Alimento para gatos con alto porcentaje de prote\u00edna que asegura una mayor disposici\u00f3n de ingredientes y gran sabor.\" \/>\n<meta property=\"og:url\" content=\"https:\/\/gatosperu.com\/es\/producto\/leonardo-quality-selection-ave-200-g\/\" \/>\n<meta property=\"og:site_name\" content=\"Gatos Per\u00fa Pet Shop\" \/>\n<meta property=\"article:modified_time\" content=\"2025-07-24T01:36:59+00:00\" \/>\n<meta property=\"og:image\" content=\"https:\/\/gatosperu.com\/wp-content\/uploads\/2025\/07\/LEONARDO\u00aepuro-ave_gatosperu.webp\" \/>\n\t<meta property=\"og:image:width\" content=\"800\" \/>\n\t<meta property=\"og:image:height\" content=\"800\" \/>\n\t<meta property=\"og:image:type\" content=\"image\/webp\" \/>\n<meta name=\"twitter:card\" content=\"summary_large_image\" \/>\n<meta name=\"twitter:label1\" content=\"Tiempo de lectura\" \/>\n\t<meta name=\"twitter:data1\" content=\"1 minuto\" \/>\n<script type=\"application\/ld+json\" class=\"yoast-schema-graph\">{\"@context\":\"https:\\\/\\\/schema.org\",\"@graph\":[{\"@type\":\"WebPage\",\"@id\":\"https:\\\/\\\/gatosperu.com\\\/producto\\\/leonardo-quality-selection-ave-200-g\\\/\",\"url\":\"https:\\\/\\\/gatosperu.com\\\/producto\\\/leonardo-quality-selection-ave-200-g\\\/\",\"name\":\"Leonardo Quality Selection Ave 200 g | Gatos Per\u00fa Pet Shop\",\"isPartOf\":{\"@id\":\"https:\\\/\\\/gatosperu.com\\\/#website\"},\"primaryImageOfPage\":{\"@id\":\"https:\\\/\\\/gatosperu.com\\\/producto\\\/leonardo-quality-selection-ave-200-g\\\/#primaryimage\"},\"image\":{\"@id\":\"https:\\\/\\\/gatosperu.com\\\/producto\\\/leonardo-quality-selection-ave-200-g\\\/#primaryimage\"},\"thumbnailUrl\":\"https:\\\/\\\/gatosperu.com\\\/wp-content\\\/uploads\\\/2025\\\/07\\\/LEONARDO\u00aepuro-ave_gatosperu.webp\",\"datePublished\":\"2025-07-24T00:38:53+00:00\",\"dateModified\":\"2025-07-24T01:36:59+00:00\",\"description\":\"Leonardo Quality Selection Ave 200 gramos. Alimento para gatos con alto porcentaje de prote\u00edna que asegura una mayor disposici\u00f3n de ingredientes y gran sabor.\",\"breadcrumb\":{\"@id\":\"https:\\\/\\\/gatosperu.com\\\/producto\\\/leonardo-quality-selection-ave-200-g\\\/#breadcrumb\"},\"inLanguage\":\"es\",\"potentialAction\":[{\"@type\":\"ReadAction\",\"target\":[\"https:\\\/\\\/gatosperu.com\\\/producto\\\/leonardo-quality-selection-ave-200-g\\\/\"]}]},{\"@type\":\"ImageObject\",\"inLanguage\":\"es\",\"@id\":\"https:\\\/\\\/gatosperu.com\\\/producto\\\/leonardo-quality-selection-ave-200-g\\\/#primaryimage\",\"url\":\"https:\\\/\\\/gatosperu.com\\\/wp-content\\\/uploads\\\/2025\\\/07\\\/LEONARDO\u00aepuro-ave_gatosperu.webp\",\"contentUrl\":\"https:\\\/\\\/gatosperu.com\\\/wp-content\\\/uploads\\\/2025\\\/07\\\/LEONARDO\u00aepuro-ave_gatosperu.webp\",\"width\":800,\"height\":800},{\"@type\":\"BreadcrumbList\",\"@id\":\"https:\\\/\\\/gatosperu.com\\\/producto\\\/leonardo-quality-selection-ave-200-g\\\/#breadcrumb\",\"itemListElement\":[{\"@type\":\"ListItem\",\"position\":1,\"name\":\"Portada\",\"item\":\"https:\\\/\\\/gatosperu.com\\\/\"},{\"@type\":\"ListItem\",\"position\":2,\"name\":\"Productos\",\"item\":\"https:\\\/\\\/gatosperu.com\\\/productos\\\/\"},{\"@type\":\"ListItem\",\"position\":3,\"name\":\"Leonardo Quality Selection Ave 200 g\"}]},{\"@type\":\"WebSite\",\"@id\":\"https:\\\/\\\/gatosperu.com\\\/#website\",\"url\":\"https:\\\/\\\/gatosperu.com\\\/\",\"name\":\"Gatos Per\u00fa Pet Shop\",\"description\":\"Tienda virtual para gatos\",\"publisher\":{\"@id\":\"https:\\\/\\\/gatosperu.com\\\/#organization\"},\"potentialAction\":[{\"@type\":\"SearchAction\",\"target\":{\"@type\":\"EntryPoint\",\"urlTemplate\":\"https:\\\/\\\/gatosperu.com\\\/?s={search_term_string}\"},\"query-input\":{\"@type\":\"PropertyValueSpecification\",\"valueRequired\":true,\"valueName\":\"search_term_string\"}}],\"inLanguage\":\"es\"},{\"@type\":\"Organization\",\"@id\":\"https:\\\/\\\/gatosperu.com\\\/#organization\",\"name\":\"Thayacha\",\"url\":\"https:\\\/\\\/gatosperu.com\\\/\",\"logo\":{\"@type\":\"ImageObject\",\"inLanguage\":\"es\",\"@id\":\"https:\\\/\\\/gatosperu.com\\\/#\\\/schema\\\/logo\\\/image\\\/\",\"url\":\"https:\\\/\\\/gatosperu.com\\\/wp-content\\\/uploads\\\/2020\\\/04\\\/ty-e1589221156944.png\",\"contentUrl\":\"https:\\\/\\\/gatosperu.com\\\/wp-content\\\/uploads\\\/2020\\\/04\\\/ty-e1589221156944.png\",\"width\":573,\"height\":419,\"caption\":\"Thayacha\"},\"image\":{\"@id\":\"https:\\\/\\\/gatosperu.com\\\/#\\\/schema\\\/logo\\\/image\\\/\"}}]}<\/script>\n<!-- \/ Yoast SEO plugin. -->","yoast_head_json":{"title":"Leonardo Quality Selection Ave 200 g | Gatos Per\u00fa Pet Shop","description":"Leonardo Quality Selection Ave 200 gramos. Alimento para gatos con alto porcentaje de prote\u00edna que asegura una mayor disposici\u00f3n de ingredientes y gran sabor.","robots":{"index":"index","follow":"follow","max-snippet":"max-snippet:-1","max-image-preview":"max-image-preview:large","max-video-preview":"max-video-preview:-1"},"canonical":"https:\/\/gatosperu.com\/es\/producto\/leonardo-quality-selection-ave-200-g\/","og_locale":"es_ES","og_type":"article","og_title":"Leonardo Quality Selection Ave 200 g | Gatos Per\u00fa Pet Shop","og_description":"Leonardo Quality Selection Ave 200 gramos. Alimento para gatos con alto porcentaje de prote\u00edna que asegura una mayor disposici\u00f3n de ingredientes y gran sabor.","og_url":"https:\/\/gatosperu.com\/es\/producto\/leonardo-quality-selection-ave-200-g\/","og_site_name":"Gatos Per\u00fa Pet Shop","article_modified_time":"2025-07-24T01:36:59+00:00","og_image":[{"width":800,"height":800,"url":"https:\/\/gatosperu.com\/wp-content\/uploads\/2025\/07\/LEONARDO\u00aepuro-ave_gatosperu.webp","type":"image\/webp"}],"twitter_card":"summary_large_image","twitter_misc":{"Tiempo de lectura":"1 minuto"},"schema":{"@context":"https:\/\/schema.org","@graph":[{"@type":"WebPage","@id":"https:\/\/gatosperu.com\/producto\/leonardo-quality-selection-ave-200-g\/","url":"https:\/\/gatosperu.com\/producto\/leonardo-quality-selection-ave-200-g\/","name":"Leonardo Quality Selection Ave 200 g | Gatos Per\u00fa Pet Shop","isPartOf":{"@id":"https:\/\/gatosperu.com\/#website"},"primaryImageOfPage":{"@id":"https:\/\/gatosperu.com\/producto\/leonardo-quality-selection-ave-200-g\/#primaryimage"},"image":{"@id":"https:\/\/gatosperu.com\/producto\/leonardo-quality-selection-ave-200-g\/#primaryimage"},"thumbnailUrl":"https:\/\/gatosperu.com\/wp-content\/uploads\/2025\/07\/LEONARDO\u00aepuro-ave_gatosperu.webp","datePublished":"2025-07-24T00:38:53+00:00","dateModified":"2025-07-24T01:36:59+00:00","description":"Leonardo Quality Selection Ave 200 gramos. Alimento para gatos con alto porcentaje de prote\u00edna que asegura una mayor disposici\u00f3n de ingredientes y gran sabor.","breadcrumb":{"@id":"https:\/\/gatosperu.com\/producto\/leonardo-quality-selection-ave-200-g\/#breadcrumb"},"inLanguage":"es","potentialAction":[{"@type":"ReadAction","target":["https:\/\/gatosperu.com\/producto\/leonardo-quality-selection-ave-200-g\/"]}]},{"@type":"ImageObject","inLanguage":"es","@id":"https:\/\/gatosperu.com\/producto\/leonardo-quality-selection-ave-200-g\/#primaryimage","url":"https:\/\/gatosperu.com\/wp-content\/uploads\/2025\/07\/LEONARDO\u00aepuro-ave_gatosperu.webp","contentUrl":"https:\/\/gatosperu.com\/wp-content\/uploads\/2025\/07\/LEONARDO\u00aepuro-ave_gatosperu.webp","width":800,"height":800},{"@type":"BreadcrumbList","@id":"https:\/\/gatosperu.com\/producto\/leonardo-quality-selection-ave-200-g\/#breadcrumb","itemListElement":[{"@type":"ListItem","position":1,"name":"Portada","item":"https:\/\/gatosperu.com\/"},{"@type":"ListItem","position":2,"name":"Productos","item":"https:\/\/gatosperu.com\/productos\/"},{"@type":"ListItem","position":3,"name":"Leonardo Quality Selection Ave 200 g"}]},{"@type":"WebSite","@id":"https:\/\/gatosperu.com\/#website","url":"https:\/\/gatosperu.com\/","name":"Gatos Per\u00fa Pet Shop","description":"Tienda virtual para gatos","publisher":{"@id":"https:\/\/gatosperu.com\/#organization"},"potentialAction":[{"@type":"SearchAction","target":{"@type":"EntryPoint","urlTemplate":"https:\/\/gatosperu.com\/?s={search_term_string}"},"query-input":{"@type":"PropertyValueSpecification","valueRequired":true,"valueName":"search_term_string"}}],"inLanguage":"es"},{"@type":"Organization","@id":"https:\/\/gatosperu.com\/#organization","name":"Thayacha","url":"https:\/\/gatosperu.com\/","logo":{"@type":"ImageObject","inLanguage":"es","@id":"https:\/\/gatosperu.com\/#\/schema\/logo\/image\/","url":"https:\/\/gatosperu.com\/wp-content\/uploads\/2020\/04\/ty-e1589221156944.png","contentUrl":"https:\/\/gatosperu.com\/wp-content\/uploads\/2020\/04\/ty-e1589221156944.png","width":573,"height":419,"caption":"Thayacha"},"image":{"@id":"https:\/\/gatosperu.com\/#\/schema\/logo\/image\/"}}]}},"_links":{"self":[{"href":"https:\/\/gatosperu.com\/es\/wp-json\/wp\/v2\/product\/4341","targetHints":{"allow":["GET"]}}],"collection":[{"href":"https:\/\/gatosperu.com\/es\/wp-json\/wp\/v2\/product"}],"about":[{"href":"https:\/\/gatosperu.com\/es\/wp-json\/wp\/v2\/types\/product"}],"replies":[{"embeddable":true,"href":"https:\/\/gatosperu.com\/es\/wp-json\/wp\/v2\/comments?post=4341"}],"wp:featuredmedia":[{"embeddable":true,"href":"https:\/\/gatosperu.com\/es\/wp-json\/wp\/v2\/media\/4343"}],"wp:attachment":[{"href":"https:\/\/gatosperu.com\/es\/wp-json\/wp\/v2\/media?parent=4341"}],"wp:term":[{"taxonomy":"product_brand","embeddable":true,"href":"https:\/\/gatosperu.com\/es\/wp-json\/wp\/v2\/product_brand?post=4341"},{"taxonomy":"product_cat","embeddable":true,"href":"https:\/\/gatosperu.com\/es\/wp-json\/wp\/v2\/product_cat?post=4341"},{"taxonomy":"product_tag","embeddable":true,"href":"https:\/\/gatosperu.com\/es\/wp-json\/wp\/v2\/product_tag?post=4341"}],"curies":[{"name":"wp","href":"https:\/\/api.w.org\/{rel}","templated":true}]}}