{"id":4347,"date":"2025-07-24T02:37:26","date_gmt":"2025-07-24T02:37:26","guid":{"rendered":"https:\/\/gatosperu.com\/?post_type=product&#038;p=4347"},"modified":"2025-07-24T02:46:21","modified_gmt":"2025-07-24T02:46:21","slug":"leonardo-quality-selection-pescado-400-g-copia","status":"publish","type":"product","link":"https:\/\/gatosperu.com\/es\/producto\/leonardo-quality-selection-pescado-400-g-copia\/","title":{"rendered":"Leonardo Quality Selection Pescado 400 g"},"content":{"rendered":"<h2>Leonardo Quality Selection Pescado 400 g<\/h2>\n<p data-element_type=\"section\" data-id=\"1bd66d0\" data-particle-mobile-disabled=\"false\" data-particle_enable=\"false\" data-settings=\"{&quot;jet_parallax_layout_list&quot;:[{&quot;jet_parallax_layout_image&quot;:{&quot;url&quot;:&quot;&quot;,&quot;id&quot;:&quot;&quot;,&quot;size&quot;:&quot;&quot;},&quot;_id&quot;:&quot;2d0094e&quot;,&quot;jet_parallax_layout_image_tablet&quot;:{&quot;url&quot;:&quot;&quot;,&quot;id&quot;:&quot;&quot;,&quot;size&quot;:&quot;&quot;},&quot;jet_parallax_layout_image_mobile&quot;:{&quot;url&quot;:&quot;&quot;,&quot;id&quot;:&quot;&quot;,&quot;size&quot;:&quot;&quot;},&quot;jet_parallax_layout_speed&quot;:{&quot;unit&quot;:&quot;%&quot;,&quot;size&quot;:50,&quot;sizes&quot;:[]},&quot;jet_parallax_layout_type&quot;:&quot;scroll&quot;,&quot;jet_parallax_layout_direction&quot;:null,&quot;jet_parallax_layout_fx_direction&quot;:null,&quot;jet_parallax_layout_z_index&quot;:&quot;&quot;,&quot;jet_parallax_layout_bg_x&quot;:50,&quot;jet_parallax_layout_bg_x_tablet&quot;:&quot;&quot;,&quot;jet_parallax_layout_bg_x_mobile&quot;:&quot;&quot;,&quot;jet_parallax_layout_bg_y&quot;:50,&quot;jet_parallax_layout_bg_y_tablet&quot;:&quot;&quot;,&quot;jet_parallax_layout_bg_y_mobile&quot;:&quot;&quot;,&quot;jet_parallax_layout_bg_size&quot;:&quot;auto&quot;,&quot;jet_parallax_layout_bg_size_tablet&quot;:&quot;&quot;,&quot;jet_parallax_layout_bg_size_mobile&quot;:&quot;&quot;,&quot;jet_parallax_layout_animation_prop&quot;:&quot;transform&quot;,&quot;jet_parallax_layout_on&quot;:[&quot;desktop&quot;,&quot;tablet&quot;]}]}\"><span class=\"gs_cit_txt b_hover\" data-sups=\"1,2,3\" data-hover-id=\"1\"><strong>Leonardo Lata Pescado<\/strong>\u00a0es un alimento h\u00famedo para gatos que se elabora a base de\u00a0<strong>pescado reci\u00e9n capturado<\/strong>, lo que le otorga un alto contenido en\u00a0<strong>\u00e1cidos grasos esenciales y minerales<\/strong>. <\/span><\/p>\n<p data-element_type=\"section\" data-id=\"1bd66d0\" data-particle-mobile-disabled=\"false\" data-particle_enable=\"false\" data-settings=\"{&quot;jet_parallax_layout_list&quot;:[{&quot;jet_parallax_layout_image&quot;:{&quot;url&quot;:&quot;&quot;,&quot;id&quot;:&quot;&quot;,&quot;size&quot;:&quot;&quot;},&quot;_id&quot;:&quot;2d0094e&quot;,&quot;jet_parallax_layout_image_tablet&quot;:{&quot;url&quot;:&quot;&quot;,&quot;id&quot;:&quot;&quot;,&quot;size&quot;:&quot;&quot;},&quot;jet_parallax_layout_image_mobile&quot;:{&quot;url&quot;:&quot;&quot;,&quot;id&quot;:&quot;&quot;,&quot;size&quot;:&quot;&quot;},&quot;jet_parallax_layout_speed&quot;:{&quot;unit&quot;:&quot;%&quot;,&quot;size&quot;:50,&quot;sizes&quot;:[]},&quot;jet_parallax_layout_type&quot;:&quot;scroll&quot;,&quot;jet_parallax_layout_direction&quot;:null,&quot;jet_parallax_layout_fx_direction&quot;:null,&quot;jet_parallax_layout_z_index&quot;:&quot;&quot;,&quot;jet_parallax_layout_bg_x&quot;:50,&quot;jet_parallax_layout_bg_x_tablet&quot;:&quot;&quot;,&quot;jet_parallax_layout_bg_x_mobile&quot;:&quot;&quot;,&quot;jet_parallax_layout_bg_y&quot;:50,&quot;jet_parallax_layout_bg_y_tablet&quot;:&quot;&quot;,&quot;jet_parallax_layout_bg_y_mobile&quot;:&quot;&quot;,&quot;jet_parallax_layout_bg_size&quot;:&quot;auto&quot;,&quot;jet_parallax_layout_bg_size_tablet&quot;:&quot;&quot;,&quot;jet_parallax_layout_bg_size_mobile&quot;:&quot;&quot;,&quot;jet_parallax_layout_animation_prop&quot;:&quot;transform&quot;,&quot;jet_parallax_layout_on&quot;:[&quot;desktop&quot;,&quot;tablet&quot;]}]}\"><span class=\"gs_cit_txt b_hover\" data-sups=\"1,2,3\" data-hover-id=\"1\">Este producto es ideal para gatos que buscan una alimentaci\u00f3n nutritiva y saludable, y es especialmente recomendado para gatos con problemas renales, ya que ayuda a mantener una buena hidrataci\u00f3n. Adem\u00e1s, es un alimento libre de granos, lo que lo hace adecuado para gatos de todas las razas.<\/span><\/p>\n<h2><strong>Caracter\u00edsticas de <\/strong>Leonardo Quality Selection Pescado<\/h2>\n<p>Prote\u00edna 10 %; contenido de grasa 5 %; ceniza bruta 2 %; fibra bruta 0,3 %; humedad 80 %<\/p>\n<h4><strong>Alimento<\/strong><strong> Quality Selection Pescado <\/strong><strong>\u00a0para gatos adultos a partir de un a\u00f1o.<\/strong><\/h4>\n<p class=\"elementor-widget-container\">200-400g diarios para gatos entre 3-5 kg. Administrar a temperatura ambiente. Aseg\u00farese de que el animal disponga de agua fresca en todo momento. Una vez abierto, conservar en el frigor\u00edfico un m\u00e1ximo de 24 horas.<\/p>\n<p>Carnes y subproductos animales (40 %); caldo de carne (34 %); pescados y subproductos de pescado (pescado marino) (25 %); minerales (0,5 %); c\u00e1scaras de huevo*\u00b9 (0,5 %) *\u00b9secado<\/p>\n","protected":false},"excerpt":{"rendered":"<div class=\"row\">\n<div class=\"col\">\n<h1 class=\"product-name hidden-sm-down heading-title\">Leonardo Quality Selection Pescado 400 g<\/h1>\n<\/div>\n<\/div>\n<div class=\"row description collapsible-xs\">\n<div><strong>Leonardo Lata Pescado<\/strong>\u00a0es un alimento h\u00famedo para gatos amantes del mar. La base de esta receta selecta es pescado reci\u00e9n capturado con su alto contenido en \u00e1cidos grasos esenciales y minerales<\/div>\n<\/div>","protected":false},"featured_media":4348,"comment_status":"open","ping_status":"closed","template":"","meta":{"_gspb_post_css":"","content-type":""},"product_brand":[142],"product_cat":[132,80],"product_tag":[],"class_list":{"0":"post-4347","1":"product","2":"type-product","3":"status-publish","4":"has-post-thumbnail","6":"product_brand-leonardo","7":"product_cat-alimentos","8":"product_cat-productos-para-gatos","10":"first","11":"instock","12":"sale","13":"purchasable","14":"product-type-simple"},"yoast_head":"<!-- This site is optimized with the Yoast SEO plugin v27.4 - https:\/\/yoast.com\/product\/yoast-seo-wordpress\/ -->\n<title>Leonardo Quality Selection Pescado 400 g | Gatos Per\u00fa Pet Shop<\/title>\n<meta name=\"description\" content=\"Leonardo Quality Selection pescado 400 g, es un alimento h\u00famedo para gatos amantes del mar. La base de esta receta selecta es pescado reci\u00e9n capturado con su alto contenido en \u00e1cidos grasos esenciales y minerales\" \/>\n<meta name=\"robots\" content=\"index, follow, max-snippet:-1, max-image-preview:large, max-video-preview:-1\" \/>\n<link rel=\"canonical\" href=\"https:\/\/gatosperu.com\/es\/producto\/leonardo-quality-selection-pescado-400-g-copia\/\" \/>\n<meta property=\"og:locale\" content=\"es_ES\" \/>\n<meta property=\"og:type\" content=\"article\" \/>\n<meta property=\"og:title\" content=\"Leonardo Quality Selection Pescado 400 g | Gatos Per\u00fa Pet Shop\" \/>\n<meta property=\"og:description\" content=\"Leonardo Quality Selection pescado 400 g, es un alimento h\u00famedo para gatos amantes del mar. La base de esta receta selecta es pescado reci\u00e9n capturado con su alto contenido en \u00e1cidos grasos esenciales y minerales\" \/>\n<meta property=\"og:url\" content=\"https:\/\/gatosperu.com\/es\/producto\/leonardo-quality-selection-pescado-400-g-copia\/\" \/>\n<meta property=\"og:site_name\" content=\"Gatos Per\u00fa Pet Shop\" \/>\n<meta property=\"article:modified_time\" content=\"2025-07-24T02:46:21+00:00\" \/>\n<meta property=\"og:image\" content=\"https:\/\/gatosperu.com\/wp-content\/uploads\/2025\/07\/seefisch-400g_PESCADOMARINO_GATOSPERU.webp\" \/>\n\t<meta property=\"og:image:width\" content=\"800\" \/>\n\t<meta property=\"og:image:height\" content=\"800\" \/>\n\t<meta property=\"og:image:type\" content=\"image\/webp\" \/>\n<meta name=\"twitter:card\" content=\"summary_large_image\" \/>\n<meta name=\"twitter:label1\" content=\"Tiempo de lectura\" \/>\n\t<meta name=\"twitter:data1\" content=\"2 minutos\" \/>\n<script type=\"application\/ld+json\" class=\"yoast-schema-graph\">{\"@context\":\"https:\\\/\\\/schema.org\",\"@graph\":[{\"@type\":\"WebPage\",\"@id\":\"https:\\\/\\\/gatosperu.com\\\/producto\\\/leonardo-quality-selection-pescado-400-g-copia\\\/\",\"url\":\"https:\\\/\\\/gatosperu.com\\\/producto\\\/leonardo-quality-selection-pescado-400-g-copia\\\/\",\"name\":\"Leonardo Quality Selection Pescado 400 g | Gatos Per\u00fa Pet Shop\",\"isPartOf\":{\"@id\":\"https:\\\/\\\/gatosperu.com\\\/#website\"},\"primaryImageOfPage\":{\"@id\":\"https:\\\/\\\/gatosperu.com\\\/producto\\\/leonardo-quality-selection-pescado-400-g-copia\\\/#primaryimage\"},\"image\":{\"@id\":\"https:\\\/\\\/gatosperu.com\\\/producto\\\/leonardo-quality-selection-pescado-400-g-copia\\\/#primaryimage\"},\"thumbnailUrl\":\"https:\\\/\\\/gatosperu.com\\\/wp-content\\\/uploads\\\/2025\\\/07\\\/seefisch-400g_PESCADOMARINO_GATOSPERU.webp\",\"datePublished\":\"2025-07-24T02:37:26+00:00\",\"dateModified\":\"2025-07-24T02:46:21+00:00\",\"description\":\"Leonardo Quality Selection pescado 400 g, es un alimento h\u00famedo para gatos amantes del mar. La base de esta receta selecta es pescado reci\u00e9n capturado con su alto contenido en \u00e1cidos grasos esenciales y minerales\",\"breadcrumb\":{\"@id\":\"https:\\\/\\\/gatosperu.com\\\/producto\\\/leonardo-quality-selection-pescado-400-g-copia\\\/#breadcrumb\"},\"inLanguage\":\"es\",\"potentialAction\":[{\"@type\":\"ReadAction\",\"target\":[\"https:\\\/\\\/gatosperu.com\\\/producto\\\/leonardo-quality-selection-pescado-400-g-copia\\\/\"]}]},{\"@type\":\"ImageObject\",\"inLanguage\":\"es\",\"@id\":\"https:\\\/\\\/gatosperu.com\\\/producto\\\/leonardo-quality-selection-pescado-400-g-copia\\\/#primaryimage\",\"url\":\"https:\\\/\\\/gatosperu.com\\\/wp-content\\\/uploads\\\/2025\\\/07\\\/seefisch-400g_PESCADOMARINO_GATOSPERU.webp\",\"contentUrl\":\"https:\\\/\\\/gatosperu.com\\\/wp-content\\\/uploads\\\/2025\\\/07\\\/seefisch-400g_PESCADOMARINO_GATOSPERU.webp\",\"width\":800,\"height\":800},{\"@type\":\"BreadcrumbList\",\"@id\":\"https:\\\/\\\/gatosperu.com\\\/producto\\\/leonardo-quality-selection-pescado-400-g-copia\\\/#breadcrumb\",\"itemListElement\":[{\"@type\":\"ListItem\",\"position\":1,\"name\":\"Portada\",\"item\":\"https:\\\/\\\/gatosperu.com\\\/\"},{\"@type\":\"ListItem\",\"position\":2,\"name\":\"Productos\",\"item\":\"https:\\\/\\\/gatosperu.com\\\/productos\\\/\"},{\"@type\":\"ListItem\",\"position\":3,\"name\":\"Leonardo Quality Selection Pescado 400 g\"}]},{\"@type\":\"WebSite\",\"@id\":\"https:\\\/\\\/gatosperu.com\\\/#website\",\"url\":\"https:\\\/\\\/gatosperu.com\\\/\",\"name\":\"Gatos Per\u00fa Pet Shop\",\"description\":\"Tienda virtual para gatos\",\"publisher\":{\"@id\":\"https:\\\/\\\/gatosperu.com\\\/#organization\"},\"potentialAction\":[{\"@type\":\"SearchAction\",\"target\":{\"@type\":\"EntryPoint\",\"urlTemplate\":\"https:\\\/\\\/gatosperu.com\\\/?s={search_term_string}\"},\"query-input\":{\"@type\":\"PropertyValueSpecification\",\"valueRequired\":true,\"valueName\":\"search_term_string\"}}],\"inLanguage\":\"es\"},{\"@type\":\"Organization\",\"@id\":\"https:\\\/\\\/gatosperu.com\\\/#organization\",\"name\":\"Thayacha\",\"url\":\"https:\\\/\\\/gatosperu.com\\\/\",\"logo\":{\"@type\":\"ImageObject\",\"inLanguage\":\"es\",\"@id\":\"https:\\\/\\\/gatosperu.com\\\/#\\\/schema\\\/logo\\\/image\\\/\",\"url\":\"https:\\\/\\\/gatosperu.com\\\/wp-content\\\/uploads\\\/2020\\\/04\\\/ty-e1589221156944.png\",\"contentUrl\":\"https:\\\/\\\/gatosperu.com\\\/wp-content\\\/uploads\\\/2020\\\/04\\\/ty-e1589221156944.png\",\"width\":573,\"height\":419,\"caption\":\"Thayacha\"},\"image\":{\"@id\":\"https:\\\/\\\/gatosperu.com\\\/#\\\/schema\\\/logo\\\/image\\\/\"}}]}<\/script>\n<!-- \/ Yoast SEO plugin. -->","yoast_head_json":{"title":"Leonardo Quality Selection Pescado 400 g | Gatos Per\u00fa Pet Shop","description":"Leonardo Quality Selection pescado 400 g, es un alimento h\u00famedo para gatos amantes del mar. La base de esta receta selecta es pescado reci\u00e9n capturado con su alto contenido en \u00e1cidos grasos esenciales y minerales","robots":{"index":"index","follow":"follow","max-snippet":"max-snippet:-1","max-image-preview":"max-image-preview:large","max-video-preview":"max-video-preview:-1"},"canonical":"https:\/\/gatosperu.com\/es\/producto\/leonardo-quality-selection-pescado-400-g-copia\/","og_locale":"es_ES","og_type":"article","og_title":"Leonardo Quality Selection Pescado 400 g | Gatos Per\u00fa Pet Shop","og_description":"Leonardo Quality Selection pescado 400 g, es un alimento h\u00famedo para gatos amantes del mar. La base de esta receta selecta es pescado reci\u00e9n capturado con su alto contenido en \u00e1cidos grasos esenciales y minerales","og_url":"https:\/\/gatosperu.com\/es\/producto\/leonardo-quality-selection-pescado-400-g-copia\/","og_site_name":"Gatos Per\u00fa Pet Shop","article_modified_time":"2025-07-24T02:46:21+00:00","og_image":[{"width":800,"height":800,"url":"https:\/\/gatosperu.com\/wp-content\/uploads\/2025\/07\/seefisch-400g_PESCADOMARINO_GATOSPERU.webp","type":"image\/webp"}],"twitter_card":"summary_large_image","twitter_misc":{"Tiempo de lectura":"2 minutos"},"schema":{"@context":"https:\/\/schema.org","@graph":[{"@type":"WebPage","@id":"https:\/\/gatosperu.com\/producto\/leonardo-quality-selection-pescado-400-g-copia\/","url":"https:\/\/gatosperu.com\/producto\/leonardo-quality-selection-pescado-400-g-copia\/","name":"Leonardo Quality Selection Pescado 400 g | Gatos Per\u00fa Pet Shop","isPartOf":{"@id":"https:\/\/gatosperu.com\/#website"},"primaryImageOfPage":{"@id":"https:\/\/gatosperu.com\/producto\/leonardo-quality-selection-pescado-400-g-copia\/#primaryimage"},"image":{"@id":"https:\/\/gatosperu.com\/producto\/leonardo-quality-selection-pescado-400-g-copia\/#primaryimage"},"thumbnailUrl":"https:\/\/gatosperu.com\/wp-content\/uploads\/2025\/07\/seefisch-400g_PESCADOMARINO_GATOSPERU.webp","datePublished":"2025-07-24T02:37:26+00:00","dateModified":"2025-07-24T02:46:21+00:00","description":"Leonardo Quality Selection pescado 400 g, es un alimento h\u00famedo para gatos amantes del mar. La base de esta receta selecta es pescado reci\u00e9n capturado con su alto contenido en \u00e1cidos grasos esenciales y minerales","breadcrumb":{"@id":"https:\/\/gatosperu.com\/producto\/leonardo-quality-selection-pescado-400-g-copia\/#breadcrumb"},"inLanguage":"es","potentialAction":[{"@type":"ReadAction","target":["https:\/\/gatosperu.com\/producto\/leonardo-quality-selection-pescado-400-g-copia\/"]}]},{"@type":"ImageObject","inLanguage":"es","@id":"https:\/\/gatosperu.com\/producto\/leonardo-quality-selection-pescado-400-g-copia\/#primaryimage","url":"https:\/\/gatosperu.com\/wp-content\/uploads\/2025\/07\/seefisch-400g_PESCADOMARINO_GATOSPERU.webp","contentUrl":"https:\/\/gatosperu.com\/wp-content\/uploads\/2025\/07\/seefisch-400g_PESCADOMARINO_GATOSPERU.webp","width":800,"height":800},{"@type":"BreadcrumbList","@id":"https:\/\/gatosperu.com\/producto\/leonardo-quality-selection-pescado-400-g-copia\/#breadcrumb","itemListElement":[{"@type":"ListItem","position":1,"name":"Portada","item":"https:\/\/gatosperu.com\/"},{"@type":"ListItem","position":2,"name":"Productos","item":"https:\/\/gatosperu.com\/productos\/"},{"@type":"ListItem","position":3,"name":"Leonardo Quality Selection Pescado 400 g"}]},{"@type":"WebSite","@id":"https:\/\/gatosperu.com\/#website","url":"https:\/\/gatosperu.com\/","name":"Gatos Per\u00fa Pet Shop","description":"Tienda virtual para gatos","publisher":{"@id":"https:\/\/gatosperu.com\/#organization"},"potentialAction":[{"@type":"SearchAction","target":{"@type":"EntryPoint","urlTemplate":"https:\/\/gatosperu.com\/?s={search_term_string}"},"query-input":{"@type":"PropertyValueSpecification","valueRequired":true,"valueName":"search_term_string"}}],"inLanguage":"es"},{"@type":"Organization","@id":"https:\/\/gatosperu.com\/#organization","name":"Thayacha","url":"https:\/\/gatosperu.com\/","logo":{"@type":"ImageObject","inLanguage":"es","@id":"https:\/\/gatosperu.com\/#\/schema\/logo\/image\/","url":"https:\/\/gatosperu.com\/wp-content\/uploads\/2020\/04\/ty-e1589221156944.png","contentUrl":"https:\/\/gatosperu.com\/wp-content\/uploads\/2020\/04\/ty-e1589221156944.png","width":573,"height":419,"caption":"Thayacha"},"image":{"@id":"https:\/\/gatosperu.com\/#\/schema\/logo\/image\/"}}]}},"_links":{"self":[{"href":"https:\/\/gatosperu.com\/es\/wp-json\/wp\/v2\/product\/4347","targetHints":{"allow":["GET"]}}],"collection":[{"href":"https:\/\/gatosperu.com\/es\/wp-json\/wp\/v2\/product"}],"about":[{"href":"https:\/\/gatosperu.com\/es\/wp-json\/wp\/v2\/types\/product"}],"replies":[{"embeddable":true,"href":"https:\/\/gatosperu.com\/es\/wp-json\/wp\/v2\/comments?post=4347"}],"wp:featuredmedia":[{"embeddable":true,"href":"https:\/\/gatosperu.com\/es\/wp-json\/wp\/v2\/media\/4348"}],"wp:attachment":[{"href":"https:\/\/gatosperu.com\/es\/wp-json\/wp\/v2\/media?parent=4347"}],"wp:term":[{"taxonomy":"product_brand","embeddable":true,"href":"https:\/\/gatosperu.com\/es\/wp-json\/wp\/v2\/product_brand?post=4347"},{"taxonomy":"product_cat","embeddable":true,"href":"https:\/\/gatosperu.com\/es\/wp-json\/wp\/v2\/product_cat?post=4347"},{"taxonomy":"product_tag","embeddable":true,"href":"https:\/\/gatosperu.com\/es\/wp-json\/wp\/v2\/product_tag?post=4347"}],"curies":[{"name":"wp","href":"https:\/\/api.w.org\/{rel}","templated":true}]}}