{"id":4349,"date":"2025-07-24T02:47:11","date_gmt":"2025-07-24T02:47:11","guid":{"rendered":"https:\/\/gatosperu.com\/?post_type=product&#038;p=4349"},"modified":"2025-07-24T03:28:29","modified_gmt":"2025-07-24T03:28:29","slug":"leonardo-quality-selection-kitten-200-g","status":"publish","type":"product","link":"https:\/\/gatosperu.com\/es\/producto\/leonardo-quality-selection-kitten-200-g\/","title":{"rendered":"Leonardo Quality Selection Kitten 200 g"},"content":{"rendered":"<h2>Leonardo Quality Selection Kitten 200 g<\/h2>\n<p data-element_type=\"section\" data-id=\"1bd66d0\" data-particle-mobile-disabled=\"false\" data-particle_enable=\"false\" data-settings=\"{&quot;jet_parallax_layout_list&quot;:[{&quot;jet_parallax_layout_image&quot;:{&quot;url&quot;:&quot;&quot;,&quot;id&quot;:&quot;&quot;,&quot;size&quot;:&quot;&quot;},&quot;_id&quot;:&quot;2d0094e&quot;,&quot;jet_parallax_layout_image_tablet&quot;:{&quot;url&quot;:&quot;&quot;,&quot;id&quot;:&quot;&quot;,&quot;size&quot;:&quot;&quot;},&quot;jet_parallax_layout_image_mobile&quot;:{&quot;url&quot;:&quot;&quot;,&quot;id&quot;:&quot;&quot;,&quot;size&quot;:&quot;&quot;},&quot;jet_parallax_layout_speed&quot;:{&quot;unit&quot;:&quot;%&quot;,&quot;size&quot;:50,&quot;sizes&quot;:[]},&quot;jet_parallax_layout_type&quot;:&quot;scroll&quot;,&quot;jet_parallax_layout_direction&quot;:null,&quot;jet_parallax_layout_fx_direction&quot;:null,&quot;jet_parallax_layout_z_index&quot;:&quot;&quot;,&quot;jet_parallax_layout_bg_x&quot;:50,&quot;jet_parallax_layout_bg_x_tablet&quot;:&quot;&quot;,&quot;jet_parallax_layout_bg_x_mobile&quot;:&quot;&quot;,&quot;jet_parallax_layout_bg_y&quot;:50,&quot;jet_parallax_layout_bg_y_tablet&quot;:&quot;&quot;,&quot;jet_parallax_layout_bg_y_mobile&quot;:&quot;&quot;,&quot;jet_parallax_layout_bg_size&quot;:&quot;auto&quot;,&quot;jet_parallax_layout_bg_size_tablet&quot;:&quot;&quot;,&quot;jet_parallax_layout_bg_size_mobile&quot;:&quot;&quot;,&quot;jet_parallax_layout_animation_prop&quot;:&quot;transform&quot;,&quot;jet_parallax_layout_on&quot;:[&quot;desktop&quot;,&quot;tablet&quot;]}]}\"><span class=\"gs_cit_txt b_hover\" data-sups=\"1,2,3\" data-hover-id=\"1\">Los gatos, al igual que los felinos que viven en el medio natural, son carn\u00edvoros. Por eso solo utilizamos productos c\u00e1rnicos frescos. Gracias al gran valor biol\u00f3gico de estos productos, a tu gato le bastar\u00e1 una cantidad relativamente peque\u00f1a para satisfacer sus necesidades nutricionales diarias<\/span><\/p>\n<h2><strong>Caracter\u00edsticas de <\/strong>Leonardo Quality Selection Kitten<\/h2>\n<ul>\n<li>La carne de pollo aporta grandes cantidades de vitaminas del complejo B.<\/li>\n<li>El aceite de salm\u00f3n brinda grandes cantidades de Omega 3 y 6, ideal para una buena salud cardiovascular.<\/li>\n<li>Con taurina, amino\u00e1cido esencial para una buena salud ocular.<\/li>\n<li>Formulaci\u00f3n libre de granos.<\/li>\n<\/ul>\n<h4><strong><span class=\"gs_cit_txt b_hover\" data-sups=\"1,2,3\" data-hover-id=\"1\">Alimento completo para gatitos hasta un a\u00f1o de edad.<\/span><\/strong><\/h4>\n<p class=\"elementor-widget-container\">100-300g diarios para gatitos hasta un a\u00f1o de edad. Administrar a temperatura ambiente. Aseg\u00farese de que el animal disponga de agua fresca en todo momento. Una vez abierto, conservar en el frigor\u00edfico un m\u00e1ximo de 24 horas.<\/p>\n<p>Carnes y subproductos animales (ave 40 %, ternera 25 %) (65 %); caldo de carne (29,5 %); huevo y derivados (huevo entero) (4 %); minerales (0,5 %); aceites y grasas (aceite de salm\u00f3n); c\u00e1scaras de huevo*\u00b9 (0,5 %) *\u00b9secado<\/p>\n<p>Vitamina D3 200 UI; vitamina E 50 mg; taurina 1.000 mg; manganeso (sulfato manganoso, monohidratado) 2 mg; zinc (como sulfato de cinc monohidratado) 20 mg; yodo (como yodato de calcio anhidroa) 0,2 mg<\/p>\n","protected":false},"excerpt":{"rendered":"<div class=\"row\">\n<div class=\"col\">\n<h1 class=\"product-name hidden-sm-down heading-title\">Leonardo Quality Selection Kitten 200 g<\/h1>\n<\/div>\n<\/div>\n<div class=\"row description collapsible-xs\">\n<div><strong>Leonardo Lata Kitten<\/strong>\u00a0Con alto porcentaje de proteina. Elaborado con el proceso Thermal mix, que asegura una mayor disposici\u00f3n de ingredientes y gran sabor.<\/div>\n<\/div>","protected":false},"featured_media":4352,"comment_status":"open","ping_status":"closed","template":"","meta":{"_gspb_post_css":"","content-type":""},"product_brand":[142],"product_cat":[132,80],"product_tag":[],"class_list":{"0":"post-4349","1":"product","2":"type-product","3":"status-publish","4":"has-post-thumbnail","6":"product_brand-leonardo","7":"product_cat-alimentos","8":"product_cat-productos-para-gatos","10":"first","11":"instock","12":"sale","13":"purchasable","14":"product-type-simple"},"yoast_head":"<!-- This site is optimized with the Yoast SEO plugin v27.4 - https:\/\/yoast.com\/product\/yoast-seo-wordpress\/ -->\n<title>Leonardo Quality Selection Kitten 200 g | Gatos Per\u00fa Pet Shop<\/title>\n<meta name=\"description\" content=\"Leonardo Quality Selection pescado 200 g, es un alimento h\u00famedo para gatos amantes del mar. La base de esta receta selecta es pescado reci\u00e9n capturado con su alto contenido en \u00e1cidos grasos esenciales y minerales\" \/>\n<meta name=\"robots\" content=\"index, follow, max-snippet:-1, max-image-preview:large, max-video-preview:-1\" \/>\n<link rel=\"canonical\" href=\"https:\/\/gatosperu.com\/es\/producto\/leonardo-quality-selection-kitten-200-g\/\" \/>\n<meta property=\"og:locale\" content=\"es_ES\" \/>\n<meta property=\"og:type\" content=\"article\" \/>\n<meta property=\"og:title\" content=\"Leonardo Quality Selection Kitten 200 g | Gatos Per\u00fa Pet Shop\" \/>\n<meta property=\"og:description\" content=\"Leonardo Quality Selection pescado 200 g, es un alimento h\u00famedo para gatos amantes del mar. La base de esta receta selecta es pescado reci\u00e9n capturado con su alto contenido en \u00e1cidos grasos esenciales y minerales\" \/>\n<meta property=\"og:url\" content=\"https:\/\/gatosperu.com\/es\/producto\/leonardo-quality-selection-kitten-200-g\/\" \/>\n<meta property=\"og:site_name\" content=\"Gatos Per\u00fa Pet Shop\" \/>\n<meta property=\"article:modified_time\" content=\"2025-07-24T03:28:29+00:00\" \/>\n<meta property=\"og:image\" content=\"https:\/\/gatosperu.com\/wp-content\/uploads\/2025\/07\/kitten-LEONARDO-LATAS-GATOSPERU.webp\" \/>\n\t<meta property=\"og:image:width\" content=\"800\" \/>\n\t<meta property=\"og:image:height\" content=\"800\" \/>\n\t<meta property=\"og:image:type\" content=\"image\/webp\" \/>\n<meta name=\"twitter:card\" content=\"summary_large_image\" \/>\n<meta name=\"twitter:label1\" content=\"Tiempo de lectura\" \/>\n\t<meta name=\"twitter:data1\" content=\"2 minutos\" \/>\n<script type=\"application\/ld+json\" class=\"yoast-schema-graph\">{\"@context\":\"https:\\\/\\\/schema.org\",\"@graph\":[{\"@type\":\"WebPage\",\"@id\":\"https:\\\/\\\/gatosperu.com\\\/producto\\\/leonardo-quality-selection-kitten-200-g\\\/\",\"url\":\"https:\\\/\\\/gatosperu.com\\\/producto\\\/leonardo-quality-selection-kitten-200-g\\\/\",\"name\":\"Leonardo Quality Selection Kitten 200 g | Gatos Per\u00fa Pet Shop\",\"isPartOf\":{\"@id\":\"https:\\\/\\\/gatosperu.com\\\/#website\"},\"primaryImageOfPage\":{\"@id\":\"https:\\\/\\\/gatosperu.com\\\/producto\\\/leonardo-quality-selection-kitten-200-g\\\/#primaryimage\"},\"image\":{\"@id\":\"https:\\\/\\\/gatosperu.com\\\/producto\\\/leonardo-quality-selection-kitten-200-g\\\/#primaryimage\"},\"thumbnailUrl\":\"https:\\\/\\\/gatosperu.com\\\/wp-content\\\/uploads\\\/2025\\\/07\\\/kitten-LEONARDO-LATAS-GATOSPERU.webp\",\"datePublished\":\"2025-07-24T02:47:11+00:00\",\"dateModified\":\"2025-07-24T03:28:29+00:00\",\"description\":\"Leonardo Quality Selection pescado 200 g, es un alimento h\u00famedo para gatos amantes del mar. La base de esta receta selecta es pescado reci\u00e9n capturado con su alto contenido en \u00e1cidos grasos esenciales y minerales\",\"breadcrumb\":{\"@id\":\"https:\\\/\\\/gatosperu.com\\\/producto\\\/leonardo-quality-selection-kitten-200-g\\\/#breadcrumb\"},\"inLanguage\":\"es\",\"potentialAction\":[{\"@type\":\"ReadAction\",\"target\":[\"https:\\\/\\\/gatosperu.com\\\/producto\\\/leonardo-quality-selection-kitten-200-g\\\/\"]}]},{\"@type\":\"ImageObject\",\"inLanguage\":\"es\",\"@id\":\"https:\\\/\\\/gatosperu.com\\\/producto\\\/leonardo-quality-selection-kitten-200-g\\\/#primaryimage\",\"url\":\"https:\\\/\\\/gatosperu.com\\\/wp-content\\\/uploads\\\/2025\\\/07\\\/kitten-LEONARDO-LATAS-GATOSPERU.webp\",\"contentUrl\":\"https:\\\/\\\/gatosperu.com\\\/wp-content\\\/uploads\\\/2025\\\/07\\\/kitten-LEONARDO-LATAS-GATOSPERU.webp\",\"width\":800,\"height\":800},{\"@type\":\"BreadcrumbList\",\"@id\":\"https:\\\/\\\/gatosperu.com\\\/producto\\\/leonardo-quality-selection-kitten-200-g\\\/#breadcrumb\",\"itemListElement\":[{\"@type\":\"ListItem\",\"position\":1,\"name\":\"Portada\",\"item\":\"https:\\\/\\\/gatosperu.com\\\/\"},{\"@type\":\"ListItem\",\"position\":2,\"name\":\"Productos\",\"item\":\"https:\\\/\\\/gatosperu.com\\\/productos\\\/\"},{\"@type\":\"ListItem\",\"position\":3,\"name\":\"Leonardo Quality Selection Kitten 200 g\"}]},{\"@type\":\"WebSite\",\"@id\":\"https:\\\/\\\/gatosperu.com\\\/#website\",\"url\":\"https:\\\/\\\/gatosperu.com\\\/\",\"name\":\"Gatos Per\u00fa Pet Shop\",\"description\":\"Tienda virtual para gatos\",\"publisher\":{\"@id\":\"https:\\\/\\\/gatosperu.com\\\/#organization\"},\"potentialAction\":[{\"@type\":\"SearchAction\",\"target\":{\"@type\":\"EntryPoint\",\"urlTemplate\":\"https:\\\/\\\/gatosperu.com\\\/?s={search_term_string}\"},\"query-input\":{\"@type\":\"PropertyValueSpecification\",\"valueRequired\":true,\"valueName\":\"search_term_string\"}}],\"inLanguage\":\"es\"},{\"@type\":\"Organization\",\"@id\":\"https:\\\/\\\/gatosperu.com\\\/#organization\",\"name\":\"Thayacha\",\"url\":\"https:\\\/\\\/gatosperu.com\\\/\",\"logo\":{\"@type\":\"ImageObject\",\"inLanguage\":\"es\",\"@id\":\"https:\\\/\\\/gatosperu.com\\\/#\\\/schema\\\/logo\\\/image\\\/\",\"url\":\"https:\\\/\\\/gatosperu.com\\\/wp-content\\\/uploads\\\/2020\\\/04\\\/ty-e1589221156944.png\",\"contentUrl\":\"https:\\\/\\\/gatosperu.com\\\/wp-content\\\/uploads\\\/2020\\\/04\\\/ty-e1589221156944.png\",\"width\":573,\"height\":419,\"caption\":\"Thayacha\"},\"image\":{\"@id\":\"https:\\\/\\\/gatosperu.com\\\/#\\\/schema\\\/logo\\\/image\\\/\"}}]}<\/script>\n<!-- \/ Yoast SEO plugin. -->","yoast_head_json":{"title":"Leonardo Quality Selection Kitten 200 g | Gatos Per\u00fa Pet Shop","description":"Leonardo Quality Selection pescado 200 g, es un alimento h\u00famedo para gatos amantes del mar. La base de esta receta selecta es pescado reci\u00e9n capturado con su alto contenido en \u00e1cidos grasos esenciales y minerales","robots":{"index":"index","follow":"follow","max-snippet":"max-snippet:-1","max-image-preview":"max-image-preview:large","max-video-preview":"max-video-preview:-1"},"canonical":"https:\/\/gatosperu.com\/es\/producto\/leonardo-quality-selection-kitten-200-g\/","og_locale":"es_ES","og_type":"article","og_title":"Leonardo Quality Selection Kitten 200 g | Gatos Per\u00fa Pet Shop","og_description":"Leonardo Quality Selection pescado 200 g, es un alimento h\u00famedo para gatos amantes del mar. La base de esta receta selecta es pescado reci\u00e9n capturado con su alto contenido en \u00e1cidos grasos esenciales y minerales","og_url":"https:\/\/gatosperu.com\/es\/producto\/leonardo-quality-selection-kitten-200-g\/","og_site_name":"Gatos Per\u00fa Pet Shop","article_modified_time":"2025-07-24T03:28:29+00:00","og_image":[{"width":800,"height":800,"url":"https:\/\/gatosperu.com\/wp-content\/uploads\/2025\/07\/kitten-LEONARDO-LATAS-GATOSPERU.webp","type":"image\/webp"}],"twitter_card":"summary_large_image","twitter_misc":{"Tiempo de lectura":"2 minutos"},"schema":{"@context":"https:\/\/schema.org","@graph":[{"@type":"WebPage","@id":"https:\/\/gatosperu.com\/producto\/leonardo-quality-selection-kitten-200-g\/","url":"https:\/\/gatosperu.com\/producto\/leonardo-quality-selection-kitten-200-g\/","name":"Leonardo Quality Selection Kitten 200 g | Gatos Per\u00fa Pet Shop","isPartOf":{"@id":"https:\/\/gatosperu.com\/#website"},"primaryImageOfPage":{"@id":"https:\/\/gatosperu.com\/producto\/leonardo-quality-selection-kitten-200-g\/#primaryimage"},"image":{"@id":"https:\/\/gatosperu.com\/producto\/leonardo-quality-selection-kitten-200-g\/#primaryimage"},"thumbnailUrl":"https:\/\/gatosperu.com\/wp-content\/uploads\/2025\/07\/kitten-LEONARDO-LATAS-GATOSPERU.webp","datePublished":"2025-07-24T02:47:11+00:00","dateModified":"2025-07-24T03:28:29+00:00","description":"Leonardo Quality Selection pescado 200 g, es un alimento h\u00famedo para gatos amantes del mar. La base de esta receta selecta es pescado reci\u00e9n capturado con su alto contenido en \u00e1cidos grasos esenciales y minerales","breadcrumb":{"@id":"https:\/\/gatosperu.com\/producto\/leonardo-quality-selection-kitten-200-g\/#breadcrumb"},"inLanguage":"es","potentialAction":[{"@type":"ReadAction","target":["https:\/\/gatosperu.com\/producto\/leonardo-quality-selection-kitten-200-g\/"]}]},{"@type":"ImageObject","inLanguage":"es","@id":"https:\/\/gatosperu.com\/producto\/leonardo-quality-selection-kitten-200-g\/#primaryimage","url":"https:\/\/gatosperu.com\/wp-content\/uploads\/2025\/07\/kitten-LEONARDO-LATAS-GATOSPERU.webp","contentUrl":"https:\/\/gatosperu.com\/wp-content\/uploads\/2025\/07\/kitten-LEONARDO-LATAS-GATOSPERU.webp","width":800,"height":800},{"@type":"BreadcrumbList","@id":"https:\/\/gatosperu.com\/producto\/leonardo-quality-selection-kitten-200-g\/#breadcrumb","itemListElement":[{"@type":"ListItem","position":1,"name":"Portada","item":"https:\/\/gatosperu.com\/"},{"@type":"ListItem","position":2,"name":"Productos","item":"https:\/\/gatosperu.com\/productos\/"},{"@type":"ListItem","position":3,"name":"Leonardo Quality Selection Kitten 200 g"}]},{"@type":"WebSite","@id":"https:\/\/gatosperu.com\/#website","url":"https:\/\/gatosperu.com\/","name":"Gatos Per\u00fa Pet Shop","description":"Tienda virtual para gatos","publisher":{"@id":"https:\/\/gatosperu.com\/#organization"},"potentialAction":[{"@type":"SearchAction","target":{"@type":"EntryPoint","urlTemplate":"https:\/\/gatosperu.com\/?s={search_term_string}"},"query-input":{"@type":"PropertyValueSpecification","valueRequired":true,"valueName":"search_term_string"}}],"inLanguage":"es"},{"@type":"Organization","@id":"https:\/\/gatosperu.com\/#organization","name":"Thayacha","url":"https:\/\/gatosperu.com\/","logo":{"@type":"ImageObject","inLanguage":"es","@id":"https:\/\/gatosperu.com\/#\/schema\/logo\/image\/","url":"https:\/\/gatosperu.com\/wp-content\/uploads\/2020\/04\/ty-e1589221156944.png","contentUrl":"https:\/\/gatosperu.com\/wp-content\/uploads\/2020\/04\/ty-e1589221156944.png","width":573,"height":419,"caption":"Thayacha"},"image":{"@id":"https:\/\/gatosperu.com\/#\/schema\/logo\/image\/"}}]}},"_links":{"self":[{"href":"https:\/\/gatosperu.com\/es\/wp-json\/wp\/v2\/product\/4349","targetHints":{"allow":["GET"]}}],"collection":[{"href":"https:\/\/gatosperu.com\/es\/wp-json\/wp\/v2\/product"}],"about":[{"href":"https:\/\/gatosperu.com\/es\/wp-json\/wp\/v2\/types\/product"}],"replies":[{"embeddable":true,"href":"https:\/\/gatosperu.com\/es\/wp-json\/wp\/v2\/comments?post=4349"}],"wp:featuredmedia":[{"embeddable":true,"href":"https:\/\/gatosperu.com\/es\/wp-json\/wp\/v2\/media\/4352"}],"wp:attachment":[{"href":"https:\/\/gatosperu.com\/es\/wp-json\/wp\/v2\/media?parent=4349"}],"wp:term":[{"taxonomy":"product_brand","embeddable":true,"href":"https:\/\/gatosperu.com\/es\/wp-json\/wp\/v2\/product_brand?post=4349"},{"taxonomy":"product_cat","embeddable":true,"href":"https:\/\/gatosperu.com\/es\/wp-json\/wp\/v2\/product_cat?post=4349"},{"taxonomy":"product_tag","embeddable":true,"href":"https:\/\/gatosperu.com\/es\/wp-json\/wp\/v2\/product_tag?post=4349"}],"curies":[{"name":"wp","href":"https:\/\/api.w.org\/{rel}","templated":true}]}}