{"id":4374,"date":"2025-09-15T22:20:23","date_gmt":"2025-09-15T22:20:23","guid":{"rendered":"https:\/\/gatosperu.com\/?post_type=product&#038;p=4374"},"modified":"2025-09-16T01:44:13","modified_gmt":"2025-09-16T01:44:13","slug":"maleta-transportador-de-mascotas-con-ruedas","status":"publish","type":"product","link":"https:\/\/gatosperu.com\/es\/producto\/maleta-transportador-de-mascotas-con-ruedas\/","title":{"rendered":"Maleta Transportador de Mascotas con Ruedas"},"content":{"rendered":"<h3>Especificaciones de la maleta transportador de mascotas con ruedas:<\/h3>\n<ul>\n<li>Dise\u00f1o de la maleta transportador de mascotas con ruedas de<strong> tienda para Gatos Per\u00fa: <\/strong><span style=\"font-size: 16px;\">Cuenta con un dise\u00f1o esf\u00e9rico u ovalado, con una ventana transparente y orificios de ventilaci\u00f3n para asegurar la comodidad y visibilidad de la mascota.<\/span><\/li>\n<li>Movilidad: La maleta transportador de mascotas con ruedas de<strong> tienda para Gatos Per\u00fa<\/strong>\u00a0 Incluye ruedas y un asa telesc\u00f3pica retr\u00e1ctil para facilitar el transporte, especialmente en lugares como aeropuertos o centros comerciales.<\/li>\n<li>Material: La maleta transportador de mascotas con ruedas de<strong> tienda para Gatos Per\u00fa<\/strong> est\u00e1n hechos de materiales duraderos y livianos, como PVC, y pueden incluir una base lavable para mayor higiene.<\/li>\n<li>Uso: La maleta transportador de mascotas con ruedas de<strong> tienda para Gatos Per\u00fa<\/strong> son adecuados para transportar mascotas peque\u00f1as, como gatos o perros, en viajes, visitas al veterinario o simplemente para paseos.<\/li>\n<\/ul>","protected":false},"excerpt":{"rendered":"<h2>Maleta transportador de mascotas con ruedas:<\/h2>\n<p>En tienda para Gatos Per\u00fa consideramos que la maleta transportador de mascotas con ruedas es\u00a0 ideal para viajes o paseos con tu engre\u00eddo.<\/p>\n<p>Colores: rosado, gris, azul, naranja, amarillo.<\/p>","protected":false},"featured_media":4376,"comment_status":"closed","ping_status":"closed","template":"","meta":{"_gspb_post_css":"","content-type":""},"product_brand":[],"product_cat":[88,80,79],"product_tag":[],"class_list":{"0":"post-4374","1":"product","2":"type-product","3":"status-publish","4":"has-post-thumbnail","6":"product_cat-kennels-y-mochilas-de-viaje","7":"product_cat-productos-para-gatos","8":"product_cat-productos-para-perros","10":"first","11":"instock","12":"sale","13":"taxable","14":"shipping-taxable","15":"purchasable","16":"product-type-simple"},"yoast_head":"<!-- This site is optimized with the Yoast SEO plugin v27.4 - https:\/\/yoast.com\/product\/yoast-seo-wordpress\/ -->\n<title>Maleta Transportador de Mascotas con Ruedas | Gatos Per\u00fa Pet Shop<\/title>\n<meta name=\"description\" content=\"En tienda para Gatos Per\u00fa consideramos que la maleta transportador de mascotas con ruedas es\u00a0 ideal para viajes con tu engre\u00eddo. Transportador con capsula transparente.\" \/>\n<meta name=\"robots\" content=\"index, follow, max-snippet:-1, max-image-preview:large, max-video-preview:-1\" \/>\n<link rel=\"canonical\" href=\"https:\/\/gatosperu.com\/es\/producto\/maleta-transportador-de-mascotas-con-ruedas\/\" \/>\n<meta property=\"og:locale\" content=\"es_ES\" \/>\n<meta property=\"og:type\" content=\"article\" \/>\n<meta property=\"og:title\" content=\"Maleta Transportador de Mascotas con Ruedas | Gatos Per\u00fa Pet Shop\" \/>\n<meta property=\"og:description\" content=\"En tienda para Gatos Per\u00fa consideramos que la maleta transportador de mascotas con ruedas es\u00a0 ideal para viajes con tu engre\u00eddo. Transportador con capsula transparente.\" \/>\n<meta property=\"og:url\" content=\"https:\/\/gatosperu.com\/es\/producto\/maleta-transportador-de-mascotas-con-ruedas\/\" \/>\n<meta property=\"og:site_name\" content=\"Gatos Per\u00fa Pet Shop\" \/>\n<meta property=\"article:modified_time\" content=\"2025-09-16T01:44:13+00:00\" \/>\n<meta property=\"og:image\" content=\"https:\/\/gatosperu.com\/wp-content\/uploads\/2025\/09\/maleta-transportador-de-mascotas-con-ruedas.gatos-peru.jpeg\" \/>\n\t<meta property=\"og:image:width\" content=\"550\" \/>\n\t<meta property=\"og:image:height\" content=\"550\" \/>\n\t<meta property=\"og:image:type\" content=\"image\/jpeg\" \/>\n<meta name=\"twitter:card\" content=\"summary_large_image\" \/>\n<meta name=\"twitter:label1\" content=\"Tiempo de lectura\" \/>\n\t<meta name=\"twitter:data1\" content=\"1 minuto\" \/>\n<script type=\"application\/ld+json\" class=\"yoast-schema-graph\">{\"@context\":\"https:\\\/\\\/schema.org\",\"@graph\":[{\"@type\":\"WebPage\",\"@id\":\"https:\\\/\\\/gatosperu.com\\\/producto\\\/maleta-transportador-de-mascotas-con-ruedas\\\/\",\"url\":\"https:\\\/\\\/gatosperu.com\\\/producto\\\/maleta-transportador-de-mascotas-con-ruedas\\\/\",\"name\":\"Maleta Transportador de Mascotas con Ruedas | Gatos Per\u00fa Pet Shop\",\"isPartOf\":{\"@id\":\"https:\\\/\\\/gatosperu.com\\\/#website\"},\"primaryImageOfPage\":{\"@id\":\"https:\\\/\\\/gatosperu.com\\\/producto\\\/maleta-transportador-de-mascotas-con-ruedas\\\/#primaryimage\"},\"image\":{\"@id\":\"https:\\\/\\\/gatosperu.com\\\/producto\\\/maleta-transportador-de-mascotas-con-ruedas\\\/#primaryimage\"},\"thumbnailUrl\":\"https:\\\/\\\/gatosperu.com\\\/wp-content\\\/uploads\\\/2025\\\/09\\\/maleta-transportador-de-mascotas-con-ruedas.gatos-peru.jpeg\",\"datePublished\":\"2025-09-15T22:20:23+00:00\",\"dateModified\":\"2025-09-16T01:44:13+00:00\",\"description\":\"En tienda para Gatos Per\u00fa consideramos que la maleta transportador de mascotas con ruedas es\u00a0 ideal para viajes con tu engre\u00eddo. Transportador con capsula transparente.\",\"breadcrumb\":{\"@id\":\"https:\\\/\\\/gatosperu.com\\\/producto\\\/maleta-transportador-de-mascotas-con-ruedas\\\/#breadcrumb\"},\"inLanguage\":\"es\",\"potentialAction\":[{\"@type\":\"ReadAction\",\"target\":[\"https:\\\/\\\/gatosperu.com\\\/producto\\\/maleta-transportador-de-mascotas-con-ruedas\\\/\"]}]},{\"@type\":\"ImageObject\",\"inLanguage\":\"es\",\"@id\":\"https:\\\/\\\/gatosperu.com\\\/producto\\\/maleta-transportador-de-mascotas-con-ruedas\\\/#primaryimage\",\"url\":\"https:\\\/\\\/gatosperu.com\\\/wp-content\\\/uploads\\\/2025\\\/09\\\/maleta-transportador-de-mascotas-con-ruedas.gatos-peru.jpeg\",\"contentUrl\":\"https:\\\/\\\/gatosperu.com\\\/wp-content\\\/uploads\\\/2025\\\/09\\\/maleta-transportador-de-mascotas-con-ruedas.gatos-peru.jpeg\",\"width\":550,\"height\":550},{\"@type\":\"BreadcrumbList\",\"@id\":\"https:\\\/\\\/gatosperu.com\\\/producto\\\/maleta-transportador-de-mascotas-con-ruedas\\\/#breadcrumb\",\"itemListElement\":[{\"@type\":\"ListItem\",\"position\":1,\"name\":\"Portada\",\"item\":\"https:\\\/\\\/gatosperu.com\\\/\"},{\"@type\":\"ListItem\",\"position\":2,\"name\":\"Productos\",\"item\":\"https:\\\/\\\/gatosperu.com\\\/productos\\\/\"},{\"@type\":\"ListItem\",\"position\":3,\"name\":\"Maleta Transportador de Mascotas con Ruedas\"}]},{\"@type\":\"WebSite\",\"@id\":\"https:\\\/\\\/gatosperu.com\\\/#website\",\"url\":\"https:\\\/\\\/gatosperu.com\\\/\",\"name\":\"Gatos Per\u00fa Pet Shop\",\"description\":\"Tienda virtual para gatos\",\"publisher\":{\"@id\":\"https:\\\/\\\/gatosperu.com\\\/#organization\"},\"potentialAction\":[{\"@type\":\"SearchAction\",\"target\":{\"@type\":\"EntryPoint\",\"urlTemplate\":\"https:\\\/\\\/gatosperu.com\\\/?s={search_term_string}\"},\"query-input\":{\"@type\":\"PropertyValueSpecification\",\"valueRequired\":true,\"valueName\":\"search_term_string\"}}],\"inLanguage\":\"es\"},{\"@type\":\"Organization\",\"@id\":\"https:\\\/\\\/gatosperu.com\\\/#organization\",\"name\":\"Thayacha\",\"url\":\"https:\\\/\\\/gatosperu.com\\\/\",\"logo\":{\"@type\":\"ImageObject\",\"inLanguage\":\"es\",\"@id\":\"https:\\\/\\\/gatosperu.com\\\/#\\\/schema\\\/logo\\\/image\\\/\",\"url\":\"https:\\\/\\\/gatosperu.com\\\/wp-content\\\/uploads\\\/2020\\\/04\\\/ty-e1589221156944.png\",\"contentUrl\":\"https:\\\/\\\/gatosperu.com\\\/wp-content\\\/uploads\\\/2020\\\/04\\\/ty-e1589221156944.png\",\"width\":573,\"height\":419,\"caption\":\"Thayacha\"},\"image\":{\"@id\":\"https:\\\/\\\/gatosperu.com\\\/#\\\/schema\\\/logo\\\/image\\\/\"}}]}<\/script>\n<!-- \/ Yoast SEO plugin. -->","yoast_head_json":{"title":"Maleta Transportador de Mascotas con Ruedas | Gatos Per\u00fa Pet Shop","description":"En tienda para Gatos Per\u00fa consideramos que la maleta transportador de mascotas con ruedas es\u00a0 ideal para viajes con tu engre\u00eddo. Transportador con capsula transparente.","robots":{"index":"index","follow":"follow","max-snippet":"max-snippet:-1","max-image-preview":"max-image-preview:large","max-video-preview":"max-video-preview:-1"},"canonical":"https:\/\/gatosperu.com\/es\/producto\/maleta-transportador-de-mascotas-con-ruedas\/","og_locale":"es_ES","og_type":"article","og_title":"Maleta Transportador de Mascotas con Ruedas | Gatos Per\u00fa Pet Shop","og_description":"En tienda para Gatos Per\u00fa consideramos que la maleta transportador de mascotas con ruedas es\u00a0 ideal para viajes con tu engre\u00eddo. Transportador con capsula transparente.","og_url":"https:\/\/gatosperu.com\/es\/producto\/maleta-transportador-de-mascotas-con-ruedas\/","og_site_name":"Gatos Per\u00fa Pet Shop","article_modified_time":"2025-09-16T01:44:13+00:00","og_image":[{"width":550,"height":550,"url":"https:\/\/gatosperu.com\/wp-content\/uploads\/2025\/09\/maleta-transportador-de-mascotas-con-ruedas.gatos-peru.jpeg","type":"image\/jpeg"}],"twitter_card":"summary_large_image","twitter_misc":{"Tiempo de lectura":"1 minuto"},"schema":{"@context":"https:\/\/schema.org","@graph":[{"@type":"WebPage","@id":"https:\/\/gatosperu.com\/producto\/maleta-transportador-de-mascotas-con-ruedas\/","url":"https:\/\/gatosperu.com\/producto\/maleta-transportador-de-mascotas-con-ruedas\/","name":"Maleta Transportador de Mascotas con Ruedas | Gatos Per\u00fa Pet Shop","isPartOf":{"@id":"https:\/\/gatosperu.com\/#website"},"primaryImageOfPage":{"@id":"https:\/\/gatosperu.com\/producto\/maleta-transportador-de-mascotas-con-ruedas\/#primaryimage"},"image":{"@id":"https:\/\/gatosperu.com\/producto\/maleta-transportador-de-mascotas-con-ruedas\/#primaryimage"},"thumbnailUrl":"https:\/\/gatosperu.com\/wp-content\/uploads\/2025\/09\/maleta-transportador-de-mascotas-con-ruedas.gatos-peru.jpeg","datePublished":"2025-09-15T22:20:23+00:00","dateModified":"2025-09-16T01:44:13+00:00","description":"En tienda para Gatos Per\u00fa consideramos que la maleta transportador de mascotas con ruedas es\u00a0 ideal para viajes con tu engre\u00eddo. Transportador con capsula transparente.","breadcrumb":{"@id":"https:\/\/gatosperu.com\/producto\/maleta-transportador-de-mascotas-con-ruedas\/#breadcrumb"},"inLanguage":"es","potentialAction":[{"@type":"ReadAction","target":["https:\/\/gatosperu.com\/producto\/maleta-transportador-de-mascotas-con-ruedas\/"]}]},{"@type":"ImageObject","inLanguage":"es","@id":"https:\/\/gatosperu.com\/producto\/maleta-transportador-de-mascotas-con-ruedas\/#primaryimage","url":"https:\/\/gatosperu.com\/wp-content\/uploads\/2025\/09\/maleta-transportador-de-mascotas-con-ruedas.gatos-peru.jpeg","contentUrl":"https:\/\/gatosperu.com\/wp-content\/uploads\/2025\/09\/maleta-transportador-de-mascotas-con-ruedas.gatos-peru.jpeg","width":550,"height":550},{"@type":"BreadcrumbList","@id":"https:\/\/gatosperu.com\/producto\/maleta-transportador-de-mascotas-con-ruedas\/#breadcrumb","itemListElement":[{"@type":"ListItem","position":1,"name":"Portada","item":"https:\/\/gatosperu.com\/"},{"@type":"ListItem","position":2,"name":"Productos","item":"https:\/\/gatosperu.com\/productos\/"},{"@type":"ListItem","position":3,"name":"Maleta Transportador de Mascotas con Ruedas"}]},{"@type":"WebSite","@id":"https:\/\/gatosperu.com\/#website","url":"https:\/\/gatosperu.com\/","name":"Gatos Per\u00fa Pet Shop","description":"Tienda virtual para gatos","publisher":{"@id":"https:\/\/gatosperu.com\/#organization"},"potentialAction":[{"@type":"SearchAction","target":{"@type":"EntryPoint","urlTemplate":"https:\/\/gatosperu.com\/?s={search_term_string}"},"query-input":{"@type":"PropertyValueSpecification","valueRequired":true,"valueName":"search_term_string"}}],"inLanguage":"es"},{"@type":"Organization","@id":"https:\/\/gatosperu.com\/#organization","name":"Thayacha","url":"https:\/\/gatosperu.com\/","logo":{"@type":"ImageObject","inLanguage":"es","@id":"https:\/\/gatosperu.com\/#\/schema\/logo\/image\/","url":"https:\/\/gatosperu.com\/wp-content\/uploads\/2020\/04\/ty-e1589221156944.png","contentUrl":"https:\/\/gatosperu.com\/wp-content\/uploads\/2020\/04\/ty-e1589221156944.png","width":573,"height":419,"caption":"Thayacha"},"image":{"@id":"https:\/\/gatosperu.com\/#\/schema\/logo\/image\/"}}]}},"_links":{"self":[{"href":"https:\/\/gatosperu.com\/es\/wp-json\/wp\/v2\/product\/4374","targetHints":{"allow":["GET"]}}],"collection":[{"href":"https:\/\/gatosperu.com\/es\/wp-json\/wp\/v2\/product"}],"about":[{"href":"https:\/\/gatosperu.com\/es\/wp-json\/wp\/v2\/types\/product"}],"replies":[{"embeddable":true,"href":"https:\/\/gatosperu.com\/es\/wp-json\/wp\/v2\/comments?post=4374"}],"wp:featuredmedia":[{"embeddable":true,"href":"https:\/\/gatosperu.com\/es\/wp-json\/wp\/v2\/media\/4376"}],"wp:attachment":[{"href":"https:\/\/gatosperu.com\/es\/wp-json\/wp\/v2\/media?parent=4374"}],"wp:term":[{"taxonomy":"product_brand","embeddable":true,"href":"https:\/\/gatosperu.com\/es\/wp-json\/wp\/v2\/product_brand?post=4374"},{"taxonomy":"product_cat","embeddable":true,"href":"https:\/\/gatosperu.com\/es\/wp-json\/wp\/v2\/product_cat?post=4374"},{"taxonomy":"product_tag","embeddable":true,"href":"https:\/\/gatosperu.com\/es\/wp-json\/wp\/v2\/product_tag?post=4374"}],"curies":[{"name":"wp","href":"https:\/\/api.w.org\/{rel}","templated":true}]}}