{"id":4379,"date":"2025-09-16T00:13:30","date_gmt":"2025-09-16T00:13:30","guid":{"rendered":"https:\/\/gatosperu.com\/?post_type=product&#038;p=4379"},"modified":"2025-09-16T01:41:44","modified_gmt":"2025-09-16T01:41:44","slug":"mochila-transportador-de-mascotas-con-ruedas","status":"publish","type":"product","link":"https:\/\/gatosperu.com\/es\/producto\/mochila-transportador-de-mascotas-con-ruedas\/","title":{"rendered":"Mochila Transportador de Mascotas con Ruedas"},"content":{"rendered":"<h3>Especificaciones de la mochila transportador de mascotas con ruedas:<\/h3>\n<ul>\n<li class=\"a-spacing-mini\"><span class=\"a-list-item\">Transpirabilidad completa: nuestra mochila de tienda para gatos cuenta con paneles laterales de malla y una puerta frontal para proporcionar el m\u00e1ximo flujo de aire y mantener a tu mascota dentro de la mochila. La puerta tambi\u00e9n hace que cargar y descargar a tu mascota de la mochila sea muy f\u00e1cil. Tiene paneles laterales de malla y puerta delantera para mantener a tu mascota en sinton\u00eda con su entorno<\/span><\/li>\n<li class=\"a-spacing-mini\"><span class=\"a-list-item\">F\u00e1cil de usar: con un mango telesc\u00f3pico y ruedas dobles, maniobrar esta mochila rodante es muy f\u00e1cil. Simplemente carga a tu mascota en la bolsa y podr\u00e1s llevarla a donde quiera que vayas.<\/span><\/li>\n<li class=\"a-spacing-mini\"><span class=\"a-list-item\">Almacenamiento adicional: nuestra mochila de <strong>Tienda para gatos Per<\/strong>\u00fa con ruedas cuenta con bolsillos laterales con cremallera que permiten un almacenamiento conveniente de botellas de agua, bolsas de desechos, golosinas, juguetes y suministros adicionales para mascotas. La funda es extra\u00edble y lavable.<\/span><\/li>\n<li class=\"a-spacing-mini\"><span class=\"a-list-item\">Elegante: S\u00e9 la envidia de todos tus amigos con esta glamorosa mochila rodante. Disponible en negro, azul, verde y rosa.<\/span><\/li>\n<\/ul>","protected":false},"excerpt":{"rendered":"<h2>Mochila transportador de mascotas con ruedas:<\/h2>\n<p>En tienda para Gatos Per\u00fa consideramos que la maleta transportador de mascotas con ruedas es\u00a0 ideal para viajes o paseos con tu engre\u00eddo.<\/p>\n<p>&nbsp;<\/p>","protected":false},"featured_media":4383,"comment_status":"closed","ping_status":"closed","template":"","meta":{"_gspb_post_css":"","content-type":""},"product_brand":[],"product_cat":[88,80,79],"product_tag":[],"class_list":{"0":"post-4379","1":"product","2":"type-product","3":"status-publish","4":"has-post-thumbnail","6":"product_cat-kennels-y-mochilas-de-viaje","7":"product_cat-productos-para-gatos","8":"product_cat-productos-para-perros","10":"first","11":"instock","12":"taxable","13":"shipping-taxable","14":"purchasable","15":"product-type-simple"},"yoast_head":"<!-- This site is optimized with the Yoast SEO plugin v27.4 - https:\/\/yoast.com\/product\/yoast-seo-wordpress\/ -->\n<title>Mochila Transportador de Mascotas con Ruedas | Gatos Per\u00fa Pet Shop<\/title>\n<meta name=\"description\" content=\"En tienda para Gatos Per\u00fa consideramos que la mochila transportador de mascotas con ruedas es\u00a0 ideal para viajes con tu engre\u00eddo.\" \/>\n<meta name=\"robots\" content=\"index, follow, max-snippet:-1, max-image-preview:large, max-video-preview:-1\" \/>\n<link rel=\"canonical\" href=\"https:\/\/gatosperu.com\/es\/producto\/mochila-transportador-de-mascotas-con-ruedas\/\" \/>\n<meta property=\"og:locale\" content=\"es_ES\" \/>\n<meta property=\"og:type\" content=\"article\" \/>\n<meta property=\"og:title\" content=\"Mochila Transportador de Mascotas con Ruedas | Gatos Per\u00fa Pet Shop\" \/>\n<meta property=\"og:description\" content=\"En tienda para Gatos Per\u00fa consideramos que la mochila transportador de mascotas con ruedas es\u00a0 ideal para viajes con tu engre\u00eddo.\" \/>\n<meta property=\"og:url\" content=\"https:\/\/gatosperu.com\/es\/producto\/mochila-transportador-de-mascotas-con-ruedas\/\" \/>\n<meta property=\"og:site_name\" content=\"Gatos Per\u00fa Pet Shop\" \/>\n<meta property=\"article:modified_time\" content=\"2025-09-16T01:41:44+00:00\" \/>\n<meta property=\"og:image\" content=\"https:\/\/gatosperu.com\/wp-content\/uploads\/2025\/09\/mochila-transportador-tienda-gatos.jpg\" \/>\n\t<meta property=\"og:image:width\" content=\"300\" \/>\n\t<meta property=\"og:image:height\" content=\"300\" \/>\n\t<meta property=\"og:image:type\" content=\"image\/jpeg\" \/>\n<meta name=\"twitter:card\" content=\"summary_large_image\" \/>\n<meta name=\"twitter:label1\" content=\"Tiempo de lectura\" \/>\n\t<meta name=\"twitter:data1\" content=\"1 minuto\" \/>\n<script type=\"application\/ld+json\" class=\"yoast-schema-graph\">{\"@context\":\"https:\\\/\\\/schema.org\",\"@graph\":[{\"@type\":\"WebPage\",\"@id\":\"https:\\\/\\\/gatosperu.com\\\/producto\\\/mochila-transportador-de-mascotas-con-ruedas\\\/\",\"url\":\"https:\\\/\\\/gatosperu.com\\\/producto\\\/mochila-transportador-de-mascotas-con-ruedas\\\/\",\"name\":\"Mochila Transportador de Mascotas con Ruedas | Gatos Per\u00fa Pet Shop\",\"isPartOf\":{\"@id\":\"https:\\\/\\\/gatosperu.com\\\/#website\"},\"primaryImageOfPage\":{\"@id\":\"https:\\\/\\\/gatosperu.com\\\/producto\\\/mochila-transportador-de-mascotas-con-ruedas\\\/#primaryimage\"},\"image\":{\"@id\":\"https:\\\/\\\/gatosperu.com\\\/producto\\\/mochila-transportador-de-mascotas-con-ruedas\\\/#primaryimage\"},\"thumbnailUrl\":\"https:\\\/\\\/gatosperu.com\\\/wp-content\\\/uploads\\\/2025\\\/09\\\/mochila-transportador-tienda-gatos.jpg\",\"datePublished\":\"2025-09-16T00:13:30+00:00\",\"dateModified\":\"2025-09-16T01:41:44+00:00\",\"description\":\"En tienda para Gatos Per\u00fa consideramos que la mochila transportador de mascotas con ruedas es\u00a0 ideal para viajes con tu engre\u00eddo.\",\"breadcrumb\":{\"@id\":\"https:\\\/\\\/gatosperu.com\\\/producto\\\/mochila-transportador-de-mascotas-con-ruedas\\\/#breadcrumb\"},\"inLanguage\":\"es\",\"potentialAction\":[{\"@type\":\"ReadAction\",\"target\":[\"https:\\\/\\\/gatosperu.com\\\/producto\\\/mochila-transportador-de-mascotas-con-ruedas\\\/\"]}]},{\"@type\":\"ImageObject\",\"inLanguage\":\"es\",\"@id\":\"https:\\\/\\\/gatosperu.com\\\/producto\\\/mochila-transportador-de-mascotas-con-ruedas\\\/#primaryimage\",\"url\":\"https:\\\/\\\/gatosperu.com\\\/wp-content\\\/uploads\\\/2025\\\/09\\\/mochila-transportador-tienda-gatos.jpg\",\"contentUrl\":\"https:\\\/\\\/gatosperu.com\\\/wp-content\\\/uploads\\\/2025\\\/09\\\/mochila-transportador-tienda-gatos.jpg\",\"width\":300,\"height\":300},{\"@type\":\"BreadcrumbList\",\"@id\":\"https:\\\/\\\/gatosperu.com\\\/producto\\\/mochila-transportador-de-mascotas-con-ruedas\\\/#breadcrumb\",\"itemListElement\":[{\"@type\":\"ListItem\",\"position\":1,\"name\":\"Portada\",\"item\":\"https:\\\/\\\/gatosperu.com\\\/\"},{\"@type\":\"ListItem\",\"position\":2,\"name\":\"Productos\",\"item\":\"https:\\\/\\\/gatosperu.com\\\/productos\\\/\"},{\"@type\":\"ListItem\",\"position\":3,\"name\":\"Mochila Transportador de Mascotas con Ruedas\"}]},{\"@type\":\"WebSite\",\"@id\":\"https:\\\/\\\/gatosperu.com\\\/#website\",\"url\":\"https:\\\/\\\/gatosperu.com\\\/\",\"name\":\"Gatos Per\u00fa Pet Shop\",\"description\":\"Tienda virtual para gatos\",\"publisher\":{\"@id\":\"https:\\\/\\\/gatosperu.com\\\/#organization\"},\"potentialAction\":[{\"@type\":\"SearchAction\",\"target\":{\"@type\":\"EntryPoint\",\"urlTemplate\":\"https:\\\/\\\/gatosperu.com\\\/?s={search_term_string}\"},\"query-input\":{\"@type\":\"PropertyValueSpecification\",\"valueRequired\":true,\"valueName\":\"search_term_string\"}}],\"inLanguage\":\"es\"},{\"@type\":\"Organization\",\"@id\":\"https:\\\/\\\/gatosperu.com\\\/#organization\",\"name\":\"Thayacha\",\"url\":\"https:\\\/\\\/gatosperu.com\\\/\",\"logo\":{\"@type\":\"ImageObject\",\"inLanguage\":\"es\",\"@id\":\"https:\\\/\\\/gatosperu.com\\\/#\\\/schema\\\/logo\\\/image\\\/\",\"url\":\"https:\\\/\\\/gatosperu.com\\\/wp-content\\\/uploads\\\/2020\\\/04\\\/ty-e1589221156944.png\",\"contentUrl\":\"https:\\\/\\\/gatosperu.com\\\/wp-content\\\/uploads\\\/2020\\\/04\\\/ty-e1589221156944.png\",\"width\":573,\"height\":419,\"caption\":\"Thayacha\"},\"image\":{\"@id\":\"https:\\\/\\\/gatosperu.com\\\/#\\\/schema\\\/logo\\\/image\\\/\"}}]}<\/script>\n<!-- \/ Yoast SEO plugin. -->","yoast_head_json":{"title":"Mochila Transportador de Mascotas con Ruedas | Gatos Per\u00fa Pet Shop","description":"En tienda para Gatos Per\u00fa consideramos que la mochila transportador de mascotas con ruedas es\u00a0 ideal para viajes con tu engre\u00eddo.","robots":{"index":"index","follow":"follow","max-snippet":"max-snippet:-1","max-image-preview":"max-image-preview:large","max-video-preview":"max-video-preview:-1"},"canonical":"https:\/\/gatosperu.com\/es\/producto\/mochila-transportador-de-mascotas-con-ruedas\/","og_locale":"es_ES","og_type":"article","og_title":"Mochila Transportador de Mascotas con Ruedas | Gatos Per\u00fa Pet Shop","og_description":"En tienda para Gatos Per\u00fa consideramos que la mochila transportador de mascotas con ruedas es\u00a0 ideal para viajes con tu engre\u00eddo.","og_url":"https:\/\/gatosperu.com\/es\/producto\/mochila-transportador-de-mascotas-con-ruedas\/","og_site_name":"Gatos Per\u00fa Pet Shop","article_modified_time":"2025-09-16T01:41:44+00:00","og_image":[{"width":300,"height":300,"url":"https:\/\/gatosperu.com\/wp-content\/uploads\/2025\/09\/mochila-transportador-tienda-gatos.jpg","type":"image\/jpeg"}],"twitter_card":"summary_large_image","twitter_misc":{"Tiempo de lectura":"1 minuto"},"schema":{"@context":"https:\/\/schema.org","@graph":[{"@type":"WebPage","@id":"https:\/\/gatosperu.com\/producto\/mochila-transportador-de-mascotas-con-ruedas\/","url":"https:\/\/gatosperu.com\/producto\/mochila-transportador-de-mascotas-con-ruedas\/","name":"Mochila Transportador de Mascotas con Ruedas | Gatos Per\u00fa Pet Shop","isPartOf":{"@id":"https:\/\/gatosperu.com\/#website"},"primaryImageOfPage":{"@id":"https:\/\/gatosperu.com\/producto\/mochila-transportador-de-mascotas-con-ruedas\/#primaryimage"},"image":{"@id":"https:\/\/gatosperu.com\/producto\/mochila-transportador-de-mascotas-con-ruedas\/#primaryimage"},"thumbnailUrl":"https:\/\/gatosperu.com\/wp-content\/uploads\/2025\/09\/mochila-transportador-tienda-gatos.jpg","datePublished":"2025-09-16T00:13:30+00:00","dateModified":"2025-09-16T01:41:44+00:00","description":"En tienda para Gatos Per\u00fa consideramos que la mochila transportador de mascotas con ruedas es\u00a0 ideal para viajes con tu engre\u00eddo.","breadcrumb":{"@id":"https:\/\/gatosperu.com\/producto\/mochila-transportador-de-mascotas-con-ruedas\/#breadcrumb"},"inLanguage":"es","potentialAction":[{"@type":"ReadAction","target":["https:\/\/gatosperu.com\/producto\/mochila-transportador-de-mascotas-con-ruedas\/"]}]},{"@type":"ImageObject","inLanguage":"es","@id":"https:\/\/gatosperu.com\/producto\/mochila-transportador-de-mascotas-con-ruedas\/#primaryimage","url":"https:\/\/gatosperu.com\/wp-content\/uploads\/2025\/09\/mochila-transportador-tienda-gatos.jpg","contentUrl":"https:\/\/gatosperu.com\/wp-content\/uploads\/2025\/09\/mochila-transportador-tienda-gatos.jpg","width":300,"height":300},{"@type":"BreadcrumbList","@id":"https:\/\/gatosperu.com\/producto\/mochila-transportador-de-mascotas-con-ruedas\/#breadcrumb","itemListElement":[{"@type":"ListItem","position":1,"name":"Portada","item":"https:\/\/gatosperu.com\/"},{"@type":"ListItem","position":2,"name":"Productos","item":"https:\/\/gatosperu.com\/productos\/"},{"@type":"ListItem","position":3,"name":"Mochila Transportador de Mascotas con Ruedas"}]},{"@type":"WebSite","@id":"https:\/\/gatosperu.com\/#website","url":"https:\/\/gatosperu.com\/","name":"Gatos Per\u00fa Pet Shop","description":"Tienda virtual para gatos","publisher":{"@id":"https:\/\/gatosperu.com\/#organization"},"potentialAction":[{"@type":"SearchAction","target":{"@type":"EntryPoint","urlTemplate":"https:\/\/gatosperu.com\/?s={search_term_string}"},"query-input":{"@type":"PropertyValueSpecification","valueRequired":true,"valueName":"search_term_string"}}],"inLanguage":"es"},{"@type":"Organization","@id":"https:\/\/gatosperu.com\/#organization","name":"Thayacha","url":"https:\/\/gatosperu.com\/","logo":{"@type":"ImageObject","inLanguage":"es","@id":"https:\/\/gatosperu.com\/#\/schema\/logo\/image\/","url":"https:\/\/gatosperu.com\/wp-content\/uploads\/2020\/04\/ty-e1589221156944.png","contentUrl":"https:\/\/gatosperu.com\/wp-content\/uploads\/2020\/04\/ty-e1589221156944.png","width":573,"height":419,"caption":"Thayacha"},"image":{"@id":"https:\/\/gatosperu.com\/#\/schema\/logo\/image\/"}}]}},"_links":{"self":[{"href":"https:\/\/gatosperu.com\/es\/wp-json\/wp\/v2\/product\/4379","targetHints":{"allow":["GET"]}}],"collection":[{"href":"https:\/\/gatosperu.com\/es\/wp-json\/wp\/v2\/product"}],"about":[{"href":"https:\/\/gatosperu.com\/es\/wp-json\/wp\/v2\/types\/product"}],"replies":[{"embeddable":true,"href":"https:\/\/gatosperu.com\/es\/wp-json\/wp\/v2\/comments?post=4379"}],"wp:featuredmedia":[{"embeddable":true,"href":"https:\/\/gatosperu.com\/es\/wp-json\/wp\/v2\/media\/4383"}],"wp:attachment":[{"href":"https:\/\/gatosperu.com\/es\/wp-json\/wp\/v2\/media?parent=4379"}],"wp:term":[{"taxonomy":"product_brand","embeddable":true,"href":"https:\/\/gatosperu.com\/es\/wp-json\/wp\/v2\/product_brand?post=4379"},{"taxonomy":"product_cat","embeddable":true,"href":"https:\/\/gatosperu.com\/es\/wp-json\/wp\/v2\/product_cat?post=4379"},{"taxonomy":"product_tag","embeddable":true,"href":"https:\/\/gatosperu.com\/es\/wp-json\/wp\/v2\/product_tag?post=4379"}],"curies":[{"name":"wp","href":"https:\/\/api.w.org\/{rel}","templated":true}]}}